{"id":924,"date":"2022-05-26T03:01:08","date_gmt":"2022-05-26T03:01:08","guid":{"rendered":"https:\/\/shroomschocolatebars.com\/?post_type=product&#038;p=924"},"modified":"2025-07-30T04:15:16","modified_gmt":"2025-07-30T04:15:16","slug":"svamp-gummis","status":"publish","type":"product","link":"https:\/\/shroomschocolatebars.com\/sv\/product\/infinite-rx-shroom-infused-albino-penis-envy-gummies\/","title":{"rendered":"INfinite Rx Shroom Infused Albino Penis Envy gummies"},"content":{"rendered":"<h2><strong>INfinite Rx Shroom Infused Albino Penis Envy Gummies Produktbeskrivning<\/strong><\/h2>\n<h4><strong>Uppt\u00e4ck kraften i INfinite Rx Shroom Infused Albino Penis Envy gummier<\/strong><\/h4>\n<p>Upplev en ny sf\u00e4r av psilocybinf\u00f6rbrukning med INfinite Rx Shroom Infused Albino Penis Envy Gummies. Dessa gourmetgummier \u00e4r utformade f\u00f6r att ge ett bekv\u00e4mt, v\u00e4lsmakande och kraftfullt s\u00e4tt att njuta av f\u00f6rdelarna med magiska svampar. Dessa gummier \u00e4r utformade speciellt f\u00f6r dem som uppskattar de finare sakerna i psykedeliska upplevelser och \u00e4r ett exceptionellt val. INfinite Rx Shroom Infused Albino Penis Envy gummier<\/p>\n<h3><strong>Produktens h\u00f6jdpunkter<\/strong><\/h3>\n<ul>\n<li><strong>Potent inneh\u00e5ll av psilocybin<\/strong>: Each gummy is infused with 1000 mg of the powerful Albino Penis Envy (A.P.E) magic mushroom strain, making them suitable for seasoned psychonauts.<\/li>\n<li><strong>L\u00e4ckra smaker<\/strong>: Njut av ett sortiment av smaker, inklusive Cherry, Strawberry, Blueberry, Orange, Lime och Lemon, vilket garanterar en h\u00e4rlig upplevelse med varje tugga.<\/li>\n<li><strong>Bekv\u00e4m dosering<\/strong>: Med fyra gummier per f\u00f6rpackning, totalt 2000 mg psilocybin, \u00e4r doseringen enkel och konsekvent.<\/li>\n<\/ul>\n<h3><strong>Why Choose INfinite Rx Shroom-Infused Gummies?<\/strong><\/h3>\n<h4>F\u00f6rb\u00e4ttrad sm\u00e4ltbarhet<\/h4>\n<p>One of the key advantages of consuming INfinite Rx gummies is their enhanced digestibility. Unlike traditional dried mushrooms, these gummies are easy on the stomach, reducing the likelihood of gastrointestinal discomfort, often referred to as &#8220;gut rot.&#8221; This means you can enjoy your journey without the unpleasant physical side effects.<\/p>\n<h4>\u00d6verl\u00e4gsen smak<\/h4>\n<p>INfinite Rx gummier maskerar den ofta obehagliga smaken av r\u00e5a svampar med sina l\u00e4ckra, fruktiga smaker. Detta g\u00f6r konsumtionsupplevelsen mycket roligare, s\u00e5 att du kan fokusera p\u00e5 effekterna snarare \u00e4n smaken.<\/p>\n<h4>Snabbverkande och kontrollerad h\u00f6g<\/h4>\n<p>These gummies are designed to be fast-acting, with effects typically beginning within 30\u201345 minutes of consumption. Additionally, the experience lasts about half as long as that of traditional magic mushrooms, giving you better control over the duration of your trip. This is particularly beneficial for those who need to plan their experiences around other commitments.<\/p>\n<h3><strong>Dosering och anv\u00e4ndningsinstruktioner<\/strong><\/h3>\n<p>For those new to psilocybin, it&#8217;s recommended to start with half a gummy to assess tolerance. Experienced users may consume one to two gummies based on their preference. Allow up to 45 minutes for the effects to start before considering an additional dose.<\/p>\n<h3><strong>Ingredienser<\/strong><\/h3>\n<ul>\n<li>Socker<\/li>\n<li>Gelatin<\/li>\n<li>Majssirap<\/li>\n<li>Citronsyra<\/li>\n<li>Naturliga och konstgjorda smak\u00e4mnen<\/li>\n<li>Artificiell f\u00e4rg<\/li>\n<li>Kokosolja<\/li>\n<li>Psilocybinsvampar<\/li>\n<\/ul>\n<h3><strong>F\u00f6rdelar f\u00f6r h\u00e4lsan<\/strong><\/h3>\n<p>Att konsumera INfinite Rx Shroom Infused Albino Penis Envy Gummies kan erbjuda m\u00e5nga f\u00f6rdelar, inklusive \u00f6kad kreativitet, f\u00f6rb\u00e4ttrad hum\u00f6r och potentiella terapeutiska effekter f\u00f6r psykiska h\u00e4lsotillst\u00e5nd som depression och PTSD. Albino Penis Envy-stammen \u00e4r s\u00e4rskilt k\u00e4nd f\u00f6r sin styrka och unika psykotropa egenskaper, vilket g\u00f6r dessa gummier till ett kraftfullt verktyg f\u00f6r personlig utforskning och tillv\u00e4xt.<\/p>\n<h3><strong>Vittnesm\u00e5l fr\u00e5n anv\u00e4ndare<\/strong><\/h3>\n<ul>\n<li><strong>Lynda F.<\/strong> &#8211; &#8220;These gummies are amazing! The taste is fantastic, and the effects are just what I needed for my spiritual journey. Highly recommend for anyone experienced with psychedelics.&#8221;<\/li>\n<li><strong>Daniel M.<\/strong> &#8211; &#8220;Took two gummies and felt incredible. Planning to try four next time. These are perfect for a controlled, enjoyable trip.&#8221;<\/li>\n<\/ul>\n<h3><strong>Ytterligare information<\/strong><\/h3>\n<ul>\n<li><strong>F\u00f6rvaring<\/strong>: F\u00f6rvara p\u00e5 en sval, torr plats borta fr\u00e5n direkt solljus f\u00f6r att bibeh\u00e5lla styrka och friskhet.<\/li>\n<li><strong>Varning<\/strong>: F\u00f6rvaras o\u00e5tkomligt f\u00f6r barn och husdjur. Anv\u00e4nd inte om du \u00e4r gravid eller ammar. R\u00e5dg\u00f6r med en v\u00e5rdgivare om du har n\u00e5gra medicinska tillst\u00e5nd eller tar n\u00e5gra mediciner.<\/li>\n<\/ul>\n<h3><strong>Relaterade produkter<\/strong><\/h3>\n<ul>\n<li><strong>INfinite Rx Shroom Infused Heart Gummies<\/strong>: Ett mindre dosalternativ f\u00f6r dem som vill mikrodosera eller s\u00f6ker en l\u00e4ttare upplevelse.<\/li>\n<li><strong>Wonder Psilocybin chokladkakor<\/strong>: F\u00f6r dem som f\u00f6redrar choklad framf\u00f6r gummier erbjuder dessa barer ett uts\u00f6kt alternativ.<\/li>\n<\/ul>\n<h3><strong>Slutsats<\/strong><\/h3>\n<p>INfinite Rx Shroom Infused Albino Penis Envy Gummies erbjuder en \u00f6verl\u00e4gsen psilocybinupplevelse som kombinerar styrka, smak och bekv\u00e4mlighet. Oavsett om du \u00e4r en erfaren psykonaut eller vill f\u00f6rdjupa din psykedeliska praxis, \u00e4r dessa gummier ett utm\u00e4rkt val. F\u00f6rh\u00f6j din resa med den betrodda kvaliteten p\u00e5 INfinite Rx.<\/p>\n<p>F\u00f6r mer information eller f\u00f6r att g\u00f6ra ett k\u00f6p, bes\u00f6k v\u00e5r <a href=\"https:\/\/shroomschocolatebars.com\/sv\/butik\/\">butikssida\u00a0<\/a><\/p>\n<p>By optimizing your product description with relevant keywords and phrases such as &#8220;Albino Penis Envy gummies,&#8221; &#8220;psilocybin-infused,&#8221; and &#8220;magic mushrooms,&#8221; you can enhance your search engine rankings and attract more customers searching for these specific products\u200b.<\/p>","protected":false},"excerpt":{"rendered":"<p class=\"product_title entry-title\"><strong>INfinite Rx Shroom Infused Albino Penis Envy Edition Large Heart Gummies Edibles (4000mg)<\/strong><\/p>\n<p>&nbsp;<\/p>","protected":false},"featured_media":922,"comment_status":"open","ping_status":"closed","template":"","meta":[],"product_brand":[],"product_cat":[234],"product_tag":[],"class_list":{"0":"post-924","1":"product","2":"type-product","3":"status-publish","4":"has-post-thumbnail","6":"product_cat-buy-lsd-sheets-online","8":"first","9":"instock","10":"shipping-taxable","11":"purchasable","12":"product-type-simple"},"jetpack_sharing_enabled":true,"_links":{"self":[{"href":"https:\/\/shroomschocolatebars.com\/sv\/wp-json\/wp\/v2\/product\/924","targetHints":{"allow":["GET"]}}],"collection":[{"href":"https:\/\/shroomschocolatebars.com\/sv\/wp-json\/wp\/v2\/product"}],"about":[{"href":"https:\/\/shroomschocolatebars.com\/sv\/wp-json\/wp\/v2\/types\/product"}],"replies":[{"embeddable":true,"href":"https:\/\/shroomschocolatebars.com\/sv\/wp-json\/wp\/v2\/comments?post=924"}],"wp:featuredmedia":[{"embeddable":true,"href":"https:\/\/shroomschocolatebars.com\/sv\/wp-json\/wp\/v2\/media\/922"}],"wp:attachment":[{"href":"https:\/\/shroomschocolatebars.com\/sv\/wp-json\/wp\/v2\/media?parent=924"}],"wp:term":[{"taxonomy":"product_brand","embeddable":true,"href":"https:\/\/shroomschocolatebars.com\/sv\/wp-json\/wp\/v2\/product_brand?post=924"},{"taxonomy":"product_cat","embeddable":true,"href":"https:\/\/shroomschocolatebars.com\/sv\/wp-json\/wp\/v2\/product_cat?post=924"},{"taxonomy":"product_tag","embeddable":true,"href":"https:\/\/shroomschocolatebars.com\/sv\/wp-json\/wp\/v2\/product_tag?post=924"}],"curies":[{"name":"wp","href":"https:\/\/api.w.org\/{rel}","templated":true}]}}