{"id":685,"date":"2022-03-30T08:35:15","date_gmt":"2022-03-30T08:35:15","guid":{"rendered":"https:\/\/shroomschocolatebars.com\/?post_type=product&#038;p=685"},"modified":"2024-09-01T01:04:46","modified_gmt":"2024-09-01T01:04:46","slug":"penis-envies","status":"publish","type":"product","link":"https:\/\/shroomschocolatebars.com\/sv\/product\/penis-envy-xl-magic-mushrooms\/","title":{"rendered":"Penis Envy XL magiska svampar"},"content":{"rendered":"<h3><strong>K\u00f6p Penis Envy XL svampar p\u00e5 n\u00e4tet<\/strong><\/h3>\n<p><strong>Uppt\u00e4ck styrkan hos Penis Envy XL Magic Mushrooms<\/strong><\/p>\n<p>Utforska den unika styrkan hos Penis Envy XL Magic Mushrooms (Psilocybe Cubensis Penis Envy), k\u00e4nd f\u00f6r sin exceptionella styrka bland psilocybinstammar.<\/p>\n<p><strong>Varf\u00f6r penisavundsjuka svampar sticker ut<\/strong><\/p>\n<p>L\u00e4r dig varf\u00f6r Penis Envy-svampar \u00e4r globalt erk\u00e4nda som den starkaste Psilocybe Cubensis-stammen och dominerar den kommersiella svampmarknaden.<\/p>\n<p><strong>F\u00f6rst\u00e5 de unika egenskaperna hos Penis Envy XL<\/strong><\/p>\n<p>Uppt\u00e4ck de utm\u00e4rkande egenskaperna hos Penis Envy XL, inklusive deras falliska form, tjocka stj\u00e4lkar och t\u00e4ta, extra stora fruktkroppar.<\/p>\n<p><strong>Doseringsrekommendationer f\u00f6r s\u00e4ker konsumtion<\/strong><\/p>\n<p>Get essential tips on dosing Penis Envy XL mushrooms, from the recommended &#8220;museum dose&#8221; for beginners to moderate doses for more experienced users.<\/p>\n<p><strong>Upplev f\u00f6rb\u00e4ttrad visuell upplevelse och eufori<\/strong><\/p>\n<p>Uppt\u00e4ck hur Penis Envy XL-svampar kan f\u00f6rb\u00e4ttra ditt hum\u00f6r och ge intensiva visuella upplevelser, vilket g\u00f6r musik och konst mer meningsfull.<\/p>\n<p><strong>S\u00e4ker anv\u00e4ndning och ansvarsfull konsumtion<\/strong><\/p>\n<p>L\u00e4r dig vikten av ansvarsfull konsumtion och hur du skapar en s\u00e4ker och positiv milj\u00f6 f\u00f6r din psykedeliska resa.<\/p>\n<p>Bes\u00f6k v\u00e5r<a href=\"https:\/\/shroomschocolatebars.com\/sv\/produkt-kategori\/hur-lange-haller-svamparna-pa-2\/\"> magisk svamp<\/a> kategorisida f\u00f6r att ta reda p\u00e5 andra sorter som finns i lager<\/p>","protected":false},"excerpt":{"rendered":"<p><strong>K\u00f6p de b\u00e4sta Penis Envy XL Magic Mushrooms<\/strong><\/p>\n<p><strong><u>K\u00f6p mer, spara mer:<\/u><\/strong><\/p>\n<ul>\n<li>28 gram = $170<\/li>\n<\/ul>\n<p><strong>Leveransinformation<\/strong>:<\/p>\n<ul>\n<li>Gratis expedierad frakt<\/li>\n<li>Vi skickar \u00f6ver hela v\u00e4rlden med ett sp\u00e5rningsnummer som tillhandah\u00e5lls<\/li>\n<li>Diskret och vakuumf\u00f6rseglad f\u00f6rpackning f\u00f6r din integritet<\/li>\n<\/ul>","protected":false},"featured_media":1127,"comment_status":"open","ping_status":"closed","template":"","meta":[],"product_brand":[],"product_cat":[45],"product_tag":[],"class_list":{"0":"post-685","1":"product","2":"type-product","3":"status-publish","4":"has-post-thumbnail","6":"product_cat-magic-mushroom","8":"first","9":"instock","10":"shipping-taxable","11":"purchasable","12":"product-type-simple"},"jetpack_sharing_enabled":true,"_links":{"self":[{"href":"https:\/\/shroomschocolatebars.com\/sv\/wp-json\/wp\/v2\/product\/685","targetHints":{"allow":["GET"]}}],"collection":[{"href":"https:\/\/shroomschocolatebars.com\/sv\/wp-json\/wp\/v2\/product"}],"about":[{"href":"https:\/\/shroomschocolatebars.com\/sv\/wp-json\/wp\/v2\/types\/product"}],"replies":[{"embeddable":true,"href":"https:\/\/shroomschocolatebars.com\/sv\/wp-json\/wp\/v2\/comments?post=685"}],"wp:featuredmedia":[{"embeddable":true,"href":"https:\/\/shroomschocolatebars.com\/sv\/wp-json\/wp\/v2\/media\/1127"}],"wp:attachment":[{"href":"https:\/\/shroomschocolatebars.com\/sv\/wp-json\/wp\/v2\/media?parent=685"}],"wp:term":[{"taxonomy":"product_brand","embeddable":true,"href":"https:\/\/shroomschocolatebars.com\/sv\/wp-json\/wp\/v2\/product_brand?post=685"},{"taxonomy":"product_cat","embeddable":true,"href":"https:\/\/shroomschocolatebars.com\/sv\/wp-json\/wp\/v2\/product_cat?post=685"},{"taxonomy":"product_tag","embeddable":true,"href":"https:\/\/shroomschocolatebars.com\/sv\/wp-json\/wp\/v2\/product_tag?post=685"}],"curies":[{"name":"wp","href":"https:\/\/api.w.org\/{rel}","templated":true}]}}