{"id":678,"date":"2022-03-30T08:04:53","date_gmt":"2022-03-30T08:04:53","guid":{"rendered":"https:\/\/shroomschocolatebars.com\/?post_type=product&#038;p=678"},"modified":"2024-09-01T01:04:47","modified_gmt":"2024-09-01T01:04:47","slug":"penis-avundsjuka-magisk-svamp","status":"publish","type":"product","link":"https:\/\/shroomschocolatebars.com\/sv\/product\/penis-envy-magic-mushroom\/","title":{"rendered":"Penis avund Magic Mushroom"},"content":{"rendered":"<h2><strong>K\u00f6p Penis Envy Magic Mushroom online<\/strong><\/h2>\n<p>V\u00e4lkommen till den ultimata k\u00e4llan f\u00f6r Penis Envy Magic Mushrooms, ett f\u00f6rstklassigt val f\u00f6r dem som s\u00f6ker en o\u00f6vertr\u00e4ffad psykedelisk resa. Penis Envy Magic Mushrooms \u00e4r k\u00e4nda f\u00f6r sin styrka och unika effekter och har f\u00e5tt rykte om sig att vara en av de mest eftertraktade sorterna i v\u00e4rlden av magiska svampar. Uppt\u00e4ck varf\u00f6r dessa extraordin\u00e4ra svampar v\u00f6rdas av b\u00e5de entusiaster och experter.<\/p>\n<h3><strong>Vad \u00e4r penis avundsjuka magiska svampar?<\/strong><\/h3>\n<p>Penis Envy Magic Mushrooms (Psilocybe cubensis Penis Envy) \u00e4r en distinkt och mycket potent stam av psykedeliska svampar. De sticker ut inte bara f\u00f6r sin imponerande styrka utan ocks\u00e5 f\u00f6r sitt unika utseende. Penis Envy-svampar k\u00e4nnetecknas av sin falliska form och bleka f\u00e4rg och firas f\u00f6r sina kraftfulla effekter och \u00e4r ofta det f\u00f6redragna valet f\u00f6r dem som s\u00f6ker en djup psykedelisk upplevelse.<\/p>\n<h4><strong>Viktiga funktioner och f\u00f6rdelar<\/strong><\/h4>\n<ol>\n<li><strong>Exceptionell styrka:<\/strong> Penis Envy Magic Mushrooms \u00e4r k\u00e4nda f\u00f6r sin exceptionella styrka, vilket ofta ger mer intensiva och l\u00e5ngvariga effekter j\u00e4mf\u00f6rt med andra stammar. Detta g\u00f6r dem idealiska f\u00f6r erfarna anv\u00e4ndare som letar efter en djupare, mer transformativ resa.<\/li>\n<li><strong>Unika effekter:<\/strong> Effekterna av Penis Envy-svampar kan variera fr\u00e5n f\u00f6rb\u00e4ttrad sensorisk uppfattning till djup introspektion. Anv\u00e4ndare rapporterar ofta en \u00f6kad k\u00e4nsla av samh\u00f6righet och en f\u00f6rb\u00e4ttrad f\u00f6rm\u00e5ga att utforska sitt inre medvetande.<\/li>\n<li><strong>H\u00f6g kvalitet:<\/strong> V\u00e5ra Penis Envy Magic Mushrooms odlas under str\u00e4nga f\u00f6rh\u00e5llanden f\u00f6r att s\u00e4kerst\u00e4lla h\u00f6gsta kvalitet. Varje sats genomg\u00e5r rigor\u00f6sa tester f\u00f6r att garantera styrka och renhet, vilket ger dig en premiumprodukt varje g\u00e5ng.<\/li>\n<li><strong>M\u00e5ngsidig anv\u00e4ndning:<\/strong> Whether you&#8217;re an experienced psychonaut or a curious newcomer, Penis Envy mushrooms offer a versatile range of uses. They can be consumed in various ways, including in dried form, capsules, or as part of a psychedelic tea.<\/li>\n<\/ol>\n<h3><strong>Hur man anv\u00e4nder Penis Envy Magic Mushrooms<\/strong><\/h3>\n<p>F\u00f6r b\u00e4sta m\u00f6jliga upplevelse \u00e4r det viktigt att anv\u00e4nda Penis Envy Magic Mushrooms p\u00e5 ett ansvarsfullt s\u00e4tt. H\u00e4r \u00e4r n\u00e5gra tips f\u00f6r en s\u00e4ker och trevlig resa:<\/p>\n<ul>\n<li><strong>B\u00f6rja med en liten dos:<\/strong> Due to their potency, it\u2019s advisable to start with a small dose, especially if you are new to psychedelics. A small dose can provide a good introduction without overwhelming effects.<\/li>\n<li><strong>Inst\u00e4llning och inst\u00e4llning:<\/strong> Se till att du befinner dig i en bekv\u00e4m och s\u00e4ker milj\u00f6. Ett positivt tankes\u00e4tt och en s\u00e4ker milj\u00f6 \u00e4r avg\u00f6rande f\u00f6r en gynnsam psykedelisk upplevelse.<\/li>\n<li><strong>H\u00e5ll dig hydrerad:<\/strong> Drick mycket vatten under hela upplevelsen f\u00f6r att h\u00e5lla dig hydrerad och fr\u00e4mja ditt allm\u00e4nna v\u00e4lbefinnande.<\/li>\n<li><strong>Ha en resesitter:<\/strong> If you\u2019re new to psychedelics or trying a high dose, having a sober, experienced trip sitter can provide additional safety and support.<\/li>\n<\/ul>\n<h3><strong>Varf\u00f6r v\u00e4lja oss?<\/strong><\/h3>\n<p>P\u00e5 shroomschocolatebars \u00e4r vi stolta \u00f6ver att bara tillhandah\u00e5lla de finaste Penis Envy Magic Mushrooms. V\u00e5rt engagemang f\u00f6r kvalitet och kundn\u00f6jdhet skiljer oss \u00e5t. Vi erbjuder:<\/p>\n<ul>\n<li><strong>\u00d6ppenhet och insyn:<\/strong> Full details about our cultivation process and third-party testing results ensure you know exactly what you&#8217;re getting.<\/li>\n<li><strong><a href=\"https:\/\/shroomschocolatebars.com\/sv\/leveranspolicy\/\">Diskret frakt<\/a>:<\/strong> Vi prioriterar din integritet med diskreta f\u00f6rpackningar och s\u00e4kra leveransmetoder.<\/li>\n<li><strong><a href=\"https:\/\/shroomschocolatebars.com\/sv\/kontakta-oss\/\">Kundtj\u00e4nst<\/a>:<\/strong> V\u00e5rt kunniga och v\u00e4nliga kundtj\u00e4nstteam finns h\u00e4r f\u00f6r att hj\u00e4lpa dig om du har n\u00e5gra fr\u00e5gor eller funderingar.<\/li>\n<\/ul>\n<h3><strong>Vanliga fr\u00e5gor och svar (FAQ)<\/strong><\/h3>\n<ol>\n<li><strong>\u00c4r Penis Envy Magic Mushrooms lagliga?<\/strong><br \/>\nLagligheten av magiska svampar varierar beroende p\u00e5 plats. V\u00e4nligen kontrollera dina lokala lagar och f\u00f6rordningar innan du k\u00f6per eller anv\u00e4nder Penis Envy Magic Mushrooms.<\/li>\n<li><strong>Hur ska jag f\u00f6rvara mina svampar?<\/strong><br \/>\nF\u00f6rvara dina Penis Envy Magic Mushrooms p\u00e5 en sval, torr plats borta fr\u00e5n direkt solljus. Korrekt f\u00f6rvaring hj\u00e4lper till att bibeh\u00e5lla deras styrka och f\u00e4rskhet.<\/li>\n<li><strong>Kan jag anv\u00e4nda Penis Envy Mushrooms f\u00f6r terapeutiska \u00e4ndam\u00e5l?<\/strong><br \/>\n\u00c4ven om m\u00e5nga anv\u00e4ndare rapporterar terapeutiska f\u00f6rdelar, inklusive \u00f6kad sj\u00e4lvmedvetenhet och k\u00e4nslom\u00e4ssig l\u00e4kning, rekommenderar vi att du r\u00e5dg\u00f6r med h\u00e4lso- och sjukv\u00e5rdspersonal innan du anv\u00e4nder psykedeliska \u00e4mnen f\u00f6r terapeutiska \u00e4ndam\u00e5l.<\/li>\n<li><strong>Hur l\u00e4nge h\u00e5ller effekterna i sig?<\/strong><br \/>\nEffekterna av Penis Envy Magic Mushrooms varar vanligtvis mellan 4 och 6 timmar, beroende p\u00e5 dosering och individuell k\u00e4nslighet.<\/li>\n<\/ol>\n<h4><strong>Utforska h\u00f6jdpunkten av psykedelisk upplevelse<\/strong><\/h4>\n<p>Penis Envy Magic Mushrooms are not just a product; they are a gateway to a profound and transformative experience. Whether you&#8217;re exploring the depths of your consciousness or seeking a new perspective, our Penis Envy Magic Mushrooms offer an unparalleled journey. Explore our selection today and embark on an extraordinary adventure.<\/p>\n<p>F\u00f6r mer information eller f\u00f6r att g\u00f6ra en best\u00e4llning, kontakta oss p\u00e5 <a href=\"mailto:support@shroomschocolatebars.com\">support@shroomschocolatebars.com<\/a>. G\u00e5 med i de otaliga andra som har uppt\u00e4ckt den exceptionella v\u00e4rlden av Penis Envy Magic Mushrooms och h\u00f6ja dina psykedeliska upplevelser till nya h\u00f6jder.<\/p>","protected":false},"excerpt":{"rendered":"<p><strong>K\u00f6p de b\u00e4sta Penis Envy Magic Mushrooms.<\/strong><\/p>\n<p><strong><u>K\u00f6p mer, spara mer:<\/u><\/strong><\/p>\n<ul>\n<li>28 gram = $170<\/li>\n<\/ul>\n<p><strong>Leveransinformation<\/strong>:<\/p>\n<ul>\n<li>Gratis expedierad frakt<\/li>\n<li>Vi skickar \u00f6ver hela v\u00e4rlden med ett sp\u00e5rningsnummer som tillhandah\u00e5lls<\/li>\n<li>Diskret och vakuumf\u00f6rseglad f\u00f6rpackning f\u00f6r din integritet<\/li>\n<\/ul>","protected":false},"featured_media":1126,"comment_status":"open","ping_status":"closed","template":"","meta":[],"product_brand":[],"product_cat":[45],"product_tag":[],"class_list":{"0":"post-678","1":"product","2":"type-product","3":"status-publish","4":"has-post-thumbnail","6":"product_cat-magic-mushroom","8":"first","9":"instock","10":"shipping-taxable","11":"purchasable","12":"product-type-simple"},"jetpack_sharing_enabled":true,"_links":{"self":[{"href":"https:\/\/shroomschocolatebars.com\/sv\/wp-json\/wp\/v2\/product\/678","targetHints":{"allow":["GET"]}}],"collection":[{"href":"https:\/\/shroomschocolatebars.com\/sv\/wp-json\/wp\/v2\/product"}],"about":[{"href":"https:\/\/shroomschocolatebars.com\/sv\/wp-json\/wp\/v2\/types\/product"}],"replies":[{"embeddable":true,"href":"https:\/\/shroomschocolatebars.com\/sv\/wp-json\/wp\/v2\/comments?post=678"}],"wp:featuredmedia":[{"embeddable":true,"href":"https:\/\/shroomschocolatebars.com\/sv\/wp-json\/wp\/v2\/media\/1126"}],"wp:attachment":[{"href":"https:\/\/shroomschocolatebars.com\/sv\/wp-json\/wp\/v2\/media?parent=678"}],"wp:term":[{"taxonomy":"product_brand","embeddable":true,"href":"https:\/\/shroomschocolatebars.com\/sv\/wp-json\/wp\/v2\/product_brand?post=678"},{"taxonomy":"product_cat","embeddable":true,"href":"https:\/\/shroomschocolatebars.com\/sv\/wp-json\/wp\/v2\/product_cat?post=678"},{"taxonomy":"product_tag","embeddable":true,"href":"https:\/\/shroomschocolatebars.com\/sv\/wp-json\/wp\/v2\/product_tag?post=678"}],"curies":[{"name":"wp","href":"https:\/\/api.w.org\/{rel}","templated":true}]}}