{"id":662,"date":"2022-03-26T16:52:10","date_gmt":"2022-03-26T16:52:10","guid":{"rendered":"https:\/\/shroomschocolatebars.com\/?post_type=product&#038;p=662"},"modified":"2024-09-01T01:04:48","modified_gmt":"2024-09-01T01:04:48","slug":"penisavund-magiska-svampar","status":"publish","type":"product","link":"https:\/\/shroomschocolatebars.com\/sv\/product\/penis-envy-magic-mushrooms\/","title":{"rendered":"P\u00e4rlportar Magiska svampar"},"content":{"rendered":"<h2><strong>K\u00f6p Pearly Gates Magic Mushrooms<\/strong><\/h2>\n<p>Welcome to the world of Pearly Gates Magic Mushrooms, where every journey promises a profound and transformative experience. Whether you&#8217;re a seasoned psychonaut or a curious explorer, Pearly Gates offers a unique blend of mystical benefits that set it apart from other strains. In this comprehensive guide, we delve into what makes Pearly Gates a top choice for those seeking enlightenment, creativity, and personal growth. Pearly Gates Magic Mushrooms<\/p>\n<h3><strong>Vad \u00e4r Pearly Gates Magic Mushrooms?<\/strong><\/h3>\n<p>Pearly Gates Magic Mushrooms, vetenskapligt k\u00e4nd som <em>Psilocybe cubensis P\u00e4rlgrindar<\/em>\u00e4r en uppskattad stam inom den psykedeliska gemenskapen. Dessa svampar \u00e4r k\u00e4nda f\u00f6r sina kraftfulla effekter och distinkta egenskaper och ger en exceptionell resa in i medvetandets rike. Med en historia som \u00e4r rotad i andlig utforskning och terapeutisk anv\u00e4ndning firas Pearly Gates f\u00f6r sin f\u00f6rm\u00e5ga att \u00f6ppna d\u00f6rrar till nya dimensioner av tanke och f\u00f6rst\u00e5else.<\/p>\n<h3><strong>Varf\u00f6r v\u00e4lja Pearly Gates Magic Mushrooms?<\/strong><\/h3>\n<p><strong>1. Unika effekter och f\u00f6rdelar<\/strong><\/p>\n<p>Pearly Gates Magic Mushrooms \u00e4r k\u00e4nda f\u00f6r sina djupa och flerskiktade effekter. Anv\u00e4ndare rapporterar en rad upplevelser, fr\u00e5n intensiva visuella och auditiva hallucinationer till djupa, introspektiva insikter. Effekterna av Pearly Gates kan variera beroende p\u00e5 dosering, vilket g\u00f6r dem m\u00e5ngsidiga f\u00f6r b\u00e5de rekreations- och terapeutisk anv\u00e4ndning. Vanliga f\u00f6rdelar inkluderar:<\/p>\n<ul>\n<li><strong>F\u00f6rb\u00e4ttrad kreativitet<\/strong>: Pearly Gates kan stimulera kreativt t\u00e4nkande och probleml\u00f6sningsf\u00f6rm\u00e5ga. M\u00e5nga konstn\u00e4rer och innovat\u00f6rer v\u00e4nder sig till dessa svampar f\u00f6r att l\u00e5sa upp nya id\u00e9er och perspektiv.<\/li>\n<li><strong>Emotionell l\u00e4kning<\/strong>: F\u00f6r dem som s\u00f6ker k\u00e4nslom\u00e4ssig katharsis kan Pearly Gates underl\u00e4tta djupg\u00e5ende personliga uppenbarelser och l\u00e4kning. Den introspektiva karakt\u00e4ren av upplevelsen leder ofta till betydande k\u00e4nslom\u00e4ssiga genombrott.<\/li>\n<li><strong>Andlig tillv\u00e4xt<\/strong>: Pearly Gates \u00e4r v\u00f6rdade f\u00f6r sin f\u00f6rm\u00e5ga att framkalla andliga upplevelser och en f\u00f6rh\u00f6jd k\u00e4nsla av samh\u00f6righet med universum.<\/li>\n<\/ul>\n<h3><strong>2. Styrka och kvalitet<\/strong><\/h3>\n<p>En av de utm\u00e4rkande egenskaperna hos Pearly Gates Magic Mushrooms \u00e4r deras styrka. Denna stam \u00e4r k\u00e4nd f\u00f6r att leverera en stark, men \u00e4nd\u00e5 hanterbar, psykedelisk upplevelse. Svamparna odlas under optimala f\u00f6rh\u00e5llanden f\u00f6r att s\u00e4kerst\u00e4lla h\u00f6gsta kvalitet, styrka och konsistens. Varje sats genomg\u00e5r rigor\u00f6sa tester f\u00f6r att uppr\u00e4tth\u00e5lla renhet och effektivitet.<\/p>\n<h3><strong>3. S\u00e4ker och ansvarsfull anv\u00e4ndning<\/strong><\/h3>\n<p>S\u00e4kerhet \u00e4r av st\u00f6rsta vikt n\u00e4r man konsumerar psykedeliska \u00e4mnen. Pearly Gates Magic Mushrooms avnjuts b\u00e4st i en kontrollerad milj\u00f6 med korrekt v\u00e4gledning. Vi tillhandah\u00e5ller omfattande information om dosering, f\u00f6rberedelse och inst\u00e4llning f\u00f6r att s\u00e4kerst\u00e4lla en s\u00e4ker och tillfredsst\u00e4llande upplevelse. V\u00e5rt engagemang f\u00f6r kvalitet och utbildning st\u00f6der ansvarsfull anv\u00e4ndning och maximerar f\u00f6rdelarna med Pearly Gates.<\/p>\n<h3><strong>Hur man anv\u00e4nder Pearly Gates Magic Mushrooms<\/strong><\/h3>\n<h3><strong>1. Riktlinjer f\u00f6r dosering<\/strong><\/h3>\n<p>Determining the right dosage is crucial for a positive experience with Pearly Gates. We recommend starting with a low dose, especially for first-time users. The effects can be potent, and it&#8217;s essential to gauge your sensitivity before increasing the amount. Typical dosages include:<\/p>\n<ul>\n<li><strong>Mikrodos<\/strong>: 0.1 to 0.3 grams\u2014ideal for subtle enhancements in mood and creativity.<\/li>\n<li><strong>M\u00e5ttlig dos<\/strong>: 0,5 till 1 gram; l\u00e4mplig f\u00f6r djupare introspektion och milda hallucinationer.<\/li>\n<li><strong>Full dos<\/strong>: 2 to 3 grams\u2014for a profound psychedelic journey with intense visuals and emotional insights.<\/li>\n<\/ul>\n<h4><strong>2. Beredning och konsumtion<\/strong><\/h4>\n<p>Pearly Gates Magic Mushrooms kan konsumeras p\u00e5 olika s\u00e4tt, var och en erbjuder en annan upplevelse. Vanliga metoder inkluderar:<\/p>\n<ul>\n<li><strong>F\u00e4rska eller torkade<\/strong>: Att konsumera svamp i sin naturliga form, antingen f\u00e4rsk eller torkad, ger ett traditionellt tillv\u00e4gag\u00e5ngss\u00e4tt.<\/li>\n<li><strong>Te<\/strong>: Att brygga Pearly Gates till ett te kan f\u00f6rb\u00e4ttra absorptionen och minska magbesv\u00e4r.<\/li>\n<li><strong>Kapslar<\/strong>: F\u00f6r dem som f\u00f6redrar en mer bekv\u00e4m metod ger kapslar ett exakt och diskret s\u00e4tt att konsumera svamparna.<\/li>\n<\/ul>\n<h3><strong>3. Inst\u00e4llning och tankes\u00e4tt<\/strong><\/h3>\n<p>Creating the right environment is essential for a successful experience with Pearly Gates. Choose a comfortable, safe space where you feel at ease. Setting a positive intention and having a clear mindset can significantly influence the outcome of your journey. Consider having a trusted friend or guide present if you&#8217;re new to psychedelics.<\/p>\n<h3><strong>Varf\u00f6r v\u00e4lja oss?<\/strong><\/h3>\n<p>P\u00e5 shroomschocolatebars \u00e4r vi stolta \u00f6ver att bara tillhandah\u00e5lla de finaste Pearly Gates Magic Mushrooms. V\u00e5rt engagemang f\u00f6r kvalitet och kundn\u00f6jdhet skiljer oss \u00e5t. Vi erbjuder:<\/p>\n<ul>\n<li><strong>\u00d6ppenhet och insyn:<\/strong>\u00a0Full details about our cultivation process and third-party testing results ensure you know exactly what you\u2019re getting.<\/li>\n<li><strong><a href=\"https:\/\/shroomschocolatebars.com\/sv\/leveranspolicy\/\">Diskret frakt<\/a>:<\/strong>\u00a0Vi prioriterar din integritet med diskreta f\u00f6rpackningar och s\u00e4kra leveransmetoder.<\/li>\n<li><strong><a href=\"https:\/\/shroomschocolatebars.com\/sv\/kontakta-oss\/\">Kundtj\u00e4nst<\/a>:<\/strong>\u00a0V\u00e5rt kunniga och v\u00e4nliga kundtj\u00e4nstteam finns h\u00e4r f\u00f6r att hj\u00e4lpa dig om du har n\u00e5gra fr\u00e5gor eller funderingar.<\/li>\n<\/ul>\n<h2><strong>Vittnesm\u00e5l fr\u00e5n kunder<\/strong><\/h2>\n<p>Don\u2019t just take our word for it \u2013 hear from those who have embarked on journeys with Pearly Gates Magic Mushrooms:<\/p>\n<ul>\n<li><strong>Sarah M.<\/strong>: \u201cPearly Gates took me on a spiritual journey like no other. The clarity and insights I gained were truly transformative. Highly recommend for anyone seeking deeper understanding.\u201d<\/li>\n<li><strong>John D.<\/strong>: \u201cAs an artist, Pearly Gates has opened new channels of creativity for me. The visuals and ideas that flowed during my experience were incredible.\u201d<\/li>\n<\/ul>\n<h3><strong>Slutsats<\/strong><\/h3>\n<p>Pearly Gates Magic Mushrooms are more than just a psychedelic experience; they are a gateway to profound personal growth, creativity, and spiritual exploration. With their potent effects and unique qualities, they stand out in the world of magic mushrooms. Whether you\u2019re seeking emotional healing, creative inspiration, or a spiritual awakening, Pearly Gates offers a transformative journey that can enrich your life.<\/p>","protected":false},"excerpt":{"rendered":"<p><strong>K\u00f6p de b\u00e4sta Pearly Gates Magic Mushrooms<\/strong><\/p>\n<p><strong><u>K\u00f6p mer, spara mer:<\/u><\/strong><\/p>\n<ul>\n<li>28 gram = $170<\/li>\n<\/ul>\n<p><strong>Leveransinformation<\/strong>:<\/p>\n<ul>\n<li>Gratis expedierad frakt<\/li>\n<li>Vi skickar \u00f6ver hela v\u00e4rlden med ett sp\u00e5rningsnummer som tillhandah\u00e5lls<\/li>\n<li>Diskret och vakuumf\u00f6rseglad f\u00f6rpackning f\u00f6r din integritet<\/li>\n<\/ul>","protected":false},"featured_media":1445,"comment_status":"open","ping_status":"closed","template":"","meta":[],"product_brand":[],"product_cat":[45],"product_tag":[],"class_list":{"0":"post-662","1":"product","2":"type-product","3":"status-publish","4":"has-post-thumbnail","6":"product_cat-magic-mushroom","8":"first","9":"instock","10":"shipping-taxable","11":"purchasable","12":"product-type-simple"},"jetpack_sharing_enabled":true,"_links":{"self":[{"href":"https:\/\/shroomschocolatebars.com\/sv\/wp-json\/wp\/v2\/product\/662","targetHints":{"allow":["GET"]}}],"collection":[{"href":"https:\/\/shroomschocolatebars.com\/sv\/wp-json\/wp\/v2\/product"}],"about":[{"href":"https:\/\/shroomschocolatebars.com\/sv\/wp-json\/wp\/v2\/types\/product"}],"replies":[{"embeddable":true,"href":"https:\/\/shroomschocolatebars.com\/sv\/wp-json\/wp\/v2\/comments?post=662"}],"wp:featuredmedia":[{"embeddable":true,"href":"https:\/\/shroomschocolatebars.com\/sv\/wp-json\/wp\/v2\/media\/1445"}],"wp:attachment":[{"href":"https:\/\/shroomschocolatebars.com\/sv\/wp-json\/wp\/v2\/media?parent=662"}],"wp:term":[{"taxonomy":"product_brand","embeddable":true,"href":"https:\/\/shroomschocolatebars.com\/sv\/wp-json\/wp\/v2\/product_brand?post=662"},{"taxonomy":"product_cat","embeddable":true,"href":"https:\/\/shroomschocolatebars.com\/sv\/wp-json\/wp\/v2\/product_cat?post=662"},{"taxonomy":"product_tag","embeddable":true,"href":"https:\/\/shroomschocolatebars.com\/sv\/wp-json\/wp\/v2\/product_tag?post=662"}],"curies":[{"name":"wp","href":"https:\/\/api.w.org\/{rel}","templated":true}]}}