{"id":646,"date":"2022-03-26T03:26:10","date_gmt":"2022-03-26T03:26:10","guid":{"rendered":"https:\/\/shroomschocolatebars.com\/?post_type=product&#038;p=646"},"modified":"2024-09-01T01:04:53","modified_gmt":"2024-09-01T01:04:53","slug":"golden-teacher","status":"publish","type":"product","link":"https:\/\/shroomschocolatebars.com\/sv\/product\/gorlin-magic-mushrooms\/","title":{"rendered":"Gorlin Magic Mushrooms"},"content":{"rendered":"<h2><strong>Buy Gorlin Magic Mushrooms &#8211; Experience the Power of Premium Psilocybin<\/strong><\/h2>\n<p>Letar du efter en psykedelisk upplevelse av h\u00f6gsta klass? D\u00e5 beh\u00f6ver du inte leta l\u00e4ngre! V\u00e5ra <strong>Gorlin Magic Mushrooms<\/strong> erbjuder en \u00f6verl\u00e4gsen kvalitet som sticker ut i v\u00e4rlden av psilocybinsvampar. K\u00e4nd f\u00f6r sina potenta effekter och exceptionella kvalitet \u00e4r Gorlin Magic Mushrooms din port till en transformativ resa.<\/p>\n<h3><strong>Varf\u00f6r k\u00f6pa Gorlin Magic Mushrooms?<\/strong><\/h3>\n<p>N\u00e4r du <strong>k\u00f6pa Gorlin Magic Mushrooms<\/strong>, you\u2019re choosing a product that is carefully cultivated and expertly handled to ensure the highest potency and purity. These mushrooms, also known as <strong>Gorlin Psilocybin svampar<\/strong>\u00e4r k\u00e4nda f\u00f6r sina distinkta effekter och rika, uppslukande upplevelser. Oavsett om du \u00e4r en erfaren psykonaut eller ny i v\u00e4rlden av magiska svampar, erbjuder Gorlin Magic Mushrooms en o\u00f6vertr\u00e4ffad upplevelse.<\/p>\n<h4><strong>Viktiga egenskaper:<\/strong><\/h4>\n<ul>\n<li><strong>H\u00f6g potens:<\/strong> Varje sats av Gorlin Magic Mushrooms testas f\u00f6r styrka, vilket s\u00e4kerst\u00e4ller att du f\u00e5r den mest kraftfulla och effektiva produkten som finns tillg\u00e4nglig. Detta garanterar att din psykedeliska upplevelse kommer att vara s\u00e5 intensiv och meningsfull som du \u00f6nskar.<\/li>\n<li><strong>Exceptionell kvalitet:<\/strong> Vi k\u00f6per v\u00e5ra Gorlin Magic Mushrooms fr\u00e5n p\u00e5litliga leverant\u00f6rer som f\u00f6ljer strikta kvalitetsstandarder. V\u00e5ra svampar odlas under optimala f\u00f6rh\u00e5llanden, vilket s\u00e4kerst\u00e4ller att de \u00e4r fria fr\u00e5n f\u00f6roreningar och ger b\u00e4sta m\u00f6jliga resultat.<\/li>\n<li><strong>Konsekvent:<\/strong> V\u00e5rt engagemang f\u00f6r kvalitet inneb\u00e4r att varje k\u00f6p av Gorlin Magic Mushrooms \u00e4r konsekvent n\u00e4r det g\u00e4ller styrka och effekter. Denna tillf\u00f6rlitlighet \u00e4r avg\u00f6rande f\u00f6r dem som s\u00f6ker en f\u00f6ruts\u00e4gbar och kontrollerad psykedelisk upplevelse.<\/li>\n<\/ul>\n<h3><strong>F\u00f6rdelarna med Gorlin Magic Mushrooms<\/strong><\/h3>\n<p>Gorlin Magic Mushrooms are celebrated for their unique effects and potential benefits. Here\u2019s why you should consider including them in your psychedelic journey:<\/p>\n<ul>\n<li><strong>F\u00f6rb\u00e4ttrad varseblivning:<\/strong> Upplev f\u00f6rh\u00f6jda sinnen och en djupare koppling till din omgivning. De \u00e4r k\u00e4nda f\u00f6r sin f\u00f6rm\u00e5ga att f\u00f6rst\u00e4rka sinnesintrycken, vilket leder till en mer omslutande och levande upplevelse.<\/li>\n<li><strong>Kreativa insikter:<\/strong> M\u00e5nga anv\u00e4ndare rapporterar att de upplever \u00f6kad kreativitet och probleml\u00f6sningsf\u00f6rm\u00e5ga. Oavsett om du \u00e4r en konstn\u00e4r som s\u00f6ker inspiration eller n\u00e5gon som vill f\u00e5 nya perspektiv, kan Gorlin Magic Mushrooms ge djupg\u00e5ende insikter.<\/li>\n<li><strong>Emotionell l\u00e4kning:<\/strong> Psilocybinsvampar, inklusive Gorlin Magic Mushrooms, anv\u00e4nds ofta f\u00f6r sin terapeutiska potential. De kan hj\u00e4lpa dig att konfrontera och bearbeta k\u00e4nslom\u00e4ssiga problem, vilket leder till personlig tillv\u00e4xt och l\u00e4kning.<\/li>\n<\/ul>\n<h3><strong>Hur man anv\u00e4nder Gorlin Magic Mushrooms<\/strong><\/h3>\n<p>Att anv\u00e4nda Gorlin Magic Mushrooms p\u00e5 ett ansvarsfullt s\u00e4tt \u00e4r nyckeln till att s\u00e4kerst\u00e4lla en s\u00e4ker och givande upplevelse. H\u00e4r \u00e4r n\u00e5gra riktlinjer som hj\u00e4lper dig att f\u00e5 ut det mesta av ditt k\u00f6p:<\/p>\n<ul>\n<li><strong>Dosering:<\/strong> B\u00f6rja med en liten dos f\u00f6r att bed\u00f6ma din tolerans. Effekterna av magiska svampar kan variera beroende p\u00e5 individ och svampens styrka. En typisk startdos \u00e4r mellan 1 och 2 gram. \u00d6ka gradvis om s\u00e5 \u00f6nskas, men forts\u00e4tt alltid med f\u00f6rsiktighet.<\/li>\n<li><strong>Inst\u00e4llning:<\/strong> V\u00e4lj en bekv\u00e4m och s\u00e4ker milj\u00f6 f\u00f6r din upplevelse. Att befinna sig i en bekant och trygg milj\u00f6 kan f\u00f6rb\u00e4ttra din resa och minska \u00e5ngesten.<\/li>\n<li><strong>Kamratskap:<\/strong> \u00d6verv\u00e4g att ha en betrodd v\u00e4n eller guide som f\u00f6ljer dig under din upplevelse, s\u00e4rskilt om du \u00e4r ny p\u00e5 magiska svampar. Deras st\u00f6d kan vara ov\u00e4rderligt f\u00f6r att navigera p\u00e5 din resa.<\/li>\n<\/ul>\n<h3><strong>Varf\u00f6r k\u00f6pa fr\u00e5n oss?<\/strong><\/h3>\n<p>N\u00e4r du v\u00e4ljer att k\u00f6pa Gorlin Magic Mushrooms fr\u00e5n oss, \u00e4r du s\u00e4ker p\u00e5:<\/p>\n<ul>\n<li><strong><a href=\"https:\/\/shroomschocolatebars.com\/sv\/leveranspolicy\/\">Diskret frakt<\/a>:<\/strong> Vi f\u00f6rst\u00e5r vikten av integritet, s\u00e5 vi ser till att alla best\u00e4llningar skickas diskret och s\u00e4kert.<\/li>\n<li><strong>Kundtillfredsst\u00e4llelse:<\/strong> V\u00e5rt engagerade kundtj\u00e4nstteam finns h\u00e4r f\u00f6r att hj\u00e4lpa dig med alla fr\u00e5gor och funderingar. Din tillfredsst\u00e4llelse \u00e4r v\u00e5r h\u00f6gsta prioritet.<\/li>\n<li><strong>Konkurrenskraftig priss\u00e4ttning:<\/strong> Vi erbjuder Gorlin Magic Mushrooms av b\u00e4sta kvalitet till konkurrenskraftiga priser. V\u00e5rt engagemang f\u00f6r v\u00e4rde s\u00e4kerst\u00e4ller att du f\u00e5r exceptionella produkter utan att bryta banken.<\/li>\n<\/ul>\n<h3>Relaterade produkter<\/h3>\n<p>Utforska v\u00e5rt sortiment av andra h\u00f6gkvalitativa magiska svampar f\u00f6r att f\u00f6rb\u00e4ttra din psykedeliska upplevelse. V\u00e5rt urval inkluderar:<\/p>\n<ul>\n<li><strong><a href=\"https:\/\/shroomschocolatebars.com\/sv\/produkt\/gyllene-lararen-magisk-svamp\/\">Golden Teachers magiska svampar<\/a>:<\/strong> De \u00e4r k\u00e4nda f\u00f6r sina insiktsfulla och upplysande effekter och \u00e4r perfekta f\u00f6r dem som s\u00f6ker visdom och klarhet.<\/li>\n<li><strong><a href=\"https:\/\/shroomschocolatebars.com\/sv\/produkt\/penis-avundsjuka-magisk-svamp\/\">Penis avund Magic Mushroom<\/a>:<\/strong> Perfekt f\u00f6r nyb\u00f6rjare, ger en balanserad och trevlig upplevelse.<\/li>\n<li><strong>Albino A+ Magic Mushrooms:<\/strong> K\u00e4nda f\u00f6r sitt unika utseende och sina kraftfulla effekter.<\/li>\n<\/ul>\n<h3><strong>Vanliga fr\u00e5gor och svar<\/strong><\/h3>\n<p><strong>F: Vad \u00e4r Gorlin Magic Mushrooms?<\/strong><br \/>\nA: Gorlin Magic Mushrooms \u00e4r en potent stam av psilocybinsvampar som \u00e4r k\u00e4nda f\u00f6r sina h\u00f6gkvalitativa effekter och intensiva upplevelser.<\/p>\n<p><strong>F: Hur ska jag f\u00f6rvara mina Gorlin Magic Mushrooms?<\/strong><br \/>\nA: F\u00f6rvara dem p\u00e5 en sval, torr plats i en luftt\u00e4t beh\u00e5llare f\u00f6r att bevara deras styrka och f\u00e4rskhet.<\/p>\n<p><strong>F: Finns det n\u00e5gra risker f\u00f6rknippade med att anv\u00e4nda magiska svampar?<\/strong><br \/>\nA: As with any psychedelic substance, it\u2019s important to use magic mushrooms responsibly. Ensure you are in a safe environment and start with a low dose to gauge your reaction.<\/p>\n<p><strong>Q: Hur kan jag kontakta kundtj\u00e4nst?<\/strong><br \/>\nA: You can reach our customer service team through our website&#8217;s contact form or via email at <a href=\"mailto:support@shroomschocolatebars.com\">support@shroomschocolatebars.com<\/a><\/p>\n<h3><strong>Slutsats<\/strong><\/h3>\n<p>V\u00e4lja att <strong>k\u00f6pa Gorlin Magic Mushrooms<\/strong> \u00e4r en investering i en h\u00f6gkvalitativ, omv\u00e4lvande upplevelse. V\u00e5r premiumprodukt garanterar styrka, renhet och konsistens, vilket s\u00e4kerst\u00e4ller att du f\u00e5r en minnesv\u00e4rd och effektfull resa. Utforska de potentiella f\u00f6rdelarna och uppt\u00e4ck varf\u00f6r Gorlin Magic Mushrooms \u00e4r det b\u00e4sta valet f\u00f6r dem som s\u00f6ker ett djupt psykedeliskt \u00e4ventyr.<\/p>\n<p>F\u00f6r mer information eller f\u00f6r att g\u00f6ra din best\u00e4llning, bes\u00f6k v\u00e5r webbplats idag. Omfamna kraften i Gorlin Magic Mushrooms och ge dig ut p\u00e5 en resa av uppt\u00e4ckt och upplysning!<\/p>","protected":false},"excerpt":{"rendered":"<p><strong>K\u00f6p de b\u00e4sta Gorlin Magic Mushrooms<\/strong><\/p>\n<p><strong><u>K\u00f6p mer, spara mer:<\/u><\/strong><\/p>\n<ul>\n<li>28 gram = $170<\/li>\n<\/ul>\n<p><strong>Leveransinformation<\/strong>:<\/p>\n<ul>\n<li>Gratis expedierad frakt<\/li>\n<li>Vi skickar \u00f6ver hela v\u00e4rlden med ett sp\u00e5rningsnummer som tillhandah\u00e5lls<\/li>\n<li>Diskret och vakuumf\u00f6rseglad f\u00f6rpackning f\u00f6r din integritet<\/li>\n<\/ul>","protected":false},"featured_media":1121,"comment_status":"open","ping_status":"closed","template":"","meta":[],"product_brand":[],"product_cat":[45],"product_tag":[],"class_list":{"0":"post-646","1":"product","2":"type-product","3":"status-publish","4":"has-post-thumbnail","6":"product_cat-magic-mushroom","8":"first","9":"instock","10":"shipping-taxable","11":"purchasable","12":"product-type-simple"},"jetpack_sharing_enabled":true,"_links":{"self":[{"href":"https:\/\/shroomschocolatebars.com\/sv\/wp-json\/wp\/v2\/product\/646","targetHints":{"allow":["GET"]}}],"collection":[{"href":"https:\/\/shroomschocolatebars.com\/sv\/wp-json\/wp\/v2\/product"}],"about":[{"href":"https:\/\/shroomschocolatebars.com\/sv\/wp-json\/wp\/v2\/types\/product"}],"replies":[{"embeddable":true,"href":"https:\/\/shroomschocolatebars.com\/sv\/wp-json\/wp\/v2\/comments?post=646"}],"wp:featuredmedia":[{"embeddable":true,"href":"https:\/\/shroomschocolatebars.com\/sv\/wp-json\/wp\/v2\/media\/1121"}],"wp:attachment":[{"href":"https:\/\/shroomschocolatebars.com\/sv\/wp-json\/wp\/v2\/media?parent=646"}],"wp:term":[{"taxonomy":"product_brand","embeddable":true,"href":"https:\/\/shroomschocolatebars.com\/sv\/wp-json\/wp\/v2\/product_brand?post=646"},{"taxonomy":"product_cat","embeddable":true,"href":"https:\/\/shroomschocolatebars.com\/sv\/wp-json\/wp\/v2\/product_cat?post=646"},{"taxonomy":"product_tag","embeddable":true,"href":"https:\/\/shroomschocolatebars.com\/sv\/wp-json\/wp\/v2\/product_tag?post=646"}],"curies":[{"name":"wp","href":"https:\/\/api.w.org\/{rel}","templated":true}]}}