{"id":608,"date":"2022-03-23T09:42:18","date_gmt":"2022-03-23T09:42:18","guid":{"rendered":"https:\/\/shroomschocolatebars.com\/?post_type=product&#038;p=608"},"modified":"2024-09-01T01:05:02","modified_gmt":"2024-09-01T01:05:02","slug":"kambodjanska-magiska-svampar","status":"publish","type":"product","link":"https:\/\/shroomschocolatebars.com\/sv\/product\/cambodian-magic-mushrooms\/","title":{"rendered":"Kambodjanska magiska svampar"},"content":{"rendered":"<h3><strong>K\u00f6p kambodjanska magiska svampar<\/strong><\/h3>\n<p>Welcome to your gateway to exploring the extraordinary and mystical effects of Cambodian Magic Mushrooms. Whether you&#8217;re a seasoned psychonaut or a curious explorer, buying Cambodian Magic Mushrooms can offer a unique and enriching experience. Known for their vibrant effects and potent qualities, these mushrooms are sought after by enthusiasts around the globe. This guide provides you with everything you need to know about Cambodian Magic Mushrooms, from their origins and benefits to where and how you can purchase them safely and legally.<\/p>\n<h4><strong>Vad \u00e4r kambodjanska magiska svampar?<\/strong><\/h4>\n<p>Kambodjanska magiska svampar, vetenskapligt klassificerade som <em>Psilocybe cubensis<\/em>\u00e4r k\u00e4nda f\u00f6r sina anm\u00e4rkningsv\u00e4rda effekter och sin rika historia. Dessa svampar har sitt ursprung i Kambodjas b\u00f6rdiga l\u00e4nder och har anv\u00e4nts i \u00e5rhundraden i traditionella ceremonier och andliga metoder. De \u00e4r ber\u00f6mda f\u00f6r sina potenta psykoaktiva egenskaper och \u00e4r ofta eftertraktade av dem som s\u00f6ker djupa personliga insikter eller en \u00f6kad k\u00e4nsla av anslutning.<\/p>\n<h4><strong>De unika f\u00f6rdelarna med kambodjanska magiska svampar<\/strong><\/h4>\n<ol>\n<li><strong>F\u00f6rb\u00e4ttrad kreativitet och insikt<\/strong>: M\u00e5nga anv\u00e4ndare rapporterar att de upplever en \u00f6kning av kreativitet och mental klarhet. De visuella och auditiva hallucinationerna som ofta upplevs kan leda till innovativa id\u00e9er och en djupare f\u00f6rst\u00e5else f\u00f6r personliga och universella begrepp.<\/li>\n<li><strong>Emotionell l\u00e4kning<\/strong>: Cambodian Magic Mushrooms kan underl\u00e4tta k\u00e4nslom\u00e4ssig l\u00e4kning genom att l\u00e5ta anv\u00e4ndare konfrontera och bearbeta djupt liggande k\u00e4nslor. Detta kan vara s\u00e4rskilt f\u00f6rdelaktigt f\u00f6r dem som vill ta itu med tidigare trauma eller p\u00e5g\u00e5ende psykologiska problem.<\/li>\n<li><strong>Andlig tillv\u00e4xt<\/strong>: Den psykedeliska resan som erbjuds av Cambodian Magic Mushrooms leder ofta till djupa andliga upplevelser. Anv\u00e4ndare beskriver ofta en k\u00e4nsla av enhet med universum och ett utvidgat medvetande som kan bidra till personlig tillv\u00e4xt och upplysning.<\/li>\n<li><strong>F\u00f6rb\u00e4ttrad sensorisk perception<\/strong>: Svamparna \u00e4r k\u00e4nda f\u00f6r att \u00f6ka sensoriska uppfattningar, vilket g\u00f6r att f\u00e4rger verkar mer levande och ljud mer djupg\u00e5ende. Denna sensoriska f\u00f6rst\u00e4rkning kan leda till en mer uppslukande och engagerande upplevelse.<\/li>\n<\/ol>\n<h4><strong>Varf\u00f6r v\u00e4lja kambodjanska magiska svampar?<\/strong><\/h4>\n<p><strong>1. Bevisad styrka:<\/strong> Kambodjanska magiska svampar firas f\u00f6r sin styrka och effektivitet. Anv\u00e4ndare rapporterar konsekvent starka, levande upplevelser, vilket g\u00f6r dem till ett popul\u00e4rt val bland erfarna psykonauter.<\/p>\n<p><strong>2. Rik historisk bakgrund:<\/strong> With a heritage rooted in ancient Cambodian traditions, these mushrooms offer more than just a psychedelic experience\u2014they provide a connection to a rich cultural history.<\/p>\n<p><strong>3. Konsekvent kvalitet:<\/strong> Kambodjanska Magic Mushrooms kommer fr\u00e5n v\u00e4letablerade regioner och \u00e4r k\u00e4nda f\u00f6r sin h\u00f6ga kvalitet och konsekventa effekter, vilket garanterar en p\u00e5litlig upplevelse med varje anv\u00e4ndning.<\/p>\n<h3><strong>Varf\u00f6r v\u00e4lja oss?<\/strong><\/h3>\n<p>P\u00e5 shroomschocolatebars \u00e4r vi stolta \u00f6ver att bara tillhandah\u00e5lla de finaste Penis Envy Magic Mushrooms. V\u00e5rt engagemang f\u00f6r kvalitet och kundn\u00f6jdhet skiljer oss \u00e5t. Vi erbjuder:<\/p>\n<ul>\n<li><strong>\u00d6ppenhet och insyn:<\/strong>\u00a0Full details about our cultivation process and third-party testing results ensure you know exactly what you\u2019re getting.<\/li>\n<li><strong><a href=\"https:\/\/shroomschocolatebars.com\/sv\/leveranspolicy\/\">Diskret frakt<\/a>:<\/strong>\u00a0Vi prioriterar din integritet med diskreta f\u00f6rpackningar och s\u00e4kra leveransmetoder.<\/li>\n<li><strong><a href=\"https:\/\/shroomschocolatebars.com\/sv\/kontakta-oss\/\">Kundtj\u00e4nst<\/a>:<\/strong>\u00a0V\u00e5rt kunniga och v\u00e4nliga kundtj\u00e4nstteam finns h\u00e4r f\u00f6r att hj\u00e4lpa dig om du har n\u00e5gra fr\u00e5gor eller funderingar.<\/li>\n<\/ul>\n<h4><strong>Hur man k\u00f6per kambodjanska magiska svampar s\u00e4kert och lagligt<\/strong><\/h4>\n<p>When purchasing Cambodian Magic Mushrooms, it&#8217;s essential to prioritize safety and legality. Here are some tips to ensure you make a safe and informed purchase:<\/p>\n<ol>\n<li><strong>V\u00e4lj v\u00e4lrenommerade k\u00e4llor:<\/strong> K\u00f6p fr\u00e5n betrodda leverant\u00f6rer med ett gott rykte f\u00f6r kvalitet och s\u00e4kerhet. Leta efter recensioner och feedback fr\u00e5n andra kunder f\u00f6r att bed\u00f6ma k\u00e4llans tillf\u00f6rlitlighet.<\/li>\n<li><strong>Kontrollera juridisk status:<\/strong> Ensure that the purchase and use of Cambodian Magic Mushrooms are legal in your jurisdiction. Laws vary widely, so it&#8217;s crucial to be aware of local regulations.<\/li>\n<li><strong>Verifiera kvalitet:<\/strong> Look for sources that provide detailed information about the mushrooms&#8217; cultivation and quality control practices. High-quality Cambodian Magic Mushrooms should be fresh, properly stored, and free from contaminants.<\/li>\n<li><strong>F\u00f6rst\u00e5 doseringen:<\/strong> Familiarize yourself with recommended dosages and effects. Overconsumption can lead to unpleasant experiences, so it&#8217;s essential to start with a lower dose and adjust as needed.<\/li>\n<li><strong>Prioritera diskretion:<\/strong> If you&#8217;re concerned about privacy, look for vendors that offer discreet packaging and delivery options.<\/li>\n<\/ol>\n<h4><strong>Var man kan k\u00f6pa kambodjanska magiska svampar<\/strong><\/h4>\n<p>Flera onlineplattformar specialiserar sig p\u00e5 f\u00f6rs\u00e4ljning av kambodjanska magiska svampar. N\u00e4r du v\u00e4ljer en leverant\u00f6r b\u00f6r du \u00f6verv\u00e4ga f\u00f6ljande:<\/p>\n<ul>\n<li><strong>P\u00e5litliga online-apotek:<\/strong> M\u00e5nga online-apotek erbjuder ett brett utbud av magiska svampar, inklusive kambodjanska sorter. Se till att apoteket \u00e4r ansedd och har positiva kundrecensioner.<\/li>\n<li><strong>Specialbutiker:<\/strong> Vissa butiker fokuserar uteslutande p\u00e5 psykedeliska produkter och kan erbjuda ett samlat urval av Cambodian Magic Mushrooms. Dessa butiker tillhandah\u00e5ller ofta detaljerade produktbeskrivningar och kundsupport.<\/li>\n<li><strong>Lokala k\u00e4llor:<\/strong> Beroende p\u00e5 din plats kan du hitta lokala k\u00e4llor f\u00f6r Cambodian Magic Mushrooms. Se dock till att dessa k\u00e4llor \u00e4r lagliga och p\u00e5litliga.<\/li>\n<\/ul>\n<h4><strong>Kundrecensioner och vittnesm\u00e5l<\/strong><\/h4>\n<p>Kundrecensioner kan ge v\u00e4rdefulla insikter i kvaliteten och effekterna av Cambodian Magic Mushrooms. Leta efter feedback fr\u00e5n andra anv\u00e4ndare f\u00f6r att f\u00f6rst\u00e5 deras erfarenheter och m\u00e4ta tillf\u00f6rlitligheten hos olika leverant\u00f6rer. Positiva recensioner belyser ofta styrkan, tillf\u00f6rlitligheten och den \u00f6vergripande tillfredsst\u00e4llelsen med produkten.<\/p>\n<h4><strong>Slutsats<\/strong><\/h4>\n<p>Att k\u00f6pa kambodjanska magiska svampar kan vara en sp\u00e4nnande och transformativ resa. Med sina kraftfulla effekter, rika historia och potential f\u00f6r personlig tillv\u00e4xt erbjuder dessa svampar en unik upplevelse f\u00f6r dem som \u00e4r villiga att utforska deras djup. Genom att f\u00f6lja riktlinjerna f\u00f6r s\u00e4ker och laglig ink\u00f6p kan du s\u00e4kerst\u00e4lla ett givande och upplysande \u00e4ventyr.<\/p>","protected":false},"excerpt":{"rendered":"<p><strong>K\u00f6p de b\u00e4sta kambodjanska magiska svamparna<\/strong><\/p>\n<p><strong><u>K\u00f6p mer, spara mer:<\/u><\/strong><\/p>\n<ul>\n<li>28 gram = $170<\/li>\n<\/ul>\n<p><strong>Leveransinformation<\/strong>:<\/p>\n<ul>\n<li>Gratis expedierad frakt<\/li>\n<li>Vi skickar \u00f6ver hela v\u00e4rlden med ett sp\u00e5rningsnummer som tillhandah\u00e5lls<\/li>\n<li>Diskret och vakuumf\u00f6rseglad f\u00f6rpackning f\u00f6r din integritet<\/li>\n<\/ul>","protected":false},"featured_media":932,"comment_status":"open","ping_status":"closed","template":"","meta":[],"product_brand":[],"product_cat":[45],"product_tag":[],"class_list":{"0":"post-608","1":"product","2":"type-product","3":"status-publish","4":"has-post-thumbnail","6":"product_cat-magic-mushroom","8":"first","9":"instock","10":"shipping-taxable","11":"purchasable","12":"product-type-simple"},"jetpack_sharing_enabled":true,"_links":{"self":[{"href":"https:\/\/shroomschocolatebars.com\/sv\/wp-json\/wp\/v2\/product\/608","targetHints":{"allow":["GET"]}}],"collection":[{"href":"https:\/\/shroomschocolatebars.com\/sv\/wp-json\/wp\/v2\/product"}],"about":[{"href":"https:\/\/shroomschocolatebars.com\/sv\/wp-json\/wp\/v2\/types\/product"}],"replies":[{"embeddable":true,"href":"https:\/\/shroomschocolatebars.com\/sv\/wp-json\/wp\/v2\/comments?post=608"}],"wp:featuredmedia":[{"embeddable":true,"href":"https:\/\/shroomschocolatebars.com\/sv\/wp-json\/wp\/v2\/media\/932"}],"wp:attachment":[{"href":"https:\/\/shroomschocolatebars.com\/sv\/wp-json\/wp\/v2\/media?parent=608"}],"wp:term":[{"taxonomy":"product_brand","embeddable":true,"href":"https:\/\/shroomschocolatebars.com\/sv\/wp-json\/wp\/v2\/product_brand?post=608"},{"taxonomy":"product_cat","embeddable":true,"href":"https:\/\/shroomschocolatebars.com\/sv\/wp-json\/wp\/v2\/product_cat?post=608"},{"taxonomy":"product_tag","embeddable":true,"href":"https:\/\/shroomschocolatebars.com\/sv\/wp-json\/wp\/v2\/product_tag?post=608"}],"curies":[{"name":"wp","href":"https:\/\/api.w.org\/{rel}","templated":true}]}}