{"id":596,"date":"2022-03-23T09:07:17","date_gmt":"2022-03-23T09:07:17","guid":{"rendered":"https:\/\/shroomschocolatebars.com\/?post_type=product&#038;p=596"},"modified":"2024-09-01T01:05:08","modified_gmt":"2024-09-01T01:05:08","slug":"svamp-for-forsaljning","status":"publish","type":"product","link":"https:\/\/shroomschocolatebars.com\/sv\/product\/burmese-magic-mushrooms\/","title":{"rendered":"Burmesiska magiska svampar"},"content":{"rendered":"<h2><strong>K\u00f6p burmesiska magiska svampar p\u00e5 n\u00e4tet<\/strong><\/h2>\n<p>V\u00e4lkommen till den ultimata destinationen f\u00f6r att k\u00f6pa burmesiska Magic Mushrooms, k\u00e4nda f\u00f6r sin exceptionella styrka och unika effekter. V\u00e5r omfattande guide kommer att ge dig all information du beh\u00f6ver f\u00f6r att g\u00f6ra ett informerat k\u00f6p, vilket garanterar en minnesv\u00e4rd och s\u00e4ker upplevelse.<\/p>\n<h3><strong>Vad \u00e4r burmesiska magiska svampar?<\/strong><\/h3>\n<p>Burmese Magic Mushrooms tillh\u00f6r arten Psilocybe Cubensis, en av de mest popul\u00e4ra och allm\u00e4nt konsumerade typerna av magiska svampar. Denna stam uppt\u00e4cktes ursprungligen av John W. Allen, en amat\u00f6r etnomykolog, i Burma (nu Myanmar). Dessa svampar \u00e4r k\u00e4nda f\u00f6r sin snabba tillv\u00e4xt och h\u00f6ga styrka, vilket g\u00f6r dem till en favorit bland b\u00e5de nyb\u00f6rjare och erfarna psykonauter.<\/p>\n<h4><strong>Varf\u00f6r v\u00e4lja Burmese Magic Mushrooms?<\/strong><\/h4>\n<ol>\n<li><strong>H\u00f6g potens<\/strong>: Burmesiska Magic Mushrooms \u00e4r k\u00e4nda f\u00f6r sin styrka \u00f6ver genomsnittet. De ger starka psykoaktiva effekter som kan ge en djup och introspektiv upplevelse.<\/li>\n<li><strong>Visuella och mentala effekter<\/strong>: Anv\u00e4ndare rapporterar intensiva visuella f\u00f6rb\u00e4ttringar, eufori och djup introspektion. Upplevelsen kan variera beroende p\u00e5 dosering och individuell tolerans men inkluderar vanligtvis \u00f6kad uppskattning f\u00f6r musik och konst samt en k\u00e4nsla av samh\u00f6righet med naturen.<\/li>\n<li><strong>M\u00e5ngsidighet<\/strong>: Oavsett om du letar efter en mild resa eller en mer intensiv resa, kan Burmese Magic Mushrooms doseras enligt dina \u00f6nskem\u00e5l.<\/li>\n<\/ol>\n<h4><strong>Metoder f\u00f6r konsumtion<\/strong><\/h4>\n<ol>\n<li><strong>Tugga och sv\u00e4lja<\/strong>: Den mest okomplicerade metoden. Tugga svampen noggrant s\u00e5 att alla psykoaktiva f\u00f6reningar kan frig\u00f6ras och absorberas. Effekter b\u00f6rjar vanligtvis inom 45 minuter.<\/li>\n<li><strong>Te med magiska svampar<\/strong>: Denna metod hj\u00e4lper till att maskera svampens jordiska smak. Hacka eller krossa svampen, l\u00e5t den dra i varmt vatten i 10-15 minuter, sila och njut.<\/li>\n<li><strong>Blandning med mat<\/strong>: Inf\u00f6rliva malda svampar i dina favoritmat, till exempel smoothies eller choklad, f\u00f6r att g\u00f6ra konsumtionen mer smaklig.<\/li>\n<\/ol>\n<h4><strong>Doseringsrekommendationer<\/strong><\/h4>\n<ul>\n<li><strong>Mikrodos (0,1-0,3 gram)<\/strong>: Subperceptuella effekter som kan \u00f6ka kreativiteten och minska \u00e5ngest utan m\u00e4rkbara psykedeliska effekter.<\/li>\n<li><strong>Dosen f\u00f6r museum (0,5-1,5 gram)<\/strong>: Milda psykoaktiva effekter, l\u00e4mpliga f\u00f6r en l\u00e4tt och hanterbar upplevelse.<\/li>\n<li><strong>M\u00e5ttlig dos (2-3,5 gram)<\/strong>: Ger en fullst\u00e4ndig psykedelisk upplevelse med betydande syn- och h\u00f6rself\u00f6rb\u00e4ttringar.<\/li>\n<li><strong>H\u00f6g dos (4 gram och h\u00f6gre)<\/strong>: Intensiva och djupg\u00e5ende upplevelser, rekommenderas endast f\u00f6r erfarna anv\u00e4ndare.<\/li>\n<\/ul>\n<h3><strong>Varf\u00f6r v\u00e4lja oss?<\/strong><\/h3>\n<p>P\u00e5 shroomschocolatebars \u00e4r vi stolta \u00f6ver att bara tillhandah\u00e5lla de finaste Penis Envy Magic Mushrooms. V\u00e5rt engagemang f\u00f6r kvalitet och kundn\u00f6jdhet skiljer oss \u00e5t. Vi erbjuder:<\/p>\n<ul>\n<li><strong>\u00d6ppenhet och insyn:<\/strong>\u00a0Full details about our cultivation process and third-party testing results ensure you know exactly what you\u2019re getting.<\/li>\n<li><strong><a href=\"https:\/\/shroomschocolatebars.com\/sv\/leveranspolicy\/\">Diskret frakt<\/a>:<\/strong>\u00a0Vi prioriterar din integritet med diskreta f\u00f6rpackningar och s\u00e4kra leveransmetoder.<\/li>\n<li><strong><a href=\"https:\/\/shroomschocolatebars.com\/sv\/kontakta-oss\/\">Kundtj\u00e4nst<\/a>:<\/strong>\u00a0V\u00e5rt kunniga och v\u00e4nliga kundtj\u00e4nstteam finns h\u00e4r f\u00f6r att hj\u00e4lpa dig om du har n\u00e5gra fr\u00e5gor eller funderingar.<\/li>\n<\/ul>\n<h3><strong>Kundrecensioner<\/strong><\/h3>\n<p>V\u00e5ra kunder rasar \u00f6ver den konsekventa kvaliteten och de kraftfulla effekterna av v\u00e5ra burmesiska magiska svampar. H\u00e4r \u00e4r n\u00e5gra vittnesm\u00e5l:<\/p>\n<ul>\n<li>&#8220;A truly enlightening experience! The visuals were incredible, and I felt a deep connection with nature.&#8221; &#8211; Alex P.<\/li>\n<li>&#8220;Perfect for a weekend trip. The effects were strong but manageable, and the shipping was super fast!&#8221; &#8211; Jamie L.<\/li>\n<\/ul>\n<h3><strong>Relaterade produkter<\/strong><\/h3>\n<p>Om du gillar Burmese Magic Mushrooms kanske du ocks\u00e5 gillar:<\/p>\n<ul>\n<li><strong>Golden Teacher magiska svampar<\/strong>: \u00e4r k\u00e4nda f\u00f6r sina balanserade effekter och andliga upplevelser.<\/li>\n<li><strong>Amazonas magiska svampar<\/strong>: K\u00e4nda f\u00f6r sina kraftiga syn- och h\u00f6rselhallucinationer.<\/li>\n<\/ul>\n<h3><strong>Slutsats<\/strong><\/h3>\n<p>Burmese Magic Mushrooms offer a potent and profound psychedelic experience. Whether you&#8217;re a first-timer or an experienced psychonaut, these mushrooms can provide a memorable journey into the depths of your consciousness. Purchase your Burmese Magic Mushrooms from our trusted online store and embark on a transformative adventure.<\/p>","protected":false},"excerpt":{"rendered":"<p><strong>K\u00f6p de b\u00e4sta burmesiska magiska svamparna<\/strong><\/p>\n<p><strong><u>K\u00f6p mer, spara mer:<\/u><\/strong><\/p>\n<ul>\n<li>28 gram = $170<\/li>\n<\/ul>\n<p><strong>Leveransinformation<\/strong>:<\/p>\n<ul>\n<li>Gratis expedierad frakt<\/li>\n<li>Vi skickar \u00f6ver hela v\u00e4rlden med ett sp\u00e5rningsnummer som tillhandah\u00e5lls<\/li>\n<li>Diskret och vakuumf\u00f6rseglad f\u00f6rpackning f\u00f6r din integritet<\/li>\n<\/ul>","protected":false},"featured_media":1132,"comment_status":"open","ping_status":"closed","template":"","meta":[],"product_brand":[],"product_cat":[45],"product_tag":[],"class_list":{"0":"post-596","1":"product","2":"type-product","3":"status-publish","4":"has-post-thumbnail","6":"product_cat-magic-mushroom","8":"first","9":"instock","10":"shipping-taxable","11":"purchasable","12":"product-type-simple"},"jetpack_sharing_enabled":true,"_links":{"self":[{"href":"https:\/\/shroomschocolatebars.com\/sv\/wp-json\/wp\/v2\/product\/596","targetHints":{"allow":["GET"]}}],"collection":[{"href":"https:\/\/shroomschocolatebars.com\/sv\/wp-json\/wp\/v2\/product"}],"about":[{"href":"https:\/\/shroomschocolatebars.com\/sv\/wp-json\/wp\/v2\/types\/product"}],"replies":[{"embeddable":true,"href":"https:\/\/shroomschocolatebars.com\/sv\/wp-json\/wp\/v2\/comments?post=596"}],"wp:featuredmedia":[{"embeddable":true,"href":"https:\/\/shroomschocolatebars.com\/sv\/wp-json\/wp\/v2\/media\/1132"}],"wp:attachment":[{"href":"https:\/\/shroomschocolatebars.com\/sv\/wp-json\/wp\/v2\/media?parent=596"}],"wp:term":[{"taxonomy":"product_brand","embeddable":true,"href":"https:\/\/shroomschocolatebars.com\/sv\/wp-json\/wp\/v2\/product_brand?post=596"},{"taxonomy":"product_cat","embeddable":true,"href":"https:\/\/shroomschocolatebars.com\/sv\/wp-json\/wp\/v2\/product_cat?post=596"},{"taxonomy":"product_tag","embeddable":true,"href":"https:\/\/shroomschocolatebars.com\/sv\/wp-json\/wp\/v2\/product_tag?post=596"}],"curies":[{"name":"wp","href":"https:\/\/api.w.org\/{rel}","templated":true}]}}