{"id":562,"date":"2022-03-22T18:29:47","date_gmt":"2022-03-22T18:29:47","guid":{"rendered":"https:\/\/shroomschocolatebars.com\/?post_type=product&#038;p=562"},"modified":"2024-09-01T01:05:14","modified_gmt":"2024-09-01T01:05:14","slug":"kopa-svampar","status":"publish","type":"product","link":"https:\/\/shroomschocolatebars.com\/sv\/product\/blue-magnolia-magic-mushrooms\/","title":{"rendered":"Bl\u00e5 Magnolia Magiska svampar"},"content":{"rendered":"<h2><strong>K\u00f6p Blue Magnolia Magic Mushrooms online<\/strong><\/h2>\n<p>V\u00e4lkommen till v\u00e5rt exklusiva urval av Blue Magnolia Magic Mushrooms, en s\u00e4llsynt och mycket eftertraktad stam k\u00e4nd f\u00f6r sina kraftfulla effekter och unika visuella \u00f6verklagande. Oavsett om du \u00e4r en erfaren psykonaut eller utforskar v\u00e4rlden av magiska svampar f\u00f6r f\u00f6rsta g\u00e5ngen, lovar Blue Magnolia en resa av upplysning, kreativitet och djup introspektion.<\/p>\n<h3><strong>Vad \u00e4r Blue Magnolia Magic Mushrooms?<\/strong><\/h3>\n<p>Blue Magnolia Magic Mushrooms, vetenskapligt k\u00e4nd som <strong>Psilocybe Cubensis<\/strong>\u00e4r en nyare och extremt potent stam som utvecklats fr\u00e5n vilda Mississippi-prover som samlades in 2011 av mykologerna Doc och Mycotek. Dessa svampar k\u00e4nnetecknas av sina bl\u00e5aktiga m\u00f6ssor med rostfl\u00e4ckar och tjocka stj\u00e4lkar, vilket ger en unik visuell och sensorisk upplevelse.<\/p>\n<h3><strong>Viktiga egenskaper:<\/strong><\/h3>\n<ul>\n<li><strong>Stam:<\/strong> Bl\u00e5 magnolia<\/li>\n<li><strong>Styrka:<\/strong> H\u00f6g, j\u00e4mf\u00f6rbar med den ber\u00f6mda Penis Envy-stammen<\/li>\n<li><strong>Effekter:<\/strong> Levande bilder, sk\u00e4rpta sinnen, andliga och introspektiva upplevelser<\/li>\n<li><strong>Form:<\/strong> Premium torkade kapsyler och stj\u00e4lkar<\/li>\n<\/ul>\n<h3><strong>Effekter av Blue Magnolia Magic Mushrooms<\/strong><\/h3>\n<p>Blue Magnolia Magic Mushrooms \u00e4r k\u00e4nda f\u00f6r sina starka psykoaktiva effekter. Anv\u00e4ndare rapporterar ofta levande visuella hallucinationer, f\u00f6rb\u00e4ttrad sensorisk uppfattning och djupg\u00e5ende andliga insikter. Effekterna kan variera beroende p\u00e5 dosering:<\/p>\n<ul>\n<li><strong>Mikrodos (0,2-0,5 g):<\/strong> Subtil st\u00e4mningsh\u00f6jning, \u00f6kad kreativitet och produktivitet utan hallucinationer.<\/li>\n<li><strong>L\u00e5g dos (0,5-1,0 g):<\/strong> Lindriga syn- och k\u00e4nself\u00f6r\u00e4ndringar, perfekt f\u00f6r sociala sammanhang och kreativa aktiviteter.<\/li>\n<li><strong>Medelh\u00f6g dos (1,0-2,0 g):<\/strong> Starka visuella intryck, eufori, djup introspektion och en k\u00e4nsla av samh\u00f6righet.<\/li>\n<li><strong>High Dose (2.5\u20135.0 g):<\/strong> Intensiva hallucinationer, m\u00f6jlighet till egod\u00f6d och djupa andliga upplevelser.<\/li>\n<\/ul>\n<h3><strong>Varf\u00f6r v\u00e4lja Blue Magnolia Magic Mushrooms?<\/strong><\/h3>\n<ol>\n<li><strong>H\u00f6g potens:<\/strong> Blue Magnolia \u00e4r k\u00e4nd f\u00f6r sina starka effekter, vilket g\u00f6r den till en favorit bland erfarna anv\u00e4ndare som s\u00f6ker en kraftfull psykedelisk resa.<\/li>\n<li><strong>Terapeutiska f\u00f6rdelar:<\/strong> Anv\u00e4ndare har rapporterat l\u00e4ttnad fr\u00e5n stress, \u00e5ngest och depression. Dessa svampar fr\u00e4mjar ocks\u00e5 kreativitet och introspektion.<\/li>\n<li><strong>S\u00e4llsynt och exklusivt:<\/strong> Denna stam \u00e4r relativt ny och s\u00e4llsynt p\u00e5 marknaden och erbjuder en unik upplevelse f\u00f6r svampentusiaster.<\/li>\n<\/ol>\n<h3><strong>Varf\u00f6r v\u00e4lja oss?<\/strong><\/h3>\n<p>P\u00e5 shroomschocolatebars \u00e4r vi stolta \u00f6ver att bara tillhandah\u00e5lla de finaste Penis Envy Magic Mushrooms. V\u00e5rt engagemang f\u00f6r kvalitet och kundn\u00f6jdhet skiljer oss \u00e5t. Vi erbjuder:<\/p>\n<ul>\n<li><strong>\u00d6ppenhet och insyn:<\/strong>\u00a0Full details about our cultivation process and third-party testing results ensure you know exactly what you\u2019re getting.<\/li>\n<li><strong><a href=\"https:\/\/shroomschocolatebars.com\/sv\/leveranspolicy\/\">Diskret frakt<\/a>:<\/strong>\u00a0Vi prioriterar din integritet med diskreta f\u00f6rpackningar och s\u00e4kra leveransmetoder.<\/li>\n<li><strong><a href=\"https:\/\/shroomschocolatebars.com\/sv\/kontakta-oss\/\">Kundtj\u00e4nst<\/a>:<\/strong> V\u00e5rt kunniga och v\u00e4nliga kundtj\u00e4nstteam finns h\u00e4r f\u00f6r att hj\u00e4lpa dig om du har n\u00e5gra fr\u00e5gor eller funderingar.<\/li>\n<\/ul>\n<h3><strong>Riktlinjer f\u00f6r dosering<\/strong><\/h3>\n<p>P\u00e5 grund av deras h\u00f6ga styrka \u00e4r det viktigt att b\u00f6rja med en l\u00e5g dos f\u00f6r att m\u00e4ta din tolerans:<\/p>\n<ul>\n<li><strong>Mikrodos (0,2-0,5 g):<\/strong> Perfekt f\u00f6r nyb\u00f6rjare som vill f\u00f6rb\u00e4ttra sitt hum\u00f6r och sin kreativitet utan intensiva effekter.<\/li>\n<li><strong>Liten dos (0,5-1,0 g):<\/strong> L\u00e4mplig f\u00f6r dem som s\u00f6ker milda till m\u00e5ttliga effekter, inklusive visuella och sensoriska f\u00f6rb\u00e4ttringar.<\/li>\n<li><strong>Genomsnittlig dos (1,0-2,0 g):<\/strong> F\u00f6r en full psykedelisk upplevelse med starka visuella intryck och djup introspektion.<\/li>\n<li><strong>Stark dos (2,5-5,0 g):<\/strong> Rekommenderas f\u00f6r erfarna anv\u00e4ndare som vill ha en djupg\u00e5ende, potentiellt livsf\u00f6r\u00e4ndrande resa.<\/li>\n<\/ul>\n<h3><strong>Tryggt och s\u00e4kert k\u00f6p online<\/strong><\/h3>\n<p>Vi erbjuder en bekv\u00e4m och diskret online shoppingupplevelse f\u00f6r Blue Magnolia Magic Mushrooms. V\u00e5ra produkter \u00e4r laboratorietestade f\u00f6r kvalitet och styrka, vilket s\u00e4kerst\u00e4ller att du f\u00e5r b\u00e4sta m\u00f6jliga produkt. Njut av snabb och s\u00e4ker frakt med gratis leverans p\u00e5 best\u00e4llningar \u00f6ver $50 inom Kanada.<\/p>\n<h3><strong>Kundtillfredsst\u00e4llelse<\/strong><\/h3>\n<p>Vi \u00e4r stolta \u00f6ver kundn\u00f6jdheten och tillhandah\u00e5ller detaljerade doserings- och s\u00e4kerhetsanvisningar vid varje k\u00f6p. V\u00e5ra f\u00f6rpackningar \u00e4r vakuumf\u00f6rseglade f\u00f6r att s\u00e4kerst\u00e4lla h\u00f6gsta m\u00f6jliga f\u00e4rskhet och diskret leverans.<\/p>\n<h3><strong>Hur man k\u00f6per Blue Magnolia Magic Mushrooms<\/strong><\/h3>\n<p>Att k\u00f6pa Blue Magnolia Magic Mushrooms \u00e4r enkelt och s\u00e4kert. V\u00e4lj mellan olika kvantiteter f\u00f6r att passa dina behov:<\/p>\n<ul>\n<li><strong>3.5g<\/strong><\/li>\n<li><strong>7g<\/strong><\/li>\n<li><strong>14g<\/strong><\/li>\n<li><strong>28g<\/strong><\/li>\n<\/ul>\n<p>Varje k\u00f6p levereras med detaljerade bruksanvisningar och s\u00e4kerhets\u00e5tg\u00e4rder f\u00f6r att s\u00e4kerst\u00e4lla en s\u00e4ker och trevlig upplevelse.<\/p>\n<h3><strong>Slutsats<\/strong><\/h3>\n<p>Sk\u00e4m bort dig med den unika och kraftfulla upplevelsen av Blue Magnolia Magic Mushrooms. Oavsett om du utforskar f\u00f6r terapeutiska f\u00f6rdelar, kreativ f\u00f6rb\u00e4ttring eller en djupg\u00e5ende andlig resa, erbjuder Blue Magnolia ett m\u00e5ngsidigt och potent alternativ. K\u00f6p nu och f\u00f6rh\u00f6j din psykedeliska upplevelse med den elegans och insikt som bara Blue Magnolia kan ge.<\/p>","protected":false},"excerpt":{"rendered":"<p><strong>K\u00f6p de b\u00e4sta Blue Magnolia Magic Mushrooms<\/strong><\/p>\n<p><strong><u>K\u00f6p mer, spara mer:<\/u><\/strong><\/p>\n<ul>\n<li>28 gram = $170<\/li>\n<\/ul>\n<p><strong>Leveransinformation<\/strong>:<\/p>\n<ul>\n<li>Gratis expedierad frakt<\/li>\n<li>Vi skickar \u00f6ver hela v\u00e4rlden med ett sp\u00e5rningsnummer som tillhandah\u00e5lls<\/li>\n<li>Diskret och vakuumf\u00f6rseglad f\u00f6rpackning f\u00f6r din integritet<\/li>\n<\/ul>","protected":false},"featured_media":1043,"comment_status":"open","ping_status":"closed","template":"","meta":[],"product_brand":[],"product_cat":[45],"product_tag":[],"class_list":{"0":"post-562","1":"product","2":"type-product","3":"status-publish","4":"has-post-thumbnail","6":"product_cat-magic-mushroom","8":"first","9":"instock","10":"shipping-taxable","11":"purchasable","12":"product-type-simple"},"jetpack_sharing_enabled":true,"_links":{"self":[{"href":"https:\/\/shroomschocolatebars.com\/sv\/wp-json\/wp\/v2\/product\/562","targetHints":{"allow":["GET"]}}],"collection":[{"href":"https:\/\/shroomschocolatebars.com\/sv\/wp-json\/wp\/v2\/product"}],"about":[{"href":"https:\/\/shroomschocolatebars.com\/sv\/wp-json\/wp\/v2\/types\/product"}],"replies":[{"embeddable":true,"href":"https:\/\/shroomschocolatebars.com\/sv\/wp-json\/wp\/v2\/comments?post=562"}],"wp:featuredmedia":[{"embeddable":true,"href":"https:\/\/shroomschocolatebars.com\/sv\/wp-json\/wp\/v2\/media\/1043"}],"wp:attachment":[{"href":"https:\/\/shroomschocolatebars.com\/sv\/wp-json\/wp\/v2\/media?parent=562"}],"wp:term":[{"taxonomy":"product_brand","embeddable":true,"href":"https:\/\/shroomschocolatebars.com\/sv\/wp-json\/wp\/v2\/product_brand?post=562"},{"taxonomy":"product_cat","embeddable":true,"href":"https:\/\/shroomschocolatebars.com\/sv\/wp-json\/wp\/v2\/product_cat?post=562"},{"taxonomy":"product_tag","embeddable":true,"href":"https:\/\/shroomschocolatebars.com\/sv\/wp-json\/wp\/v2\/product_tag?post=562"}],"curies":[{"name":"wp","href":"https:\/\/api.w.org\/{rel}","templated":true}]}}