{"id":470,"date":"2022-03-20T05:21:07","date_gmt":"2022-03-20T05:21:07","guid":{"rendered":"https:\/\/shroomschocolatebars.com\/?post_type=product&#038;p=470"},"modified":"2024-09-01T01:05:23","modified_gmt":"2024-09-01T01:05:23","slug":"magiska-svampar-fran-amazonas","status":"publish","type":"product","link":"https:\/\/shroomschocolatebars.com\/sv\/product\/amazonian-magic-mushrooms\/","title":{"rendered":"Amazonas magiska svampar"},"content":{"rendered":"<h2><strong>K\u00f6p Amazonian Magic Mushrooms\u00a0<\/strong><\/h2>\n<p>Amazonian Magic Mushrooms, vetenskapligt k\u00e4nd som <em>Psilocybe cubensis<\/em>\u00e4r en potent och eftertraktad stam av psykedeliska svampar. Dessa svampar har sitt ursprung i Amazonas frodiga regnskogar och har en rik historia av anv\u00e4ndning i andliga och shamaniska ritualer. Idag \u00e4r de popul\u00e4ra bland psykonauter och fritidsanv\u00e4ndare f\u00f6r sina djupg\u00e5ende hallucinogena effekter, som erbjuder en resa in i introspektion, eufori och visuell stimulering.<\/p>\n<h3><strong>Vad g\u00f6r Amazonian Magic Mushrooms unika?<\/strong><\/h3>\n<p>Amazonian Magic Mushrooms \u00e4r v\u00f6rdade f\u00f6r sitt h\u00f6ga psilocybininneh\u00e5ll, vilket inducerar kraftfulla och levande resor. Anv\u00e4ndare rapporterar ofta intensiva visuella och auditiva hallucinationer, en djup k\u00e4nsla av koppling till naturen och en djup k\u00e4nsla av eufori. Dessa svampar \u00e4r idealiska f\u00f6r dem som s\u00f6ker en stark och transformativ psykedelisk upplevelse.<\/p>\n<h4>Viktiga egenskaper:<\/h4>\n<ul>\n<li><strong>Ursprung:<\/strong> Amazonas regnskog<\/li>\n<li><strong>Art:<\/strong> Psilocybe cubensis<\/li>\n<li><strong>Styrka:<\/strong> H\u00f6g<\/li>\n<li><strong>Effekter:<\/strong> Eufori, syn- och h\u00f6rselhallucinationer, andligt uppvaknande, djup introspektion<\/li>\n<\/ul>\n<h3><strong>Effekter och erfarenheter<\/strong><\/h3>\n<p>N\u00e4r du konsumerar Amazonian Magic Mushrooms kan du f\u00f6rv\u00e4nta dig en resa som varar mellan 4 och 6 timmar. Resan b\u00f6rjar vanligtvis med en k\u00e4nsla av eufori och l\u00e4tthet, vilket gradvis leder till mer intensiva visuella och auditiva snedvridningar. M\u00e5nga anv\u00e4ndare rapporterar att de upplever djupa insikter, k\u00e4nslom\u00e4ssiga genombrott och en \u00f6kad k\u00e4nsla av kreativitet.<\/p>\n<h4><strong>Vanliga effekter:<\/strong><\/h4>\n<ul>\n<li><strong>Eufori:<\/strong> En f\u00f6rh\u00f6jd k\u00e4nsla av lycka och v\u00e4lbefinnande.<\/li>\n<li><strong>Visuella hallucinationer:<\/strong> Starka f\u00e4rger, m\u00f6nster och r\u00f6relser i omgivningen.<\/li>\n<li><strong>H\u00f6rselhallucinationer:<\/strong> F\u00f6rb\u00e4ttrad uppfattning av ljud, vilket ofta leder till h\u00f6rselhallucinationer.<\/li>\n<li><strong>Introspektion:<\/strong> Djupa, reflekterande tankar och en k\u00e4nsla av andligt uppvaknande.<\/li>\n<\/ul>\n<h3><strong>Hur man s\u00e4kert anv\u00e4nder Amazonian Magic Mushrooms<\/strong><\/h3>\n<p>Safety is paramount when embarking on a psychedelic journey. Start with a low dose, especially if you are new to magic mushrooms. This allows you to gauge your body&#8217;s reaction and avoid an overwhelming experience. Always consume mushrooms in a safe, comfortable environment, ideally with a trusted friend who can act as a trip sitter.<\/p>\n<h3><strong>Varf\u00f6r v\u00e4lja oss?<\/strong><\/h3>\n<p>P\u00e5 shroomschocolatebars \u00e4r vi stolta \u00f6ver att bara tillhandah\u00e5lla de finaste Penis Envy Magic Mushrooms. V\u00e5rt engagemang f\u00f6r kvalitet och kundn\u00f6jdhet skiljer oss \u00e5t. Vi erbjuder:<\/p>\n<ul>\n<li><strong>\u00d6ppenhet och insyn:<\/strong>\u00a0Full details about our cultivation process and third-party testing results ensure you know exactly what you\u2019re getting.<\/li>\n<li><strong><a href=\"https:\/\/shroomschocolatebars.com\/sv\/leveranspolicy\/\">Diskret frakt<\/a>:<\/strong>\u00a0Vi prioriterar din integritet med diskreta f\u00f6rpackningar och s\u00e4kra leveransmetoder.<\/li>\n<li><strong><a href=\"https:\/\/shroomschocolatebars.com\/sv\/kontakta-oss\/\">Kundtj\u00e4nst<\/a>:<\/strong>\u00a0V\u00e5rt kunniga och v\u00e4nliga kundtj\u00e4nstteam finns h\u00e4r f\u00f6r att hj\u00e4lpa dig om du har n\u00e5gra fr\u00e5gor eller funderingar.<\/li>\n<\/ul>\n<h4><strong>Doseringsguide:<\/strong><\/h4>\n<ul>\n<li><strong>Mikrodos:<\/strong> 0.1 &#8211; 0.5 grams for subtle effects.<\/li>\n<li><strong>L\u00e5g dos:<\/strong> 0.5 &#8211; 1.5 grams for a mild trip.<\/li>\n<li><strong>M\u00e5ttlig dos:<\/strong> 1.5 &#8211; 3 grams for a standard psychedelic experience.<\/li>\n<li><strong>H\u00f6g dos:<\/strong> 3 &#8211; 5 grams for a profound and intense journey.<\/li>\n<\/ul>\n<h3><strong>F\u00f6rdelar med Amazonian Magic Mushrooms<\/strong><\/h3>\n<p>Ut\u00f6ver rekreationsanv\u00e4ndning har Amazonian Magic Mushrooms studerats f\u00f6r sina potentiella terapeutiska f\u00f6rdelar. Forskning tyder p\u00e5 att psilocybin, den aktiva f\u00f6reningen i dessa svampar, kan hj\u00e4lpa till att behandla tillst\u00e5nd som depression, \u00e5ngest, PTSD och missbruk. M\u00e5nga anv\u00e4ndare tycker att dessa svampar ger en k\u00e4nsla av klarhet och k\u00e4nslom\u00e4ssig frig\u00f6ring, vilket hj\u00e4lper till med personlig tillv\u00e4xt och l\u00e4kning.<\/p>\n<h4><strong>Terapeutiska f\u00f6rdelar:<\/strong><\/h4>\n<ul>\n<li><strong>Psykisk h\u00e4lsa:<\/strong> Potentiell behandling av depression, \u00e5ngest och PTSD.<\/li>\n<li><strong>Missbruk:<\/strong> Hj\u00e4lper till att hantera och \u00f6vervinna beroenden, s\u00e4rskilt av alkohol och nikotin.<\/li>\n<li><strong>K\u00e4nslom\u00e4ssig frig\u00f6relse:<\/strong> Underl\u00e4ttar k\u00e4nslom\u00e4ssiga genombrott och personlig tillv\u00e4xt.<\/li>\n<\/ul>\n<h3><strong>Hur man k\u00f6per Amazonian Magic Mushrooms online<\/strong><\/h3>\n<p>K\u00f6p av Amazonas <a href=\"https:\/\/shroomschocolatebars.com\/sv\/produkt-kategori\/hur-lange-haller-svamparna-pa-2\/\">Magiska svampar<\/a> online har aldrig varit enklare. Se till att du v\u00e4ljer en ansedd leverant\u00f6r som erbjuder h\u00f6gkvalitativa, laboratorietestade produkter. Leta efter diskreta f\u00f6rpackningar och p\u00e5litlig frakt f\u00f6r att uppr\u00e4tth\u00e5lla din integritet och s\u00e4kerst\u00e4lla en s\u00f6ml\u00f6s k\u00f6pupplevelse.<\/p>\n<h4><strong>Vad man ska leta efter hos en leverant\u00f6r:<\/strong><\/h4>\n<ul>\n<li><strong>Kvalitetss\u00e4kring:<\/strong> Labbtestade svampar f\u00f6r att garantera s\u00e4kerhet och styrka.<\/li>\n<li><strong>Diskret f\u00f6rpackning:<\/strong> S\u00e4ker, om\u00e4rkt f\u00f6rpackning f\u00f6r att bevara integriteten.<\/li>\n<li><strong>Tillf\u00f6rlitlig frakt:<\/strong> Snabba och p\u00e5litliga leveransalternativ med sp\u00e5rning.<\/li>\n<li><strong>Kundtj\u00e4nst:<\/strong> Kunnig personal som hj\u00e4lper till med alla fr\u00e5gor eller problem.<\/li>\n<\/ul>\n<h3><strong>Vanliga fr\u00e5gor och svar<\/strong><\/h3>\n<p><strong>F: Hur konsumerar jag Amazonian Magic Mushrooms?<\/strong> A: Det finns flera s\u00e4tt att konsumera magiska svampar, inklusive att tugga dem direkt, brygga dem till ett te eller inf\u00f6rliva dem i maten. Tuggning m\u00f6jligg\u00f6r den snabbaste effekten av effekterna, medan te kan vara l\u00e4ttare p\u00e5 magen.<\/p>\n<p><strong>F: \u00c4r Amazonian Magic Mushrooms lagliga?<\/strong> A: Lagligheten av magiska svampar varierar beroende p\u00e5 land och region. Kontrollera alltid dina lokala lagar innan du k\u00f6per eller konsumerar dessa svampar.<\/p>\n<p><strong>Q: Vad ska jag g\u00f6ra om jag har en d\u00e5lig resa?<\/strong> A: Om du upplever en d\u00e5lig resa, f\u00f6rs\u00f6k att h\u00e5lla dig lugn och p\u00e5minn dig sj\u00e4lv om att effekterna \u00e4r tillf\u00e4lliga. Att ha en p\u00e5litlig v\u00e4n med dig kan ge tr\u00f6st och trygghet. Djupandning och milj\u00f6ombyte kan ocks\u00e5 hj\u00e4lpa till att lindra \u00e5ngesten.<\/p>\n<p><strong>F: Kan jag mikrodosera med Amazonian Magic Mushrooms?<\/strong> S: Ja, mikrodosering inneb\u00e4r att man tar mycket sm\u00e5 m\u00e4ngder svamp f\u00f6r att uppleva subtila f\u00f6rdelar utan de fulla psykedeliska effekterna. Detta kan f\u00f6rb\u00e4ttra kreativiteten, fokus och det allm\u00e4nna v\u00e4lbefinnandet.<\/p>\n<h3><strong>Slutsats<\/strong><\/h3>\n<p>Amazonian Magic Mushrooms offer a powerful and transformative psychedelic experience. Whether you&#8217;re seeking spiritual enlightenment, therapeutic benefits, or a recreational journey, these mushrooms provide an unparalleled adventure into the mind&#8217;s depths. Always prioritize safety, start with a low dose, and choose a reputable vendor to ensure a positive and enlightening experience.<\/p>\n<p>F\u00f6r mer information om ink\u00f6p och anv\u00e4ndning av Amazonian Magic Mushrooms, bes\u00f6k v\u00e5r <a href=\"https:\/\/shroomschocolatebars.com\/sv\/butik\/\">butik<\/a><\/p>","protected":false},"excerpt":{"rendered":"<p><strong>K\u00f6p de b\u00e4sta Amazonian Magic Mushrooms<\/strong><\/p>\n<p><strong><u>K\u00f6p mer, spara mer:<\/u><\/strong><\/p>\n<ul>\n<li>28 gram = $170<\/li>\n<\/ul>\n<p><strong>Leveransinformation<\/strong>:<\/p>\n<ul>\n<li>Gratis expedierad frakt<\/li>\n<li>Vi skickar \u00f6ver hela v\u00e4rlden med ett sp\u00e5rningsnummer som tillhandah\u00e5lls<\/li>\n<li>Diskret och vakuumf\u00f6rseglad f\u00f6rpackning f\u00f6r din integritet<\/li>\n<\/ul>","protected":false},"featured_media":1145,"comment_status":"open","ping_status":"closed","template":"","meta":[],"product_brand":[],"product_cat":[45],"product_tag":[],"class_list":{"0":"post-470","1":"product","2":"type-product","3":"status-publish","4":"has-post-thumbnail","6":"product_cat-magic-mushroom","8":"first","9":"instock","10":"shipping-taxable","11":"purchasable","12":"product-type-simple"},"jetpack_sharing_enabled":true,"_links":{"self":[{"href":"https:\/\/shroomschocolatebars.com\/sv\/wp-json\/wp\/v2\/product\/470","targetHints":{"allow":["GET"]}}],"collection":[{"href":"https:\/\/shroomschocolatebars.com\/sv\/wp-json\/wp\/v2\/product"}],"about":[{"href":"https:\/\/shroomschocolatebars.com\/sv\/wp-json\/wp\/v2\/types\/product"}],"replies":[{"embeddable":true,"href":"https:\/\/shroomschocolatebars.com\/sv\/wp-json\/wp\/v2\/comments?post=470"}],"wp:featuredmedia":[{"embeddable":true,"href":"https:\/\/shroomschocolatebars.com\/sv\/wp-json\/wp\/v2\/media\/1145"}],"wp:attachment":[{"href":"https:\/\/shroomschocolatebars.com\/sv\/wp-json\/wp\/v2\/media?parent=470"}],"wp:term":[{"taxonomy":"product_brand","embeddable":true,"href":"https:\/\/shroomschocolatebars.com\/sv\/wp-json\/wp\/v2\/product_brand?post=470"},{"taxonomy":"product_cat","embeddable":true,"href":"https:\/\/shroomschocolatebars.com\/sv\/wp-json\/wp\/v2\/product_cat?post=470"},{"taxonomy":"product_tag","embeddable":true,"href":"https:\/\/shroomschocolatebars.com\/sv\/wp-json\/wp\/v2\/product_tag?post=470"}],"curies":[{"name":"wp","href":"https:\/\/api.w.org\/{rel}","templated":true}]}}