{"id":440,"date":"2022-03-20T03:36:06","date_gmt":"2022-03-20T03:36:06","guid":{"rendered":"https:\/\/shroomschocolatebars.com\/?post_type=product&#038;p=440"},"modified":"2024-09-01T01:05:31","modified_gmt":"2024-09-01T01:05:31","slug":"psilocybinsporer","status":"publish","type":"product","link":"https:\/\/shroomschocolatebars.com\/sv\/product\/bayou-magic-mushrooms\/","title":{"rendered":"Bayou Magic Mushrooms"},"content":{"rendered":"<h2><strong>K\u00f6p Bayou Magic Mushrooms<\/strong><\/h2>\n<p>Bayou Magic Mushrooms, vetenskapligt k\u00e4nd som Psilocybe Cubensis Bayou, \u00e4r en anm\u00e4rkningsv\u00e4rd stam som h\u00e4rstammar fr\u00e5n de fuktiga, tr\u00e4skiga regionerna i Gulf och s\u00f6dra USA. Dessa svampar \u00e4r k\u00e4nda f\u00f6r sin distinkta styrka och djupa psykedeliska effekter och har en ber\u00e4ttad historia rotad i b\u00e5de forntida kulturer och moderna entusiaster.<\/p>\n<h3><strong>Egenskaper och utseende<\/strong><\/h3>\n<p>Bayou Magic Mushrooms are characterized by their dark to light brown hues, medium-sized caps, and slender stems. The caps often open wide, revealing gills with dark spores. Despite their simple appearance, these mushrooms pack a powerful punch, boasting a higher potency than many other Psilocybe Cubensis strains\u200b<\/p>\n<h3><strong>Odling och kvalitet<\/strong><\/h3>\n<p>Cultivated with meticulous care to ensure consistency and quality, Bayou Magic Mushrooms offer an unparalleled psychedelic experience. Each mushroom is dried and prepared to maintain its integrity and potency, making it easy to dose accurately and consume\u200b \u200b.<\/p>\n<h3><strong>Effekter och erfarenheter<\/strong><\/h3>\n<p>Consuming Bayou Magic Mushrooms typically results in a gradual onset of effects within 10-30 minutes. Users often report a wave of euphoria and mental clarity, followed by vivid visual enhancements, profound emotional and philosophical insights, and an overwhelming sense of tranquility. The experience can last several hours, gradually easing back to a state of normalcy, leaving a lingering feeling of peace and enlightenment\u200b \u200b.<\/p>\n<h3><strong>Doseringsguide<\/strong><\/h3>\n<p>Proper dosage is crucial to achieving the desired experience with Bayou Magic Mushrooms. Here\u2019s a general guide to help you navigate your journey:<\/p>\n<ul>\n<li><strong>Mild erfarenhet<\/strong>: 0.75\u20131.25 grams<\/li>\n<li><strong>Medelstor erfarenhet<\/strong>: 1.75\u20132.5 grams<\/li>\n<li><strong>Full erfarenhet<\/strong>: 3\u20135 grams<\/li>\n<\/ul>\n<p>For beginners, starting with a lower dose is recommended to gauge the effects and adjust accordingly\u200b.<\/p>\n<h3><strong>Varf\u00f6r v\u00e4lja oss?<\/strong><\/h3>\n<p>P\u00e5 shroomschocolatebars \u00e4r vi stolta \u00f6ver att bara tillhandah\u00e5lla de finaste Penis Envy Magic Mushrooms. V\u00e5rt engagemang f\u00f6r kvalitet och kundn\u00f6jdhet skiljer oss \u00e5t. Vi erbjuder:<\/p>\n<ul>\n<li><strong>\u00d6ppenhet och insyn:<\/strong>\u00a0Full details about our cultivation process and third-party testing results ensure you know exactly what you\u2019re getting.<\/li>\n<li><strong><a href=\"https:\/\/shroomschocolatebars.com\/sv\/leveranspolicy\/\">Diskret frakt<\/a>:<\/strong>\u00a0Vi prioriterar din integritet med diskreta f\u00f6rpackningar och s\u00e4kra leveransmetoder.<\/li>\n<li><strong><a href=\"https:\/\/shroomschocolatebars.com\/sv\/kontakta-oss\/\">Kundtj\u00e4nst<\/a>:<\/strong>\u00a0V\u00e5rt kunniga och v\u00e4nliga kundtj\u00e4nstteam finns h\u00e4r f\u00f6r att hj\u00e4lpa dig om du har n\u00e5gra fr\u00e5gor eller funderingar.<\/li>\n<\/ul>\n<p>&nbsp;<\/p>\n<p>Om du vill ha fler alternativ kan du utforska v\u00e5ra relaterade produkter:<\/p>\n<ul>\n<li><a href=\"https:\/\/shroomschocolatebars.com\/sv\/produkt\/avundsjuka-pa-albino-penis\/\" target=\"_new\" rel=\"noreferrer noopener\">Albino Penis Envy<\/a><\/li>\n<li><a href=\"https:\/\/shroomschocolatebars.com\/sv\/produkt\/magiska-svampar-fran-amazonas\/\" target=\"_new\" rel=\"noreferrer noopener\">Amazonas magiska svampar<\/a><\/li>\n<li><a href=\"https:\/\/shroomschocolatebars.com\/sv\/produkt\/magic-mushrooms-texas\/\" target=\"_new\" rel=\"noreferrer noopener\">Arenal Volcano magiska svampar<\/a><\/li>\n<\/ul>\n<p>Dessa l\u00e4nkar erbjuder ytterligare stammar som kan passa dina behov och ge ytterligare berikande upplevelser.<\/p>\n<div class=\"css-a5m6co-text css-p8ym46-fontFamily css-11397xj-fontSize css-15qzf5r-display css-7bji7i-wordBreak\" style=\"text-align: center;\">\n<div class=\"css-a5m6co-text css-p8ym46-fontFamily css-11397xj-fontSize css-15qzf5r-display css-7bji7i-wordBreak\" style=\"text-align: center;\">\n<div class=\"css-a5m6co-text css-p8ym46-fontFamily css-11397xj-fontSize css-15qzf5r-display css-7bji7i-wordBreak\" style=\"text-align: center;\"><\/div>\n<\/div>\n<\/div>","protected":false},"excerpt":{"rendered":"<p><strong>K\u00f6p de b\u00e4sta Bayou Magic Mushrooms<\/strong><\/p>\n<p><strong><u>K\u00f6p mer, spara mer:<\/u><\/strong><\/p>\n<ul>\n<li>28 gram = $170<\/li>\n<\/ul>\n<p><strong>Leveransinformation<\/strong>:<\/p>\n<ul>\n<li>Gratis expedierad frakt<\/li>\n<li>Vi skickar \u00f6ver hela v\u00e4rlden med ett sp\u00e5rningsnummer som tillhandah\u00e5lls<\/li>\n<li>Diskret och vakuumf\u00f6rseglad f\u00f6rpackning f\u00f6r din integritet<\/li>\n<\/ul>","protected":false},"featured_media":1144,"comment_status":"open","ping_status":"closed","template":"","meta":[],"product_brand":[],"product_cat":[45],"product_tag":[],"class_list":{"0":"post-440","1":"product","2":"type-product","3":"status-publish","4":"has-post-thumbnail","6":"product_cat-magic-mushroom","8":"first","9":"instock","10":"shipping-taxable","11":"purchasable","12":"product-type-simple"},"jetpack_sharing_enabled":true,"_links":{"self":[{"href":"https:\/\/shroomschocolatebars.com\/sv\/wp-json\/wp\/v2\/product\/440","targetHints":{"allow":["GET"]}}],"collection":[{"href":"https:\/\/shroomschocolatebars.com\/sv\/wp-json\/wp\/v2\/product"}],"about":[{"href":"https:\/\/shroomschocolatebars.com\/sv\/wp-json\/wp\/v2\/types\/product"}],"replies":[{"embeddable":true,"href":"https:\/\/shroomschocolatebars.com\/sv\/wp-json\/wp\/v2\/comments?post=440"}],"wp:featuredmedia":[{"embeddable":true,"href":"https:\/\/shroomschocolatebars.com\/sv\/wp-json\/wp\/v2\/media\/1144"}],"wp:attachment":[{"href":"https:\/\/shroomschocolatebars.com\/sv\/wp-json\/wp\/v2\/media?parent=440"}],"wp:term":[{"taxonomy":"product_brand","embeddable":true,"href":"https:\/\/shroomschocolatebars.com\/sv\/wp-json\/wp\/v2\/product_brand?post=440"},{"taxonomy":"product_cat","embeddable":true,"href":"https:\/\/shroomschocolatebars.com\/sv\/wp-json\/wp\/v2\/product_cat?post=440"},{"taxonomy":"product_tag","embeddable":true,"href":"https:\/\/shroomschocolatebars.com\/sv\/wp-json\/wp\/v2\/product_tag?post=440"}],"curies":[{"name":"wp","href":"https:\/\/api.w.org\/{rel}","templated":true}]}}