{"id":1506,"date":"2024-07-29T09:06:17","date_gmt":"2024-07-29T09:06:17","guid":{"rendered":"https:\/\/shroomschocolatebars.com\/?post_type=product&#038;p=1506"},"modified":"2024-09-01T00:58:54","modified_gmt":"2024-09-01T00:58:54","slug":"polkadot-cookies-kakao-chokladkaka-2","status":"publish","type":"product","link":"https:\/\/shroomschocolatebars.com\/sv\/product\/polkadot-cookies-cacao-chocolate-bar-2\/","title":{"rendered":"Polkadot Cookies &#038; Cacao Chocolate Bar"},"content":{"rendered":"<h3><strong>K\u00f6p Polkadot Cookies &amp; Cacao Chocolate Bar<\/strong><\/h3>\n<p>Sk\u00e4m bort dig med den uts\u00f6kta smaken av Polkadot Cookies &amp; Cacao Chocolate Bar, en h\u00e4rlig blandning av belgisk premiumchoklad, knapriga kakbitar och de rika, jordiga tonerna av kakao. Denna chokladkaka erbjuder en unik sensorisk upplevelse, som kombinerar den fina chokladens mjukhet med det tillfredsst\u00e4llande kn\u00e4cket av kakor och den nyanserade smaken av kakao.<\/p>\n<h4><strong>Den perfekta balansen mellan smak och textur<\/strong><\/h4>\n<p>Polkadot Cookies &amp; Cacao Chocolate Bar \u00e4r tillverkad av de finaste ingredienserna och har en perfekt balans mellan s\u00f6tma och bitterhet, vilket g\u00f6r den till ett perfekt val f\u00f6r chokladk\u00e4nnare. Den h\u00f6gkvalitativa belgiska chokladen ger en kr\u00e4mig bas, medan kakbitarna ger en h\u00e4rlig krispighet och kakaon f\u00f6rst\u00e4rker det \u00f6vergripande smakdjupet.<\/p>\n<h4><strong>H\u00e4lsoeffekter av kakao<\/strong><\/h4>\n<p>Kakao \u00e4r inte bara gott utan ocks\u00e5 fullpackat med h\u00e4lsof\u00f6rdelar. Den \u00e4r rik p\u00e5 antioxidanter, flavonoider och andra viktiga n\u00e4rings\u00e4mnen som kan bidra till att minska inflammation, s\u00e4nka blodtrycket och f\u00f6rb\u00e4ttra hj\u00e4rth\u00e4lsan. Att inf\u00f6rliva kakao i din kost kan ocks\u00e5 \u00f6ka den kognitiva funktionen och f\u00f6rb\u00e4ttra hum\u00f6ret, vilket g\u00f6r denna chokladkaka till en skuldfri njutning.<\/p>\n<h4><strong>Njut p\u00e5 ett ansvarsfullt s\u00e4tt: Doseringsguide<\/strong><\/h4>\n<p>Varje Polkadot Cookies &amp; Cacao Chocolate Bar inneh\u00e5ller noggrant utvalda ingredienser f\u00f6r att s\u00e4kerst\u00e4lla en balanserad och njutbar upplevelse. F\u00f6r dem som inte tidigare har \u00e4tit choklad med svamptillsatser rekommenderas att b\u00f6rja med en liten portion, t.ex. en kvadrat av chokladkakan, och v\u00e4nta minst en timme f\u00f6r att m\u00e4ta effekterna innan du \u00e4ter mer. Detta f\u00f6rsiktiga tillv\u00e4gag\u00e5ngss\u00e4tt hj\u00e4lper dig att f\u00f6rst\u00e5 din tolerans och njuta av upplevelsen p\u00e5 ett s\u00e4kert s\u00e4tt.<\/p>\n<h4><strong>Korrekt f\u00f6rvaring<\/strong><\/h4>\n<p>F\u00f6r att bibeh\u00e5lla kvaliteten och f\u00e4rskheten p\u00e5 din Polkadot Cookies &amp; Cacao Chocolate Bar, f\u00f6rvara den p\u00e5 en sval och torr plats. Korrekt f\u00f6rvaring s\u00e4kerst\u00e4ller att chokladen beh\u00e5ller sin rika smak och konsistens i upp till sex m\u00e5nader. Men med tanke p\u00e5 dess uts\u00f6kta smak kanske den inte h\u00e5ller s\u00e5 l\u00e4nge!<\/p>\n<h4><strong>Relaterade produkter och interna l\u00e4nkar<\/strong><\/h4>\n<p>Utforska andra l\u00e4ckra alternativ i Polkadot-sortimentet:<\/p>\n<ul>\n<li><a href=\"https:\/\/shroomschocolatebars.com\/sv\/produkt\/polkadot-karamell-macchiato-chokladbar\/\" target=\"_new\" rel=\"noreferrer noopener\">Polkadot Caramel Macchiato Chokladkaka<\/a><\/li>\n<li><a href=\"https:\/\/shroomschocolatebars.com\/sv\/produkt\/polkadot-classic-belgian-milk-chocolate-bar\/\" target=\"_new\" rel=\"noreferrer noopener\">Polkadot Classic belgisk mj\u00f6lkchokladkaka<\/a><\/li>\n<li><a href=\"https:\/\/shroomschocolatebars.com\/sv\/produkt\/polkadot-butterfinger-chokladbar\/\" target=\"_new\" rel=\"noreferrer noopener\">Polkadot Butterfinger chokladkaka<\/a><\/li>\n<li><a href=\"https:\/\/shroomschocolatebars.com\/sv\/produkt\/polkadot-kaneltoast-krunch-chokladbar\/\" target=\"_new\" rel=\"noreferrer noopener\">Polkadot Kanel Toast Crunch Chokladkaka<\/a><\/li>\n<\/ul>\n<p>Dessa barer erbjuder unika smakkombinationer, vilket s\u00e4kerst\u00e4ller att det finns n\u00e5got f\u00f6r alla choklad\u00e4lskare.<\/p>\n<h4><strong>Kundrecensioner<\/strong><\/h4>\n<p>Kunderna \u00e4r entusiastiska \u00f6ver Polkadot Cookies &amp; Cacao Chocolate Bar och lyfter fram den perfekta smakblandningen och den tillfredsst\u00e4llande konsistensen. M\u00e5nga har noterat de upplyftande effekterna och kvaliteten p\u00e5 ingredienserna, vilket g\u00f6r den till ett favoritval bland b\u00e5de nya och \u00e5terkommande kunder.<\/p>\n<h4><strong>Varf\u00f6r v\u00e4lja Polkadot?<\/strong><\/h4>\n<p>Polkadot \u00e4r dedikerade till att skapa h\u00f6gkvalitativa, l\u00e4ckra och innovativa chokladprodukter. V\u00e5rt \u00e5tagande att anv\u00e4nda f\u00f6rstklassiga ingredienser och v\u00e5r passion f\u00f6r att skapa h\u00e4rliga smakupplevelser g\u00f6r oss unika. Varje bar \u00e4r ett bevis p\u00e5 v\u00e5r h\u00e4ngivenhet till excellens och s\u00e4kerst\u00e4ller att du f\u00e5r en produkt som inte bara smakar bra utan ocks\u00e5 erbjuder potentiella h\u00e4lsof\u00f6rdelar.<\/p>\n<p>Uppt\u00e4ck den f\u00f6rtrollande v\u00e4rlden av Polkadot Chocolate Bars och f\u00f6rh\u00f6j din chokladupplevelse idag!<\/p>","protected":false},"excerpt":{"rendered":"<p>Buy Polkadot Cookies &amp; Cacao Chocolate Bar Indulge in the exquisite taste of the Polkadot Cookies &amp; Cacao Chocolate Bar, a delightful fusion of premium Belgian chocolate, crunchy cookie pieces, and the rich, earthy notes of cacao. This chocolate bar offers a unique sensory experience, combining the smoothness of fine chocolate with the satisfying crunch [&#8230;]\n","protected":false},"featured_media":1509,"comment_status":"open","ping_status":"closed","template":"","meta":[],"product_brand":[],"product_cat":[331],"product_tag":[],"class_list":{"0":"post-1506","1":"product","2":"type-product","3":"status-publish","4":"has-post-thumbnail","6":"product_cat-polkadot-chocolate-bars","8":"first","9":"instock","10":"shipping-taxable","11":"purchasable","12":"product-type-simple"},"jetpack_sharing_enabled":true,"_links":{"self":[{"href":"https:\/\/shroomschocolatebars.com\/sv\/wp-json\/wp\/v2\/product\/1506","targetHints":{"allow":["GET"]}}],"collection":[{"href":"https:\/\/shroomschocolatebars.com\/sv\/wp-json\/wp\/v2\/product"}],"about":[{"href":"https:\/\/shroomschocolatebars.com\/sv\/wp-json\/wp\/v2\/types\/product"}],"replies":[{"embeddable":true,"href":"https:\/\/shroomschocolatebars.com\/sv\/wp-json\/wp\/v2\/comments?post=1506"}],"wp:featuredmedia":[{"embeddable":true,"href":"https:\/\/shroomschocolatebars.com\/sv\/wp-json\/wp\/v2\/media\/1509"}],"wp:attachment":[{"href":"https:\/\/shroomschocolatebars.com\/sv\/wp-json\/wp\/v2\/media?parent=1506"}],"wp:term":[{"taxonomy":"product_brand","embeddable":true,"href":"https:\/\/shroomschocolatebars.com\/sv\/wp-json\/wp\/v2\/product_brand?post=1506"},{"taxonomy":"product_cat","embeddable":true,"href":"https:\/\/shroomschocolatebars.com\/sv\/wp-json\/wp\/v2\/product_cat?post=1506"},{"taxonomy":"product_tag","embeddable":true,"href":"https:\/\/shroomschocolatebars.com\/sv\/wp-json\/wp\/v2\/product_tag?post=1506"}],"curies":[{"name":"wp","href":"https:\/\/api.w.org\/{rel}","templated":true}]}}