{"id":1498,"date":"2024-07-29T08:41:54","date_gmt":"2024-07-29T08:41:54","guid":{"rendered":"https:\/\/shroomschocolatebars.com\/?post_type=product&#038;p=1498"},"modified":"2024-09-01T00:59:06","modified_gmt":"2024-09-01T00:59:06","slug":"polkadot-karamell-macchiato-chokladbar","status":"publish","type":"product","link":"https:\/\/shroomschocolatebars.com\/sv\/product\/polkadot-caramel-macchiato-chocolate-bar\/","title":{"rendered":"Polkadot Caramel Macchiato Chokladkaka"},"content":{"rendered":"<h3><strong>K\u00f6p Polkadot Caramel Macchiato Chocolate Bar<\/strong><\/h3>\n<p>V\u00e4lkommen till den f\u00f6rtjusande v\u00e4rlden av Polkadot Caramel Macchiato Chocolate Bars, d\u00e4r premiumkvalitet m\u00f6ter extraordin\u00e4r smak. Designad f\u00f6r dem som l\u00e4ngtar efter en unik och lyxig chokladupplevelse, blandar denna uts\u00f6kta godbit s\u00f6ml\u00f6st den rika smaken av karamell macchiato med den finaste belgiska chokladen. V\u00e5r Polkadot Caramel Macchiato Chocolate Bar \u00e4r inte bara en behandling f\u00f6r dina smakl\u00f6kar, utan ocks\u00e5 en resa in i v\u00e4rlden av magiska svampar, utformade f\u00f6r att ge b\u00e5de en trevlig och terapeutisk upplevelse.<\/p>\n<h4><strong>Uts\u00f6kt smakprofil<\/strong><\/h4>\n<p>Njut av den mjuka och sammetslena konsistensen av h\u00f6gkvalitativ belgisk choklad, f\u00f6rst\u00e4rkt med den distinkta och h\u00e4rliga smaken av caramel macchiato. Varje tugga ger en harmonisk blandning av rik, kr\u00e4mig choklad och den s\u00f6ta, sm\u00f6riga smaken av karamell, avslutad med en subtil antydan av kaffe som h\u00f6jer den totala sensoriska upplevelsen. De magiska svamparna som infunderas i l\u00e4gger till en jordn\u00e4ra underton, vilket skapar en balanserad och of\u00f6rgl\u00f6mlig smakresa.<\/p>\n<h4><strong>H\u00e4lsof\u00f6rdelar med choklad fr\u00e5n Magic Mushroom<\/strong><\/h4>\n<p>Our Polkadot Caramel Macchiato Chocolate Bar isn&#8217;t just a tasty indulgence; it&#8217;s packed with the potential health benefits of psilocybin mushrooms. Psilocybin has been known to promote mental well-being by enhancing mood, increasing creativity, and improving focus. Research has shown that psilocybin can help reconnect brain networks, aiding in the treatment of conditions such as depression, anxiety, PTSD, and addiction\u200b<span class=\"\" data-state=\"closed\"><span class=\"text-token-text-secondary\"> (<\/span><a class=\"text-green-600 !no-underline\" href=\"https:\/\/shroomschocolatebars.com\/sv\/\" target=\"_blank\" rel=\"noopener noreferrer\">chokladkakor med svamp<\/a><span class=\"text-token-text-secondary\">)<\/span><\/span>\u200b\u200b<\/p>\n<h4><strong>Guide f\u00f6r mikrodosering<\/strong><\/h4>\n<p>F\u00f6r att optimera din upplevelse med Polkadot Caramel Macchiato Chocolate Bars tillhandah\u00e5ller vi en doseringsguide som hj\u00e4lper dig att v\u00e4lja r\u00e4tt m\u00e4ngd f\u00f6r dina behov:<\/p>\n<ul>\n<li><strong>Mikrodos (1-3 stycken):<\/strong> Idealisk f\u00f6r att stimulera sinnet och ge en subtil, upplyftande upplevelse utan betydande psykoaktiva effekter.<\/li>\n<li><strong>Terapeutisk dos (4-9 stycken):<\/strong> L\u00e4mpar sig f\u00f6r ett medvetet och upph\u00f6jt tillst\u00e5nd, perfekt f\u00f6r terapeutiska stunder och djupare introspektion.<\/li>\n<li><strong>God Mode (10-15 stycken):<\/strong> Rekommenderas f\u00f6r en intensiv, uppslukande upplevelse d\u00e4r visuella och sensoriska f\u00f6rst\u00e4rkningar \u00e4r framtr\u00e4dande. Konsumera i en s\u00e4ker milj\u00f6 och undvik att framf\u00f6ra fordon.<\/li>\n<\/ul>\n<h4><strong>Information om n\u00e4ringsinneh\u00e5ll<\/strong><\/h4>\n<p>Each Polkadot Caramel Macchiato Chocolate Bar is crafted with care, ensuring you enjoy every bite. Here&#8217;s the nutritional breakdown per serving:<\/p>\n<ul>\n<li><strong>Serveringsstorlek:<\/strong> 1 kvadrat<\/li>\n<li><strong>Portioner per bar:<\/strong> 20<\/li>\n<li><strong>Psilocybininneh\u00e5ll:<\/strong> 500 mg per bit, 10.000 mg per bar<\/li>\n<li><strong>Kalorier:<\/strong> 17<\/li>\n<li><strong>Totalt fett:<\/strong> 1g<\/li>\n<li><strong>M\u00e4ttat fett:<\/strong> 1g<\/li>\n<li><strong>Kolesterol:<\/strong> 1 mg<\/li>\n<li><strong>Natrium:<\/strong> 1 mg<\/li>\n<li><strong>Totalt kolhydratinneh\u00e5ll:<\/strong> 2g<\/li>\n<li><strong>Totalt sockerarter:<\/strong> 2g<\/li>\n<li><strong>Protein:<\/strong> 0g<\/li>\n<\/ul>\n<h4><strong>H\u00e5llbar och etisk produktion<\/strong><\/h4>\n<p>Vi \u00e4r stolta \u00f6ver att se till att v\u00e5ra Polkadot Caramel Macchiato Chocolate Bars inte bara \u00e4r uts\u00f6kta utan ocks\u00e5 etiskt producerade. V\u00e5r choklad kommer fr\u00e5n h\u00e5llbart odlad kakao och vi ser till att v\u00e5ra produktionsprocesser \u00e4r milj\u00f6v\u00e4nliga. F\u00f6rpackningen \u00e4r utformad f\u00f6r att vara milj\u00f6medveten, vilket g\u00f6r det till en skuldfri njutning p\u00e5 mer \u00e4n ett s\u00e4tt.<\/p>\n<h4><strong>Varf\u00f6r v\u00e4lja Polkadot Chocolate Bars?<\/strong><\/h4>\n<ul>\n<li><strong>Ingredienser av h\u00f6gsta kvalitet:<\/strong> V\u00e5ra chokladkakor \u00e4r gjorda av den finaste belgiska chokladen, vilket ger en rik och mjuk konsistens.<\/li>\n<li><strong>Unika smaker:<\/strong> Kombinationen av caramel macchiato och choklad ger en distinkt och njutbar smak.<\/li>\n<li><strong>F\u00f6rdelar f\u00f6r h\u00e4lsan:<\/strong> V\u00e5ra bars \u00e4r fyllda med magiska svampar och har potentiella terapeutiska f\u00f6rdelar som \u00f6kar det mentala v\u00e4lbefinnandet.<\/li>\n<li><strong>Etisk produktion:<\/strong> V\u00e5ra chokladkakor kommer fr\u00e5n h\u00e5llbara k\u00e4llor och \u00e4r milj\u00f6v\u00e4nliga, vilket g\u00f6r dem till ett ansvarsfullt val f\u00f6r medvetna konsumenter.<\/li>\n<\/ul>\n<h4><strong>Kundrecensioner<\/strong><\/h4>\n<p>V\u00e5ra kunder \u00e4lskar Polkadot Caramel Macchiato Chocolate Bars f\u00f6r deras uts\u00f6kta smak och v\u00e4lg\u00f6rande effekter:<\/p>\n<ul>\n<li><strong>Adam Peebles:<\/strong> &#8220;These are a revelation! The rich cocoa perfectly complements the earthy mushroom undertones, creating a taste experience unlike any other.&#8221;<\/li>\n<li><strong>Mark Jance:<\/strong> &#8220;As a wellness enthusiast, I&#8217;m always on the hunt for healthy alternatives. These psilocybin chocolate bars hit the mark!&#8221;<\/li>\n<li><strong>Serge Hertzog:<\/strong> &#8220;The blend of flavors is unique and exciting, and the health benefits add a guilt-free dimension to my chocolate indulgence.&#8221;<\/li>\n<\/ul>\n<h4><strong>Utforska mer<\/strong><\/h4>\n<p>Uppt\u00e4ck hela v\u00e5rt sortiment av Polkadot Chocolate Bars och andra magiska svampar:<\/p>\n<ul>\n<li><a href=\"https:\/\/shroomschocolatebars.com\/sv\/produkt-kategori\/polkadot-chokladstanger\/\" target=\"_new\" rel=\"noreferrer noopener\">Polkadot chokladkakor<\/a><\/li>\n<li><a href=\"https:\/\/shroomschocolatebars.com\/sv\/produkt\/polkadot-magic-chocolate-2\/\" target=\"_new\" rel=\"noreferrer noopener\">Polkadot Apple Jacks chokladkaka<\/a><\/li>\n<li><a href=\"https:\/\/shroomschocolatebars.com\/sv\/produkt\/polkadot-appelpaj-chokladkaka\/\" target=\"_new\" rel=\"noreferrer noopener\">Polkadot \u00c4ppelpaj Chokladkaka<\/a><\/li>\n<li><a href=\"https:\/\/shroomschocolatebars.com\/sv\/produkt\/polkadot-smorpaj-pecannot-chokladbar\/\" target=\"_new\" rel=\"noreferrer noopener\">Polkadot Butter Pecan chokladkaka<\/a><\/li>\n<\/ul>","protected":false},"excerpt":{"rendered":"<p>V\u00e4lkommen till den f\u00f6rtjusande v\u00e4rlden av Polkadot Caramel Macchiato Chocolate Bars, d\u00e4r premiumkvalitet m\u00f6ter extraordin\u00e4r smak. Designad f\u00f6r dem som l\u00e4ngtar efter en unik och lyxig chokladupplevelse, blandar denna uts\u00f6kta godbit s\u00f6ml\u00f6st den rika smaken av karamell macchiato med den finaste belgiska chokladen. V\u00e5r Polkadot Caramel Macchiato Chocolate Bar \u00e4r inte bara en behandling f\u00f6r dina smakl\u00f6kar, utan ocks\u00e5 en resa in i v\u00e4rlden av magiska svampar, utformade f\u00f6r att ge b\u00e5de en trevlig och terapeutisk upplevelse.<\/p>","protected":false},"featured_media":1499,"comment_status":"open","ping_status":"closed","template":"","meta":[],"product_brand":[],"product_cat":[331],"product_tag":[],"class_list":{"0":"post-1498","1":"product","2":"type-product","3":"status-publish","4":"has-post-thumbnail","6":"product_cat-polkadot-chocolate-bars","8":"first","9":"instock","10":"shipping-taxable","11":"purchasable","12":"product-type-simple"},"jetpack_sharing_enabled":true,"_links":{"self":[{"href":"https:\/\/shroomschocolatebars.com\/sv\/wp-json\/wp\/v2\/product\/1498","targetHints":{"allow":["GET"]}}],"collection":[{"href":"https:\/\/shroomschocolatebars.com\/sv\/wp-json\/wp\/v2\/product"}],"about":[{"href":"https:\/\/shroomschocolatebars.com\/sv\/wp-json\/wp\/v2\/types\/product"}],"replies":[{"embeddable":true,"href":"https:\/\/shroomschocolatebars.com\/sv\/wp-json\/wp\/v2\/comments?post=1498"}],"wp:featuredmedia":[{"embeddable":true,"href":"https:\/\/shroomschocolatebars.com\/sv\/wp-json\/wp\/v2\/media\/1499"}],"wp:attachment":[{"href":"https:\/\/shroomschocolatebars.com\/sv\/wp-json\/wp\/v2\/media?parent=1498"}],"wp:term":[{"taxonomy":"product_brand","embeddable":true,"href":"https:\/\/shroomschocolatebars.com\/sv\/wp-json\/wp\/v2\/product_brand?post=1498"},{"taxonomy":"product_cat","embeddable":true,"href":"https:\/\/shroomschocolatebars.com\/sv\/wp-json\/wp\/v2\/product_cat?post=1498"},{"taxonomy":"product_tag","embeddable":true,"href":"https:\/\/shroomschocolatebars.com\/sv\/wp-json\/wp\/v2\/product_tag?post=1498"}],"curies":[{"name":"wp","href":"https:\/\/api.w.org\/{rel}","templated":true}]}}