{"id":1305,"date":"2024-07-22T16:23:42","date_gmt":"2024-07-22T16:23:42","guid":{"rendered":"https:\/\/shroomschocolatebars.com\/?page_id=1305"},"modified":"2024-07-22T16:26:35","modified_gmt":"2024-07-22T16:26:35","slug":"om-oss","status":"publish","type":"page","link":"https:\/\/shroomschocolatebars.com\/sv\/about-us\/","title":{"rendered":"Om oss"},"content":{"rendered":"<p class=\"has-medium-font-size\">Om oss<\/p>\n\n\n\n<p class=\"has-medium-font-size\">V\u00e4lkommen till Shrooms Chocolate Bars! Under de senaste 10 \u00e5ren har vi \u00e4gnat oss \u00e5t att tillverka uts\u00f6kta svampchokladkakor som kombinerar gourmetchoklad med de finaste svamparna. V\u00e5r resa b\u00f6rjade med en passion f\u00f6r att skapa unika, l\u00e4ckra och h\u00e4lsomedvetna godbitar.<\/p>\n\n\n\n<p class=\"has-medium-font-size\">P\u00e5 Shrooms Chocolate Bars tror vi p\u00e5 svampens magi och chokladens gl\u00e4dje. V\u00e5rt uppdrag \u00e4r att erbjuda en unik smakupplevelse som inte bara njuter av dina sinnen utan ocks\u00e5 fr\u00e4mjar v\u00e4lbefinnandet. Vi \u00e4r stolta \u00f6ver att anv\u00e4nda premiumingredienser, h\u00e5llbara ink\u00f6p och innovativa recept f\u00f6r att ge dig de b\u00e4sta svampchokladkakorna p\u00e5 marknaden.<\/p>\n\n\n\n<p class=\"has-medium-font-size\">V\u00e5rt engagemang f\u00f6r kvalitet och kundn\u00f6jdhet har varit k\u00e4rnan i v\u00e5r verksamhet sedan dag ett. Vi \u00e4r tacksamma f\u00f6r st\u00f6det och f\u00f6rtroendet fr\u00e5n v\u00e5ra lojala kunder, som har gjort v\u00e5r resa m\u00f6jlig. F\u00f6lj med oss n\u00e4r vi forts\u00e4tter att utforska nya smaker och dela med oss av svampchokladens underverk till hela v\u00e4rlden.<\/p>\n\n\n\n<p class=\"has-medium-font-size\">Tack f\u00f6r att du valde Shrooms Chocolate Bars. Vi ser fram emot att betj\u00e4na dig under m\u00e5nga \u00e5r fram\u00f6ver.<\/p>","protected":false},"excerpt":{"rendered":"<p>About Us Welcome to Shrooms Chocolate Bars! For the past 10 years, we have been dedicated to crafting exquisite mushroom chocolate bars that combine gourmet chocolate with the finest mushrooms. Our journey began with a passion for creating unique, delicious, and health-conscious treats. At Shrooms Chocolate Bars, we believe in the magic of mushrooms and [&#8230;]\n","protected":false},"author":1,"featured_media":0,"parent":0,"menu_order":0,"comment_status":"closed","ping_status":"closed","template":"","meta":{"footnotes":""},"class_list":["post-1305","page","type-page","status-publish","hentry"],"jetpack_sharing_enabled":true,"_links":{"self":[{"href":"https:\/\/shroomschocolatebars.com\/sv\/wp-json\/wp\/v2\/pages\/1305","targetHints":{"allow":["GET"]}}],"collection":[{"href":"https:\/\/shroomschocolatebars.com\/sv\/wp-json\/wp\/v2\/pages"}],"about":[{"href":"https:\/\/shroomschocolatebars.com\/sv\/wp-json\/wp\/v2\/types\/page"}],"author":[{"embeddable":true,"href":"https:\/\/shroomschocolatebars.com\/sv\/wp-json\/wp\/v2\/users\/1"}],"replies":[{"embeddable":true,"href":"https:\/\/shroomschocolatebars.com\/sv\/wp-json\/wp\/v2\/comments?post=1305"}],"version-history":[{"count":0,"href":"https:\/\/shroomschocolatebars.com\/sv\/wp-json\/wp\/v2\/pages\/1305\/revisions"}],"wp:attachment":[{"href":"https:\/\/shroomschocolatebars.com\/sv\/wp-json\/wp\/v2\/media?parent=1305"}],"curies":[{"name":"wp","href":"https:\/\/api.w.org\/{rel}","templated":true}]}}