{"id":13,"date":"2024-07-22T16:06:14","date_gmt":"2024-07-22T16:06:14","guid":{"rendered":"https:\/\/shroomschocolatebars.com\/?page_id=13"},"modified":"2024-07-22T16:06:16","modified_gmt":"2024-07-22T16:06:16","slug":"aterbetalnings-och-returpolicy","status":"publish","type":"page","link":"https:\/\/shroomschocolatebars.com\/sv\/refund-and-returns-policy\/","title":{"rendered":"Policy f\u00f6r \u00e5terbetalning och returer"},"content":{"rendered":"<p class=\"has-medium-font-size\">P\u00e5 Shrooms Chocolate Bars vill vi att du ska vara helt n\u00f6jd med ditt k\u00f6p. Om du av n\u00e5gon anledning inte \u00e4r n\u00f6jd med din best\u00e4llning, erbjuder vi en bekv\u00e4m och kundv\u00e4nlig \u00e5terbetalnings- och returpolicy.<\/p>\n\n\n\n<h4 class=\"wp-block-heading has-medium-font-size\">\u00c5terbetalningspolicy<\/h4>\n\n\n\n<ul class=\"wp-block-list\">\n<li class=\"has-medium-font-size\"><strong>Beh\u00f6righet<\/strong>: Du kan beg\u00e4ra \u00e5terbetalning inom 7 dagar efter mottagandet av din best\u00e4llning.<\/li>\n\n\n\n<li class=\"has-medium-font-size\"><strong>Skick<\/strong>: Varor m\u00e5ste returneras i sitt ursprungliga skick, o\u00f6ppnade och oskadade.<\/li>\n\n\n\n<li class=\"has-medium-font-size\"><strong>Process<\/strong>: F\u00f6r att p\u00e5b\u00f6rja en \u00e5terbetalning, v\u00e4nligen kontakta v\u00e5r kundtj\u00e4nst med ditt ordernummer och anledningen till returen. Vi kommer att ge dig detaljerade instruktioner om hur du ska g\u00e5 tillv\u00e4ga.<\/li>\n<\/ul>\n\n\n\n<h4 class=\"wp-block-heading has-medium-font-size\">Returprocessen<\/h4>\n\n\n\n<ol class=\"wp-block-list\">\n<li class=\"has-medium-font-size\"><strong>Kontakta oss<\/strong>: Kontakta v\u00e5rt kundtj\u00e4nstteam inom 7 dagar efter att du har mottagit din best\u00e4llning.<\/li>\n\n\n\n<li class=\"has-medium-font-size\"><strong>Ta emot instruktioner<\/strong>: V\u00e5rt team kommer att f\u00f6rse dig med ett returtillst\u00e5nd och instruktioner f\u00f6r att skicka tillbaka varan.<\/li>\n\n\n\n<li class=\"has-medium-font-size\"><strong>Skicka varan<\/strong>: Returnera produkten i dess originalf\u00f6rpackning. Vi rekommenderar att du anv\u00e4nder en sp\u00e5rbar fraktmetod f\u00f6r att garantera s\u00e4ker leverans.<\/li>\n\n\n\n<li class=\"has-medium-font-size\"><strong>Utf\u00e4rdade \u00e5terbetalningar<\/strong>: N\u00e4r vi har f\u00e5tt och inspekterat den returnerade artikeln kommer vi att behandla din \u00e5terbetalning. \u00c5terbetalningen kommer att utf\u00e4rdas till den ursprungliga betalningsmetoden inom n\u00e5gra arbetsdagar.<\/li>\n<\/ol>\n\n\n\n<h4 class=\"wp-block-heading has-medium-font-size\">Viktiga anm\u00e4rkningar<\/h4>\n\n\n\n<ul class=\"wp-block-list\">\n<li class=\"has-medium-font-size\"><strong>Fraktkostnader<\/strong>: Kunderna \u00e4r ansvariga f\u00f6r returfraktkostnaderna s\u00e5vida inte returen beror p\u00e5 v\u00e5rt fel (t.ex. fel eller defekt artikel).<\/li>\n\n\n\n<li class=\"has-medium-font-size\"><strong>Ej \u00e5terbetalningsbara artiklar<\/strong>: Vissa varor, t.ex. s\u00e5dana som har \u00f6ppnats eller anv\u00e4nts, kanske inte ber\u00e4ttigar till \u00e5terbetalning.<\/li>\n<\/ul>\n\n\n\n<p class=\"has-medium-font-size\">Vi str\u00e4var efter att g\u00f6ra v\u00e5r \u00e5terbetalnings- och returprocess s\u00e5 enkel och stressfri som m\u00f6jligt. Om du har n\u00e5gra fr\u00e5gor eller beh\u00f6ver hj\u00e4lp finns v\u00e5rt kundsupportteam h\u00e4r f\u00f6r att hj\u00e4lpa till.<\/p>\n\n\n\n<p class=\"has-medium-font-size\">Tack f\u00f6r att du handlade hos Shrooms Chocolate Bars!<\/p>","protected":false},"excerpt":{"rendered":"<p>At Shrooms Chocolate Bars, we want you to be completely satisfied with your purchase. If for any reason you are not happy with your order, we offer a convenient and customer-friendly refund and returns policy. Refund Policy Returns Process Important Notes We strive to make our refund and returns process as easy and stress-free as [&#8230;]\n","protected":false},"author":1,"featured_media":0,"parent":0,"menu_order":0,"comment_status":"closed","ping_status":"closed","template":"","meta":{"footnotes":""},"class_list":["post-13","page","type-page","status-publish","hentry"],"jetpack_sharing_enabled":true,"_links":{"self":[{"href":"https:\/\/shroomschocolatebars.com\/sv\/wp-json\/wp\/v2\/pages\/13","targetHints":{"allow":["GET"]}}],"collection":[{"href":"https:\/\/shroomschocolatebars.com\/sv\/wp-json\/wp\/v2\/pages"}],"about":[{"href":"https:\/\/shroomschocolatebars.com\/sv\/wp-json\/wp\/v2\/types\/page"}],"author":[{"embeddable":true,"href":"https:\/\/shroomschocolatebars.com\/sv\/wp-json\/wp\/v2\/users\/1"}],"replies":[{"embeddable":true,"href":"https:\/\/shroomschocolatebars.com\/sv\/wp-json\/wp\/v2\/comments?post=13"}],"version-history":[{"count":0,"href":"https:\/\/shroomschocolatebars.com\/sv\/wp-json\/wp\/v2\/pages\/13\/revisions"}],"wp:attachment":[{"href":"https:\/\/shroomschocolatebars.com\/sv\/wp-json\/wp\/v2\/media?parent=13"}],"curies":[{"name":"wp","href":"https:\/\/api.w.org\/{rel}","templated":true}]}}