{"id":924,"date":"2022-05-26T03:01:08","date_gmt":"2022-05-26T03:01:08","guid":{"rendered":"https:\/\/shroomschocolatebars.com\/?post_type=product&#038;p=924"},"modified":"2025-07-30T04:15:16","modified_gmt":"2025-07-30T04:15:16","slug":"gomas-de-inveja-de-penis-albino-com-infusao-de-cogumelos","status":"publish","type":"product","link":"https:\/\/shroomschocolatebars.com\/pt\/product\/infinite-rx-shroom-infused-albino-penis-envy-gummies\/","title":{"rendered":"INfinite Rx Shroom Infused Albino P\u00e9nis invejado Gomas de inveja"},"content":{"rendered":"<h2><strong>INfinite Rx Shroom Infused Albino Penis Envy Gummies Descri\u00e7\u00e3o do Produto<\/strong><\/h2>\n<h4><strong>Descubra o poder das gomas INfinite Rx Shroom Infused Albino Penis Envy<\/strong><\/h4>\n<p>Experimente um novo dom\u00ednio do consumo de psilocibina com as pastilhas INfinite Rx Shroom Infused Albino Penis Envy Gummies. Estas gomas gourmet foram concebidas para proporcionar uma forma conveniente, saborosa e potente de desfrutar dos benef\u00edcios dos cogumelos m\u00e1gicos. Criadas especificamente para aqueles que apreciam as coisas mais requintadas das experi\u00eancias psicad\u00e9licas, estas gomas s\u00e3o uma escolha excecional. Gomas de inveja de p\u00e9nis albino com infus\u00e3o de cogumelos INfinite Rx<\/p>\n<h3><strong>Destaques do produto<\/strong><\/h3>\n<ul>\n<li><strong>Potente teor de psilocibina<\/strong>: Each gummy is infused with 1000 mg of the powerful Albino Penis Envy (A.P.E) magic mushroom strain, making them suitable for seasoned psychonauts.<\/li>\n<li><strong>Sabores deliciosos<\/strong>: Desfrute de uma variedade de sabores, incluindo cereja, morango, mirtilo, laranja, lima e lim\u00e3o, garantindo uma experi\u00eancia deliciosa em cada dentada.<\/li>\n<li><strong>Dosagem conveniente<\/strong>: Com quatro gomas por embalagem, totalizando 2000 mg de psilocibina, a dosagem \u00e9 simples e consistente.<\/li>\n<\/ul>\n<h3><strong>Why Choose INfinite Rx Shroom-Infused Gummies?<\/strong><\/h3>\n<h4>Digestibilidade melhorada<\/h4>\n<p>One of the key advantages of consuming INfinite Rx gummies is their enhanced digestibility. Unlike traditional dried mushrooms, these gummies are easy on the stomach, reducing the likelihood of gastrointestinal discomfort, often referred to as &#8220;gut rot.&#8221; This means you can enjoy your journey without the unpleasant physical side effects.<\/p>\n<h4>Sabor superior<\/h4>\n<p>As gomas INfinite Rx disfar\u00e7am o sabor muitas vezes desagrad\u00e1vel dos cogumelos crus com os seus deliciosos sabores frutados. Isto torna a experi\u00eancia de consumo muito mais agrad\u00e1vel, permitindo-lhe concentrar-se nos efeitos e n\u00e3o no sabor.<\/p>\n<h4>Alta de a\u00e7\u00e3o r\u00e1pida e controlada<\/h4>\n<p>These gummies are designed to be fast-acting, with effects typically beginning within 30\u201345 minutes of consumption. Additionally, the experience lasts about half as long as that of traditional magic mushrooms, giving you better control over the duration of your trip. This is particularly beneficial for those who need to plan their experiences around other commitments.<\/p>\n<h3><strong>Dosagem e instru\u00e7\u00f5es de utiliza\u00e7\u00e3o<\/strong><\/h3>\n<p>For those new to psilocybin, it&#8217;s recommended to start with half a gummy to assess tolerance. Experienced users may consume one to two gummies based on their preference. Allow up to 45 minutes for the effects to start before considering an additional dose.<\/p>\n<h3><strong>Ingredientes<\/strong><\/h3>\n<ul>\n<li>A\u00e7\u00facar<\/li>\n<li>Gelatina<\/li>\n<li>Xarope de Milho<\/li>\n<li>\u00c1cido c\u00edtrico<\/li>\n<li>Aromas naturais e artificiais<\/li>\n<li>Cor artificial<\/li>\n<li>\u00d3leo de coco<\/li>\n<li>Cogumelos com psilocibina<\/li>\n<\/ul>\n<h3><strong>Benef\u00edcios para a sa\u00fade<\/strong><\/h3>\n<p>O consumo das gomas INfinite Rx Shroom Infused Albino Penis Envy Gummies pode oferecer in\u00fameros benef\u00edcios, incluindo maior criatividade, melhor humor e potenciais efeitos terap\u00eauticos para condi\u00e7\u00f5es de sa\u00fade mental como a depress\u00e3o e a PTSD. A variedade Albino Penis Envy \u00e9 particularmente conhecida pela sua pot\u00eancia e propriedades psicotr\u00f3picas \u00fanicas, tornando estas gomas uma ferramenta poderosa para a explora\u00e7\u00e3o e crescimento pessoal.<\/p>\n<h3><strong>Testemunhos de utilizadores<\/strong><\/h3>\n<ul>\n<li><strong>Lynda F.<\/strong> &#8211; &#8220;These gummies are amazing! The taste is fantastic, and the effects are just what I needed for my spiritual journey. Highly recommend for anyone experienced with psychedelics.&#8221;<\/li>\n<li><strong>Daniel M.<\/strong> &#8211; &#8220;Took two gummies and felt incredible. Planning to try four next time. These are perfect for a controlled, enjoyable trip.&#8221;<\/li>\n<\/ul>\n<h3><strong>Informa\u00e7\u00f5es adicionais<\/strong><\/h3>\n<ul>\n<li><strong>Armazenamento<\/strong>: Conservar num local fresco e seco, longe da luz solar direta, para manter a pot\u00eancia e a frescura.<\/li>\n<li><strong>Aviso<\/strong>: Manter fora do alcance das crian\u00e7as e dos animais dom\u00e9sticos. N\u00e3o consumir se estiver gr\u00e1vida ou a amamentar. Consultar um profissional de sa\u00fade se tiver alguma condi\u00e7\u00e3o m\u00e9dica ou se estiver a tomar algum medicamento.<\/li>\n<\/ul>\n<h3><strong>Produtos relacionados<\/strong><\/h3>\n<ul>\n<li><strong>Gomas de cora\u00e7\u00e3o com infus\u00e3o de cogumelos INfinite Rx<\/strong>: Uma op\u00e7\u00e3o de dose mais pequena para quem procura uma microdose ou uma experi\u00eancia mais leve.<\/li>\n<li><strong>Barras de chocolate com psilocibina Wonder<\/strong>: Para aqueles que preferem chocolate a gomas, estas barras oferecem uma alternativa deliciosa.<\/li>\n<\/ul>\n<h3><strong>Conclus\u00e3o<\/strong><\/h3>\n<p>As pastilhas INfinite Rx Shroom Infused Albino Penis Envy Gummies oferecem uma experi\u00eancia superior de psilocibina, combinando pot\u00eancia, sabor e conveni\u00eancia. Quer seja um psiconauta experiente ou esteja \u00e0 procura de aprofundar a sua pr\u00e1tica psicad\u00e9lica, estas gomas s\u00e3o uma excelente escolha. Eleva a tua viagem com a qualidade de confian\u00e7a da INfinite Rx.<\/p>\n<p>Para mais informa\u00e7\u00f5es ou para efetuar uma compra, visite o nosso <a href=\"https:\/\/shroomschocolatebars.com\/pt\/loja\/\">p\u00e1gina da loja\u00a0<\/a><\/p>\n<p>By optimizing your product description with relevant keywords and phrases such as &#8220;Albino Penis Envy gummies,&#8221; &#8220;psilocybin-infused,&#8221; and &#8220;magic mushrooms,&#8221; you can enhance your search engine rankings and attract more customers searching for these specific products\u200b.<\/p>","protected":false},"excerpt":{"rendered":"<p class=\"product_title entry-title\"><strong>INfinite Rx Shroom Infused Albino Penis Envy Edition Large Heart Gummies Edibles (4000mg)<\/strong><\/p>\n<p>&nbsp;<\/p>","protected":false},"featured_media":922,"comment_status":"open","ping_status":"closed","template":"","meta":[],"product_brand":[],"product_cat":[234],"product_tag":[],"class_list":{"0":"post-924","1":"product","2":"type-product","3":"status-publish","4":"has-post-thumbnail","6":"product_cat-buy-lsd-sheets-online","8":"first","9":"instock","10":"shipping-taxable","11":"purchasable","12":"product-type-simple"},"jetpack_sharing_enabled":true,"_links":{"self":[{"href":"https:\/\/shroomschocolatebars.com\/pt\/wp-json\/wp\/v2\/product\/924","targetHints":{"allow":["GET"]}}],"collection":[{"href":"https:\/\/shroomschocolatebars.com\/pt\/wp-json\/wp\/v2\/product"}],"about":[{"href":"https:\/\/shroomschocolatebars.com\/pt\/wp-json\/wp\/v2\/types\/product"}],"replies":[{"embeddable":true,"href":"https:\/\/shroomschocolatebars.com\/pt\/wp-json\/wp\/v2\/comments?post=924"}],"wp:featuredmedia":[{"embeddable":true,"href":"https:\/\/shroomschocolatebars.com\/pt\/wp-json\/wp\/v2\/media\/922"}],"wp:attachment":[{"href":"https:\/\/shroomschocolatebars.com\/pt\/wp-json\/wp\/v2\/media?parent=924"}],"wp:term":[{"taxonomy":"product_brand","embeddable":true,"href":"https:\/\/shroomschocolatebars.com\/pt\/wp-json\/wp\/v2\/product_brand?post=924"},{"taxonomy":"product_cat","embeddable":true,"href":"https:\/\/shroomschocolatebars.com\/pt\/wp-json\/wp\/v2\/product_cat?post=924"},{"taxonomy":"product_tag","embeddable":true,"href":"https:\/\/shroomschocolatebars.com\/pt\/wp-json\/wp\/v2\/product_tag?post=924"}],"curies":[{"name":"wp","href":"https:\/\/api.w.org\/{rel}","templated":true}]}}