{"id":918,"date":"2022-05-26T02:14:27","date_gmt":"2022-05-26T02:14:27","guid":{"rendered":"https:\/\/shroomschocolatebars.com\/?post_type=product&#038;p=918"},"modified":"2024-09-01T01:12:07","modified_gmt":"2024-09-01T01:12:07","slug":"buy-psilocybin","status":"publish","type":"product","link":"https:\/\/shroomschocolatebars.com\/pt\/product\/seremoni-psilocybin-chocolate-bar-sea-salt-golden-teacher-mushrooms\/","title":{"rendered":"Seremoni Psilocybin Chocolate Bar Sea Salt &#038; Golden Teacher Mushrooms"},"content":{"rendered":"<h3><strong>Barra de chocolate com psilocibina Seremoni Sal marinho e cogumelos dourados para professores<\/strong><\/h3>\n<hr \/>\n<h4><strong>Introdu\u00e7\u00e3o<\/strong><\/h4>\n<p>O <strong>Barra de chocolate com psilocibina Seremoni (sal marinho e cogumelos dourados para professores)<\/strong> \u00e9 uma mistura premium concebida para quem procura uma experi\u00eancia \u00fanica e sofisticada de psilocibina. Combinando o sabor rico do cacau org\u00e2nico de com\u00e9rcio justo com o crocante subtil do sal marinho e os efeitos potentes dos cogumelos Golden Teacher, esta barra de chocolate oferece um sabor delicioso e uma viagem memor\u00e1vel.<\/p>\n<h4><strong>Caracter\u00edsticas principais<\/strong><\/h4>\n<ol>\n<li><strong>Ingredientes e perfil de sabor<\/strong>:\n<ul>\n<li><strong>Cacau org\u00e2nico de com\u00e9rcio justo<\/strong>: Proveniente de explora\u00e7\u00f5es sustent\u00e1veis, garantindo a qualidade e os padr\u00f5es \u00e9ticos.<\/li>\n<li><strong>Sal marinho<\/strong>: Confere uma croc\u00e2ncia delicada e real\u00e7a o sabor geral.<\/li>\n<li><strong>Cogumelos Golden Teacher<\/strong>: Conhecidas pela sua pot\u00eancia constante e pelos seus efeitos esclarecedores.<\/li>\n<li><strong>Ingredientes adicionais<\/strong>: Gr\u00e3os de cacau, a\u00e7\u00facar, manteiga de cacau, P.Cubensis (professor de ouro), lecitina de soja, baunilha. Pode conter vest\u00edgios de leite e frutos de casca rija.<\/li>\n<\/ul>\n<\/li>\n<li><strong>Dosagem e utiliza\u00e7\u00e3o<\/strong>:\n<ul>\n<li>Cada barra cont\u00e9m 3 gramas de cogumelos Golden Teacher.<\/li>\n<li>Dividido em 15 pe\u00e7as, cada pe\u00e7a oferece uma dose de 200 mg.<\/li>\n<li>Dosagem sugerida: Come\u00e7ar com uma dose baixa e ir devagar. Esperar 20-40 minutos para que os efeitos se manifestem.<\/li>\n<\/ul>\n<\/li>\n<li><strong>Forma e embalagem<\/strong>:\n<ul>\n<li>Barra de chocolate preto temperado de 50 gramas.<\/li>\n<li>F\u00e1cil de utilizar e ideal tanto para microdoses como para partilha.<\/li>\n<li>Embalagem discreta e selada a v\u00e1cuo para manter a frescura e a privacidade.<\/li>\n<\/ul>\n<\/li>\n<li><strong>Armazenamento e manuseamento<\/strong>:\n<ul>\n<li>Due to the sensitive nature of chocolate, especially during warmer months, it&#8217;s recommended to store the bar in a cool, dry place.<\/li>\n<li>Est\u00e3o inclu\u00eddos sacos de gelo e caixas de correio isoladas para evitar que derretam durante o transporte.<\/li>\n<\/ul>\n<\/li>\n<\/ol>\n<h4><strong>Benef\u00edcios e experi\u00eancia<\/strong><\/h4>\n<p>O <strong>Barra de chocolate com psilocibina Seremoni<\/strong> \u00e9 perfeito para quem procura explorar os benef\u00edcios da psilocibina de uma forma controlada e agrad\u00e1vel. Os cogumelos Golden Teacher s\u00e3o conhecidos pela sua capacidade de promover a introspe\u00e7\u00e3o, a criatividade e o discernimento espiritual. Quando combinados com o sabor luxuoso do chocolate preto e do sal marinho, os utilizadores podem esperar uma experi\u00eancia hol\u00edstica que seduz as papilas gustativas, ao mesmo tempo que proporciona uma viagem suave e esclarecedora. Barra de chocolate com psilocibina Seremoni Sal marinho e cogumelos Teacher dourados<\/p>\n<h3><\/h3>\n<h4>Como utilizar<\/h4>\n<ol>\n<li><strong>Microdosagem<\/strong>:\n<ul>\n<li>Ideal para melhorar as actividades di\u00e1rias, estimular a criatividade e melhorar o humor sem efeitos psicad\u00e9licos intensos.<\/li>\n<li>Consumir uma pe\u00e7a (200 mg) no \u00e2mbito do seu regime de microdosagem.<\/li>\n<\/ul>\n<\/li>\n<li><strong>Dose completa<\/strong>:\n<ul>\n<li>Para uma experi\u00eancia mais envolvente, considere consumir v\u00e1rios peda\u00e7os, dependendo da sua toler\u00e2ncia e da intensidade desejada.<\/li>\n<li>Always start with a lower dose to gauge your body&#8217;s response before increasing.<\/li>\n<\/ul>\n<\/li>\n<li><strong>Seguran\u00e7a e precau\u00e7\u00f5es<\/strong>:\n<ul>\n<li>Manter fora do alcance das crian\u00e7as.<\/li>\n<li>Armazenar num local seguro, longe da luz solar direta.<\/li>\n<li>Tenha em aten\u00e7\u00e3o as condi\u00e7\u00f5es meteorol\u00f3gicas locais quando efetuar a encomenda para evitar o derretimento.<\/li>\n<\/ul>\n<\/li>\n<\/ol>\n<h4><strong>Coment\u00e1rios e testemunhos de clientes<\/strong><\/h4>\n<p>Muitos utilizadores elogiaram a barra de chocolate com psilocibina Seremoni pelo seu sabor excecional e efeitos fi\u00e1veis. A mistura de sal marinho e cacau rico complementa os tons terrosos dos cogumelos Golden Teacher, proporcionando uma experi\u00eancia sensorial agrad\u00e1vel.<\/p>\n<blockquote><p>&#8220;The best way to enjoy my psilocybin journey! The taste is incredible, and the effects are just as described \u2013 mellow and enlightening.&#8221; &#8211; <strong>Cliente satisfeito<\/strong><\/p><\/blockquote>\n<blockquote><p>&#8220;Perfect for microdosing. I love that each piece is precisely dosed, making it easy to control my intake.&#8221; &#8211; <strong>Utilizador feliz<\/strong><\/p><\/blockquote>\n<p>Para mais informa\u00e7\u00f5es e para comprar, visite a nossa p\u00e1gina de produtos em <a href=\"https:\/\/shroomschocolatebars.com\/pt\/\" target=\"_new\" rel=\"noreferrer noopener\">shroomschocolatebars.com<\/a>\u200b<span class=\"\" data-state=\"closed\"><span class=\"text-token-text-secondary\">\u00a0<\/span><\/span><\/p>","protected":false},"excerpt":{"rendered":"<h4><strong>Detalhes de compra e envio<\/strong><\/h4>\n<ul>\n<li><strong>Pre\u00e7o<\/strong>: $75.00 por barra.<\/li>\n<li><strong>Expedi\u00e7\u00e3o<\/strong>: Expedi\u00e7\u00e3o r\u00e1pida gratuita<\/li>\n<li><strong>Embalagem<\/strong>: Discreto e selado a v\u00e1cuo para maior privacidade e frescura.<\/li>\n<\/ul>","protected":false},"featured_media":1075,"comment_status":"open","ping_status":"closed","template":"","meta":[],"product_brand":[],"product_cat":[35],"product_tag":[],"class_list":{"0":"post-918","1":"product","2":"type-product","3":"status-publish","4":"has-post-thumbnail","6":"product_cat-mushroom-chocolate-bars","8":"first","9":"instock","10":"shipping-taxable","11":"purchasable","12":"product-type-simple"},"jetpack_sharing_enabled":true,"_links":{"self":[{"href":"https:\/\/shroomschocolatebars.com\/pt\/wp-json\/wp\/v2\/product\/918","targetHints":{"allow":["GET"]}}],"collection":[{"href":"https:\/\/shroomschocolatebars.com\/pt\/wp-json\/wp\/v2\/product"}],"about":[{"href":"https:\/\/shroomschocolatebars.com\/pt\/wp-json\/wp\/v2\/types\/product"}],"replies":[{"embeddable":true,"href":"https:\/\/shroomschocolatebars.com\/pt\/wp-json\/wp\/v2\/comments?post=918"}],"wp:featuredmedia":[{"embeddable":true,"href":"https:\/\/shroomschocolatebars.com\/pt\/wp-json\/wp\/v2\/media\/1075"}],"wp:attachment":[{"href":"https:\/\/shroomschocolatebars.com\/pt\/wp-json\/wp\/v2\/media?parent=918"}],"wp:term":[{"taxonomy":"product_brand","embeddable":true,"href":"https:\/\/shroomschocolatebars.com\/pt\/wp-json\/wp\/v2\/product_brand?post=918"},{"taxonomy":"product_cat","embeddable":true,"href":"https:\/\/shroomschocolatebars.com\/pt\/wp-json\/wp\/v2\/product_cat?post=918"},{"taxonomy":"product_tag","embeddable":true,"href":"https:\/\/shroomschocolatebars.com\/pt\/wp-json\/wp\/v2\/product_tag?post=918"}],"curies":[{"name":"wp","href":"https:\/\/api.w.org\/{rel}","templated":true}]}}