{"id":768,"date":"2022-04-12T08:16:33","date_gmt":"2022-04-12T08:16:33","guid":{"rendered":"https:\/\/shroomschocolatebars.com\/?post_type=product&#038;p=768"},"modified":"2024-10-10T02:37:46","modified_gmt":"2024-10-10T02:37:46","slug":"comprar-lsd-gel-tabs-oline-2-2","status":"publish","type":"product","link":"https:\/\/shroomschocolatebars.com\/pt\/product\/buy-lsd-gel-tabs-oline-2-2\/","title":{"rendered":"Lsd Gel Tabs"},"content":{"rendered":"<h2><strong>Comprar LSD Gel Tabs Oline<\/strong><\/h2>\n<p>As pastilhas de gel de LSD, tamb\u00e9m conhecidas como \u00e1cido de janela, representam um m\u00e9todo \u00fanico e potente de consumir dietilamida de \u00e1cido lis\u00e9rgico (LSD). Ao contr\u00e1rio do \u00e1cido tradicional, as pastilhas de gel s\u00e3o feitas misturando LSD com gelatina, resultando num quadrado firme e muitas vezes colorido. Estes comprimidos n\u00e3o s\u00f3 s\u00e3o visualmente apelativos como tamb\u00e9m oferecem uma forma discreta e eficaz de experimentar os efeitos profundos do LSD.<\/p>\n<h4><strong>Porqu\u00ea escolher LSD Gel Tabs?<\/strong><\/h4>\n<p>O LSD Gel Tabs \u00e9 uma escolha popular por v\u00e1rias raz\u00f5es:<\/p>\n<ol>\n<li><strong>Pot\u00eancia e dosagem<\/strong>: Gel tabs can contain a higher concentration of LSD per square, making them more potent than traditional blotters. The typical dosage ranges from 100 to 150 micrograms per tab, though some can be as high as 500 micrograms\u200b<span class=\"\" data-state=\"closed\"><span class=\"text-token-text-secondary\"> (<\/span><a href=\"https:\/\/shroomschocolatebars.com\/pt\/\">A loja psicad\u00e9lica<\/a><span class=\"text-token-text-secondary\">)<\/span><\/span>\u200b\u200b<\/li>\n<li><strong>In\u00edcio mais r\u00e1pido<\/strong>: Due to their composition, gel tabs dissolve quickly under the tongue, allowing for faster absorption and a quicker onset of effects. Users often begin to feel the effects within 15 to 20 minutes\u200b<span class=\"\" data-state=\"closed\"><span class=\"text-token-text-secondary\"> (<a href=\"https:\/\/shroomschocolatebars.com\/pt\/\">A loja psicad\u00e9lica<\/a>)<\/span><\/span><\/li>\n<li><strong>Prazo de validade mais longo<\/strong>: The gelatin in the tabs protects the LSD from environmental factors like oxygen, heat, and UV light, extending the shelf life to several years when stored properly\u200b<span class=\"\" data-state=\"closed\"><span class=\"text-token-text-secondary\"> (<a href=\"https:\/\/shroomschocolatebars.com\/pt\/\">A loja psicad\u00e9lica<\/a>)<\/span><\/span><\/li>\n<\/ol>\n<h4><strong>Efeitos e experi\u00eancia<\/strong><\/h4>\n<p>O LSD Gel Tabs \u00e9 conhecido por produzir uma s\u00e9rie de efeitos, tanto f\u00edsicos como psicol\u00f3gicos. A experi\u00eancia pode incluir:<\/p>\n<ul>\n<li><strong>Perce\u00e7\u00e3o sensorial melhorada<\/strong>: Users report heightened senses, with colors appearing more vivid, sounds more profound, and textures more distinct\u200b<span class=\"\" data-state=\"closed\"><span class=\"text-token-text-secondary\"> (<a href=\"https:\/\/shroomschocolatebars.com\/pt\/\">A loja psicad\u00e9lica<\/a>)<\/span><\/span><\/li>\n<li><strong>Realidade alterada<\/strong>: Common effects include visual hallucinations, a distorted sense of time, and a feeling of euphoria or spiritual awakening\u200b<span class=\"\" data-state=\"closed\"><span class=\"text-token-text-secondary\">\u00a0<\/span><\/span><\/li>\n<li><strong>Reac\u00e7\u00f5es f\u00edsicas<\/strong>: These may include dilated pupils, increased body temperature, and elevated heart rate\u200b<\/li>\n<\/ul>\n<h4><strong>Seguran\u00e7a e precau\u00e7\u00f5es<\/strong><\/h4>\n<p>A utiliza\u00e7\u00e3o de LSD Gel Tabs deve ser feita com precau\u00e7\u00e3o:<\/p>\n<ul>\n<li><strong>Definir e definir<\/strong>: The user&#8217;s mindset and environment play crucial roles in the experience. It&#8217;s important to be in a safe, comfortable space and have a positive mental state.<\/li>\n<li><strong>In\u00edcio Baixo<\/strong>: Especially for beginners, starting with a lower dose is advisable to gauge individual reactions and avoid overwhelming effects\u200b<span class=\"\" data-state=\"closed\"><span class=\"text-token-text-secondary\"> (<\/span><a class=\"text-green-600 !no-underline\" href=\"https:\/\/psychedelicschemshop.com\/product\/lsd-gel-tabs\/\" target=\"_blank\" rel=\"noopener noreferrer\">Psicad\u00e9licos chem Shop<\/a><span class=\"text-token-text-secondary\">)<\/span><\/span>\u200b.<\/li>\n<li><strong>Riscos potenciais<\/strong>: While LSD is not physically addictive, it can lead to psychological dependency. Users may also experience &#8220;bad trips,&#8221; characterized by anxiety, paranoia, or unpleasant hallucinations\u200b<span class=\"\" data-state=\"closed\"><span class=\"text-token-text-secondary\"> (<\/span><a class=\"text-green-600 !no-underline\" href=\"https:\/\/psychedelicspot.com\/product\/lsd-gel-tabs\/\" target=\"_blank\" rel=\"noopener noreferrer\">Ponto psicad\u00e9lico<\/a><span class=\"text-token-text-secondary\">)<\/span><\/span>\u200b\u200b<span class=\"\" data-state=\"closed\"><span class=\"text-token-text-secondary\"> (<\/span><a class=\"text-green-600 !no-underline\" href=\"https:\/\/www.portentis.com\/product\/acid-gel-tabs-for-sale\/\" target=\"_blank\" rel=\"noopener noreferrer\">Portentis.com<\/a><span class=\"text-token-text-secondary\">)<\/span><\/span>\u200b.<\/li>\n<\/ul>\n<h4><strong>Comprar LSD Gel Tabs Online<\/strong><\/h4>\n<p>When purchasing LSD Gel Tabs online, it&#8217;s essential to choose a reputable vendor. Look for:<\/p>\n<ul>\n<li><strong>Garantia de qualidade<\/strong>: Assegurar que os separadores s\u00e3o doseados com exatid\u00e3o e est\u00e3o isentos de contaminantes.<\/li>\n<li><strong>Expedi\u00e7\u00e3o discreta<\/strong>: A privacidade e a seguran\u00e7a no transporte mar\u00edtimo s\u00e3o cruciais para evitar complica\u00e7\u00f5es legais.<\/li>\n<li><strong>Coment\u00e1rios de clientes<\/strong>: Positive feedback from other customers can be a good indicator of product quality and vendor reliability\u200b<span class=\"\" data-state=\"closed\"><span class=\"text-token-text-secondary\"> visite o nosso <a href=\"https:\/\/shroomschocolatebars.com\/pt\/loja\/\">loja<\/a> para comprar mais<\/span><\/span><\/li>\n<\/ul>\n<h4><strong>Conclus\u00e3o<\/strong><\/h4>\n<p>LSD Gel Tabs offer a unique and powerful way to explore the depths of consciousness and sensory perception. Whether you&#8217;re an experienced psychonaut or a curious newcomer, these tabs provide a reliable and intense psychedelic experience. Always prioritize safety, start with a manageable dose, and ensure you&#8217;re in a supportive environment to make the most of your journey. You can also buy <a href=\"https:\/\/shroomschocolatebars.com\/pt\/produto\/comprar-liquid-lsd-online\/\">LSD l\u00edquido<\/a> e <a href=\"https:\/\/shroomschocolatebars.com\/pt\/produto\/buy-lsd-blotter-online\/\">LSD Blotter <\/a><\/p>\n<p>Para mais informa\u00e7\u00f5es sobre a compra de LSD Gel Tabs, incluindo directrizes de dosagem e coment\u00e1rios de utilizadores, visite fontes respeit\u00e1veis e assegure-se de que cumpre as leis e regulamentos locais.<\/p>","protected":false},"excerpt":{"rendered":"<p><strong>Comprar LSD Gel Tabs Oline<br \/>\n<\/strong>O LSD Gel Tabs, tamb\u00e9m conhecido como \u00e1cido de janela, representa um m\u00e9todo \u00fanico e potente de consumir dietilamida de \u00e1cido lis\u00e9rgico (LSD).<strong><br \/>\n<\/strong><\/p>","protected":false},"featured_media":1441,"comment_status":"open","ping_status":"closed","template":"","meta":[],"product_brand":[],"product_cat":[234],"product_tag":[],"class_list":{"0":"post-768","1":"product","2":"type-product","3":"status-publish","4":"has-post-thumbnail","6":"product_cat-buy-lsd-sheets-online","8":"first","9":"instock","10":"shipping-taxable","11":"purchasable","12":"product-type-variable","13":"has-default-attributes"},"jetpack_sharing_enabled":true,"_links":{"self":[{"href":"https:\/\/shroomschocolatebars.com\/pt\/wp-json\/wp\/v2\/product\/768","targetHints":{"allow":["GET"]}}],"collection":[{"href":"https:\/\/shroomschocolatebars.com\/pt\/wp-json\/wp\/v2\/product"}],"about":[{"href":"https:\/\/shroomschocolatebars.com\/pt\/wp-json\/wp\/v2\/types\/product"}],"replies":[{"embeddable":true,"href":"https:\/\/shroomschocolatebars.com\/pt\/wp-json\/wp\/v2\/comments?post=768"}],"wp:featuredmedia":[{"embeddable":true,"href":"https:\/\/shroomschocolatebars.com\/pt\/wp-json\/wp\/v2\/media\/1441"}],"wp:attachment":[{"href":"https:\/\/shroomschocolatebars.com\/pt\/wp-json\/wp\/v2\/media?parent=768"}],"wp:term":[{"taxonomy":"product_brand","embeddable":true,"href":"https:\/\/shroomschocolatebars.com\/pt\/wp-json\/wp\/v2\/product_brand?post=768"},{"taxonomy":"product_cat","embeddable":true,"href":"https:\/\/shroomschocolatebars.com\/pt\/wp-json\/wp\/v2\/product_cat?post=768"},{"taxonomy":"product_tag","embeddable":true,"href":"https:\/\/shroomschocolatebars.com\/pt\/wp-json\/wp\/v2\/product_tag?post=768"}],"curies":[{"name":"wp","href":"https:\/\/api.w.org\/{rel}","templated":true}]}}