{"id":678,"date":"2022-03-30T08:04:53","date_gmt":"2022-03-30T08:04:53","guid":{"rendered":"https:\/\/shroomschocolatebars.com\/?post_type=product&#038;p=678"},"modified":"2024-09-01T01:04:47","modified_gmt":"2024-09-01T01:04:47","slug":"cogumelos-penis-envy-mushrooms-2","status":"publish","type":"product","link":"https:\/\/shroomschocolatebars.com\/pt\/product\/penis-envy-magic-mushroom\/","title":{"rendered":"Cogumelo M\u00e1gico Penis Envy"},"content":{"rendered":"<h2><strong>Comprar Penis Envy Magic Mushroom online<\/strong><\/h2>\n<p>Bem-vindo \u00e0 melhor fonte de cogumelos m\u00e1gicos Penis Envy, uma escolha de primeira para quem procura uma viagem psicad\u00e9lica sem paralelo. Reconhecidos pela sua pot\u00eancia e efeitos \u00fanicos, os cogumelos m\u00e1gicos Penis Envy ganharam reputa\u00e7\u00e3o como uma das variedades mais procuradas no mundo dos cogumelos m\u00e1gicos. Descobre porque \u00e9 que estes fungos extraordin\u00e1rios s\u00e3o venerados tanto por entusiastas como por especialistas.<\/p>\n<h3><strong>O que s\u00e3o os cogumelos m\u00e1gicos da inveja do p\u00e9nis?<\/strong><\/h3>\n<p>Os cogumelos m\u00e1gicos Penis Envy (Psilocybe cubensis Penis Envy) s\u00e3o uma variedade distinta e altamente potente de cogumelos psicad\u00e9licos. Destacam-se n\u00e3o s\u00f3 pela sua pot\u00eancia impressionante, mas tamb\u00e9m pelo seu aspeto \u00fanico. Caracterizados pela sua forma f\u00e1lica e colora\u00e7\u00e3o p\u00e1lida, os cogumelos Penis Envy s\u00e3o famosos pelos seus efeitos poderosos e s\u00e3o frequentemente a escolha preferida para quem procura uma experi\u00eancia psicad\u00e9lica profunda.<\/p>\n<h4><strong>Principais caracter\u00edsticas e vantagens<\/strong><\/h4>\n<ol>\n<li><strong>Pot\u00eancia excecional:<\/strong> Os cogumelos m\u00e1gicos Penis Envy s\u00e3o conhecidos pela sua pot\u00eancia excecional, proporcionando frequentemente efeitos mais intensos e prolongados em compara\u00e7\u00e3o com outras variedades. Isto torna-os ideais para utilizadores experientes que procuram uma viagem mais profunda e transformadora.<\/li>\n<li><strong>Efeitos \u00fanicos:<\/strong> Os efeitos dos cogumelos Penis Envy podem variar desde uma perce\u00e7\u00e3o sensorial melhorada at\u00e9 uma introspe\u00e7\u00e3o profunda. Os utilizadores relatam frequentemente uma maior sensa\u00e7\u00e3o de liga\u00e7\u00e3o e uma maior capacidade de explorar a sua consci\u00eancia interior.<\/li>\n<li><strong>Alta qualidade:<\/strong> Os nossos cogumelos m\u00e1gicos Penis Envy s\u00e3o cultivados em condi\u00e7\u00f5es rigorosas para garantir a mais alta qualidade. Cada lote \u00e9 submetido a testes rigorosos para garantir a pot\u00eancia e a pureza, proporcionando-lhe sempre um produto de primeira qualidade.<\/li>\n<li><strong>Utiliza\u00e7\u00e3o vers\u00e1til:<\/strong> Whether you&#8217;re an experienced psychonaut or a curious newcomer, Penis Envy mushrooms offer a versatile range of uses. They can be consumed in various ways, including in dried form, capsules, or as part of a psychedelic tea.<\/li>\n<\/ol>\n<h3><strong>Como usar os cogumelos m\u00e1gicos Penis Envy<\/strong><\/h3>\n<p>Para uma melhor experi\u00eancia, \u00e9 essencial usar os cogumelos m\u00e1gicos Penis Envy de forma respons\u00e1vel. Aqui est\u00e3o algumas dicas para uma viagem segura e agrad\u00e1vel:<\/p>\n<ul>\n<li><strong>Comece com uma dose pequena:<\/strong> Due to their potency, it\u2019s advisable to start with a small dose, especially if you are new to psychedelics. A small dose can provide a good introduction without overwhelming effects.<\/li>\n<li><strong>Definir e definir:<\/strong> Certifique-se de que se encontra num ambiente confort\u00e1vel e seguro. Uma mentalidade positiva e um ambiente seguro s\u00e3o cruciais para uma experi\u00eancia psicad\u00e9lica ben\u00e9fica.<\/li>\n<li><strong>Mantenha-se hidratado:<\/strong> Beba muita \u00e1gua durante toda a sua experi\u00eancia para se manter hidratado e apoiar o seu bem-estar geral.<\/li>\n<li><strong>Ter um Trip Sitter:<\/strong> If you\u2019re new to psychedelics or trying a high dose, having a sober, experienced trip sitter can provide additional safety and support.<\/li>\n<\/ul>\n<h3><strong>Porqu\u00ea escolher-nos?<\/strong><\/h3>\n<p>Na shroomschocolatebars, orgulhamo-nos de fornecer apenas os melhores cogumelos m\u00e1gicos Penis Envy. O nosso compromisso com a qualidade e a satisfa\u00e7\u00e3o do cliente distingue-nos. N\u00f3s oferecemos:<\/p>\n<ul>\n<li><strong>Transpar\u00eancia:<\/strong> Full details about our cultivation process and third-party testing results ensure you know exactly what you&#8217;re getting.<\/li>\n<li><strong><a href=\"https:\/\/shroomschocolatebars.com\/pt\/politica-de-envio\/\">Expedi\u00e7\u00e3o discreta<\/a>:<\/strong> Damos prioridade \u00e0 sua privacidade com embalagens discretas e m\u00e9todos de envio seguros.<\/li>\n<li><strong><a href=\"https:\/\/shroomschocolatebars.com\/pt\/contactar-nos\/\">Apoio ao cliente<\/a>:<\/strong> A nossa equipa de apoio ao cliente, experiente e simp\u00e1tica, est\u00e1 aqui para o ajudar com quaisquer quest\u00f5es ou preocupa\u00e7\u00f5es.<\/li>\n<\/ul>\n<h3><strong>Perguntas mais frequentes (FAQs)<\/strong><\/h3>\n<ol>\n<li><strong>Os cogumelos m\u00e1gicos da Penis Envy s\u00e3o legais?<\/strong><br \/>\nA legalidade dos cogumelos m\u00e1gicos varia consoante o local. Por favor verifica as leis e regulamentos locais antes de comprares ou usares os cogumelos m\u00e1gicos Penis Envy.<\/li>\n<li><strong>Como devo armazenar os meus cogumelos?<\/strong><br \/>\nGuarda os teus cogumelos m\u00e1gicos Penis Envy num local fresco e seco, longe da luz solar direta. O armazenamento correto ajudar\u00e1 a manter a sua pot\u00eancia e frescura.<\/li>\n<li><strong>Posso usar os cogumelos Penis Envy para fins terap\u00eauticos?<\/strong><br \/>\nApesar de muitos utilizadores relatarem benef\u00edcios terap\u00eauticos, incluindo maior auto-consci\u00eancia e cura emocional, recomendamos que consulte um profissional de sa\u00fade antes de utilizar quaisquer subst\u00e2ncias psicad\u00e9licas para fins terap\u00eauticos.<\/li>\n<li><strong>Quanto tempo duram os efeitos?<\/strong><br \/>\nOs efeitos do Penis Envy Magic Mushrooms duram normalmente entre 4 a 6 horas, dependendo da dosagem e da sensibilidade individual.<\/li>\n<\/ol>\n<h4><strong>Explore o pin\u00e1culo da experi\u00eancia psicad\u00e9lica<\/strong><\/h4>\n<p>Penis Envy Magic Mushrooms are not just a product; they are a gateway to a profound and transformative experience. Whether you&#8217;re exploring the depths of your consciousness or seeking a new perspective, our Penis Envy Magic Mushrooms offer an unparalleled journey. Explore our selection today and embark on an extraordinary adventure.<\/p>\n<p>Para mais informa\u00e7\u00f5es ou para efetuar uma encomenda, contacte-nos atrav\u00e9s de <a href=\"mailto:support@shroomschocolatebars.com\">support@shroomschocolatebars.com<\/a>. Junta-te aos in\u00fameros outros que descobriram o mundo excecional dos cogumelos m\u00e1gicos Penis Envy e eleva as tuas experi\u00eancias psicad\u00e9licas a novos patamares.<\/p>","protected":false},"excerpt":{"rendered":"<p><strong>Comprar os melhores cogumelos m\u00e1gicos Penis Envy.<\/strong><\/p>\n<p><strong><u>Compre mais, poupe mais:<\/u><\/strong><\/p>\n<ul>\n<li>28 gramas = $170<\/li>\n<\/ul>\n<p><strong>Detalhes de envio<\/strong>:<\/p>\n<ul>\n<li>Envio Expedito Gratuito<\/li>\n<li>Enviamos para todo o mundo com um n\u00famero de rastreio fornecido<\/li>\n<li>Embalagem discreta e selada a v\u00e1cuo para a sua privacidade<\/li>\n<\/ul>","protected":false},"featured_media":1126,"comment_status":"open","ping_status":"closed","template":"","meta":[],"product_brand":[],"product_cat":[45],"product_tag":[],"class_list":{"0":"post-678","1":"product","2":"type-product","3":"status-publish","4":"has-post-thumbnail","6":"product_cat-magic-mushroom","8":"first","9":"instock","10":"shipping-taxable","11":"purchasable","12":"product-type-simple"},"jetpack_sharing_enabled":true,"_links":{"self":[{"href":"https:\/\/shroomschocolatebars.com\/pt\/wp-json\/wp\/v2\/product\/678","targetHints":{"allow":["GET"]}}],"collection":[{"href":"https:\/\/shroomschocolatebars.com\/pt\/wp-json\/wp\/v2\/product"}],"about":[{"href":"https:\/\/shroomschocolatebars.com\/pt\/wp-json\/wp\/v2\/types\/product"}],"replies":[{"embeddable":true,"href":"https:\/\/shroomschocolatebars.com\/pt\/wp-json\/wp\/v2\/comments?post=678"}],"wp:featuredmedia":[{"embeddable":true,"href":"https:\/\/shroomschocolatebars.com\/pt\/wp-json\/wp\/v2\/media\/1126"}],"wp:attachment":[{"href":"https:\/\/shroomschocolatebars.com\/pt\/wp-json\/wp\/v2\/media?parent=678"}],"wp:term":[{"taxonomy":"product_brand","embeddable":true,"href":"https:\/\/shroomschocolatebars.com\/pt\/wp-json\/wp\/v2\/product_brand?post=678"},{"taxonomy":"product_cat","embeddable":true,"href":"https:\/\/shroomschocolatebars.com\/pt\/wp-json\/wp\/v2\/product_cat?post=678"},{"taxonomy":"product_tag","embeddable":true,"href":"https:\/\/shroomschocolatebars.com\/pt\/wp-json\/wp\/v2\/product_tag?post=678"}],"curies":[{"name":"wp","href":"https:\/\/api.w.org\/{rel}","templated":true}]}}