{"id":620,"date":"2022-03-23T11:00:25","date_gmt":"2022-03-23T11:00:25","guid":{"rendered":"https:\/\/shroomschocolatebars.com\/?post_type=product&#038;p=620"},"modified":"2024-09-01T01:05:00","modified_gmt":"2024-09-01T01:05:00","slug":"kit-de-cultivo-de-cogumelos-2","status":"publish","type":"product","link":"https:\/\/shroomschocolatebars.com\/pt\/product\/creeper-magic-mushrooms\/","title":{"rendered":"Cogumelos M\u00e1gicos Creeper"},"content":{"rendered":"<h2><strong>Comprar Creeper Magic Mushrooms\u00a0<\/strong><\/h2>\n<p>Est\u00e1s pronto para experimentar uma das variedades mais intrigantes de cogumelos m\u00e1gicos? N\u00e3o procures mais do que os nossos Creeper Magic Mushrooms de primeira qualidade, dispon\u00edveis para compra agora. Conhecidos pelos seus efeitos potentes e caracter\u00edsticas \u00fanicas, os Creeper Magic Mushrooms oferecem uma viagem como nenhuma outra. Descobre porque \u00e9 que esta variedade \u00e9 preferida pelos entusiastas e o que a distingue das outras.<\/p>\n<h3><strong>O que s\u00e3o os cogumelos m\u00e1gicos Creeper?<\/strong><\/h3>\n<p>Creeper Magic Mushrooms, scientifically known as Psilocybe cubensis &#8220;Creeper,&#8221; are a renowned variety of psychedelic mushrooms. They are celebrated for their powerful effects and distinctive growth patterns. This strain is a popular choice among both novice and seasoned users due to its balanced and versatile effects.<\/p>\n<h3><strong>Caracter\u00edsticas \u00fanicas dos cogumelos m\u00e1gicos Creeper<\/strong><\/h3>\n<ul>\n<li><strong>Pot\u00eancia e efeitos:<\/strong> Os cogumelos m\u00e1gicos Creeper s\u00e3o bem conhecidos pelos seus efeitos fortes mas f\u00e1ceis de controlar. Os utilizadores relatam frequentemente uma profunda sensa\u00e7\u00e3o de euforia, perce\u00e7\u00e3o sensorial melhorada e alucina\u00e7\u00f5es visuais v\u00edvidas. Os efeitos podem ser tanto introspectivos como expansivos, o que os torna os favoritos para v\u00e1rias experi\u00eancias psicad\u00e9licas.<\/li>\n<li><strong>Apar\u00eancia:<\/strong> Estes cogumelos t\u00eam um aspeto \u00fanico que os distingue. Apresentam normalmente um chap\u00e9u castanho claro a dourado com um bordo ondulado carater\u00edstico. Os caules s\u00e3o grossos e robustos, apresentando frequentemente uma colora\u00e7\u00e3o branca ou p\u00e1lida.<\/li>\n<li><strong>Crescimento e cultivo:<\/strong> Creeper Magic Mushrooms are known for their robust and resilient nature. They thrive in a variety of conditions, making them a great choice for those interested in cultivating their own psychedelic mushrooms. Whether you&#8217;re an experienced grower or just starting out, Creeper Magic Mushrooms are relatively easy to cultivate.<\/li>\n<\/ul>\n<h3><strong>Porqu\u00ea comprar Creeper Magic Mushrooms?<\/strong><\/h3>\n<p>When you buy Creeper Magic Mushrooms from us, you\u2019re choosing a premium product that guarantees quality and consistency. Here\u2019s why you should make your purchase today:<\/p>\n<ol>\n<li><strong>Alta qualidade:<\/strong> Os nossos Creeper Magic Mushrooms s\u00e3o cuidadosamente cultivados e colhidos para garantir a melhor qualidade. Cada lote \u00e9 testado quanto \u00e0 sua pot\u00eancia e pureza para te proporcionar a melhor experi\u00eancia poss\u00edvel.<\/li>\n<li><strong>Fornecimento fi\u00e1vel:<\/strong> Compramos os nossos cogumelos a produtores de renome que seguem medidas rigorosas de controlo de qualidade. Isto garante que recebe um produto que \u00e9 potente e seguro.<\/li>\n<li><strong>Expedi\u00e7\u00e3o discreta:<\/strong> Compreendemos a import\u00e2ncia da privacidade. A nossa embalagem discreta e os nossos m\u00e9todos de envio garantem que a sua compra chega de forma segura e protegida, sem atrair aten\u00e7\u00f5es indesejadas.<\/li>\n<li><strong>Satisfa\u00e7\u00e3o do cliente:<\/strong> Estamos empenhados na sua satisfa\u00e7\u00e3o. Se tiver alguma quest\u00e3o ou d\u00favida sobre os nossos Creeper Magic Mushrooms, a nossa equipa de apoio ao cliente est\u00e1 aqui para ajudar.<\/li>\n<\/ol>\n<h3><strong>Como utilizar os Cogumelos M\u00e1gicos Creeper<\/strong><\/h3>\n<p>Usar os Creeper Magic Mushrooms de forma respons\u00e1vel \u00e9 a chave para uma experi\u00eancia positiva. Aqui est\u00e3o algumas dicas para tirares o m\u00e1ximo partido da tua compra:<\/p>\n<ul>\n<li><strong>Come\u00e7ar pequeno:<\/strong> If you\u2019re new to this strain or magic mushrooms in general, start with a smaller dose to gauge your sensitivity.<\/li>\n<li><strong>Definir e definir:<\/strong> Certifique-se de que se encontra num ambiente confort\u00e1vel e seguro. O ambiente pode ter um impacto significativo na sua experi\u00eancia, por isso escolha um local onde se sinta relaxado e seguro.<\/li>\n<li><strong>Hidratar e preparar:<\/strong> Mantenha-se hidratado e tenha \u00e0 m\u00e3o refei\u00e7\u00f5es ligeiras. Estar bem preparado pode melhorar a sua experi\u00eancia e minimizar qualquer desconforto.<\/li>\n<li><strong>Ter um Trip Sitter:<\/strong> For those who are new or unsure, having a sober friend or \u201ctrip sitter\u201d can provide reassurance and support throughout the experience.<\/li>\n<\/ul>\n<h3><strong>Porqu\u00ea escolher-nos?<\/strong><\/h3>\n<p>Em <a href=\"https:\/\/shroomschocolatebars.com\/pt\/\">shroomschocolatebars<\/a>A nossa empresa, a Penis Envy Magic Mushrooms, orgulha-se de fornecer apenas os melhores cogumelos m\u00e1gicos Penis Envy. O nosso compromisso com a qualidade e a satisfa\u00e7\u00e3o do cliente distingue-nos. N\u00f3s oferecemos:<\/p>\n<ul>\n<li><strong>Transpar\u00eancia:<\/strong>\u00a0Full details about our cultivation process and third-party testing results ensure you know exactly what you\u2019re getting.<\/li>\n<li><strong><a href=\"https:\/\/shroomschocolatebars.com\/pt\/politica-de-envio\/\">Expedi\u00e7\u00e3o discreta<\/a>:<\/strong>\u00a0Damos prioridade \u00e0 sua privacidade com embalagens discretas e m\u00e9todos de envio seguros.<\/li>\n<li><strong><a href=\"https:\/\/shroomschocolatebars.com\/pt\/contactar-nos\/\">Apoio ao cliente<\/a>:<\/strong>\u00a0A nossa equipa de apoio ao cliente, experiente e simp\u00e1tica, est\u00e1 aqui para o ajudar com quaisquer quest\u00f5es ou preocupa\u00e7\u00f5es.<\/li>\n<\/ul>\n<h3><strong><br \/>\nComent\u00e1rios de clientes<\/strong><\/h3>\n<p>Our customers rave about the quality and effects of our Creeper Magic Mushrooms. Here\u2019s what a few of them have to say:<\/p>\n<ul>\n<li><em>\u201cThe Creeper Magic Mushrooms exceeded my expectations. The effects were both intense and enjoyable, and the quality was top-notch.\u201d<\/em> \u2013 Alex R.<\/li>\n<li><em>\u201cI\u2019ve tried various strains, but Creeper is by far my favorite. The experience was mind-expanding and deeply introspective.\u201d<\/em> \u2013 Jamie L.<\/li>\n<li><em>\u201cFast shipping and discreet packaging made my purchase hassle-free. The mushrooms were fresh and potent. Highly recommend!\u201d<\/em> \u2013 Taylor M.<\/li>\n<\/ul>\n<h3><strong>Perguntas mais frequentes (FAQs)<\/strong><\/h3>\n<p><strong>P: Os Creeper Magic Mushrooms s\u00e3o legais?<\/strong><br \/>\nR: A legalidade dos cogumelos m\u00e1gicos varia consoante o local. Por favor, verifica as leis e regulamentos locais antes de comprares.<\/p>\n<p><strong>P: Como devo guardar os Creeper Magic Mushrooms?<\/strong><br \/>\nR: Guarde-os num local fresco e seco, longe da luz solar direta. Uma conserva\u00e7\u00e3o adequada ajudar\u00e1 a manter a sua pot\u00eancia e frescura.<\/p>\n<p><strong>P: O que devo fazer se tiver uma viagem m\u00e1?<\/strong><br \/>\nA: If you\u2019re experiencing discomfort or anxiety, try to stay calm and remind yourself that the effects are temporary. Having a trusted friend or trip sitter can also provide support.<\/p>\n<p><strong>Q: Posso usar Creeper Magic Mushrooms para fins terap\u00eauticos?<\/strong><br \/>\nA: Many users report therapeutic benefits, but it\u2019s important to approach these substances with caution and respect. Consult with a healthcare professional if you have any concerns.<\/p>\n<h3><strong>Encomende hoje os seus cogumelos m\u00e1gicos Creeper<\/strong><\/h3>\n<p>Ready to embark on a remarkable psychedelic journey? Don\u2019t wait \u2013 order your Creeper Magic Mushrooms now and experience the magic for yourself. We offer secure online ordering and fast shipping to ensure you get your mushrooms quickly and safely.<\/p>\n<p>Para obter os melhores Creeper Magic Mushrooms dispon\u00edveis online, escolha-nos. Eleve a sua experi\u00eancia com qualidade e fiabilidade em que pode confiar.<\/p>","protected":false},"excerpt":{"rendered":"<p><strong>Comprar os melhores Creeper Magic Mushrooms<\/strong><\/p>\n<p><strong><u>Compre mais, poupe mais:<\/u><\/strong><\/p>\n<ul>\n<li>28 gramas = $170<\/li>\n<\/ul>\n<p><strong>Detalhes de envio<\/strong>:<\/p>\n<ul>\n<li>Envio Expedito Gratuito<\/li>\n<li>Enviamos para todo o mundo com um n\u00famero de rastreio fornecido<\/li>\n<li>Embalagem discreta e selada a v\u00e1cuo para a sua privacidade<\/li>\n<\/ul>","protected":false},"featured_media":1454,"comment_status":"open","ping_status":"closed","template":"","meta":[],"product_brand":[],"product_cat":[45],"product_tag":[],"class_list":{"0":"post-620","1":"product","2":"type-product","3":"status-publish","4":"has-post-thumbnail","6":"product_cat-magic-mushroom","8":"first","9":"instock","10":"shipping-taxable","11":"purchasable","12":"product-type-simple"},"jetpack_sharing_enabled":true,"_links":{"self":[{"href":"https:\/\/shroomschocolatebars.com\/pt\/wp-json\/wp\/v2\/product\/620","targetHints":{"allow":["GET"]}}],"collection":[{"href":"https:\/\/shroomschocolatebars.com\/pt\/wp-json\/wp\/v2\/product"}],"about":[{"href":"https:\/\/shroomschocolatebars.com\/pt\/wp-json\/wp\/v2\/types\/product"}],"replies":[{"embeddable":true,"href":"https:\/\/shroomschocolatebars.com\/pt\/wp-json\/wp\/v2\/comments?post=620"}],"wp:featuredmedia":[{"embeddable":true,"href":"https:\/\/shroomschocolatebars.com\/pt\/wp-json\/wp\/v2\/media\/1454"}],"wp:attachment":[{"href":"https:\/\/shroomschocolatebars.com\/pt\/wp-json\/wp\/v2\/media?parent=620"}],"wp:term":[{"taxonomy":"product_brand","embeddable":true,"href":"https:\/\/shroomschocolatebars.com\/pt\/wp-json\/wp\/v2\/product_brand?post=620"},{"taxonomy":"product_cat","embeddable":true,"href":"https:\/\/shroomschocolatebars.com\/pt\/wp-json\/wp\/v2\/product_cat?post=620"},{"taxonomy":"product_tag","embeddable":true,"href":"https:\/\/shroomschocolatebars.com\/pt\/wp-json\/wp\/v2\/product_tag?post=620"}],"curies":[{"name":"wp","href":"https:\/\/api.w.org\/{rel}","templated":true}]}}