{"id":608,"date":"2022-03-23T09:42:18","date_gmt":"2022-03-23T09:42:18","guid":{"rendered":"https:\/\/shroomschocolatebars.com\/?post_type=product&#038;p=608"},"modified":"2024-09-01T01:05:02","modified_gmt":"2024-09-01T01:05:02","slug":"where-to-buy-enoki-mushrooms-2","status":"publish","type":"product","link":"https:\/\/shroomschocolatebars.com\/pt\/product\/cambodian-magic-mushrooms\/","title":{"rendered":"Cogumelos M\u00e1gicos Cambodjanos"},"content":{"rendered":"<h3><strong>Comprar cogumelos m\u00e1gicos do Camboja<\/strong><\/h3>\n<p>Welcome to your gateway to exploring the extraordinary and mystical effects of Cambodian Magic Mushrooms. Whether you&#8217;re a seasoned psychonaut or a curious explorer, buying Cambodian Magic Mushrooms can offer a unique and enriching experience. Known for their vibrant effects and potent qualities, these mushrooms are sought after by enthusiasts around the globe. This guide provides you with everything you need to know about Cambodian Magic Mushrooms, from their origins and benefits to where and how you can purchase them safely and legally.<\/p>\n<h4><strong>O que s\u00e3o os cogumelos m\u00e1gicos do Camboja?<\/strong><\/h4>\n<p>Cogumelos m\u00e1gicos do Camboja, cientificamente classificados como <em>Psilocibo cubensis<\/em>Os cogumelos da fam\u00edlia das plantas, conhecidos pelos seus efeitos not\u00e1veis e pela sua hist\u00f3ria rica. Origin\u00e1rios das terras f\u00e9rteis do Camboja, estes cogumelos s\u00e3o utilizados h\u00e1 s\u00e9culos em cerim\u00f3nias tradicionais e pr\u00e1ticas espirituais. S\u00e3o c\u00e9lebres pelas suas potentes propriedades psicoactivas e s\u00e3o frequentemente procurados por aqueles que procuram percep\u00e7\u00f5es pessoais profundas ou uma maior sensa\u00e7\u00e3o de liga\u00e7\u00e3o.<\/p>\n<h4><strong>Os benef\u00edcios \u00fanicos dos cogumelos m\u00e1gicos do Camboja<\/strong><\/h4>\n<ol>\n<li><strong>Aumento da criatividade e da perspic\u00e1cia<\/strong>: Muitos utilizadores relatam ter sentido um aumento da criatividade e da clareza mental. As alucina\u00e7\u00f5es visuais e auditivas frequentemente experimentadas podem levar a ideias inovadoras e a uma compreens\u00e3o mais profunda de conceitos pessoais e universais.<\/li>\n<li><strong>Cura emocional<\/strong>: Os cogumelos m\u00e1gicos do Camboja podem facilitar a cura emocional, permitindo aos utilizadores confrontar e processar emo\u00e7\u00f5es profundas. Isto pode ser particularmente ben\u00e9fico para quem procura resolver traumas passados ou problemas psicol\u00f3gicos actuais.<\/li>\n<li><strong>Crescimento espiritual<\/strong>: A viagem psicad\u00e9lica oferecida pelos cogumelos m\u00e1gicos do Camboja conduz frequentemente a experi\u00eancias espirituais profundas. Os utilizadores descrevem frequentemente um sentimento de unidade com o universo e uma consci\u00eancia expandida que pode contribuir para o crescimento pessoal e a ilumina\u00e7\u00e3o.<\/li>\n<li><strong>Perce\u00e7\u00e3o sensorial melhorada<\/strong>: Os cogumelos s\u00e3o conhecidos por aumentarem as percep\u00e7\u00f5es sensoriais, tornando as cores mais vivas e os sons mais profundos. Esta melhoria sensorial pode levar a uma experi\u00eancia mais imersiva e envolvente.<\/li>\n<\/ol>\n<h4><strong>Porqu\u00ea escolher os cogumelos m\u00e1gicos do Camboja?<\/strong><\/h4>\n<p><strong>1. Pot\u00eancia comprovada:<\/strong> Os cogumelos m\u00e1gicos do Camboja s\u00e3o famosos pela sua pot\u00eancia e efic\u00e1cia. Os utilizadores relatam constantemente experi\u00eancias fortes e v\u00edvidas, o que os torna uma escolha popular entre os psiconautas experientes.<\/p>\n<p><strong>2. Ricos antecedentes hist\u00f3ricos:<\/strong> With a heritage rooted in ancient Cambodian traditions, these mushrooms offer more than just a psychedelic experience\u2014they provide a connection to a rich cultural history.<\/p>\n<p><strong>3. Qualidade consistente:<\/strong> Provenientes de regi\u00f5es bem estabelecidas, os cogumelos m\u00e1gicos do Camboja s\u00e3o conhecidos pela sua alta qualidade e efeitos consistentes, garantindo uma experi\u00eancia fi\u00e1vel em cada utiliza\u00e7\u00e3o.<\/p>\n<h3><strong>Porqu\u00ea escolher-nos?<\/strong><\/h3>\n<p>Na shroomschocolatebars, orgulhamo-nos de fornecer apenas os melhores cogumelos m\u00e1gicos Penis Envy. O nosso compromisso com a qualidade e a satisfa\u00e7\u00e3o do cliente distingue-nos. N\u00f3s oferecemos:<\/p>\n<ul>\n<li><strong>Transpar\u00eancia:<\/strong>\u00a0Full details about our cultivation process and third-party testing results ensure you know exactly what you\u2019re getting.<\/li>\n<li><strong><a href=\"https:\/\/shroomschocolatebars.com\/pt\/politica-de-envio\/\">Expedi\u00e7\u00e3o discreta<\/a>:<\/strong>\u00a0Damos prioridade \u00e0 sua privacidade com embalagens discretas e m\u00e9todos de envio seguros.<\/li>\n<li><strong><a href=\"https:\/\/shroomschocolatebars.com\/pt\/contactar-nos\/\">Apoio ao cliente<\/a>:<\/strong>\u00a0A nossa equipa de apoio ao cliente, experiente e simp\u00e1tica, est\u00e1 aqui para o ajudar com quaisquer quest\u00f5es ou preocupa\u00e7\u00f5es.<\/li>\n<\/ul>\n<h4><strong>Como comprar cogumelos m\u00e1gicos do Camboja de forma segura e legal<\/strong><\/h4>\n<p>When purchasing Cambodian Magic Mushrooms, it&#8217;s essential to prioritize safety and legality. Here are some tips to ensure you make a safe and informed purchase:<\/p>\n<ol>\n<li><strong>Escolha fontes respeit\u00e1veis:<\/strong> Compre a fornecedores de confian\u00e7a com uma s\u00f3lida reputa\u00e7\u00e3o de qualidade e seguran\u00e7a. Procure opini\u00f5es e coment\u00e1rios de outros clientes para avaliar a fiabilidade da fonte.<\/li>\n<li><strong>Verificar o estatuto jur\u00eddico:<\/strong> Ensure that the purchase and use of Cambodian Magic Mushrooms are legal in your jurisdiction. Laws vary widely, so it&#8217;s crucial to be aware of local regulations.<\/li>\n<li><strong>Verificar a qualidade:<\/strong> Look for sources that provide detailed information about the mushrooms&#8217; cultivation and quality control practices. High-quality Cambodian Magic Mushrooms should be fresh, properly stored, and free from contaminants.<\/li>\n<li><strong>Compreender a dosagem:<\/strong> Familiarize yourself with recommended dosages and effects. Overconsumption can lead to unpleasant experiences, so it&#8217;s essential to start with a lower dose and adjust as needed.<\/li>\n<li><strong>Dar prioridade \u00e0 discri\u00e7\u00e3o:<\/strong> If you&#8217;re concerned about privacy, look for vendors that offer discreet packaging and delivery options.<\/li>\n<\/ol>\n<h4><strong>Onde comprar cogumelos m\u00e1gicos do Camboja<\/strong><\/h4>\n<p>V\u00e1rias plataformas em linha s\u00e3o especializadas na venda de cogumelos m\u00e1gicos do Camboja. Ao selecionar um vendedor, considere o seguinte:<\/p>\n<ul>\n<li><strong>Dispens\u00e1rios online de confian\u00e7a:<\/strong> Muitos dispens\u00e1rios online oferecem uma vasta gama de cogumelos m\u00e1gicos, incluindo variedades cambojanas. Certifique-se de que o dispens\u00e1rio \u00e9 respeit\u00e1vel e tem cr\u00edticas positivas dos clientes.<\/li>\n<li><strong>Lojas especializadas:<\/strong> Algumas lojas concentram-se exclusivamente em produtos psicad\u00e9licos e podem oferecer uma sele\u00e7\u00e3o selecionada de Cogumelos M\u00e1gicos do Camboja. Estas lojas fornecem frequentemente descri\u00e7\u00f5es detalhadas dos produtos e apoio ao cliente.<\/li>\n<li><strong>Fontes locais:<\/strong> Dependendo da tua localiza\u00e7\u00e3o, podes encontrar fontes locais para os Cogumelos M\u00e1gicos do Camboja. No entanto, certifica-te de que essas fontes s\u00e3o legais e fi\u00e1veis.<\/li>\n<\/ul>\n<h4><strong>Coment\u00e1rios e testemunhos de clientes<\/strong><\/h4>\n<p>As opini\u00f5es dos clientes podem oferecer informa\u00e7\u00f5es valiosas sobre a qualidade e os efeitos dos Cogumelos M\u00e1gicos do Camboja. Procure o feedback de outros utilizadores para compreender as suas experi\u00eancias e avaliar a fiabilidade dos diferentes fornecedores. As opini\u00f5es positivas destacam frequentemente a pot\u00eancia, a fiabilidade e a satisfa\u00e7\u00e3o geral com o produto.<\/p>\n<h4><strong>Conclus\u00e3o<\/strong><\/h4>\n<p>Comprar cogumelos m\u00e1gicos do Camboja pode ser uma viagem emocionante e transformadora. Com os seus efeitos potentes, a sua hist\u00f3ria rica e o seu potencial de crescimento pessoal, estes cogumelos oferecem uma experi\u00eancia \u00fanica a quem estiver disposto a explorar as suas profundezas. Ao seguir as diretrizes para uma compra segura e legal, pode garantir uma aventura gratificante e esclarecedora.<\/p>","protected":false},"excerpt":{"rendered":"<p><strong>Comprar os melhores cogumelos m\u00e1gicos do Camboja<\/strong><\/p>\n<p><strong><u>Compre mais, poupe mais:<\/u><\/strong><\/p>\n<ul>\n<li>28 gramas = $170<\/li>\n<\/ul>\n<p><strong>Detalhes de envio<\/strong>:<\/p>\n<ul>\n<li>Envio Expedito Gratuito<\/li>\n<li>Enviamos para todo o mundo com um n\u00famero de rastreio fornecido<\/li>\n<li>Embalagem discreta e selada a v\u00e1cuo para a sua privacidade<\/li>\n<\/ul>","protected":false},"featured_media":932,"comment_status":"open","ping_status":"closed","template":"","meta":[],"product_brand":[],"product_cat":[45],"product_tag":[],"class_list":{"0":"post-608","1":"product","2":"type-product","3":"status-publish","4":"has-post-thumbnail","6":"product_cat-magic-mushroom","8":"first","9":"instock","10":"shipping-taxable","11":"purchasable","12":"product-type-simple"},"jetpack_sharing_enabled":true,"_links":{"self":[{"href":"https:\/\/shroomschocolatebars.com\/pt\/wp-json\/wp\/v2\/product\/608","targetHints":{"allow":["GET"]}}],"collection":[{"href":"https:\/\/shroomschocolatebars.com\/pt\/wp-json\/wp\/v2\/product"}],"about":[{"href":"https:\/\/shroomschocolatebars.com\/pt\/wp-json\/wp\/v2\/types\/product"}],"replies":[{"embeddable":true,"href":"https:\/\/shroomschocolatebars.com\/pt\/wp-json\/wp\/v2\/comments?post=608"}],"wp:featuredmedia":[{"embeddable":true,"href":"https:\/\/shroomschocolatebars.com\/pt\/wp-json\/wp\/v2\/media\/932"}],"wp:attachment":[{"href":"https:\/\/shroomschocolatebars.com\/pt\/wp-json\/wp\/v2\/media?parent=608"}],"wp:term":[{"taxonomy":"product_brand","embeddable":true,"href":"https:\/\/shroomschocolatebars.com\/pt\/wp-json\/wp\/v2\/product_brand?post=608"},{"taxonomy":"product_cat","embeddable":true,"href":"https:\/\/shroomschocolatebars.com\/pt\/wp-json\/wp\/v2\/product_cat?post=608"},{"taxonomy":"product_tag","embeddable":true,"href":"https:\/\/shroomschocolatebars.com\/pt\/wp-json\/wp\/v2\/product_tag?post=608"}],"curies":[{"name":"wp","href":"https:\/\/api.w.org\/{rel}","templated":true}]}}