{"id":602,"date":"2022-03-23T09:29:29","date_gmt":"2022-03-23T09:29:29","guid":{"rendered":"https:\/\/shroomschocolatebars.com\/?post_type=product&#038;p=602"},"modified":"2024-09-01T01:05:07","modified_gmt":"2024-09-01T01:05:07","slug":"magic-mushroom-kit","status":"publish","type":"product","link":"https:\/\/shroomschocolatebars.com\/pt\/product\/dino-egg-magic-mushrooms\/","title":{"rendered":"Cogumelos m\u00e1gicos Dino Egg"},"content":{"rendered":"<h2><strong>Comprar Dino Egg Magic Mushrooms<\/strong><\/h2>\n<p>Descubra os efeitos potentes e \u00fanicos dos cogumelos m\u00e1gicos Dino Egg, uma variedade rara e muito procurada, conhecida pela sua pot\u00eancia excecional e caracter\u00edsticas intrigantes. Perfeitos para psiconautas que procuram uma experi\u00eancia poderosa e imersiva, estes cogumelos m\u00e1gicos oferecem uma mistura de visuais intensos e introspe\u00e7\u00e3o profunda, tornando-os uma escolha de topo para utilizadores experientes.<\/p>\n<h4><strong>Caracter\u00edsticas principais do Dino Egg Magic Mushrooms<\/strong><\/h4>\n<ol>\n<li><strong>Pot\u00eancia excecional<\/strong>: Conhecidos pelo seu elevado teor de psilocibina, os cogumelos m\u00e1gicos Dino Egg proporcionam uma experi\u00eancia psicad\u00e9lica potente e transformadora, adequada para utilizadores experientes.<\/li>\n<li><strong>Aspeto \u00fanico<\/strong>: Characterized by their dense, rounded caps and robust stems, these mushrooms resemble the mythical &#8216;Dino Eggs,&#8217; making them a visually intriguing choice.<\/li>\n<li><strong>Efeitos profundos<\/strong>: Os utilizadores relatam frequentemente alucina\u00e7\u00f5es visuais v\u00edvidas, percep\u00e7\u00f5es emocionais profundas e uma maior sensa\u00e7\u00e3o de liga\u00e7\u00e3o ao universo, o que os torna perfeitos para viagens espirituais e experi\u00eancias introspectivas.<\/li>\n<li><strong>Patrim\u00f3nio rico<\/strong>: Sendo uma variedade rara, os cogumelos m\u00e1gicos Dino Egg oferecem uma experi\u00eancia \u00fanica e poderosa, enraizada na rica hist\u00f3ria da explora\u00e7\u00e3o psicad\u00e9lica.<\/li>\n<\/ol>\n<h4><strong>Benef\u00edcios dos cogumelos m\u00e1gicos Dino Egg<\/strong><\/h4>\n<ul>\n<li><strong>Criatividade refor\u00e7ada<\/strong>: Experimente um aumento do pensamento criativo e da capacidade de resolu\u00e7\u00e3o de problemas, ideal para actividades art\u00edsticas e intelectuais.<\/li>\n<li><strong>Perce\u00e7\u00e3o emocional<\/strong>: Os efeitos profundos podem levar a percep\u00e7\u00f5es pessoais significativas e a descobertas emocionais, promovendo a cura e a auto-consci\u00eancia.<\/li>\n<li><strong>Explora\u00e7\u00e3o espiritual<\/strong>: Muitos utilizadores relatam uma profunda sensa\u00e7\u00e3o de liga\u00e7\u00e3o e unidade com o universo, o que o torna perfeito para viagens espirituais e experi\u00eancias introspectivas.<\/li>\n<li><strong>Melhoria do humor<\/strong>: Os efeitos edificantes podem ajudar a aliviar os sintomas de depress\u00e3o e ansiedade, promovendo uma sensa\u00e7\u00e3o de bem-estar e positividade.<\/li>\n<\/ul>\n<h4><strong>Dicas de utiliza\u00e7\u00e3o para uma experi\u00eancia \u00f3ptima<\/strong><\/h4>\n<ol>\n<li><strong>Come\u00e7ar devagar, ir devagar<\/strong>: Comece com uma pequena dose para avaliar a sua toler\u00e2ncia e aumente gradualmente conforme necess\u00e1rio para obter os efeitos desejados.<\/li>\n<li><strong>Definir e definir<\/strong>: Assegurar que se encontra num ambiente seguro e confort\u00e1vel, com a mentalidade certa para maximizar a sua experi\u00eancia.<\/li>\n<li><strong>Mantenha-se hidratado<\/strong>: Mantenha \u00e1gua por perto para se manter hidratado durante toda a viagem.<\/li>\n<li><strong>Misturar e saborear<\/strong>: Incorporar facilmente os cogumelos em ch\u00e1s ou refei\u00e7\u00f5es para uma experi\u00eancia de consumo perfeita e agrad\u00e1vel.<\/li>\n<\/ol>\n<h3><strong>Porqu\u00ea escolher-nos?<\/strong><\/h3>\n<p>Em <a href=\"https:\/\/shroomschocolatebars.com\/pt\/\">shroomschocolatebars<\/a>A nossa empresa, a Penis Envy Magic Mushrooms, orgulha-se de fornecer apenas os melhores cogumelos m\u00e1gicos Penis Envy. O nosso compromisso com a qualidade e a satisfa\u00e7\u00e3o do cliente distingue-nos. N\u00f3s oferecemos:<\/p>\n<ul>\n<li><strong>Transpar\u00eancia:<\/strong>\u00a0Full details about our cultivation process and third-party testing results ensure you know exactly what you\u2019re getting.<\/li>\n<li><strong><a href=\"https:\/\/shroomschocolatebars.com\/pt\/politica-de-envio\/\">Expedi\u00e7\u00e3o discreta<\/a>:<\/strong>\u00a0Damos prioridade \u00e0 sua privacidade com embalagens discretas e m\u00e9todos de envio seguros.<\/li>\n<li><strong><a href=\"https:\/\/shroomschocolatebars.com\/pt\/contactar-nos\/\">Apoio ao cliente<\/a>:<\/strong> A nossa equipa de apoio ao cliente, experiente e simp\u00e1tica, est\u00e1 aqui para o ajudar com quaisquer quest\u00f5es ou preocupa\u00e7\u00f5es.<\/li>\n<\/ul>\n<h4><strong><br \/>\nN\u00edveis de dosagem recomendados<\/strong><\/h4>\n<ul>\n<li><strong>Microdose (0.2\u20130.5 g)<\/strong>: Melhoria da criatividade e do fluxo de pensamento.<\/li>\n<li><strong>Dose baixa (0,8-1g)<\/strong>: Semelhante \u00e0 erva daninha, com \u00eanfase no aspeto visual, com uma dura\u00e7\u00e3o de cerca de 3 horas.<\/li>\n<li><strong>Dose moderada (1-2g)<\/strong>: Ideal para principiantes, com visuais ligeiros a intensos.<\/li>\n<li><strong>Dose padr\u00e3o (2-3g)<\/strong>: Produz experi\u00eancias psicad\u00e9licas cl\u00e1ssicas com imagens intensas e loops de pensamento.<\/li>\n<li><strong>Dose elevada (3-5g)<\/strong>: Para utilizadores experientes, proporcionando viagens mentais e espirituais profundas.<\/li>\n<li><strong>Dose de her\u00f3i (7-10g ou mais)<\/strong>: N\u00e3o recomendado devido ao risco de morte do ego e de crise existencial, mas capaz de uma vida profunda.<\/li>\n<\/ul>\n<h4><strong>Coment\u00e1rios de utilizadores<\/strong><\/h4>\n<ul>\n<li><strong>Rodrigo Jimenez<\/strong>: \u201cWhat an experience!!!!! 1.5g of Mushroom Tea had me on a spiritual trip, Loved it!\u201d<\/li>\n<li><strong>McGregor<\/strong>: \u201cThis is an absolute must for anyone looking to experience a strong mushroom strain. After trying it, I could feel the effects almost immediately and they lasted for hours!\u201d<\/li>\n<li><strong>Carlos Stanley<\/strong>: \u201cI\u2019ve been dealing with chronic fatigue for years, and it was taking a toll on my quality of life. Since incorporating magic mushrooms into my routine, I\u2019ve experienced a noticeable increase in energy and vitality.\u201d<\/li>\n<\/ul>\n<h4><strong>Comprar Dino Egg Magic Mushrooms Online<\/strong><\/h4>\n<p>Eleva a tua viagem psicad\u00e9lica com os cogumelos m\u00e1gicos Dino Egg, que oferecem uma experi\u00eancia potente, \u00fanica e transformadora. Perfeito para utilizadores experientes que procuram uma viagem poderosa e introspectiva. Experimenta o extraordin\u00e1rio e desbloqueia novos dom\u00ednios da consci\u00eancia com os cogumelos m\u00e1gicos Dino Egg. Embarca hoje na tua aventura psicad\u00e9lica.<\/p>\n<p>Para mais informa\u00e7\u00f5es e para comprar, visite o nosso <a href=\"https:\/\/shroomschocolatebars.com\/pt\/loja\/\">loja<\/a><\/p>","protected":false},"excerpt":{"rendered":"<p><strong>Comprar os melhores Dino Egg Magic Mushrooms<\/strong><\/p>\n<p><strong><u>Compre mais, poupe mais:<\/u><\/strong><\/p>\n<ul>\n<li>28 gramas = $170<\/li>\n<\/ul>\n<p><strong>Detalhes de envio<\/strong>:<\/p>\n<ul>\n<li>Envio Expedito Gratuito<\/li>\n<li>Enviamos para todo o mundo com um n\u00famero de rastreio fornecido<\/li>\n<li>Embalagem discreta e selada a v\u00e1cuo para a sua privacidade<\/li>\n<\/ul>","protected":false},"featured_media":1138,"comment_status":"open","ping_status":"closed","template":"","meta":[],"product_brand":[],"product_cat":[45],"product_tag":[],"class_list":{"0":"post-602","1":"product","2":"type-product","3":"status-publish","4":"has-post-thumbnail","6":"product_cat-magic-mushroom","8":"first","9":"outofstock","10":"shipping-taxable","11":"product-type-variable"},"jetpack_sharing_enabled":true,"_links":{"self":[{"href":"https:\/\/shroomschocolatebars.com\/pt\/wp-json\/wp\/v2\/product\/602","targetHints":{"allow":["GET"]}}],"collection":[{"href":"https:\/\/shroomschocolatebars.com\/pt\/wp-json\/wp\/v2\/product"}],"about":[{"href":"https:\/\/shroomschocolatebars.com\/pt\/wp-json\/wp\/v2\/types\/product"}],"replies":[{"embeddable":true,"href":"https:\/\/shroomschocolatebars.com\/pt\/wp-json\/wp\/v2\/comments?post=602"}],"wp:featuredmedia":[{"embeddable":true,"href":"https:\/\/shroomschocolatebars.com\/pt\/wp-json\/wp\/v2\/media\/1138"}],"wp:attachment":[{"href":"https:\/\/shroomschocolatebars.com\/pt\/wp-json\/wp\/v2\/media?parent=602"}],"wp:term":[{"taxonomy":"product_brand","embeddable":true,"href":"https:\/\/shroomschocolatebars.com\/pt\/wp-json\/wp\/v2\/product_brand?post=602"},{"taxonomy":"product_cat","embeddable":true,"href":"https:\/\/shroomschocolatebars.com\/pt\/wp-json\/wp\/v2\/product_cat?post=602"},{"taxonomy":"product_tag","embeddable":true,"href":"https:\/\/shroomschocolatebars.com\/pt\/wp-json\/wp\/v2\/product_tag?post=602"}],"curies":[{"name":"wp","href":"https:\/\/api.w.org\/{rel}","templated":true}]}}