{"id":596,"date":"2022-03-23T09:07:17","date_gmt":"2022-03-23T09:07:17","guid":{"rendered":"https:\/\/shroomschocolatebars.com\/?post_type=product&#038;p=596"},"modified":"2024-09-01T01:05:08","modified_gmt":"2024-09-01T01:05:08","slug":"cogumelos-para-venda-2","status":"publish","type":"product","link":"https:\/\/shroomschocolatebars.com\/pt\/product\/burmese-magic-mushrooms\/","title":{"rendered":"Cogumelos M\u00e1gicos Birmaneses"},"content":{"rendered":"<h2><strong>Comprar Cogumelos M\u00e1gicos Birmaneses Online<\/strong><\/h2>\n<p>Bem-vindo ao destino final para comprar cogumelos m\u00e1gicos birmaneses, conhecidos pela sua pot\u00eancia excecional e efeitos \u00fanicos. O nosso guia completo fornecer-te-\u00e1 toda a informa\u00e7\u00e3o de que precisas para fazeres uma compra informada, garantindo uma experi\u00eancia memor\u00e1vel e segura.<\/p>\n<h3><strong>O que s\u00e3o os cogumelos m\u00e1gicos birmaneses?<\/strong><\/h3>\n<p>Os cogumelos m\u00e1gicos birmaneses pertencem \u00e0 esp\u00e9cie Psilocybe Cubensis, um dos tipos de cogumelos m\u00e1gicos mais populares e mais consumidos. Esta variedade foi originalmente descoberta por John W. Allen, um etnomic\u00f3logo amador, na Birm\u00e2nia (atualmente Myanmar). Estes cogumelos s\u00e3o conhecidos pelo seu crescimento r\u00e1pido e alta pot\u00eancia, o que os torna os favoritos dos psiconautas novatos e experientes.<\/p>\n<h4><strong>Porqu\u00ea escolher os cogumelos m\u00e1gicos birmaneses?<\/strong><\/h4>\n<ol>\n<li><strong>Alta pot\u00eancia<\/strong>: Os cogumelos m\u00e1gicos birmaneses s\u00e3o famosos pela sua pot\u00eancia acima da m\u00e9dia. T\u00eam fortes efeitos psicoactivos que podem proporcionar uma experi\u00eancia profunda e introspectiva.<\/li>\n<li><strong>Efeitos visuais e mentais<\/strong>: Os utilizadores relatam intensas melhorias visuais, euforia e introspe\u00e7\u00e3o profunda. A experi\u00eancia pode variar consoante a dosagem e a toler\u00e2ncia individual, mas normalmente inclui um maior apre\u00e7o pela m\u00fasica e pela arte, bem como uma sensa\u00e7\u00e3o de liga\u00e7\u00e3o \u00e0 natureza.<\/li>\n<li><strong>Versatilidade<\/strong>: Quer esteja \u00e0 procura de uma viagem suave ou de uma viagem mais intensa, os cogumelos m\u00e1gicos birmaneses podem ser doseados de acordo com a sua prefer\u00eancia.<\/li>\n<\/ol>\n<h4><strong>M\u00e9todos de consumo<\/strong><\/h4>\n<ol>\n<li><strong>Mastiga\u00e7\u00e3o e degluti\u00e7\u00e3o<\/strong>: O m\u00e9todo mais simples. Mastiga bem os cogumelos para que todos os compostos psicoactivos sejam libertados e absorvidos. Os efeitos come\u00e7am normalmente dentro de 45 minutos.<\/li>\n<li><strong>Ch\u00e1 de Cogumelos M\u00e1gicos<\/strong>: Este m\u00e9todo ajuda a disfar\u00e7ar o sabor a terra dos cogumelos. Pique ou esmague os cogumelos, mergulhe-os em \u00e1gua quente durante 10-15 minutos, coe e desfrute.<\/li>\n<li><strong>Mistura com alimentos<\/strong>: Incorporar cogumelos mo\u00eddos nos seus alimentos favoritos, como batidos ou chocolate, para tornar o consumo mais saboroso.<\/li>\n<\/ol>\n<h4><strong>Recomenda\u00e7\u00f5es de dosagem<\/strong><\/h4>\n<ul>\n<li><strong>Microdose (0,1-0,3 gramas)<\/strong>: Efeitos sub-perceptivos que podem aumentar a criatividade e reduzir a ansiedade sem efeitos psicad\u00e9licos percept\u00edveis.<\/li>\n<li><strong>Dose de Museu (0,5-1,5 gramas)<\/strong>: Efeitos psicoactivos ligeiros, adequados para uma experi\u00eancia leve e f\u00e1cil de gerir.<\/li>\n<li><strong>Dose moderada (2-3,5 gramas)<\/strong>: Proporciona uma experi\u00eancia psicad\u00e9lica completa com melhorias visuais e auditivas significativas.<\/li>\n<li><strong>Dose elevada (4 gramas e mais)<\/strong>: Experi\u00eancias intensas e profundas, recomendadas apenas para utilizadores experientes.<\/li>\n<\/ul>\n<h3><strong>Porqu\u00ea escolher-nos?<\/strong><\/h3>\n<p>Na shroomschocolatebars, orgulhamo-nos de fornecer apenas os melhores cogumelos m\u00e1gicos Penis Envy. O nosso compromisso com a qualidade e a satisfa\u00e7\u00e3o do cliente distingue-nos. N\u00f3s oferecemos:<\/p>\n<ul>\n<li><strong>Transpar\u00eancia:<\/strong>\u00a0Full details about our cultivation process and third-party testing results ensure you know exactly what you\u2019re getting.<\/li>\n<li><strong><a href=\"https:\/\/shroomschocolatebars.com\/pt\/politica-de-envio\/\">Expedi\u00e7\u00e3o discreta<\/a>:<\/strong>\u00a0Damos prioridade \u00e0 sua privacidade com embalagens discretas e m\u00e9todos de envio seguros.<\/li>\n<li><strong><a href=\"https:\/\/shroomschocolatebars.com\/pt\/contactar-nos\/\">Apoio ao cliente<\/a>:<\/strong>\u00a0A nossa equipa de apoio ao cliente, experiente e simp\u00e1tica, est\u00e1 aqui para o ajudar com quaisquer quest\u00f5es ou preocupa\u00e7\u00f5es.<\/li>\n<\/ul>\n<h3><strong>Coment\u00e1rios de clientes<\/strong><\/h3>\n<p>Os nossos clientes elogiam a qualidade consistente e os efeitos potentes dos nossos cogumelos m\u00e1gicos birmaneses. Aqui est\u00e3o alguns testemunhos:<\/p>\n<ul>\n<li>&#8220;A truly enlightening experience! The visuals were incredible, and I felt a deep connection with nature.&#8221; &#8211; Alex P.<\/li>\n<li>&#8220;Perfect for a weekend trip. The effects were strong but manageable, and the shipping was super fast!&#8221; &#8211; Jamie L.<\/li>\n<\/ul>\n<h3><strong>Produtos relacionados<\/strong><\/h3>\n<p>Se gostaste dos Cogumelos M\u00e1gicos da Birm\u00e2nia, tamb\u00e9m podes gostar:<\/p>\n<ul>\n<li><strong>Cogumelos M\u00e1gicos Golden Teacher<\/strong>S\u00e3o conhecidos pelos seus efeitos equilibrados e experi\u00eancias espirituais.<\/li>\n<li><strong>Cogumelos M\u00e1gicos da Amaz\u00f3nia<\/strong>: Famosos pelas suas potentes alucina\u00e7\u00f5es visuais e auditivas.<\/li>\n<\/ul>\n<h3><strong>Conclus\u00e3o<\/strong><\/h3>\n<p>Burmese Magic Mushrooms offer a potent and profound psychedelic experience. Whether you&#8217;re a first-timer or an experienced psychonaut, these mushrooms can provide a memorable journey into the depths of your consciousness. Purchase your Burmese Magic Mushrooms from our trusted online store and embark on a transformative adventure.<\/p>","protected":false},"excerpt":{"rendered":"<p><strong>Comprar os melhores cogumelos m\u00e1gicos birmaneses<\/strong><\/p>\n<p><strong><u>Compre mais, poupe mais:<\/u><\/strong><\/p>\n<ul>\n<li>28 gramas = $170<\/li>\n<\/ul>\n<p><strong>Detalhes de envio<\/strong>:<\/p>\n<ul>\n<li>Envio Expedito Gratuito<\/li>\n<li>Enviamos para todo o mundo com um n\u00famero de rastreio fornecido<\/li>\n<li>Embalagem discreta e selada a v\u00e1cuo para a sua privacidade<\/li>\n<\/ul>","protected":false},"featured_media":1132,"comment_status":"open","ping_status":"closed","template":"","meta":[],"product_brand":[],"product_cat":[45],"product_tag":[],"class_list":{"0":"post-596","1":"product","2":"type-product","3":"status-publish","4":"has-post-thumbnail","6":"product_cat-magic-mushroom","8":"first","9":"instock","10":"shipping-taxable","11":"purchasable","12":"product-type-simple"},"jetpack_sharing_enabled":true,"_links":{"self":[{"href":"https:\/\/shroomschocolatebars.com\/pt\/wp-json\/wp\/v2\/product\/596","targetHints":{"allow":["GET"]}}],"collection":[{"href":"https:\/\/shroomschocolatebars.com\/pt\/wp-json\/wp\/v2\/product"}],"about":[{"href":"https:\/\/shroomschocolatebars.com\/pt\/wp-json\/wp\/v2\/types\/product"}],"replies":[{"embeddable":true,"href":"https:\/\/shroomschocolatebars.com\/pt\/wp-json\/wp\/v2\/comments?post=596"}],"wp:featuredmedia":[{"embeddable":true,"href":"https:\/\/shroomschocolatebars.com\/pt\/wp-json\/wp\/v2\/media\/1132"}],"wp:attachment":[{"href":"https:\/\/shroomschocolatebars.com\/pt\/wp-json\/wp\/v2\/media?parent=596"}],"wp:term":[{"taxonomy":"product_brand","embeddable":true,"href":"https:\/\/shroomschocolatebars.com\/pt\/wp-json\/wp\/v2\/product_brand?post=596"},{"taxonomy":"product_cat","embeddable":true,"href":"https:\/\/shroomschocolatebars.com\/pt\/wp-json\/wp\/v2\/product_cat?post=596"},{"taxonomy":"product_tag","embeddable":true,"href":"https:\/\/shroomschocolatebars.com\/pt\/wp-json\/wp\/v2\/product_tag?post=596"}],"curies":[{"name":"wp","href":"https:\/\/api.w.org\/{rel}","templated":true}]}}