{"id":562,"date":"2022-03-22T18:29:47","date_gmt":"2022-03-22T18:29:47","guid":{"rendered":"https:\/\/shroomschocolatebars.com\/?post_type=product&#038;p=562"},"modified":"2024-09-01T01:05:14","modified_gmt":"2024-09-01T01:05:14","slug":"cogumelos-magicos-de-magnolia-azul","status":"publish","type":"product","link":"https:\/\/shroomschocolatebars.com\/pt\/product\/blue-magnolia-magic-mushrooms\/","title":{"rendered":"Cogumelos m\u00e1gicos Blue Magnolia"},"content":{"rendered":"<h2><strong>Comprar Cogumelos M\u00e1gicos Blue Magnolia Online<\/strong><\/h2>\n<p>Bem-vindo \u00e0 nossa sele\u00e7\u00e3o exclusiva de cogumelos m\u00e1gicos Blue Magnolia, uma variedade rara e muito procurada, conhecida pelos seus efeitos potentes e apelo visual \u00fanico. Quer sejas um psiconauta experiente ou estejas a explorar o mundo dos cogumelos m\u00e1gicos pela primeira vez, a Blue Magnolia promete uma viagem de ilumina\u00e7\u00e3o, criatividade e introspe\u00e7\u00e3o profunda.<\/p>\n<h3><strong>O que s\u00e3o os cogumelos m\u00e1gicos Blue Magnolia?<\/strong><\/h3>\n<p>Os cogumelos m\u00e1gicos Blue Magnolia, cientificamente conhecidos como <strong>Psilocibo Cubensis<\/strong>s\u00e3o uma variedade mais recente e extremamente potente desenvolvida a partir de amostras selvagens do Mississippi recolhidas em 2011 pelos micologistas Doc e Mycotek. Estes cogumelos distinguem-se pelas suas tampas azuladas com manchas de ferrugem e caules grossos, oferecendo uma experi\u00eancia visual e sensorial \u00fanica.<\/p>\n<h3><strong>Caracter\u00edsticas principais:<\/strong><\/h3>\n<ul>\n<li><strong>Estirpe:<\/strong> Magn\u00f3lia Azul<\/li>\n<li><strong>Pot\u00eancia:<\/strong> Alta, compar\u00e1vel \u00e0 famosa variedade Penis Envy<\/li>\n<li><strong>Efeitos:<\/strong> Imagens vivas, sentidos agu\u00e7ados, experi\u00eancias espirituais e introspectivas<\/li>\n<li><strong>Forma:<\/strong> C\u00e1psulas e caules secos de qualidade superior<\/li>\n<\/ul>\n<h3><strong>Efeitos dos Cogumelos M\u00e1gicos Blue Magnolia<\/strong><\/h3>\n<p>Os cogumelos m\u00e1gicos Blue Magnolia s\u00e3o conhecidos pelos seus fortes efeitos psicoactivos. Os utilizadores relatam frequentemente alucina\u00e7\u00f5es visuais v\u00edvidas, perce\u00e7\u00e3o sensorial melhorada e profundas percep\u00e7\u00f5es espirituais. Os efeitos podem variar consoante a dosagem:<\/p>\n<ul>\n<li><strong>Microdose (0,2-0,5 g):<\/strong> Melhoria subtil do humor, aumento da criatividade e produtividade sem alucina\u00e7\u00f5es.<\/li>\n<li><strong>Dose baixa (0,5-1,0g):<\/strong> Altera\u00e7\u00f5es visuais e sensoriais ligeiras, ideais para ambientes sociais e actividades criativas.<\/li>\n<li><strong>Dose m\u00e9dia (1,0-2,0g):<\/strong> Visuais fortes, euforia, introspe\u00e7\u00e3o profunda e uma sensa\u00e7\u00e3o de liga\u00e7\u00e3o.<\/li>\n<li><strong>High Dose (2.5\u20135.0 g):<\/strong> Alucina\u00e7\u00f5es intensas, possibilidade de morte do ego e experi\u00eancias espirituais profundas.<\/li>\n<\/ul>\n<h3><strong>Porqu\u00ea escolher Blue Magnolia Magic Mushrooms?<\/strong><\/h3>\n<ol>\n<li><strong>Alta pot\u00eancia:<\/strong> A Blue Magnolia \u00e9 conhecida pelos seus efeitos fortes, o que a torna uma das favoritas entre os utilizadores experientes que procuram uma poderosa viagem psicad\u00e9lica.<\/li>\n<li><strong>Benef\u00edcios terap\u00eauticos:<\/strong> Os utilizadores relataram al\u00edvio do stress, ansiedade e depress\u00e3o. Estes cogumelos tamb\u00e9m promovem a criatividade e a introspe\u00e7\u00e3o.<\/li>\n<li><strong>Raro e exclusivo:<\/strong> Esta variedade \u00e9 relativamente nova e rara no mercado, oferecendo uma experi\u00eancia \u00fanica aos entusiastas dos cogumelos.<\/li>\n<\/ol>\n<h3><strong>Porqu\u00ea escolher-nos?<\/strong><\/h3>\n<p>Na shroomschocolatebars, orgulhamo-nos de fornecer apenas os melhores cogumelos m\u00e1gicos Penis Envy. O nosso compromisso com a qualidade e a satisfa\u00e7\u00e3o do cliente distingue-nos. N\u00f3s oferecemos:<\/p>\n<ul>\n<li><strong>Transpar\u00eancia:<\/strong>\u00a0Full details about our cultivation process and third-party testing results ensure you know exactly what you\u2019re getting.<\/li>\n<li><strong><a href=\"https:\/\/shroomschocolatebars.com\/pt\/politica-de-envio\/\">Expedi\u00e7\u00e3o discreta<\/a>:<\/strong>\u00a0Damos prioridade \u00e0 sua privacidade com embalagens discretas e m\u00e9todos de envio seguros.<\/li>\n<li><strong><a href=\"https:\/\/shroomschocolatebars.com\/pt\/contactar-nos\/\">Apoio ao cliente<\/a>:<\/strong> A nossa equipa de apoio ao cliente, experiente e simp\u00e1tica, est\u00e1 aqui para o ajudar com quaisquer quest\u00f5es ou preocupa\u00e7\u00f5es.<\/li>\n<\/ul>\n<h3><strong>Directrizes de dosagem<\/strong><\/h3>\n<p>Devido \u00e0 sua elevada pot\u00eancia, \u00e9 essencial come\u00e7ar com uma dose baixa para avaliar a sua toler\u00e2ncia:<\/p>\n<ul>\n<li><strong>Microdose (0,2-0,5 g):<\/strong> Ideal para principiantes que procuram melhorar a sua disposi\u00e7\u00e3o e criatividade sem efeitos intensos.<\/li>\n<li><strong>Dose pequena (0,5-1,0g):<\/strong> Adequado para quem procura efeitos ligeiros a moderados, incluindo melhorias visuais e sensoriais.<\/li>\n<li><strong>Dose m\u00e9dia (1,0-2,0g):<\/strong> Para uma experi\u00eancia psicad\u00e9lica completa com imagens fortes e introspe\u00e7\u00e3o profunda.<\/li>\n<li><strong>Dose forte (2,5-5,0g):<\/strong> Recomendado para utilizadores experientes que procuram uma viagem profunda e potencialmente transformadora.<\/li>\n<\/ul>\n<h3><strong>Compra online segura e protegida<\/strong><\/h3>\n<p>Oferecemos uma experi\u00eancia de compra online conveniente e discreta para Blue Magnolia Magic Mushrooms. Os nossos produtos s\u00e3o testados em laborat\u00f3rio quanto \u00e0 sua qualidade e pot\u00eancia, garantindo que recebe o melhor produto poss\u00edvel. Desfrute de um envio r\u00e1pido e seguro com entrega gratuita para encomendas superiores a $50 no Canad\u00e1.<\/p>\n<h3><strong>Satisfa\u00e7\u00e3o do cliente<\/strong><\/h3>\n<p>Orgulhamo-nos da satisfa\u00e7\u00e3o do cliente e fornecemos orienta\u00e7\u00f5es detalhadas sobre a dosagem e a seguran\u00e7a em cada compra. As nossas embalagens s\u00e3o seladas a v\u00e1cuo para garantir a m\u00e1xima frescura e uma entrega discreta.<\/p>\n<h3><strong>Como comprar cogumelos m\u00e1gicos Blue Magnolia<\/strong><\/h3>\n<p>A compra de cogumelos m\u00e1gicos Blue Magnolia \u00e9 simples e segura. Escolha entre v\u00e1rias quantidades de acordo com as suas necessidades:<\/p>\n<ul>\n<li><strong>3.5g<\/strong><\/li>\n<li><strong>7g<\/strong><\/li>\n<li><strong>14g<\/strong><\/li>\n<li><strong>28g<\/strong><\/li>\n<\/ul>\n<p>Cada compra \u00e9 acompanhada de instru\u00e7\u00f5es de utiliza\u00e7\u00e3o pormenorizadas e de precau\u00e7\u00f5es de seguran\u00e7a para garantir uma experi\u00eancia segura e agrad\u00e1vel.<\/p>\n<h3><strong>Conclus\u00e3o<\/strong><\/h3>\n<p>Delicie-se com a experi\u00eancia \u00fanica e poderosa dos cogumelos m\u00e1gicos Blue Magnolia. Quer estejas a explorar para obteres benef\u00edcios terap\u00eauticos, melhoramento criativo ou uma viagem espiritual profunda, a Blue Magnolia oferece uma op\u00e7\u00e3o vers\u00e1til e potente. Compre agora e eleve a sua experi\u00eancia psicad\u00e9lica com a eleg\u00e2ncia e o discernimento que s\u00f3 a Blue Magnolia pode proporcionar.<\/p>","protected":false},"excerpt":{"rendered":"<p><strong>Comprar os melhores Blue Magnolia Magic Mushrooms<\/strong><\/p>\n<p><strong><u>Compre mais, poupe mais:<\/u><\/strong><\/p>\n<ul>\n<li>28 gramas = $170<\/li>\n<\/ul>\n<p><strong>Detalhes de envio<\/strong>:<\/p>\n<ul>\n<li>Envio Expedito Gratuito<\/li>\n<li>Enviamos para todo o mundo com um n\u00famero de rastreio fornecido<\/li>\n<li>Embalagem discreta e selada a v\u00e1cuo para a sua privacidade<\/li>\n<\/ul>","protected":false},"featured_media":1043,"comment_status":"open","ping_status":"closed","template":"","meta":[],"product_brand":[],"product_cat":[45],"product_tag":[],"class_list":{"0":"post-562","1":"product","2":"type-product","3":"status-publish","4":"has-post-thumbnail","6":"product_cat-magic-mushroom","8":"first","9":"instock","10":"shipping-taxable","11":"purchasable","12":"product-type-simple"},"jetpack_sharing_enabled":true,"_links":{"self":[{"href":"https:\/\/shroomschocolatebars.com\/pt\/wp-json\/wp\/v2\/product\/562","targetHints":{"allow":["GET"]}}],"collection":[{"href":"https:\/\/shroomschocolatebars.com\/pt\/wp-json\/wp\/v2\/product"}],"about":[{"href":"https:\/\/shroomschocolatebars.com\/pt\/wp-json\/wp\/v2\/types\/product"}],"replies":[{"embeddable":true,"href":"https:\/\/shroomschocolatebars.com\/pt\/wp-json\/wp\/v2\/comments?post=562"}],"wp:featuredmedia":[{"embeddable":true,"href":"https:\/\/shroomschocolatebars.com\/pt\/wp-json\/wp\/v2\/media\/1043"}],"wp:attachment":[{"href":"https:\/\/shroomschocolatebars.com\/pt\/wp-json\/wp\/v2\/media?parent=562"}],"wp:term":[{"taxonomy":"product_brand","embeddable":true,"href":"https:\/\/shroomschocolatebars.com\/pt\/wp-json\/wp\/v2\/product_brand?post=562"},{"taxonomy":"product_cat","embeddable":true,"href":"https:\/\/shroomschocolatebars.com\/pt\/wp-json\/wp\/v2\/product_cat?post=562"},{"taxonomy":"product_tag","embeddable":true,"href":"https:\/\/shroomschocolatebars.com\/pt\/wp-json\/wp\/v2\/product_tag?post=562"}],"curies":[{"name":"wp","href":"https:\/\/api.w.org\/{rel}","templated":true}]}}