{"id":556,"date":"2022-03-22T18:09:41","date_gmt":"2022-03-22T18:09:41","guid":{"rendered":"https:\/\/shroomschocolatebars.com\/?post_type=product&#038;p=556"},"modified":"2024-09-01T01:05:15","modified_gmt":"2024-09-01T01:05:15","slug":"cogumelos-magicos-big-mex","status":"publish","type":"product","link":"https:\/\/shroomschocolatebars.com\/pt\/product\/big-mex-magic-mushrooms\/","title":{"rendered":"Grandes Cogumelos M\u00e1gicos Mexicanos"},"content":{"rendered":"<p><strong>Comprar os melhores cogumelos m\u00e1gicos Penis Envy.<\/strong><\/p>\n<p><strong><u>Compre mais, poupe mais:<\/u><\/strong><\/p>\n<ul>\n<li>28 gramas = $170<\/li>\n<\/ul>\n<p><strong>Detalhes de envio<\/strong>:<\/p>\n<ul>\n<li>Envio Expedito Gratuito<\/li>\n<li>Enviamos para todo o mundo com um n\u00famero de rastreio fornecido<\/li>\n<li>Embalagem discreta e selada a v\u00e1cuo para a sua privacidade<\/li>\n<\/ul>\n<p>Bem-vindo ao destino final dos cogumelos m\u00e1gicos Big Mex, tamb\u00e9m conhecidos como Psilocybe Cubensis Mexicana. Reverenciados pelos seus efeitos suaves e equilibrados e pelo seu profundo significado hist\u00f3rico, estes cogumelos s\u00e3o perfeitos tanto para os utilizadores de primeira viagem como para os psiconautas experientes que procuram uma experi\u00eancia fi\u00e1vel e enriquecedora.<\/p>\n<h3><strong>Significado hist\u00f3rico e origens<\/strong><\/h3>\n<p>Big Mex Magic Mushrooms have a rich history, dating back over 2000 years to the ancient Aztecs, who used them for spiritual and religious purposes. The Aztecs referred to these mushrooms as &#8220;teonan\u00e1catl,&#8221; meaning &#8220;flesh of the gods,&#8221; and used them in rituals to communicate with deities and gain profound insights into life and nature\u200b.<\/p>\n<h3><strong>Efeitos e experi\u00eancia<\/strong><\/h3>\n<p>After consuming Big Mex Magic Mushrooms, users typically start to feel the effects within 10\u201340 minutes. The experience can last between 3-6 hours, depending on the dosage. Here&#8217;s what you can expect:<\/p>\n<ol>\n<li><strong>Melhoria do humor<\/strong>: Users often report feelings of euphoria, excitement, and an overall sense of well-being. These mushrooms are known for enhancing moods and bringing about a sense of positivity and joy\u200b.<\/li>\n<li><strong>Melhorias visuais e sensoriais<\/strong>: Depending on the dosage, users may experience mild to intense visual enhancements. Colors may appear more vibrant, objects may seem to breathe, and nature might feel more alive. Music and art are often perceived more profoundly, creating a deeper appreciation and personal connection to them\u200b<span class=\"\" data-state=\"closed\"><span class=\"text-token-text-secondary\"> .<\/span><\/span><\/li>\n<li><strong>Explora\u00e7\u00e3o introspectiva e espiritual<\/strong>: Big Mex is well-regarded for facilitating introspective thought and spiritual exploration. This makes it a great choice for those seeking to delve into personal insights or have a more profound understanding of themselves and the world around them\u200b.<\/li>\n<li><strong>Criatividade e pensamentos originais<\/strong>: Many users report a boost in creativity and originality. This makes these mushrooms a popular choice among artists, writers, and anyone looking to tap into their creative potential\u200b<span class=\"\" data-state=\"closed\"><span class=\"text-token-text-secondary\"> .<\/span><\/span><\/li>\n<\/ol>\n<h3><strong>Dosagem ideal<\/strong><\/h3>\n<p>For those new to Big Mex Magic Mushrooms, it is recommended to start with a lower dosage to gauge your body&#8217;s reaction. Common dosages include:<\/p>\n<ul>\n<li><strong>Microdose (0,1-0,5g)<\/strong>: Para efeitos subtis sem uma forte experi\u00eancia psicoactiva. \u00d3timo para aumentar a criatividade e a concentra\u00e7\u00e3o.<\/li>\n<li><strong>Dose de Museu (0,5-1,5g)<\/strong>: Proporciona uma experi\u00eancia psicad\u00e9lica ligeira com melhorias visuais e sensoriais.<\/li>\n<li><strong>Dose moderada (2-3,5 g)<\/strong>: Offers a more intense experience, suitable for deeper introspection and spiritual journeys\u200b<span class=\"\" data-state=\"closed\"><span class=\"text-token-text-secondary\"> .<\/span><\/span><\/li>\n<\/ul>\n<h3><strong>Como consumir<\/strong><\/h3>\n<p>Os cogumelos m\u00e1gicos Big Mex podem ser consumidos de v\u00e1rias formas:<\/p>\n<ol>\n<li><strong>Mastiga\u00e7\u00e3o<\/strong>: Mastigar lentamente os cogumelos para permitir que os compostos psicoactivos se misturem com a saliva para uma absor\u00e7\u00e3o mais r\u00e1pida.<\/li>\n<li><strong>Ch\u00e1<\/strong>: Brewing the mushrooms into a tea can help reduce nausea and make the consumption experience more pleasant. Effects usually start 15\u201330 minutes after ingestion when consumed this way\u200b<span class=\"\" data-state=\"closed\"><span class=\"text-token-text-secondary\">\u00a0<\/span><\/span><\/li>\n<\/ol>\n<h3><strong>Porqu\u00ea escolher-nos?<\/strong><\/h3>\n<p>Em <a href=\"https:\/\/shroomschocolatebars.com\/pt\/\">shroomschocolatebars<\/a>A nossa empresa, a Penis Envy Magic Mushrooms, orgulha-se de fornecer apenas os melhores cogumelos m\u00e1gicos Penis Envy. O nosso compromisso com a qualidade e a satisfa\u00e7\u00e3o do cliente distingue-nos. N\u00f3s oferecemos:<\/p>\n<ul>\n<li><strong>Transpar\u00eancia:<\/strong>\u00a0Full details about our cultivation process and third-party testing results ensure you know exactly what you\u2019re getting.<\/li>\n<li><strong><a href=\"https:\/\/shroomschocolatebars.com\/pt\/politica-de-envio\/\">Expedi\u00e7\u00e3o discreta<\/a>:<\/strong>\u00a0Damos prioridade \u00e0 sua privacidade com embalagens discretas e m\u00e9todos de envio seguros.<\/li>\n<li><strong><a href=\"https:\/\/shroomschocolatebars.com\/pt\/contactar-nos\/\">Apoio ao cliente<\/a>:<\/strong>\u00a0A nossa equipa de apoio ao cliente, experiente e simp\u00e1tica, est\u00e1 aqui para o ajudar com quaisquer quest\u00f5es ou preocupa\u00e7\u00f5es.<\/li>\n<\/ul>\n<h3><strong><br \/>\nPot\u00eancia e seguran\u00e7a<\/strong><\/h3>\n<p>Big Mex Magic Mushrooms are moderately potent, making them a great choice for beginners. They are not the strongest in the Psilocybe Cubensis family but offer a well-rounded and manageable experience. Always start with a low dose, especially if you are new to psychedelics, and ensure you are in a safe, comfortable environment\u200b<\/p>\n<p><strong>Op\u00e7\u00f5es de compra e disponibilidade<\/strong><\/p>\n<p>Na nossa loja, oferecemos Big Mex Magic Mushrooms em v\u00e1rias quantidades para satisfazer as tuas necessidades:<\/p>\n<ul>\n<li><strong>3.5g<\/strong>: Ideal para quem pretende experimentar uma pequena quantidade ou uma microdosagem.<\/li>\n<li><strong>7g, 14g, 28g<\/strong>: Para quem procura uma quantidade moderada, perfeita para v\u00e1rias sess\u00f5es ou para partilhar com amigos.<\/li>\n<li><strong>112g, 224g<\/strong>: Bulk options for enthusiasts and regular users who want to stock up\u200b&nbsp;\n<p>Asseguramos que os nossos cogumelos s\u00e3o da mais alta qualidade, provenientes de produtores de confian\u00e7a e manuseados com cuidado para manter a sua pot\u00eancia e pureza.<\/li>\n<\/ul>\n<h3><strong>Coment\u00e1rios e testemunhos de utilizadores<\/strong><\/h3>\n<p>Our customers love Big Mex Magic Mushrooms for their balanced effects and reliability. Here\u2019s what some of them have to say:<\/p>\n<ul>\n<li><strong>Cindy B.<\/strong>: &#8220;Great strain for microdosing. They give a nice boost of energy with a lot of focus.&#8221;<\/li>\n<li><strong>Vanessa D.<\/strong>: &#8220;I&#8217;m totally new at this. My first impression was that it was really mild, but I&#8217;m trying again and I&#8217;ll be a better judge.&#8221;<\/li>\n<li><strong>Adele<\/strong>: &#8220;I experienced my first guided mushroom ceremony, which changed my life forever. It helped me with childhood trauma and brought about a deep spiritual awakening&#8221;\u200b<span class=\"\" data-state=\"closed\"><span class=\"text-token-text-secondary\"> (<\/span><a class=\"text-green-600 !no-underline\" href=\"https:\/\/dose.land\/product\/big-mex-mushrooms-copy\/\" target=\"_blank\" rel=\"noopener noreferrer\">Dose Magic Mushroom Shop<\/a><span class=\"text-token-text-secondary\">)<\/span><\/span>\u200b.<\/li>\n<\/ul>\n<h3><strong>Conclus\u00e3o<\/strong><\/h3>\n<p>Big Mex Magic Mushrooms offer a reliable, enriching experience that balances visual, sensory, and introspective effects. Whether you\u2019re a beginner or an experienced user, these mushrooms provide a gentle yet profound journey into the realms of creativity, spirituality, and personal insight. Purchase from our store today and embark on a transformative adventure with Big Mex Magic Mushrooms.<\/p>\n<p>Para mais informa\u00e7\u00f5es, para efetuar uma encomenda ou para ler mais cr\u00edticas, visite a nossa p\u00e1gina de produtos.<\/p>","protected":false},"excerpt":{"rendered":"<p><strong>Comprar os melhores Big Mex Magic Mushrooms<\/strong><\/p>\n<p><strong><u>Compre mais, poupe mais:<\/u><\/strong><\/p>\n<ul>\n<li>28 gramas = $170<\/li>\n<\/ul>\n<p><strong>Detalhes de envio<\/strong>:<\/p>\n<ul>\n<li>Envio Expedito Gratuito<\/li>\n<li>Enviamos para todo o mundo com um n\u00famero de rastreio fornecido<\/li>\n<li>Embalagem discreta e selada a v\u00e1cuo para a sua privacidade<\/li>\n<\/ul>","protected":false},"featured_media":1151,"comment_status":"open","ping_status":"closed","template":"","meta":[],"product_brand":[],"product_cat":[45],"product_tag":[],"class_list":{"0":"post-556","1":"product","2":"type-product","3":"status-publish","4":"has-post-thumbnail","6":"product_cat-magic-mushroom","8":"first","9":"instock","10":"shipping-taxable","11":"purchasable","12":"product-type-simple"},"jetpack_sharing_enabled":true,"_links":{"self":[{"href":"https:\/\/shroomschocolatebars.com\/pt\/wp-json\/wp\/v2\/product\/556","targetHints":{"allow":["GET"]}}],"collection":[{"href":"https:\/\/shroomschocolatebars.com\/pt\/wp-json\/wp\/v2\/product"}],"about":[{"href":"https:\/\/shroomschocolatebars.com\/pt\/wp-json\/wp\/v2\/types\/product"}],"replies":[{"embeddable":true,"href":"https:\/\/shroomschocolatebars.com\/pt\/wp-json\/wp\/v2\/comments?post=556"}],"wp:featuredmedia":[{"embeddable":true,"href":"https:\/\/shroomschocolatebars.com\/pt\/wp-json\/wp\/v2\/media\/1151"}],"wp:attachment":[{"href":"https:\/\/shroomschocolatebars.com\/pt\/wp-json\/wp\/v2\/media?parent=556"}],"wp:term":[{"taxonomy":"product_brand","embeddable":true,"href":"https:\/\/shroomschocolatebars.com\/pt\/wp-json\/wp\/v2\/product_brand?post=556"},{"taxonomy":"product_cat","embeddable":true,"href":"https:\/\/shroomschocolatebars.com\/pt\/wp-json\/wp\/v2\/product_cat?post=556"},{"taxonomy":"product_tag","embeddable":true,"href":"https:\/\/shroomschocolatebars.com\/pt\/wp-json\/wp\/v2\/product_tag?post=556"}],"curies":[{"name":"wp","href":"https:\/\/api.w.org\/{rel}","templated":true}]}}