{"id":533,"date":"2022-03-22T05:17:40","date_gmt":"2022-03-22T05:17:40","guid":{"rendered":"https:\/\/shroomschocolatebars.com\/?post_type=product&#038;p=533"},"modified":"2024-09-01T01:05:20","modified_gmt":"2024-09-01T01:05:20","slug":"magic-mushrooms-texas","status":"publish","type":"product","link":"https:\/\/shroomschocolatebars.com\/pt\/product\/arenal-volcano-magic-mushrooms\/","title":{"rendered":"Cogumelos M\u00e1gicos do Vulc\u00e3o Arenal"},"content":{"rendered":"<h2><strong>Comprar Cogumelos M\u00e1gicos do Vulc\u00e3o Arenal<\/strong><\/h2>\n<p>Welcome to your ultimate source for Arenal Volcano Magic Mushrooms, also known as Costa Rican Magic Mushrooms (Psilocybe Cubensis Costa Rica). These extraordinary mushrooms are naturally found in the lush foothills surrounding Costa Rica\u2019s iconic Arenal Volcano. Renowned for their historical significance and spiritual properties, these mushrooms have been a part of indigenous culture for centuries, offering transformative experiences characterized by warm visuals, profound spiritual insights, and a deep sense of interconnectedness.<\/p>\n<h3><strong>Origem e carater\u00edsticas<\/strong><\/h3>\n<p><strong>Cogumelos M\u00e1gicos do Vulc\u00e3o Arenal<\/strong> are indigenous to the tropical climate of Costa Rica, thriving in warm and humid conditions at elevations of 1000-1200 ft. above sea level. These mushrooms have a storied history of growing at the base of the highly active Arenal Volcano, a majestic natural wonder with a history spanning 7,000 years. This strain is celebrated for its connection to the local indigenous people, who have utilized these sacred mushrooms for their spiritual practices for millennia\u200b<span class=\"\" data-state=\"closed\"><span class=\"text-token-text-secondary\"> (<\/span><\/span><\/p>\n<h3><strong>Pot\u00eancia e efeitos<\/strong><\/h3>\n<p>Os cogumelos m\u00e1gicos do vulc\u00e3o Arenal s\u00e3o conhecidos pela sua pot\u00eancia moderada, o que os torna uma excelente escolha para utilizadores novatos e experientes. Os compostos activos, a psilocibina e a psilocina, induzem uma s\u00e9rie de efeitos que variam consoante a dosagem. Os efeitos mais comuns incluem:<\/p>\n<ul>\n<li><strong>Melhoria do humor<\/strong>: Os utilizadores relatam sentimentos de euforia e excita\u00e7\u00e3o, com uma maior sensa\u00e7\u00e3o de felicidade e bem-estar.<\/li>\n<li><strong>Estimula\u00e7\u00e3o visual<\/strong>: Esperam-se melhorias visuais ligeiras a intensas, em que a natureza parece mais vibrante e viva.<\/li>\n<li><strong>Percep\u00e7\u00f5es espirituais<\/strong>: Estes cogumelos s\u00e3o ideais para a introspe\u00e7\u00e3o, proporcionando um profundo sentimento de amor, interconex\u00e3o e despertar espiritual.<\/li>\n<li><strong>Aprecia\u00e7\u00e3o acrescida da arte e da m\u00fasica<\/strong>: Many users find that music and art take on new meanings, enhancing their overall appreciation and personal connection to these forms of expression\u200b .<\/li>\n<\/ul>\n<h3><strong>Recomenda\u00e7\u00f5es de dosagem<\/strong><\/h3>\n<p>To ensure a safe and enjoyable experience, it&#8217;s crucial to start with the right dosage:<\/p>\n<ul>\n<li><strong>Experi\u00eancia ligeira<\/strong>: 0,75 gramas a 1,25 gramas<\/li>\n<li><strong>Experi\u00eancia m\u00e9dia<\/strong>: 1,50 gramas a 2,50 gramas<\/li>\n<li><strong>Experi\u00eancia completa<\/strong>: 3 gramas a 5 gramas<\/li>\n<\/ul>\n<p>Most users find that a dose of 0.5-1.5 grams provides a manageable and enlightening trip that lasts 3-6 hours. It&#8217;s essential to approach these experiences with respect and care, setting the right environment and being in a positive mindset\u200b<\/p>\n<p>&nbsp;<\/p>\n<h3><strong>Porqu\u00ea escolher-nos?<\/strong><\/h3>\n<p>Na shroomschocolatebars, orgulhamo-nos de fornecer apenas os melhores cogumelos m\u00e1gicos Penis Envy. O nosso compromisso com a qualidade e a satisfa\u00e7\u00e3o do cliente distingue-nos. N\u00f3s oferecemos:<\/p>\n<ul>\n<li><strong>Transpar\u00eancia:<\/strong>\u00a0Full details about our cultivation process and third-party testing results ensure you know exactly what you\u2019re getting.<\/li>\n<li><strong><a href=\"https:\/\/shroomschocolatebars.com\/pt\/politica-de-envio\/\">Expedi\u00e7\u00e3o discreta<\/a>:<\/strong>\u00a0Damos prioridade \u00e0 sua privacidade com embalagens discretas e m\u00e9todos de envio seguros.<\/li>\n<li><strong><a href=\"https:\/\/shroomschocolatebars.com\/pt\/contactar-nos\/\">Apoio ao cliente<\/a>:<\/strong>\u00a0A nossa equipa de apoio ao cliente, experiente e simp\u00e1tica, est\u00e1 aqui para o ajudar com quaisquer quest\u00f5es ou preocupa\u00e7\u00f5es.<\/li>\n<\/ul>\n<p><span class=\"\" data-state=\"closed\"><span class=\"text-token-text-secondary\">\u00a0<\/span><\/span><\/p>\n<h3><strong>M\u00e9todos de consumo<\/strong><\/h3>\n<p>Existem v\u00e1rias formas de consumir os cogumelos m\u00e1gicos do Vulc\u00e3o Arenal:<\/p>\n<ul>\n<li><strong>Crua ou seca<\/strong>: Comer simplesmente os cogumelos crus ou secos \u00e9 o m\u00e9todo mais simples.<\/li>\n<li><strong>Ch\u00e1 de psilocibina<\/strong>: Preparar os cogumelos num ch\u00e1 pode oferecer uma experi\u00eancia mais suave e mais saborosa.<\/li>\n<li><strong>P\u00f3 encapsulado<\/strong>: For ease of use and precise dosing, some prefer to take mushroom powder in capsule form\u200b <a href=\"https:\/\/shroomschocolatebars.com\/pt\/\">shroomschocolatebars<\/a><\/li>\n<\/ul>\n<h3><strong>Seguran\u00e7a e precau\u00e7\u00f5es<\/strong><\/h3>\n<p>Para garantir uma experi\u00eancia positiva, considere as seguintes dicas de seguran\u00e7a:<\/p>\n<ol>\n<li><strong>Definir e definir<\/strong>: Consumir os cogumelos num ambiente seguro e confort\u00e1vel, de prefer\u00eancia com algu\u00e9m em quem confia.<\/li>\n<li><strong>Mentalidade<\/strong>: Evite tomar cogumelos se estiver a sentir-se ansioso, deprimido ou emocionalmente perturbado.<\/li>\n<li><strong>Controlo da dosagem<\/strong>: Start with a lower dose to gauge your body&#8217;s reaction, especially if you are new to psychedelics.<\/li>\n<li><strong>Plano de emerg\u00eancia<\/strong>: Have a plan in place in case of a challenging experience. Calm, supportive presence from friends can make a significant difference\u200b<\/li>\n<\/ol>\n<h3><strong>Considera\u00e7\u00f5es jur\u00eddicas<\/strong><\/h3>\n<p>The legality of magic mushrooms varies by location. It is crucial to research and understand the laws regarding psilocybin mushrooms in your area before purchasing or consuming them\u200b<\/p>\n<h3><strong>Conclus\u00e3o<\/strong><\/h3>\n<p>Embarque numa viagem transformadora com os Cogumelos M\u00e1gicos do Vulc\u00e3o Arenal. Quer procures conhecimentos espirituais, melhorar o humor ou uma liga\u00e7\u00e3o mais profunda com a natureza e a arte, estes cogumelos oferecem uma experi\u00eancia \u00fanica e enriquecedora. Certifique-se de que segue as diretrizes de seguran\u00e7a, comece com uma dosagem adequada e crie um ambiente de apoio para a sua viagem. Descobre hoje a magia dos cogumelos m\u00e1gicos do Vulc\u00e3o Arenal e eleva a tua experi\u00eancia a novos patamares.<\/p>\n<p>Para mais informa\u00e7\u00f5es e para efetuar uma compra, visite o nosso <a href=\"https:\/\/shroomschocolatebars.com\/pt\/loja\/\">p\u00e1gina do produto.<\/a><\/p>","protected":false},"excerpt":{"rendered":"<div class=\"product-short-description\">\n<p><strong>Comprar os melhores Cogumelos M\u00e1gicos do Vulc\u00e3o Arenal<\/strong><\/p>\n<p><strong><u>Compre mais, poupe mais:<\/u><\/strong><\/p>\n<ul>\n<li>28 gramas = $170<\/li>\n<\/ul>\n<p><strong>Detalhes de envio<\/strong>:<\/p>\n<ul>\n<li>Envio Expedito Gratuito<\/li>\n<li>Enviamos para todo o mundo com um n\u00famero de rastreio fornecido<\/li>\n<li>Embalagem discreta e selada a v\u00e1cuo para a sua privacidade<\/li>\n<\/ul>\n<\/div>","protected":false},"featured_media":1469,"comment_status":"open","ping_status":"closed","template":"","meta":[],"product_brand":[],"product_cat":[45],"product_tag":[],"class_list":{"0":"post-533","1":"product","2":"type-product","3":"status-publish","4":"has-post-thumbnail","6":"product_cat-magic-mushroom","8":"first","9":"instock","10":"shipping-taxable","11":"purchasable","12":"product-type-simple"},"jetpack_sharing_enabled":true,"_links":{"self":[{"href":"https:\/\/shroomschocolatebars.com\/pt\/wp-json\/wp\/v2\/product\/533","targetHints":{"allow":["GET"]}}],"collection":[{"href":"https:\/\/shroomschocolatebars.com\/pt\/wp-json\/wp\/v2\/product"}],"about":[{"href":"https:\/\/shroomschocolatebars.com\/pt\/wp-json\/wp\/v2\/types\/product"}],"replies":[{"embeddable":true,"href":"https:\/\/shroomschocolatebars.com\/pt\/wp-json\/wp\/v2\/comments?post=533"}],"wp:featuredmedia":[{"embeddable":true,"href":"https:\/\/shroomschocolatebars.com\/pt\/wp-json\/wp\/v2\/media\/1469"}],"wp:attachment":[{"href":"https:\/\/shroomschocolatebars.com\/pt\/wp-json\/wp\/v2\/media?parent=533"}],"wp:term":[{"taxonomy":"product_brand","embeddable":true,"href":"https:\/\/shroomschocolatebars.com\/pt\/wp-json\/wp\/v2\/product_brand?post=533"},{"taxonomy":"product_cat","embeddable":true,"href":"https:\/\/shroomschocolatebars.com\/pt\/wp-json\/wp\/v2\/product_cat?post=533"},{"taxonomy":"product_tag","embeddable":true,"href":"https:\/\/shroomschocolatebars.com\/pt\/wp-json\/wp\/v2\/product_tag?post=533"}],"curies":[{"name":"wp","href":"https:\/\/api.w.org\/{rel}","templated":true}]}}