{"id":470,"date":"2022-03-20T05:21:07","date_gmt":"2022-03-20T05:21:07","guid":{"rendered":"https:\/\/shroomschocolatebars.com\/?post_type=product&#038;p=470"},"modified":"2024-09-01T01:05:23","modified_gmt":"2024-09-01T01:05:23","slug":"fumadores-cogumelos","status":"publish","type":"product","link":"https:\/\/shroomschocolatebars.com\/pt\/product\/amazonian-magic-mushrooms\/","title":{"rendered":"Cogumelos M\u00e1gicos da Amaz\u00f3nia"},"content":{"rendered":"<h2><strong>Comprar Cogumelos M\u00e1gicos da Amaz\u00f3nia\u00a0<\/strong><\/h2>\n<p>Os cogumelos m\u00e1gicos da Amaz\u00f3nia, conhecidos cientificamente como <em>Psilocibo cubensis<\/em>s\u00e3o uma variedade potente e muito procurada de cogumelos psicad\u00e9licos. Origin\u00e1rios das exuberantes florestas tropicais da Amaz\u00f3nia, estes cogumelos t\u00eam uma hist\u00f3ria rica de utiliza\u00e7\u00e3o em rituais espirituais e xam\u00e2nicos. Hoje em dia, s\u00e3o populares entre os psiconautas e os utilizadores recreativos pelos seus profundos efeitos alucinog\u00e9nios, oferecendo uma viagem \u00e0 introspe\u00e7\u00e3o, \u00e0 euforia e \u00e0 estimula\u00e7\u00e3o visual.<\/p>\n<h3><strong>O que torna os cogumelos m\u00e1gicos da Amaz\u00f3nia \u00fanicos?<\/strong><\/h3>\n<p>Os cogumelos m\u00e1gicos da Amaz\u00f3nia s\u00e3o venerados pelo seu elevado teor de psilocibina, que induz viagens poderosas e v\u00edvidas. Os utilizadores relatam frequentemente alucina\u00e7\u00f5es visuais e auditivas intensas, um profundo sentimento de liga\u00e7\u00e3o \u00e0 natureza e uma profunda sensa\u00e7\u00e3o de euforia. Estes cogumelos s\u00e3o ideais para quem procura uma experi\u00eancia psicad\u00e9lica forte e transformadora.<\/p>\n<h4>Carater\u00edsticas principais:<\/h4>\n<ul>\n<li><strong>Origem:<\/strong> Floresta Amaz\u00f3nica<\/li>\n<li><strong>Esp\u00e9cies:<\/strong> Psilocibo cubensis<\/li>\n<li><strong>Pot\u00eancia:<\/strong> Elevado<\/li>\n<li><strong>Efeitos:<\/strong> Euforia, alucina\u00e7\u00f5es visuais e auditivas, despertar espiritual, introspe\u00e7\u00e3o profunda<\/li>\n<\/ul>\n<h3><strong>Efeitos e experi\u00eancia<\/strong><\/h3>\n<p>Quando consomes cogumelos m\u00e1gicos da Amaz\u00f3nia, podes esperar uma viagem que dura entre 4 a 6 horas. A viagem come\u00e7a normalmente com uma sensa\u00e7\u00e3o de euforia e leveza, levando gradualmente a distor\u00e7\u00f5es visuais e auditivas mais intensas. Muitos utilizadores relatam ter tido vis\u00f5es profundas, descobertas emocionais e uma sensa\u00e7\u00e3o de criatividade acrescida.<\/p>\n<h4><strong>Efeitos comuns:<\/strong><\/h4>\n<ul>\n<li><strong>Euforia:<\/strong> Uma maior sensa\u00e7\u00e3o de felicidade e bem-estar.<\/li>\n<li><strong>Alucina\u00e7\u00f5es visuais:<\/strong> Cores vivas, padr\u00f5es e movimento no ambiente.<\/li>\n<li><strong>Alucina\u00e7\u00f5es auditivas:<\/strong> Aumento da perce\u00e7\u00e3o dos sons, o que conduz frequentemente a alucina\u00e7\u00f5es auditivas.<\/li>\n<li><strong>Introspe\u00e7\u00e3o:<\/strong> Pensamentos profundos e reflexivos e uma sensa\u00e7\u00e3o de despertar espiritual.<\/li>\n<\/ul>\n<h3><strong>Como utilizar com seguran\u00e7a os cogumelos m\u00e1gicos da Amaz\u00f3nia<\/strong><\/h3>\n<p>Safety is paramount when embarking on a psychedelic journey. Start with a low dose, especially if you are new to magic mushrooms. This allows you to gauge your body&#8217;s reaction and avoid an overwhelming experience. Always consume mushrooms in a safe, comfortable environment, ideally with a trusted friend who can act as a trip sitter.<\/p>\n<h3><strong>Porqu\u00ea escolher-nos?<\/strong><\/h3>\n<p>Na shroomschocolatebars, orgulhamo-nos de fornecer apenas os melhores cogumelos m\u00e1gicos Penis Envy. O nosso compromisso com a qualidade e a satisfa\u00e7\u00e3o do cliente distingue-nos. N\u00f3s oferecemos:<\/p>\n<ul>\n<li><strong>Transpar\u00eancia:<\/strong>\u00a0Full details about our cultivation process and third-party testing results ensure you know exactly what you\u2019re getting.<\/li>\n<li><strong><a href=\"https:\/\/shroomschocolatebars.com\/pt\/politica-de-envio\/\">Expedi\u00e7\u00e3o discreta<\/a>:<\/strong>\u00a0Damos prioridade \u00e0 sua privacidade com embalagens discretas e m\u00e9todos de envio seguros.<\/li>\n<li><strong><a href=\"https:\/\/shroomschocolatebars.com\/pt\/contactar-nos\/\">Apoio ao cliente<\/a>:<\/strong>\u00a0A nossa equipa de apoio ao cliente, experiente e simp\u00e1tica, est\u00e1 aqui para o ajudar com quaisquer quest\u00f5es ou preocupa\u00e7\u00f5es.<\/li>\n<\/ul>\n<h4><strong>Guia de dosagem:<\/strong><\/h4>\n<ul>\n<li><strong>Microdose:<\/strong> 0.1 &#8211; 0.5 grams for subtle effects.<\/li>\n<li><strong>Dose baixa:<\/strong> 0.5 &#8211; 1.5 grams for a mild trip.<\/li>\n<li><strong>Dose moderada:<\/strong> 1.5 &#8211; 3 grams for a standard psychedelic experience.<\/li>\n<li><strong>Dose elevada:<\/strong> 3 &#8211; 5 grams for a profound and intense journey.<\/li>\n<\/ul>\n<h3><strong>Benef\u00edcios dos cogumelos m\u00e1gicos da Amaz\u00f3nia<\/strong><\/h3>\n<p>Para al\u00e9m do uso recreativo, os cogumelos m\u00e1gicos da Amaz\u00f3nia t\u00eam sido estudados pelos seus potenciais benef\u00edcios terap\u00eauticos. A investiga\u00e7\u00e3o indica que a psilocibina, o composto ativo destes cogumelos, pode ajudar no tratamento de doen\u00e7as como a depress\u00e3o, ansiedade, stress p\u00f3s-traum\u00e1tico e depend\u00eancia. Muitos utilizadores consideram que estes cogumelos proporcionam uma sensa\u00e7\u00e3o de clareza e liberta\u00e7\u00e3o emocional, ajudando no crescimento pessoal e na cura.<\/p>\n<h4><strong>Benef\u00edcios terap\u00eauticos:<\/strong><\/h4>\n<ul>\n<li><strong>Sa\u00fade mental:<\/strong> Potencial tratamento para a depress\u00e3o, ansiedade e PTSD.<\/li>\n<li><strong>V\u00edcio:<\/strong> Ajuda a gerir e a superar as depend\u00eancias, nomeadamente do \u00e1lcool e da nicotina.<\/li>\n<li><strong>Liberta\u00e7\u00e3o emocional:<\/strong> Facilita os avan\u00e7os emocionais e o crescimento pessoal.<\/li>\n<\/ul>\n<h3><strong>Como comprar cogumelos m\u00e1gicos da Amaz\u00f3nia online<\/strong><\/h3>\n<p>Comprar a Amaz\u00f3nia <a href=\"https:\/\/shroomschocolatebars.com\/pt\/categoria-produto\/cogumelo-magico\/\">Cogumelos M\u00e1gicos<\/a> online nunca foi t\u00e3o f\u00e1cil. Certifique-se de que escolhe um fornecedor respeit\u00e1vel que ofere\u00e7a produtos de alta qualidade e testados em laborat\u00f3rio. Procure uma embalagem discreta e um envio fi\u00e1vel para manter a sua privacidade e garantir uma experi\u00eancia de compra sem problemas.<\/p>\n<h4><strong>O que procurar num fornecedor:<\/strong><\/h4>\n<ul>\n<li><strong>Garantia de qualidade:<\/strong> Cogumelos testados em laborat\u00f3rio para garantir a seguran\u00e7a e a pot\u00eancia.<\/li>\n<li><strong>Embalagem discreta:<\/strong> Embalagem segura e sem marcas para manter a privacidade.<\/li>\n<li><strong>Envio fi\u00e1vel:<\/strong> Op\u00e7\u00f5es de envio r\u00e1pidas e fi\u00e1veis com rastreio.<\/li>\n<li><strong>Apoio ao cliente:<\/strong> Pessoal experiente para ajudar com quaisquer quest\u00f5es ou preocupa\u00e7\u00f5es.<\/li>\n<\/ul>\n<h3><strong>Perguntas mais frequentes<\/strong><\/h3>\n<p><strong>P: Como posso consumir os cogumelos m\u00e1gicos da Amaz\u00f3nia?<\/strong> R: H\u00e1 v\u00e1rias formas de consumir cogumelos m\u00e1gicos, incluindo mastig\u00e1-los diretamente, prepar\u00e1-los para um ch\u00e1 ou incorpor\u00e1-los na comida. A mastiga\u00e7\u00e3o permite o in\u00edcio mais r\u00e1pido dos efeitos, enquanto o ch\u00e1 pode ser mais f\u00e1cil para o est\u00f4mago.<\/p>\n<p><strong>P: Os cogumelos m\u00e1gicos da Amaz\u00f3nia s\u00e3o legais?<\/strong> R: A legalidade dos cogumelos m\u00e1gicos varia consoante o pa\u00eds e a regi\u00e3o. Verifica sempre a legisla\u00e7\u00e3o local antes de comprares ou consumires estes cogumelos.<\/p>\n<p><strong>P: O que devo fazer se tiver uma viagem m\u00e1?<\/strong> R: Se tiver uma m\u00e1 viagem, tente manter-se calmo e lembre-se de que os efeitos s\u00e3o tempor\u00e1rios. Ter um amigo de confian\u00e7a consigo pode dar-lhe conforto e tranquilidade. A respira\u00e7\u00e3o profunda e uma mudan\u00e7a de ambiente tamb\u00e9m podem ajudar a aliviar a ansiedade.<\/p>\n<p><strong>P: Posso tomar uma microdose com o Amazonian Magic Mushrooms?<\/strong> R: Sim, a microdosagem envolve a ingest\u00e3o de quantidades muito pequenas de cogumelos para experimentar benef\u00edcios subtis sem os efeitos psicad\u00e9licos completos. Isto pode aumentar a criatividade, a concentra\u00e7\u00e3o e o bem-estar geral.<\/p>\n<h3><strong>Conclus\u00e3o<\/strong><\/h3>\n<p>Amazonian Magic Mushrooms offer a powerful and transformative psychedelic experience. Whether you&#8217;re seeking spiritual enlightenment, therapeutic benefits, or a recreational journey, these mushrooms provide an unparalleled adventure into the mind&#8217;s depths. Always prioritize safety, start with a low dose, and choose a reputable vendor to ensure a positive and enlightening experience.<\/p>\n<p>Para mais informa\u00e7\u00f5es sobre a compra e utiliza\u00e7\u00e3o dos cogumelos m\u00e1gicos da Amaz\u00f3nia, visite a nossa <a href=\"https:\/\/shroomschocolatebars.com\/pt\/loja\/\">loja<\/a><\/p>","protected":false},"excerpt":{"rendered":"<p><strong>Comprar os melhores cogumelos m\u00e1gicos da Amaz\u00f3nia<\/strong><\/p>\n<p><strong><u>Compre mais, poupe mais:<\/u><\/strong><\/p>\n<ul>\n<li>28 gramas = $170<\/li>\n<\/ul>\n<p><strong>Detalhes de envio<\/strong>:<\/p>\n<ul>\n<li>Envio Expedito Gratuito<\/li>\n<li>Enviamos para todo o mundo com um n\u00famero de rastreio fornecido<\/li>\n<li>Embalagem discreta e selada a v\u00e1cuo para a sua privacidade<\/li>\n<\/ul>","protected":false},"featured_media":1145,"comment_status":"open","ping_status":"closed","template":"","meta":[],"product_brand":[],"product_cat":[45],"product_tag":[],"class_list":{"0":"post-470","1":"product","2":"type-product","3":"status-publish","4":"has-post-thumbnail","6":"product_cat-magic-mushroom","8":"first","9":"instock","10":"shipping-taxable","11":"purchasable","12":"product-type-simple"},"jetpack_sharing_enabled":true,"_links":{"self":[{"href":"https:\/\/shroomschocolatebars.com\/pt\/wp-json\/wp\/v2\/product\/470","targetHints":{"allow":["GET"]}}],"collection":[{"href":"https:\/\/shroomschocolatebars.com\/pt\/wp-json\/wp\/v2\/product"}],"about":[{"href":"https:\/\/shroomschocolatebars.com\/pt\/wp-json\/wp\/v2\/types\/product"}],"replies":[{"embeddable":true,"href":"https:\/\/shroomschocolatebars.com\/pt\/wp-json\/wp\/v2\/comments?post=470"}],"wp:featuredmedia":[{"embeddable":true,"href":"https:\/\/shroomschocolatebars.com\/pt\/wp-json\/wp\/v2\/media\/1145"}],"wp:attachment":[{"href":"https:\/\/shroomschocolatebars.com\/pt\/wp-json\/wp\/v2\/media?parent=470"}],"wp:term":[{"taxonomy":"product_brand","embeddable":true,"href":"https:\/\/shroomschocolatebars.com\/pt\/wp-json\/wp\/v2\/product_brand?post=470"},{"taxonomy":"product_cat","embeddable":true,"href":"https:\/\/shroomschocolatebars.com\/pt\/wp-json\/wp\/v2\/product_cat?post=470"},{"taxonomy":"product_tag","embeddable":true,"href":"https:\/\/shroomschocolatebars.com\/pt\/wp-json\/wp\/v2\/product_tag?post=470"}],"curies":[{"name":"wp","href":"https:\/\/api.w.org\/{rel}","templated":true}]}}