{"id":386,"date":"2022-03-19T08:11:19","date_gmt":"2022-03-19T08:11:19","guid":{"rendered":"https:\/\/shroomschocolatebars.com\/?post_type=product&#038;p=386"},"modified":"2024-09-01T01:08:30","modified_gmt":"2024-09-01T01:08:30","slug":"champignons-de-chocolate","status":"publish","type":"product","link":"https:\/\/shroomschocolatebars.com\/pt\/product\/oneup-strawberries-and-cream-mushroom-bars\/","title":{"rendered":"Barras de cogumelos com morangos e natas Oneup"},"content":{"rendered":"<h2><strong>Comprar Oneup Barras de cogumelos com morangos e natas<\/strong><\/h2>\n<p>Estas barras de primeira qualidade s\u00e3o meticulosamente elaboradas para proporcionar uma mistura excecional de sabor e efeitos psicad\u00e9licos, tornando-as uma escolha de topo tanto para principiantes como para psiconautas experientes. As nossas barras de cogumelos Oneup Strawberries and Cream foram concebidas para oferecer uma viagem \u00fanica, saborosa e potente que se destaca no mercado.<\/p>\n<h2><strong>Caracter\u00edsticas do produto:<\/strong><\/h2>\n<p><strong>Ingredientes de alta qualidade:<\/strong> Cada barra de cogumelos Oneup Strawberries and Cream \u00e9 feita com os melhores ingredientes para garantir uma experi\u00eancia psicad\u00e9lica segura, agrad\u00e1vel e eficaz. Damos prioridade \u00e0 qualidade e \u00e0 consist\u00eancia em cada barra, fornecendo um produto fi\u00e1vel em que podes confiar.<\/p>\n<p><strong>Sabor delicioso:<\/strong> Saboreia o sabor doce e cremoso dos morangos e das natas em cada dentada. As nossas barras de cogumelos Oneup combinam os efeitos potentes dos cogumelos m\u00e1gicos com um sabor delicioso, tornando-as num prazer de consumo.<\/p>\n<p><strong>Pr\u00e1tico e discreto:<\/strong> Embaladas de forma compacta e discreta, as barras de cogumelos Oneup Strawberries and Cream s\u00e3o perfeitas para consumo em viagem. Desfruta da tua experi\u00eancia psicad\u00e9lica em qualquer lugar, a qualquer hora, com facilidade e conveni\u00eancia.<\/p>\n<p><strong>Ideal para microdosagem:<\/strong> Whether you\u2019re new to psychedelics or an experienced user, our Oneup Strawberries and Cream Mushroom Bars are perfect for microdosing. The precise dosage allows for controlled and consistent effects, ideal for both beginners and experienced users.<\/p>\n<p><strong>De a\u00e7\u00e3o r\u00e1pida e duradoura:<\/strong> Experience the effects quickly and enjoy a prolonged journey. Our bars are designed to provide a fast onset of effects, ensuring you don\u2019t have to wait long to start your psychedelic adventure.<\/p>\n<p><strong>Seguran\u00e7a e ensaios:<\/strong> A sua seguran\u00e7a \u00e9 a nossa principal prioridade. As nossas barras de cogumelos Oneup Strawberries and Cream s\u00e3o submetidas a testes rigorosos para garantir que cumprem os mais elevados padr\u00f5es de seguran\u00e7a. Utilizamos apenas os melhores ingredientes e processos de fabrico para garantir um produto seguro e fi\u00e1vel.<\/p>\n<h3><strong>Guia de utiliza\u00e7\u00e3o:<\/strong><\/h3>\n<ol>\n<li><strong>Dosagem:<\/strong> Para uma experi\u00eancia suave, come\u00e7a com um pequeno peda\u00e7o da barra (aproximadamente 1-2 quadrados). Para um efeito mais forte, podes aumentar a dose gradualmente. Come\u00e7a sempre com uma dose mais baixa para medires a tua toler\u00e2ncia.<\/li>\n<li><strong>Consumo:<\/strong> Consome a quantidade desejada e espera cerca de 30-45 minutos para que os efeitos se fa\u00e7am sentir. N\u00e3o consumir mais at\u00e9 sentir os efeitos iniciais.<\/li>\n<li><strong>Armazenamento:<\/strong> Guarde as suas barras de cogumelos Oneup Strawberries and Cream num local fresco e seco, longe da luz solar direta. Mantenha-as fora do alcance das crian\u00e7as e dos animais de estima\u00e7\u00e3o.<\/li>\n<li><strong>Precau\u00e7\u00f5es:<\/strong> N\u00e3o misturar com \u00e1lcool ou outras subst\u00e2ncias. Evitar conduzir ou operar maquinaria pesada enquanto estiver sob o efeito do \u00e1lcool. Consulte um profissional de sa\u00fade se tiver alguma condi\u00e7\u00e3o m\u00e9dica ou se estiver a tomar algum medicamento.<\/li>\n<\/ol>\n<h3><strong>Porqu\u00ea escolher as Barras de Cogumelos com Morangos e Natas da Oneup?<\/strong><\/h3>\n<p><strong>Qualidade excecional:<\/strong> O nosso compromisso com a qualidade garante que recebe um produto seguro, eficaz e agrad\u00e1vel.<\/p>\n<p><strong>Sabor Irresist\u00edvel:<\/strong> O sabor a morango e creme torna o consumo uma experi\u00eancia deliciosa, ao contr\u00e1rio de outros produtos no mercado.<\/p>\n<p><strong>Pot\u00eancia consistente:<\/strong> Cada barra proporciona uma experi\u00eancia psicad\u00e9lica consistente e fi\u00e1vel, para que saiba exatamente o que esperar de cada vez.<\/p>\n<p><strong>Conveni\u00eancia:<\/strong> A embalagem pequena e discreta permite-te levar a tua Oneup Mushroom Bar contigo para onde quer que v\u00e1s, tornando mais f\u00e1cil desfrutar da tua viagem psicad\u00e9lica quando e onde quiseres.<\/p>\n<p><strong>Satisfa\u00e7\u00e3o do cliente:<\/strong> Os nossos clientes elogiam a efic\u00e1cia e o sabor das nossas barras de cogumelos Oneup Strawberries and Cream. Junta-te aos muitos utilizadores satisfeitos que fizeram das Barras de Cogumelos Oneup a sua escolha para os psicad\u00e9licos.<\/p>\n<p>Explore a nossa gama completa de <a href=\"https:\/\/shroomschocolatebars.com\/pt\/categoria-produto\/uma-barra-de-cogumelos\/\" target=\"_new\" rel=\"noreferrer noopener\">Barras de cogumelos Oneup<\/a> e descubra o complemento perfeito para a sua experi\u00eancia psicad\u00e9lica. Abrace a viagem e eleve a sua mente com as Barras de Cogumelos Oneup Strawberries and Cream, a escolha premium para os psicad\u00e9licos. Encomenda agora e experimenta a diferen\u00e7a!<\/p>","protected":false},"excerpt":{"rendered":"<p><strong>Ingredientes de alta qualidade:<\/strong> Cada barra de cogumelos Oneup Strawberries and Cream \u00e9 feita com os melhores ingredientes para garantir uma experi\u00eancia psicad\u00e9lica segura, agrad\u00e1vel e eficaz. Damos prioridade \u00e0 qualidade e \u00e0 consist\u00eancia em cada barra, fornecendo um produto fi\u00e1vel em que podes confiar.<\/p>","protected":false},"featured_media":1161,"comment_status":"open","ping_status":"closed","template":"","meta":[],"product_brand":[],"product_cat":[60],"product_tag":[],"class_list":{"0":"post-386","1":"product","2":"type-product","3":"status-publish","4":"has-post-thumbnail","6":"product_cat-one-up-mushroom-bars-2","8":"first","9":"instock","10":"shipping-taxable","11":"purchasable","12":"product-type-simple"},"jetpack_sharing_enabled":true,"_links":{"self":[{"href":"https:\/\/shroomschocolatebars.com\/pt\/wp-json\/wp\/v2\/product\/386","targetHints":{"allow":["GET"]}}],"collection":[{"href":"https:\/\/shroomschocolatebars.com\/pt\/wp-json\/wp\/v2\/product"}],"about":[{"href":"https:\/\/shroomschocolatebars.com\/pt\/wp-json\/wp\/v2\/types\/product"}],"replies":[{"embeddable":true,"href":"https:\/\/shroomschocolatebars.com\/pt\/wp-json\/wp\/v2\/comments?post=386"}],"wp:featuredmedia":[{"embeddable":true,"href":"https:\/\/shroomschocolatebars.com\/pt\/wp-json\/wp\/v2\/media\/1161"}],"wp:attachment":[{"href":"https:\/\/shroomschocolatebars.com\/pt\/wp-json\/wp\/v2\/media?parent=386"}],"wp:term":[{"taxonomy":"product_brand","embeddable":true,"href":"https:\/\/shroomschocolatebars.com\/pt\/wp-json\/wp\/v2\/product_brand?post=386"},{"taxonomy":"product_cat","embeddable":true,"href":"https:\/\/shroomschocolatebars.com\/pt\/wp-json\/wp\/v2\/product_cat?post=386"},{"taxonomy":"product_tag","embeddable":true,"href":"https:\/\/shroomschocolatebars.com\/pt\/wp-json\/wp\/v2\/product_tag?post=386"}],"curies":[{"name":"wp","href":"https:\/\/api.w.org\/{rel}","templated":true}]}}