{"id":375,"date":"2022-03-18T15:46:36","date_gmt":"2022-03-18T15:46:36","guid":{"rendered":"https:\/\/shroomschocolatebars.com\/?post_type=product&#038;p=375"},"modified":"2024-09-01T01:08:36","modified_gmt":"2024-09-01T01:08:36","slug":"barras-de-cogumelos-com-creme-e-bolachas-one-up-2","status":"publish","type":"product","link":"https:\/\/shroomschocolatebars.com\/pt\/product\/one-up-cookies-and-cream-mushroom-bars-2\/","title":{"rendered":"Barras de cogumelos com creme e bolachas One Up"},"content":{"rendered":"<p><strong>Buy One Up Barras de cogumelos com creme e bolachas<\/strong><\/p>\n<p>Entra na extraordin\u00e1ria fus\u00e3o de sabores com as Barras de Cogumelos Cookies and Cream da One Up. Estas deliciosas guloseimas combinam o sabor rico do chocolate belga com os benef\u00edcios \u00fanicos dos cogumelos psilocibina, criando uma experi\u00eancia verdadeiramente inigual\u00e1vel para os teus sentidos.<\/p>\n<h3><strong>Vis\u00e3o geral do produto<\/strong><\/h3>\n<p>Cada barra de cogumelos One Up Cookies and Cream cont\u00e9m doze peda\u00e7os de chocolate requintado, com cada peda\u00e7o doseado com precis\u00e3o em 290 mg de psilocibina. Esta medi\u00e7\u00e3o precisa garante que podes desfrutar do equil\u00edbrio perfeito entre sabor e efeito, sem a textura arenosa frequentemente associada ao consumo de cogumelos.<\/p>\n<p><strong>Porqu\u00ea escolher as Barras de Cogumelos com Cookies e Creme da One Up?<\/strong><\/p>\n<ul>\n<li><strong>Ingredientes Premium<\/strong>: Elaborado com chocolate belga da melhor qualidade.<\/li>\n<li><strong>Dosagem perfeita<\/strong>: Cada pe\u00e7a \u00e9 doseada com precis\u00e3o para proporcionar uma experi\u00eancia consistente.<\/li>\n<li><strong>Sabor e efeito<\/strong>: Desfruta da deliciosa combina\u00e7\u00e3o de bolachas e natas com os efeitos alteradores da psilocibina.<\/li>\n<\/ul>\n<h3><strong>Benef\u00edcios dos cogumelos psilocibina<\/strong><\/h3>\n<p>Os cogumelos psilocibinos s\u00e3o utilizados h\u00e1 s\u00e9culos pelas suas propriedades medicinais e de altera\u00e7\u00e3o da mente. O consumo destes cogumelos pode trazer v\u00e1rios benef\u00edcios, incluindo<\/p>\n<ul>\n<li><strong>Criatividade refor\u00e7ada<\/strong>: Muitos utilizadores relatam um aumento da criatividade e novas perspectivas.<\/li>\n<li><strong>Al\u00edvio do stress<\/strong>: A psilocibina pode ajudar a reduzir a ansiedade e promover o relaxamento.<\/li>\n<li><strong>Melhoria do humor<\/strong>: Experimenta uma sensa\u00e7\u00e3o de euforia e melhora o humor.<\/li>\n<li><strong>Maior concentra\u00e7\u00e3o<\/strong>: Alguns utilizadores constatam uma maior concentra\u00e7\u00e3o e clareza mental.<\/li>\n<\/ul>\n<h3><strong>Guia de dosagem<\/strong><\/h3>\n<p>Compreender a dosagem correta \u00e9 crucial para garantir uma experi\u00eancia segura e agrad\u00e1vel:<\/p>\n<ul>\n<li><strong>Microdosagem<\/strong>: Para os principiantes, come\u00e7ar com 1 unidade (290 mg) para avaliar a sua toler\u00e2ncia.<\/li>\n<li><strong>Dose moderada<\/strong>: Consumir 2-4 unidades para um efeito mais pronunciado, ideal para relaxamento e euforia ligeira.<\/li>\n<li><strong>Dose mais elevada<\/strong>: 5-8 pe\u00e7as podem proporcionar uma experi\u00eancia mais intensa, recomendada para utilizadores experientes.<\/li>\n<\/ul>\n<h3><strong>Como consumir<\/strong><\/h3>\n<ol>\n<li><strong>Come\u00e7ar devagar<\/strong>: If you are new to psilocybin, begin with a lower dose to understand your body&#8217;s reaction.<\/li>\n<li><strong>Ambiente seguro<\/strong>: Assegurar-se de que se encontra num espa\u00e7o confort\u00e1vel e seguro, de prefer\u00eancia com amigos ou entes queridos.<\/li>\n<li><strong>Hidratar<\/strong>: Beba muita \u00e1gua para se manter hidratado durante toda a sua experi\u00eancia.<\/li>\n<\/ol>\n<h3><strong>Experi\u00eancia do utilizador<\/strong><\/h3>\n<p>Muitos utilizadores das barras de cogumelos One Up Cookies and Cream partilharam experi\u00eancias positivas, destacando a textura suave, o sabor delicioso e os efeitos equilibrados da psilocibina. Estas barras s\u00e3o perfeitas tanto para uso recreativo como terap\u00eautico, oferecendo uma forma vers\u00e1til de desfrutar dos benef\u00edcios dos cogumelos pilocybin.<\/p>\n<h3><strong>Liga\u00e7\u00f5es internas para produtos relacionados<\/strong><\/h3>\n<p>Explore mais produtos da nossa cole\u00e7\u00e3o Barras de cogumelos One Up:<\/p>\n<ul>\n<li><a href=\"https:\/\/shroomschocolatebars.com\/pt\/categoria-produto\/uma-barra-de-cogumelos\/\" target=\"_new\" rel=\"noreferrer noopener\">Cole\u00e7\u00e3o de barras de cogumelos One Up<\/a><\/li>\n<li><a href=\"https:\/\/shroomschocolatebars.com\/pt\/produto\/champignons-de-chocolate\/\" target=\"_new\" rel=\"noreferrer noopener\">Barras de cogumelos com morangos e natas One Up<\/a><\/li>\n<\/ul>\n<h3>Conclus\u00e3o<\/h3>\n<p>As barras de cogumelos One Up Cookies and Cream s\u00e3o uma escolha excecional para quem procura uma experi\u00eancia de psilocibina de primeira qualidade. Com o seu sabor delicioso, dosagem precisa e in\u00fameros benef\u00edcios, estas barras s\u00e3o perfeitas para utilizadores novos e experientes. Faz a tua compra hoje e embarca numa aventura cheia de sabor com as barras de cogumelos One Up.<\/p>\n<p>Para mais informa\u00e7\u00f5es e para efetuar uma compra, visite o nosso <a href=\"https:\/\/shroomschocolatebars.com\/pt\/categoria-produto\/uma-barra-de-cogumelos\/\" target=\"_new\" rel=\"noreferrer noopener\">Cole\u00e7\u00e3o de barras de cogumelos One Up<\/a>.<\/p>","protected":false},"excerpt":{"rendered":"<p style=\"text-align: left;\">Entra na extraordin\u00e1ria fus\u00e3o de sabores com as Barras de Cogumelos Cookies and Cream da One Up. Estas deliciosas guloseimas combinam o sabor rico do chocolate belga com os benef\u00edcios \u00fanicos dos cogumelos psilocibina, criando uma experi\u00eancia verdadeiramente inigual\u00e1vel para os teus sentidos.<\/p>","protected":false},"featured_media":1589,"comment_status":"open","ping_status":"closed","template":"","meta":[],"product_brand":[],"product_cat":[60],"product_tag":[],"class_list":{"0":"post-375","1":"product","2":"type-product","3":"status-publish","4":"has-post-thumbnail","6":"product_cat-one-up-mushroom-bars-2","8":"first","9":"instock","10":"shipping-taxable","11":"purchasable","12":"product-type-simple"},"jetpack_sharing_enabled":true,"_links":{"self":[{"href":"https:\/\/shroomschocolatebars.com\/pt\/wp-json\/wp\/v2\/product\/375","targetHints":{"allow":["GET"]}}],"collection":[{"href":"https:\/\/shroomschocolatebars.com\/pt\/wp-json\/wp\/v2\/product"}],"about":[{"href":"https:\/\/shroomschocolatebars.com\/pt\/wp-json\/wp\/v2\/types\/product"}],"replies":[{"embeddable":true,"href":"https:\/\/shroomschocolatebars.com\/pt\/wp-json\/wp\/v2\/comments?post=375"}],"wp:featuredmedia":[{"embeddable":true,"href":"https:\/\/shroomschocolatebars.com\/pt\/wp-json\/wp\/v2\/media\/1589"}],"wp:attachment":[{"href":"https:\/\/shroomschocolatebars.com\/pt\/wp-json\/wp\/v2\/media?parent=375"}],"wp:term":[{"taxonomy":"product_brand","embeddable":true,"href":"https:\/\/shroomschocolatebars.com\/pt\/wp-json\/wp\/v2\/product_brand?post=375"},{"taxonomy":"product_cat","embeddable":true,"href":"https:\/\/shroomschocolatebars.com\/pt\/wp-json\/wp\/v2\/product_cat?post=375"},{"taxonomy":"product_tag","embeddable":true,"href":"https:\/\/shroomschocolatebars.com\/pt\/wp-json\/wp\/v2\/product_tag?post=375"}],"curies":[{"name":"wp","href":"https:\/\/api.w.org\/{rel}","templated":true}]}}