{"id":1578,"date":"2024-07-29T12:18:57","date_gmt":"2024-07-29T12:18:57","guid":{"rendered":"https:\/\/shroomschocolatebars.com\/?post_type=product&#038;p=1578"},"modified":"2024-09-01T01:16:51","modified_gmt":"2024-09-01T01:16:51","slug":"polkadot-blueberry-shot-2","status":"publish","type":"product","link":"https:\/\/shroomschocolatebars.com\/pt\/product\/polkadot-blueberry-shot-2\/","title":{"rendered":"Shot de mirtilo Polkadot"},"content":{"rendered":"<h2><strong>Comprar Polkadot Blueberry Shot: Uma explos\u00e3o de felicidade de bagas<\/strong><\/h2>\n<p>Entra na derradeira fus\u00e3o de sabor e pot\u00eancia com o nosso Polkadot Blueberry Shot. Este elixir vegan e sem gl\u00faten combina a ess\u00eancia rica e doce dos mirtilos com os efeitos poderosos da psilocibina, oferecendo uma forma \u00fanica e refrescante de desfrutar dos benef\u00edcios dos cogumelos m\u00e1gicos. Perfeito tanto para psiconautas experientes como para principiantes curiosos, o Polkadot Blueberry Shot promete uma viagem de prazer sensorial e clareza mental.<\/p>\n<h3><strong>O que \u00e9 o Polkadot Blueberry Shot?<\/strong><\/h3>\n<p>A Polkadot Blueberry Shot \u00e9 uma po\u00e7\u00e3o meticulosamente concebida para proporcionar o sabor encantador dos mirtilos, ao mesmo tempo que proporciona os benef\u00edcios terap\u00eauticos da psilocibina. Utilizando a inovadora tecnologia de liberta\u00e7\u00e3o instant\u00e2nea pressurizada com azoto, cada dose preserva as propriedades naturais dos cogumelos, garantindo uma experi\u00eancia potente e consistente. Esta dose de 4 gramas com psilocibina \u00e9 f\u00e1cil de consumir e perfeita para microdoses, oferecendo uma forma conveniente e agrad\u00e1vel de explorar o mundo dos psicad\u00e9licos.<\/p>\n<h3><strong>Principais caracter\u00edsticas e vantagens<\/strong><\/h3>\n<ul>\n<li><strong>Perfil de sabor<\/strong>: Desfrute de uma explos\u00e3o de frescura frutada com o sabor rico e doce dos mirtilos em cada gole.<\/li>\n<li><strong>Consciente da sa\u00fade<\/strong>: Vegan e sem gl\u00faten, o nosso Blueberry Shot responde a v\u00e1rias prefer\u00eancias alimentares.<\/li>\n<li><strong>Efeitos potentes<\/strong>: Cada dose cont\u00e9m 4 gramas de psilocibina, conhecida pelos seus efeitos poderosos na mente e no corpo.<\/li>\n<li><strong>Consumo c\u00f3modo<\/strong>O seu consumo \u00e9 f\u00e1cil e perfeito para ser utilizado em viagem, o que o torna uma op\u00e7\u00e3o sem complica\u00e7\u00f5es para os microdosadores.<\/li>\n<\/ul>\n<h3><strong>Guia de dosagem<\/strong><\/h3>\n<p>Compreender a dosagem correta \u00e9 crucial para uma experi\u00eancia segura e agrad\u00e1vel. Aqui est\u00e1 um guia geral para o ajudar a come\u00e7ar:<\/p>\n<ul>\n<li><strong>Microdose<\/strong>: Estimula a mente, ideal para aumentar a criatividade e a concentra\u00e7\u00e3o. Dose recomendada: 0,1-0,3 gramas.<\/li>\n<li><strong>Dose terap\u00eautica<\/strong>: Proporciona uma experi\u00eancia consciente e elevada, perfeita para fins terap\u00eauticos. Dose recomendada: 0,5-1 grama.<\/li>\n<li><strong>Modo Deus<\/strong>: Efeitos alucinog\u00e9nios intensos, adequado para utilizadores experientes. Dose recomendada: 2-4 gramas.<\/li>\n<\/ul>\n<p>Always start with a lower dose and gradually increase it to find the optimal level for your body. It&#8217;s important to consume in a safe, quiet environment to fully enjoy the hallucinogenic experience. Avoid operating vehicles or machinery during and after consumption.<\/p>\n<h3><strong>Como utilizar<\/strong><\/h3>\n<p>Para uma melhor experi\u00eancia, refrigere o seu Polkadot Blueberry Shot e consuma-o no prazo de um m\u00eas ap\u00f3s a abertura. Isto garante o sabor mais fresco e a pot\u00eancia m\u00e1xima. Agita bem antes de beber para distribuir uniformemente o conte\u00fado de psilocibina.<\/p>\n<h3><strong>Porqu\u00ea escolher o Polkadot Blueberry Shot?<\/strong><\/h3>\n<p>O nosso compromisso com a qualidade \u00e9 evidente em todos os aspectos do Polkadot Blueberry Shot. Desde o fornecimento de mirtilos org\u00e2nicos e de com\u00e9rcio justo at\u00e9 \u00e0 utiliza\u00e7\u00e3o de embalagens amigas do ambiente, esfor\u00e7amo-nos por fornecer um produto luxuoso e respons\u00e1vel. A inovadora tecnologia de liberta\u00e7\u00e3o instant\u00e2nea pressurizada com nitrog\u00e9nio assegura que recebe sempre uma experi\u00eancia potente e agrad\u00e1vel.<\/p>\n<h3><strong>Coment\u00e1rios de clientes<\/strong><\/h3>\n<p>Embora ainda n\u00e3o existam coment\u00e1rios, os clientes podem ser os primeiros a partilhar as suas experi\u00eancias e ajudar os outros a tomar decis\u00f5es informadas. Encorajamos os coment\u00e1rios e esperamos ouvir as suas experi\u00eancias com o nosso Polkadot Blueberry Shot.<\/p>\n<h3>Produtos relacionados<\/h3>\n<p>Explore mais op\u00e7\u00f5es encantadoras na nossa gama Polkadot:<\/p>\n<ul>\n<li><a href=\"https:\/\/shroomschocolatebars.com\/pt\/categoria-produto\/comprar-polkadot-pocao-magica-cogumelo\/\" target=\"_new\" rel=\"noreferrer noopener\">Shot de ponche de fruta Polkadot<\/a><\/li>\n<li><a href=\"https:\/\/shroomschocolatebars.com\/pt\/produto\/polkadot-grape-shot\/\" target=\"_new\" rel=\"noreferrer noopener\">Shot de uva Polkadot<\/a><\/li>\n<\/ul>\n<h3><strong>Conclus\u00e3o<\/strong><\/h3>\n<p>The Polkadot Blueberry Shot is more than just a drink; it&#8217;s a gateway to a world of mental clarity, creativity, and sensory delight. Whether you&#8217;re looking to microdose for cognitive enhancement or seeking a profound psychedelic journey, this blueberry-infused shot is your perfect companion. Embrace the berry bliss and elevate your experience with the Polkadot Blueberry Shot today.<\/p>\n<p>Para mais informa\u00e7\u00f5es e para efetuar uma compra, visite o nosso <a href=\"https:\/\/shroomschocolatebars.com\/pt\/categoria-produto\/comprar-polkadot-pocao-magica-cogumelo\/\" target=\"_new\" rel=\"noreferrer noopener\">p\u00e1gina do produto<\/a>.<\/p>","protected":false},"excerpt":{"rendered":"<p>The Polkadot Blueberry Shot is more than just a drink; it&#8217;s a gateway to a world of mental clarity, creativity, and sensory delight. Whether you&#8217;re looking to microdose for cognitive enhancement or seeking a profound psychedelic journey, this blueberry-infused shot is your perfect companion. Embrace the berry bliss and elevate your experience with the Polkadot Blueberry Shot today.<\/p>","protected":false},"featured_media":1583,"comment_status":"open","ping_status":"closed","template":"","meta":[],"product_brand":[],"product_cat":[332],"product_tag":[],"class_list":{"0":"post-1578","1":"product","2":"type-product","3":"status-publish","4":"has-post-thumbnail","6":"product_cat-buy-polkadot-magic-mushroom-potion","8":"first","9":"instock","10":"shipping-taxable","11":"purchasable","12":"product-type-simple"},"jetpack_sharing_enabled":true,"_links":{"self":[{"href":"https:\/\/shroomschocolatebars.com\/pt\/wp-json\/wp\/v2\/product\/1578","targetHints":{"allow":["GET"]}}],"collection":[{"href":"https:\/\/shroomschocolatebars.com\/pt\/wp-json\/wp\/v2\/product"}],"about":[{"href":"https:\/\/shroomschocolatebars.com\/pt\/wp-json\/wp\/v2\/types\/product"}],"replies":[{"embeddable":true,"href":"https:\/\/shroomschocolatebars.com\/pt\/wp-json\/wp\/v2\/comments?post=1578"}],"wp:featuredmedia":[{"embeddable":true,"href":"https:\/\/shroomschocolatebars.com\/pt\/wp-json\/wp\/v2\/media\/1583"}],"wp:attachment":[{"href":"https:\/\/shroomschocolatebars.com\/pt\/wp-json\/wp\/v2\/media?parent=1578"}],"wp:term":[{"taxonomy":"product_brand","embeddable":true,"href":"https:\/\/shroomschocolatebars.com\/pt\/wp-json\/wp\/v2\/product_brand?post=1578"},{"taxonomy":"product_cat","embeddable":true,"href":"https:\/\/shroomschocolatebars.com\/pt\/wp-json\/wp\/v2\/product_cat?post=1578"},{"taxonomy":"product_tag","embeddable":true,"href":"https:\/\/shroomschocolatebars.com\/pt\/wp-json\/wp\/v2\/product_tag?post=1578"}],"curies":[{"name":"wp","href":"https:\/\/api.w.org\/{rel}","templated":true}]}}