{"id":1563,"date":"2024-07-29T12:00:09","date_gmt":"2024-07-29T12:00:09","guid":{"rendered":"https:\/\/shroomschocolatebars.com\/?post_type=product&#038;p=1563"},"modified":"2024-09-01T00:57:53","modified_gmt":"2024-09-01T00:57:53","slug":"bolachas-de-polca-e-trufas-de-creme","status":"publish","type":"product","link":"https:\/\/shroomschocolatebars.com\/pt\/product\/polkadot-cookies-and-cream-truffles\/","title":{"rendered":"Trufas de bolacha e creme Polkadot"},"content":{"rendered":"<h2><strong>Comprar Trufas de Bolacha e Creme Polkadot<\/strong><\/h2>\n<p>Deixe-se levar pelo sabor requintado das Trufas Polkadot Cookies and Cream, uma mistura divinal de chocolate branco cremoso e peda\u00e7os de bolacha estaladi\u00e7os. Cada trufa promete uma viagem nost\u00e1lgica de volta aos sabores da inf\u00e2ncia, ao mesmo tempo que oferece um deleite sofisticado para o seu paladar. Elaboradas com os melhores ingredientes, estas trufas n\u00e3o s\u00e3o apenas um snack, mas uma experi\u00eancia de luxo.<\/p>\n<h3><strong>Caracter\u00edsticas excepcionais<\/strong><\/h3>\n<ul>\n<li><strong>Ingredientes Premium<\/strong>: Feitas com chocolate branco belga, as trufas Polkadot Cookies and Cream t\u00eam uma textura suave e aveludada que se derrete na boca. O recheio interior, que faz lembrar as bolachas Oreo, confere-lhe uma croc\u00e2ncia deliciosa.<\/li>\n<li><strong>Artesanato artesanal<\/strong>: Cada trufa \u00e9 meticulosamente feita \u00e0 m\u00e3o para garantir a mais alta qualidade. A abordagem artesanal garante que cada pe\u00e7a \u00e9 uma obra-prima.<\/li>\n<li><strong>Sem gl\u00faten<\/strong>: Desfrute destas trufas sem preocupa\u00e7\u00f5es, uma vez que foram concebidas para n\u00e3o conter gl\u00faten, o que as torna adequadas para pessoas com restri\u00e7\u00f5es alimentares.<\/li>\n<li><strong>Infus\u00e3o de cogumelos m\u00e1gicos<\/strong>: Each pack contains 500 milligrams of premium magic mushrooms, making these truffles a unique blend of joy, luxury, and unmatched flavor\u200b<\/li>\n<\/ul>\n<h3><strong>Guia de dosagem<\/strong><\/h3>\n<p>Compreender a dosagem correcta \u00e9 essencial para desfrutar plenamente das suas Trufas Polkadot Cookies and Cream:<\/p>\n<ul>\n<li><strong>Microdose<\/strong>: 1-3 pe\u00e7as. Estimula a mente e aumenta a criatividade sem fortes efeitos alucinog\u00e9nios.<\/li>\n<li><strong>Dose terap\u00eautica<\/strong>: 4-9 pe\u00e7as. Esta gama oferece uma experi\u00eancia consciente e elevada, perfeita para uma sess\u00e3o terap\u00eautica.<\/li>\n<li><strong>Modo Deus<\/strong>: 10-15 pieces. This level is for experienced users seeking a profound psychedelic journey where even walls might seem to melt\u200b<span class=\"\" data-state=\"closed\"><span class=\"text-token-text-secondary\">\u00a0<\/span><\/span><\/li>\n<\/ul>\n<h3><strong>Benef\u00edcios para a sa\u00fade<\/strong><\/h3>\n<p>As Trufas de Bolacha e Creme Polkadot s\u00e3o mais do que apenas uma guloseima deliciosa. Oferecem v\u00e1rios benef\u00edcios para a sa\u00fade devido ao seu teor de psilocibina:<\/p>\n<ul>\n<li><strong>Sa\u00fade mental<\/strong>: Psilocybin has been known to help with PTSD, anxiety, and depression. It can provide a sense of calm and reduce stress levels\u200b<\/li>\n<li><strong>Bem-estar f\u00edsico<\/strong>: Many users report relief from chronic pain and insomnia. The truffles can help improve sleep quality and provide pain relief without the need for traditional medication\u200b<span class=\"\" data-state=\"closed\"><span class=\"text-token-text-secondary\">\u00a0<\/span><\/span><\/li>\n<\/ul>\n<h3><strong>Como desfrutar<\/strong><\/h3>\n<p>Cada embalagem cont\u00e9m quatro trufas embaladas individualmente para garantir a sua frescura e conveni\u00eancia. Perfeitas para um presente atencioso ou um mimo pessoal, estas trufas podem ser apreciadas em v\u00e1rios ambientes:<\/p>\n<ul>\n<li><strong>Presentes<\/strong>: Um presente luxuoso e \u00fanico para ocasi\u00f5es especiais.<\/li>\n<li><strong>Indulg\u00eancia pessoal<\/strong>: Ofere\u00e7a a si pr\u00f3prio um momento de pura felicidade com estas deliciosas trufas.<\/li>\n<li><strong>Partilhar<\/strong>: Perfeito para partilhar com os amigos em reuni\u00f5es ou ambientes \u00edntimos.<\/li>\n<\/ul>\n<h3><strong>Produtos relacionados<\/strong><\/h3>\n<p>Expanda a sua experi\u00eancia gustativa com as nossas outras ofertas Polkadot:<\/p>\n<ul>\n<li><a href=\"https:\/\/shroomschocolatebars.com\/pt\/produto\/polkadot-milano-magic-mushroom-belgian-chocolate-bar\/\" target=\"_new\" rel=\"noreferrer noopener\">Barra de chocolate belga Polkadot Milano Magic Mushroom<\/a><\/li>\n<li><a href=\"https:\/\/shroomschocolatebars.com\/pt\/produto\/polkadot-berries-and-cream-truffles\/\" target=\"_new\" rel=\"noreferrer noopener\">Trufas de bagas e creme Polkadot<\/a><\/li>\n<li><a href=\"https:\/\/shroomschocolatebars.com\/pt\/produto\/trufas-com-geleia-de-mirtilo\/\" target=\"_new\" rel=\"noreferrer noopener\">Trufas de compota de mirtilo Polkadot<\/a><\/li>\n<\/ul>\n<p>Explore mais dos nossos produtos deliciosos na nossa <a href=\"https:\/\/shroomschocolatebars.com\/pt\/categoria-produto\/barras-de-chocolate-polkadot\/\" target=\"_new\" rel=\"noreferrer noopener\">Cole\u00e7\u00e3o de barras de chocolate Polkadot<\/a>.<\/p>","protected":false},"excerpt":{"rendered":"<p>Deixe-se levar pelo sabor requintado das Trufas Polkadot Cookies and Cream, uma mistura divinal de chocolate branco cremoso e peda\u00e7os de bolacha estaladi\u00e7os. Cada trufa promete uma viagem nost\u00e1lgica de volta aos sabores da inf\u00e2ncia, ao mesmo tempo que oferece um deleite sofisticado para o seu paladar. Elaboradas com os melhores ingredientes, estas trufas n\u00e3o s\u00e3o apenas um snack, mas uma experi\u00eancia de luxo.<\/p>","protected":false},"featured_media":1568,"comment_status":"open","ping_status":"closed","template":"","meta":[],"product_brand":[],"product_cat":[331],"product_tag":[],"class_list":{"0":"post-1563","1":"product","2":"type-product","3":"status-publish","4":"has-post-thumbnail","6":"product_cat-polkadot-chocolate-bars","8":"first","9":"instock","10":"shipping-taxable","11":"purchasable","12":"product-type-simple"},"jetpack_sharing_enabled":true,"_links":{"self":[{"href":"https:\/\/shroomschocolatebars.com\/pt\/wp-json\/wp\/v2\/product\/1563","targetHints":{"allow":["GET"]}}],"collection":[{"href":"https:\/\/shroomschocolatebars.com\/pt\/wp-json\/wp\/v2\/product"}],"about":[{"href":"https:\/\/shroomschocolatebars.com\/pt\/wp-json\/wp\/v2\/types\/product"}],"replies":[{"embeddable":true,"href":"https:\/\/shroomschocolatebars.com\/pt\/wp-json\/wp\/v2\/comments?post=1563"}],"wp:featuredmedia":[{"embeddable":true,"href":"https:\/\/shroomschocolatebars.com\/pt\/wp-json\/wp\/v2\/media\/1568"}],"wp:attachment":[{"href":"https:\/\/shroomschocolatebars.com\/pt\/wp-json\/wp\/v2\/media?parent=1563"}],"wp:term":[{"taxonomy":"product_brand","embeddable":true,"href":"https:\/\/shroomschocolatebars.com\/pt\/wp-json\/wp\/v2\/product_brand?post=1563"},{"taxonomy":"product_cat","embeddable":true,"href":"https:\/\/shroomschocolatebars.com\/pt\/wp-json\/wp\/v2\/product_cat?post=1563"},{"taxonomy":"product_tag","embeddable":true,"href":"https:\/\/shroomschocolatebars.com\/pt\/wp-json\/wp\/v2\/product_tag?post=1563"}],"curies":[{"name":"wp","href":"https:\/\/api.w.org\/{rel}","templated":true}]}}