{"id":1562,"date":"2024-07-29T11:56:49","date_gmt":"2024-07-29T11:56:49","guid":{"rendered":"https:\/\/shroomschocolatebars.com\/?post_type=product&#038;p=1562"},"modified":"2024-09-01T00:57:55","modified_gmt":"2024-09-01T00:57:55","slug":"trufas-com-geleia-de-mirtilo","status":"publish","type":"product","link":"https:\/\/shroomschocolatebars.com\/pt\/product\/polkadot-blueberry-jam-truffles\/","title":{"rendered":"Trufas de compota de mirtilo Polkadot"},"content":{"rendered":"<h2><strong>Comprar Trufas de compota de mirtilo Polkadot<\/strong><\/h2>\n<p>Delicie-se com a combina\u00e7\u00e3o requintada de chocolate preto rico e compota de mirtilo vibrante com as Trufas de Compota de Mirtilo Polkadot. Estas guloseimas decadentes foram concebidas para quem tem um paladar exigente e aprecia a indulg\u00eancia gourmet. Feitas a partir do melhor chocolate belga e recheadas com um delicioso centro de compota de mirtilo, cada trufa promete uma sinfonia de sabores que dan\u00e7am na sua l\u00edngua e permanecem na sua mem\u00f3ria.<\/p>\n<h4><strong>Caracter\u00edsticas de luxo<\/strong><\/h4>\n<ul>\n<li><strong>Chocolate belga gourmet:<\/strong> As nossas trufas s\u00e3o feitas com o melhor cacau, proporcionando uma experi\u00eancia de chocolate profunda e intensa.<\/li>\n<li><strong>Recheio vibrante de mirtilo:<\/strong> O centro doce e \u00e1cido da compota de mirtilo oferece um contraste refrescante com o rico chocolate preto, criando um equil\u00edbrio delicioso em cada dentada.<\/li>\n<li><strong>Qualidade artesanal:<\/strong> Feitas \u00e0 m\u00e3o com precis\u00e3o, cada trufa reflecte o nosso compromisso com a qualidade e o sabor.<\/li>\n<li><strong>Indulg\u00eancia consciente:<\/strong> Estas trufas sem gl\u00faten e veganas satisfazem uma variedade de prefer\u00eancias alimentares, incorporando a nossa dedica\u00e7\u00e3o \u00e0 inclus\u00e3o e \u00e0 produ\u00e7\u00e3o \u00e9tica.<\/li>\n<\/ul>\n<h3><strong>A derradeira experi\u00eancia de chocolate<\/strong><\/h3>\n<p>As Trufas de Compota de Mirtilo Polkadot n\u00e3o s\u00e3o apenas chocolates; s\u00e3o uma viagem ao mundo da indulg\u00eancia sofisticada. Cada embalagem cont\u00e9m quatro trufas embaladas individualmente, garantindo que cada momento de prazer \u00e9 t\u00e3o fresco e requintado como o anterior. Com 500 miligramas de cogumelos m\u00e1gicos de primeira qualidade infundidos em cada embalagem, estas trufas oferecem uma profundidade \u00fanica e profunda de sabor e experi\u00eancia.<\/p>\n<h4><strong>Perfeito para todas as ocasi\u00f5es<\/strong><\/h4>\n<p>Quer seja um presente para um ente querido ou um mimo para si pr\u00f3prio, as Trufas de Compota de Mirtilo Polkadot s\u00e3o perfeitas para qualquer ocasi\u00e3o. A sua textura luxuosa e o seu sabor requintado fazem delas a escolha ideal para reuni\u00f5es \u00edntimas ou celebra\u00e7\u00f5es luxuosas.<\/p>\n<h3><strong>Guia de dosagem<\/strong><\/h3>\n<p>Para os principiantes em chocolates com infus\u00e3o de cogumelos m\u00e1gicos, \u00e9 essencial come\u00e7ar com uma pequena dose para avaliar a sua toler\u00e2ncia. Cada embalagem de Polkadot Blueberry Jam Truffles cont\u00e9m 500 miligramas de cogumelos m\u00e1gicos, divididos em quatro trufas. Come\u00e7a com uma trufa (125 miligramas) e espera pelo menos uma hora para avaliares os efeitos antes de consumires mais. Consome sempre de forma respons\u00e1vel e num ambiente seguro.<\/p>\n<h3><strong>Porqu\u00ea escolher Polkadot?<\/strong><\/h3>\n<ol>\n<li><strong>Artesanato:<\/strong> Cada trufa \u00e9 um testemunho da nossa dedica\u00e7\u00e3o em criar as melhores experi\u00eancias de chocolate.<\/li>\n<li><strong>Ingredientes de qualidade:<\/strong> Proveniente dos melhores chocolatiers e infundido com cogumelos m\u00e1gicos de primeira qualidade, garantindo uma experi\u00eancia luxuosa e \u00fanica.<\/li>\n<li><strong>Sabores inovadores:<\/strong> A combina\u00e7\u00e3o de chocolate preto e compota de mirtilo \u00e9 um novo toque nas trufas tradicionais, oferecendo uma sensa\u00e7\u00e3o de sabor \u00fanica.<\/li>\n<\/ol>\n<h3><strong>Produtos relacionados<\/strong><\/h3>\n<p>Explore as nossas outras ofertas deliciosas para encontrar o complemento perfeito para as suas Trufas de Compota de Mirtilo Polkadot:<\/p>\n<ul>\n<li><a href=\"https:\/\/shroomschocolatebars.com\/pt\/produto\/polkadot-berries-and-cream-truffles\/\" target=\"_new\" rel=\"noreferrer noopener\">Trufas de bagas e creme Polkadot<\/a><\/li>\n<li><a href=\"https:\/\/shroomschocolatebars.com\/pt\/produto\/polkadot-milano-magic-mushroom-belgian-chocolate-bar\/\" target=\"_new\" rel=\"noreferrer noopener\">Barra de chocolate belga Polkadot Milano Magic Mushroom<\/a><\/li>\n<li><a href=\"https:\/\/shroomschocolatebars.com\/pt\/categoria-produto\/barras-de-chocolate-polkadot\/\" target=\"_new\" rel=\"noreferrer noopener\">Cole\u00e7\u00e3o de barras de chocolate Polkadot<\/a><\/li>\n<\/ul>\n<h3><strong>Coment\u00e1rios de clientes<\/strong><\/h3>\n<p>Os nossos clientes adoram a experi\u00eancia deliciosa das Polkadot Blueberry Jam Truffles:<\/p>\n<ul>\n<li><strong>Owens Rell:<\/strong> &#8220;This helps me with my anxiety, can&#8217;t stop taking it. I feel so attached.&#8221;<\/li>\n<li><strong>Mia:<\/strong> &#8220;Shopping at BA Sickodot Shop is like entering a treasure trove of amazing finds! I can\u2019t recommend them enough.&#8221;<\/li>\n<li><strong>Jacob:<\/strong> &#8220;Every purchase from BA Sickodot Shop feels like a special indulgence \u2013 that\u2019s how good their products are!&#8221;<\/li>\n<\/ul>\n<h3><strong>Descubra mais<\/strong><\/h3>\n<p>Junte-se a n\u00f3s nesta viagem de sabor e luxo com as Trufas Polkadot Blueberry Jam. Quer seja um conhecedor de chocolates finos ou esteja \u00e0 procura de explorar o mundo das guloseimas com infus\u00e3o de cogumelos m\u00e1gicos, estas trufas prometem uma experi\u00eancia inigual\u00e1vel. Delicie-se com as intrincadas camadas de sabor e textura que fazem de Polkadot uma marca de indulg\u00eancia gourmet.<\/p>","protected":false},"excerpt":{"rendered":"<p>As Trufas de Compota de Mirtilo Polkadot n\u00e3o s\u00e3o apenas chocolates; s\u00e3o uma viagem ao mundo da indulg\u00eancia sofisticada. Cada embalagem cont\u00e9m quatro trufas embaladas individualmente, garantindo que cada momento de prazer \u00e9 t\u00e3o fresco e requintado como o anterior. Com 500 miligramas de cogumelos m\u00e1gicos de primeira qualidade infundidos em cada embalagem, estas trufas oferecem uma profundidade \u00fanica e profunda de sabor e experi\u00eancia.<\/p>","protected":false},"featured_media":1567,"comment_status":"open","ping_status":"closed","template":"","meta":[],"product_brand":[],"product_cat":[331],"product_tag":[],"class_list":{"0":"post-1562","1":"product","2":"type-product","3":"status-publish","4":"has-post-thumbnail","6":"product_cat-polkadot-chocolate-bars","8":"first","9":"instock","10":"shipping-taxable","11":"purchasable","12":"product-type-simple"},"jetpack_sharing_enabled":true,"_links":{"self":[{"href":"https:\/\/shroomschocolatebars.com\/pt\/wp-json\/wp\/v2\/product\/1562","targetHints":{"allow":["GET"]}}],"collection":[{"href":"https:\/\/shroomschocolatebars.com\/pt\/wp-json\/wp\/v2\/product"}],"about":[{"href":"https:\/\/shroomschocolatebars.com\/pt\/wp-json\/wp\/v2\/types\/product"}],"replies":[{"embeddable":true,"href":"https:\/\/shroomschocolatebars.com\/pt\/wp-json\/wp\/v2\/comments?post=1562"}],"wp:featuredmedia":[{"embeddable":true,"href":"https:\/\/shroomschocolatebars.com\/pt\/wp-json\/wp\/v2\/media\/1567"}],"wp:attachment":[{"href":"https:\/\/shroomschocolatebars.com\/pt\/wp-json\/wp\/v2\/media?parent=1562"}],"wp:term":[{"taxonomy":"product_brand","embeddable":true,"href":"https:\/\/shroomschocolatebars.com\/pt\/wp-json\/wp\/v2\/product_brand?post=1562"},{"taxonomy":"product_cat","embeddable":true,"href":"https:\/\/shroomschocolatebars.com\/pt\/wp-json\/wp\/v2\/product_cat?post=1562"},{"taxonomy":"product_tag","embeddable":true,"href":"https:\/\/shroomschocolatebars.com\/pt\/wp-json\/wp\/v2\/product_tag?post=1562"}],"curies":[{"name":"wp","href":"https:\/\/api.w.org\/{rel}","templated":true}]}}