{"id":1558,"date":"2024-07-29T11:36:17","date_gmt":"2024-07-29T11:36:17","guid":{"rendered":"https:\/\/shroomschocolatebars.com\/?post_type=product&#038;p=1558"},"modified":"2024-09-01T00:58:01","modified_gmt":"2024-09-01T00:58:01","slug":"polkadot-whoppers-chocolate-2","status":"publish","type":"product","link":"https:\/\/shroomschocolatebars.com\/pt\/product\/polkadot-whoppers-chocolate-2\/","title":{"rendered":"Polkadot Whoppers Chocolate"},"content":{"rendered":"<h2><strong>Comprar barra de chocolate Polkadot Whoppers<\/strong><\/h2>\n<p>Delicie-se com a derradeira experi\u00eancia de chocolate com a barra de chocolate Polkadot Whoppers. Uma cria\u00e7\u00e3o divina da Polkadot Chocolate, esta luxuosa barra mistura o irresist\u00edvel crocante das bolas de malte Whoppers com a riqueza suave do chocolate de primeira qualidade. Perfeitamente concebida para os amantes do chocolate, esta guloseima oferece uma deliciosa combina\u00e7\u00e3o de texturas e sabores que elevar\u00e1 os seus momentos de petisco a um n\u00edvel totalmente novo.<\/p>\n<h3><strong>Revela\u00e7\u00e3o da barra de chocolate Polkadot Whoppers<\/strong><\/h3>\n<p>The Polkadot Whoppers Chocolate Bar is not just a snack; it\u2019s a culinary masterpiece designed to captivate your senses. Each bite delivers a unique fusion of crunchy malt balls coated in silky milk chocolate, offering a satisfying crunch and a creamy melt-in-your-mouth experience. This bar is perfect for those who crave a blend of classic comfort and gourmet innovation.<\/p>\n<h4><strong>Porqu\u00ea escolher a barra de chocolate Polkadot Whoppers?<\/strong><\/h4>\n<ol>\n<li><strong>Qualidade excecional:<\/strong> Made with the finest ingredients, including high-quality chocolate and Whoppers malt balls, this bar is a testament to Polkadot Chocolate\u2019s commitment to excellence. The premium chocolate couverture envelops each malt ball, creating a symphony of flavors and textures in every bite.<\/li>\n<li><strong>Sabor Irresist\u00edvel:<\/strong> A barra de chocolate Polkadot Whoppers combina as notas ricas e cremosas do chocolate de leite com o crocante maltado e distinto do Whoppers. Esta mistura harmoniosa cria uma sensa\u00e7\u00e3o de sabor que \u00e9 simultaneamente familiar e extraordin\u00e1ria.<\/li>\n<li><strong>Criado para ser apreciado:<\/strong> Whether you\u2019re unwinding after a long day or sharing a treat with friends and family, this chocolate bar is designed to enhance any occasion. Its gourmet touch makes it a perfect gift for chocolate enthusiasts or a special indulgence for yourself.<\/li>\n<\/ol>\n<h3><strong>Experimente o melhor do chocolate Polkadot<\/strong><\/h3>\n<p>A barra de chocolate Polkadot Whoppers faz parte da nossa cole\u00e7\u00e3o exclusiva de barras de chocolate Polkadot, cada uma criada para proporcionar um sabor e uma qualidade inigual\u00e1veis. Explore a nossa gama completa de op\u00e7\u00f5es deliciosas, incluindo o <a href=\"https:\/\/shroomschocolatebars.com\/pt\/produto\/polkadot-milano-magic-mushroom-belgian-chocolate-bar\/\" target=\"_new\" rel=\"noreferrer noopener\">Barra de chocolate belga Polkadot Milano Magic Mushroom<\/a>, <a href=\"https:\/\/shroomschocolatebars.com\/pt\/produto\/polkadot-salted-pretzel-chocolate\/\" target=\"_new\" rel=\"noreferrer noopener\">Chocolate Polkadot Salted Pretzel<\/a>e <a href=\"https:\/\/shroomschocolatebars.com\/pt\/produto\/chocolate-polkadot-toblerone\/\" target=\"_new\" rel=\"noreferrer noopener\">Chocolate Polkadot Toblerone<\/a>para descobrir mais formas de se deliciar com o luxo do Polkadot Chocolate.<\/p>\n<h3><strong>Informa\u00e7\u00e3o nutricional e guia de dosagem<\/strong><\/h3>\n<h4><strong>Informa\u00e7\u00e3o nutricional<\/strong><\/h4>\n<ul>\n<li><strong>Tamanho da dose:<\/strong> 1 barra (aproximadamente 50g)<\/li>\n<li><strong>Calorias:<\/strong> 250<\/li>\n<li><strong>Gordura total:<\/strong> 15g<\/li>\n<li><strong>Gorduras saturadas:<\/strong> 8g<\/li>\n<li><strong>Colesterol:<\/strong> 20mg<\/li>\n<li><strong>S\u00f3dio:<\/strong> 40mg<\/li>\n<li><strong>Total de hidratos de carbono:<\/strong> 28g<\/li>\n<li><strong>Fibra alimentar:<\/strong> 1g<\/li>\n<li><strong>A\u00e7\u00facares:<\/strong> 25g<\/li>\n<li><strong>Prote\u00edna:<\/strong> 3g<\/li>\n<\/ul>\n<h4><strong>Guia de dosagem<\/strong><\/h4>\n<p>Para uma melhor experi\u00eancia, desfrute de uma barra de chocolate Polkadot Whoppers como uma dose \u00fanica. A barra foi concebida para ser saboreada, por isso n\u00e3o se apresse e saboreie cada dentada. Para os principiantes no chocolate gourmet ou para quem est\u00e1 a controlar a ingest\u00e3o de calorias, considere partir a barra em peda\u00e7os mais pequenos para saborear ao longo do dia.<\/p>\n<p><strong>Nota importante:<\/strong> While Polkadot Whoppers Chocolate Bar is crafted with premium ingredients, it should be consumed as part of a balanced diet. If you have dietary restrictions or allergies, please check the product&#8217;s ingredient list or consult with a healthcare professional before consumption.<\/p>\n<h3><strong>Harmoniza\u00e7\u00f5es perfeitas e sugest\u00f5es de servi\u00e7o<\/strong><\/h3>\n<ol>\n<li><strong>Com uma bebida quente:<\/strong> Melhore a sua experi\u00eancia de chocolate combinando a barra de chocolate Polkadot Whoppers com uma ch\u00e1vena de caf\u00e9 ou cacau quente. O calor da bebida complementar\u00e1 a textura cremosa do chocolate e o crocante das bolas de malte.<\/li>\n<li><strong>Como complemento de sobremesa:<\/strong> Esmigalhe a barra sobre o gelado ou iogurte para adicionar um delicioso crocante e um rico sabor a chocolate \u00e0 sua sobremesa. Esta barra vers\u00e1til \u00e9 perfeita para elevar uma variedade de doces.<\/li>\n<li><strong>Dar prendas:<\/strong> A barra de chocolate Polkadot Whoppers \u00e9 um excelente presente para anivers\u00e1rios, f\u00e9rias ou qualquer ocasi\u00e3o especial. O seu sabor sofisticado e a sua embalagem elegante v\u00e3o certamente impressionar todos os que a receberem.<\/li>\n<\/ol>\n<h3><strong>Porqu\u00ea comprar uma barra de chocolate Polkadot Whoppers?<\/strong><\/h3>\n<p>Comprar a barra de chocolate Polkadot Whoppers significa investir numa experi\u00eancia de chocolate premium que combina o apelo cl\u00e1ssico com a qualidade gourmet. Cada barra \u00e9 confeccionada com cuidado e aten\u00e7\u00e3o aos pormenores, garantindo um produto que se destaca no mundo repleto de guloseimas de chocolate. Com a sua mistura de chocolate de leite cremoso e bolas de malte estaladi\u00e7as, esta barra \u00e9 um must-try para qualquer aficionado de chocolate.<\/p>\n<p>Explore mais do que Polkadot Chocolate tem para oferecer e descubra a nossa sele\u00e7\u00e3o completa de barras de chocolate gourmet. Visite a nossa <a href=\"https:\/\/shroomschocolatebars.com\/pt\/categoria-produto\/barras-de-chocolate-polkadot\/\" target=\"_new\" rel=\"noreferrer noopener\">Barras de chocolate Polkadot<\/a> para explorar a nossa gama diversificada de sabores e encontrar a sua nova guloseima favorita.<\/p>\n<h3><strong>Coment\u00e1rios e testemunhos de clientes<\/strong><\/h3>\n<p>Don\u2019t just take our word for it\u2014see what our customers are saying about the Polkadot Whoppers Chocolate Bar. With rave reviews praising its exceptional taste and quality, it\u2019s clear that this chocolate bar is making a lasting impression. Check out our customer reviews to see why the Polkadot Whoppers Chocolate Bar is quickly becoming a favorite among chocolate lovers.<\/p>","protected":false},"excerpt":{"rendered":"<p>Buy Polkadot Whoppers Chocolate Bar Indulge in the ultimate chocolate experience with the Polkadot Whoppers Chocolate Bar. A divine creation by Polkadot Chocolate, this luxurious bar blends the irresistible crunch of Whoppers malt balls with the smooth richness of premium chocolate. Perfectly crafted for chocolate lovers, this treat offers a delightful combination of textures and [&#8230;]\n","protected":false},"featured_media":1560,"comment_status":"open","ping_status":"closed","template":"","meta":[],"product_brand":[],"product_cat":[331],"product_tag":[],"class_list":{"0":"post-1558","1":"product","2":"type-product","3":"status-publish","4":"has-post-thumbnail","6":"product_cat-polkadot-chocolate-bars","8":"first","9":"instock","10":"shipping-taxable","11":"purchasable","12":"product-type-simple"},"jetpack_sharing_enabled":true,"_links":{"self":[{"href":"https:\/\/shroomschocolatebars.com\/pt\/wp-json\/wp\/v2\/product\/1558","targetHints":{"allow":["GET"]}}],"collection":[{"href":"https:\/\/shroomschocolatebars.com\/pt\/wp-json\/wp\/v2\/product"}],"about":[{"href":"https:\/\/shroomschocolatebars.com\/pt\/wp-json\/wp\/v2\/types\/product"}],"replies":[{"embeddable":true,"href":"https:\/\/shroomschocolatebars.com\/pt\/wp-json\/wp\/v2\/comments?post=1558"}],"wp:featuredmedia":[{"embeddable":true,"href":"https:\/\/shroomschocolatebars.com\/pt\/wp-json\/wp\/v2\/media\/1560"}],"wp:attachment":[{"href":"https:\/\/shroomschocolatebars.com\/pt\/wp-json\/wp\/v2\/media?parent=1558"}],"wp:term":[{"taxonomy":"product_brand","embeddable":true,"href":"https:\/\/shroomschocolatebars.com\/pt\/wp-json\/wp\/v2\/product_brand?post=1558"},{"taxonomy":"product_cat","embeddable":true,"href":"https:\/\/shroomschocolatebars.com\/pt\/wp-json\/wp\/v2\/product_cat?post=1558"},{"taxonomy":"product_tag","embeddable":true,"href":"https:\/\/shroomschocolatebars.com\/pt\/wp-json\/wp\/v2\/product_tag?post=1558"}],"curies":[{"name":"wp","href":"https:\/\/api.w.org\/{rel}","templated":true}]}}