{"id":1520,"date":"2024-07-29T09:45:28","date_gmt":"2024-07-29T09:45:28","guid":{"rendered":"https:\/\/shroomschocolatebars.com\/?post_type=product&#038;p=1520"},"modified":"2024-09-01T00:58:42","modified_gmt":"2024-09-01T00:58:42","slug":"barra-de-chocolate-polkadot-fruity-pebbles-2","status":"publish","type":"product","link":"https:\/\/shroomschocolatebars.com\/pt\/product\/polkadot-fruity-pebbles-chocolate-bar-2\/","title":{"rendered":"Barra de chocolate Polkadot Fruity Pebbles"},"content":{"rendered":"<h2><strong>Comprar Barra de Chocolate Polkadot Fruity Pebbles<\/strong><\/h2>\n<p>A barra de chocolate Polkadot Fruity Pebbles \u00e9 uma deliciosa fus\u00e3o entre o vibrante cereal Fruity Pebbles e o rico chocolate branco belga, criada para proporcionar uma viagem sensorial \u00fanica. Esta barra n\u00e3o \u00e9 apenas um deleite para as suas papilas gustativas, mas tamb\u00e9m um bilhete para uma experi\u00eancia m\u00e1gica, gra\u00e7as \u00e0 sua infus\u00e3o de cogumelos m\u00e1gicos.<\/p>\n<h3><strong>Caracter\u00edsticas principais:<\/strong><\/h3>\n<ul>\n<li><strong>Ingredientes Premium:<\/strong> Feita com o melhor chocolate branco belga, esta barra oferece uma textura suave e cremosa que complementa na perfei\u00e7\u00e3o o crocante e o sabor dos cereais Fruity Pebbles.<\/li>\n<li><strong>Infus\u00e3o de Cogumelos M\u00e1gicos:<\/strong> Cont\u00e9m 4 gramas de cogumelos m\u00e1gicos, proporcionando uma viagem suave e introspectiva que pode aumentar a criatividade e a introspe\u00e7\u00e3o.<\/li>\n<li><strong>Nost\u00e1lgico e l\u00fadico:<\/strong> A combina\u00e7\u00e3o de Fruity Pebbles e chocolate branco cremoso traz de volta mem\u00f3rias de inf\u00e2ncia, oferecendo um toque sofisticado.<\/li>\n<li><strong>De origem sustent\u00e1vel:<\/strong> Criada com um compromisso de abastecimento \u00e9tico, garantindo que desfruta da sua guloseima com a consci\u00eancia tranquila.<\/li>\n<\/ul>\n<h3><strong>Guia de dosagem:<\/strong><\/h3>\n<ul>\n<li><strong>Microdose (1-3 pe\u00e7as):<\/strong> Ideal para principiantes ou para quem procura aumentar a criatividade e a concentra\u00e7\u00e3o sem fortes efeitos psicoactivos.<\/li>\n<li><strong>Dose terap\u00eautica (4-9 pe\u00e7as):<\/strong> Proporciona uma experi\u00eancia mais profunda, promovendo a aten\u00e7\u00e3o plena e uma liga\u00e7\u00e3o mais profunda ao ambiente que o rodeia.<\/li>\n<li><strong>Modo Deus (10-15 pe\u00e7as):<\/strong> Para utilizadores experientes que procuram uma experi\u00eancia psicad\u00e9lica completa, incluindo efeitos visuais e percep\u00e7\u00f5es alteradas.<\/li>\n<\/ul>\n<h3><strong>Porqu\u00ea escolher a barra de chocolate Polkadot Fruity Pebbles?<\/strong><\/h3>\n<p>This chocolate bar is perfect for the adventurous at heart, those who appreciate a blend of creativity, quality, and nostalgia. Whether you&#8217;re enjoying a night in or exploring nature, this bar promises an unforgettable experience.<\/p>\n<h3><strong>Benef\u00edcios para a sa\u00fade:<\/strong><\/h3>\n<p>The psilocybin and psilocin in the magic mushrooms are known for their potential therapeutic benefits, including reducing stress and depression, enhancing creativity, and even helping with addiction recovery\u200b<span class=\"\" data-state=\"closed\"><span class=\"text-token-text-secondary\"> .<\/span><\/span><\/p>\n<p><strong>Explorar mais Barras de chocolate Polkadot:<\/strong><\/p>\n<ul>\n<li><a href=\"https:\/\/shroomschocolatebars.com\/pt\/produto\/polkadot-ferrero-rocher-chocolate-bar\/\" target=\"_new\" rel=\"noreferrer noopener\">Barra de chocolate Polkadot Ferrero Rocher<\/a><\/li>\n<li><a href=\"https:\/\/shroomschocolatebars.com\/pt\/produto\/polkadot-cookies-cacao-chocolate-bar\/\" target=\"_new\" rel=\"noreferrer noopener\">Barra de chocolate Polkadot Cookies &amp; Cacao<\/a><\/li>\n<li><a href=\"https:\/\/shroomschocolatebars.com\/pt\/produto\/barra-de-chocolate-polkadot-frosted-flakes-magic-mushroom\/\" target=\"_new\" rel=\"noreferrer noopener\">Barra de chocolate Polkadot Frosted Flakes Magic Mushroom<\/a><\/li>\n<li><a href=\"https:\/\/shroomschocolatebars.com\/pt\/produto\/barra-de-chocolate-polkadot-cinnamon-toast-crunch\/\" target=\"_new\" rel=\"noreferrer noopener\">Barra de chocolate Polkadot Cinnamon Toast Crunch<\/a><\/li>\n<\/ul>\n<p><strong>Onde comprar:<\/strong><\/p>\n<p>Pode comprar a barra de chocolate Polkadot Fruity Pebbles e outras variedades na nossa <a href=\"https:\/\/shroomschocolatebars.com\/pt\/categoria-produto\/barras-de-chocolate-polkadot\/\" target=\"_new\" rel=\"noreferrer noopener\">Cole\u00e7\u00e3o de barras de chocolate Polkadot<\/a>.<\/p>\n<p>Delicie-se com o mundo colorido e encantador das Barras de Chocolate Polkadot e deixe que cada dentada o transporte para um lugar de maravilha caprichosa e indulg\u00eancia divertida.<\/p>","protected":false},"excerpt":{"rendered":"<p>A barra de chocolate Polkadot Fruity Pebbles \u00e9 uma deliciosa fus\u00e3o entre o vibrante cereal Fruity Pebbles e o rico chocolate branco belga, criada para proporcionar uma viagem sensorial \u00fanica. Esta barra n\u00e3o \u00e9 apenas um deleite para as suas papilas gustativas, mas tamb\u00e9m um bilhete para uma experi\u00eancia m\u00e1gica, gra\u00e7as \u00e0 sua infus\u00e3o de cogumelos m\u00e1gicos.<\/p>","protected":false},"featured_media":1524,"comment_status":"open","ping_status":"closed","template":"","meta":[],"product_brand":[],"product_cat":[331],"product_tag":[],"class_list":{"0":"post-1520","1":"product","2":"type-product","3":"status-publish","4":"has-post-thumbnail","6":"product_cat-polkadot-chocolate-bars","8":"first","9":"instock","10":"shipping-taxable","11":"purchasable","12":"product-type-simple"},"jetpack_sharing_enabled":true,"_links":{"self":[{"href":"https:\/\/shroomschocolatebars.com\/pt\/wp-json\/wp\/v2\/product\/1520","targetHints":{"allow":["GET"]}}],"collection":[{"href":"https:\/\/shroomschocolatebars.com\/pt\/wp-json\/wp\/v2\/product"}],"about":[{"href":"https:\/\/shroomschocolatebars.com\/pt\/wp-json\/wp\/v2\/types\/product"}],"replies":[{"embeddable":true,"href":"https:\/\/shroomschocolatebars.com\/pt\/wp-json\/wp\/v2\/comments?post=1520"}],"wp:featuredmedia":[{"embeddable":true,"href":"https:\/\/shroomschocolatebars.com\/pt\/wp-json\/wp\/v2\/media\/1524"}],"wp:attachment":[{"href":"https:\/\/shroomschocolatebars.com\/pt\/wp-json\/wp\/v2\/media?parent=1520"}],"wp:term":[{"taxonomy":"product_brand","embeddable":true,"href":"https:\/\/shroomschocolatebars.com\/pt\/wp-json\/wp\/v2\/product_brand?post=1520"},{"taxonomy":"product_cat","embeddable":true,"href":"https:\/\/shroomschocolatebars.com\/pt\/wp-json\/wp\/v2\/product_cat?post=1520"},{"taxonomy":"product_tag","embeddable":true,"href":"https:\/\/shroomschocolatebars.com\/pt\/wp-json\/wp\/v2\/product_tag?post=1520"}],"curies":[{"name":"wp","href":"https:\/\/api.w.org\/{rel}","templated":true}]}}