{"id":1506,"date":"2024-07-29T09:06:17","date_gmt":"2024-07-29T09:06:17","guid":{"rendered":"https:\/\/shroomschocolatebars.com\/?post_type=product&#038;p=1506"},"modified":"2024-09-01T00:58:54","modified_gmt":"2024-09-01T00:58:54","slug":"polkadot-cookies-barra-de-chocolate-com-cacau-2","status":"publish","type":"product","link":"https:\/\/shroomschocolatebars.com\/pt\/product\/polkadot-cookies-cacao-chocolate-bar-2\/","title":{"rendered":"Polkadot Cookies &#038; Cacao Chocolate Bar"},"content":{"rendered":"<h3><strong>Comprar Polkadot Cookies &amp; Cacao Chocolate Bar<\/strong><\/h3>\n<p>Delicie-se com o sabor requintado da barra de chocolate Polkadot Cookies &amp; Cacao, uma fus\u00e3o deliciosa de chocolate belga de primeira qualidade, peda\u00e7os de biscoitos estaladi\u00e7os e as notas ricas e terrosas do cacau. Esta barra de chocolate oferece uma experi\u00eancia sensorial \u00fanica, combinando a suavidade do chocolate fino com o crocante satisfat\u00f3rio das bolachas e o sabor matizado do cacau.<\/p>\n<h4><strong>O equil\u00edbrio perfeito entre sabor e textura<\/strong><\/h4>\n<p>Criada a partir dos melhores ingredientes, a barra de chocolate Polkadot Cookies &amp; Cacao atinge o equil\u00edbrio perfeito entre a do\u00e7ura e o amargor, tornando-a a escolha ideal para os apreciadores de chocolate. O chocolate belga de alta qualidade proporciona uma base cremosa, enquanto os peda\u00e7os de bolacha acrescentam um delicioso crocante e o cacau real\u00e7a a profundidade geral do sabor.<\/p>\n<h4><strong>Benef\u00edcios do cacau para a sa\u00fade<\/strong><\/h4>\n<p>O cacau n\u00e3o \u00e9 apenas delicioso, mas tamb\u00e9m repleto de benef\u00edcios para a sa\u00fade. \u00c9 rico em antioxidantes, flavon\u00f3ides e outros nutrientes essenciais que podem ajudar a reduzir a inflama\u00e7\u00e3o, baixar a tens\u00e3o arterial e melhorar a sa\u00fade do cora\u00e7\u00e3o. Incorporar o cacau na sua dieta tamb\u00e9m pode aumentar a fun\u00e7\u00e3o cognitiva e melhorar o humor, tornando esta barra de chocolate numa indulg\u00eancia sem culpa.<\/p>\n<h4><strong>Desfrutar com responsabilidade: Guia de dosagem<\/strong><\/h4>\n<p>Cada barra de chocolate Polkadot Cookies &amp; Cacao \u00e9 infundida com ingredientes cuidadosamente seleccionados para garantir uma experi\u00eancia equilibrada e agrad\u00e1vel. Para os principiantes no consumo de chocolates com infus\u00e3o de cogumelos, recomenda-se come\u00e7ar com uma pequena por\u00e7\u00e3o, como um quadrado da barra, e esperar pelo menos uma hora para avaliar os efeitos antes de consumir mais. Esta abordagem cautelosa ajuda-o a compreender a sua toler\u00e2ncia e a desfrutar da experi\u00eancia em seguran\u00e7a.<\/p>\n<h4><strong>Armazenamento correto<\/strong><\/h4>\n<p>Para manter a qualidade e a frescura da sua barra de chocolate Polkadot Cookies &amp; Cacao, guarde-a num local fresco e seco. O armazenamento correto garante que o chocolate mant\u00e9m o seu sabor e textura ricos at\u00e9 seis meses. No entanto, dado o seu sabor delicioso, pode n\u00e3o durar tanto tempo!<\/p>\n<h4><strong>Produtos relacionados e liga\u00e7\u00f5es internas<\/strong><\/h4>\n<p>Explore outras op\u00e7\u00f5es deliciosas da gama Polkadot:<\/p>\n<ul>\n<li><a href=\"https:\/\/shroomschocolatebars.com\/pt\/produto\/barra-de-chocolate-polkadot-caramel-macchiato\/\" target=\"_new\" rel=\"noreferrer noopener\">Barra de chocolate Polkadot Caramel Macchiato<\/a><\/li>\n<li><a href=\"https:\/\/shroomschocolatebars.com\/pt\/produto\/polkadot-classic-belgian-milk-chocolate-bar\/\" target=\"_new\" rel=\"noreferrer noopener\">Barra de chocolate de leite belga cl\u00e1ssico Polkadot<\/a><\/li>\n<li><a href=\"https:\/\/shroomschocolatebars.com\/pt\/produto\/barra-de-chocolate-polkadot-butterfinger-chocolate-bar\/\" target=\"_new\" rel=\"noreferrer noopener\">Barra de chocolate Polkadot Butterfinger<\/a><\/li>\n<li><a href=\"https:\/\/shroomschocolatebars.com\/pt\/produto\/barra-de-chocolate-polkadot-cinnamon-toast-crunch\/\" target=\"_new\" rel=\"noreferrer noopener\">Barra de chocolate Polkadot Cinnamon Toast Crunch<\/a><\/li>\n<\/ul>\n<p>Estas barras oferecem combina\u00e7\u00f5es de sabores \u00fanicos, garantindo que h\u00e1 algo para todos os amantes de chocolate.<\/p>\n<h4><strong>Coment\u00e1rios de clientes<\/strong><\/h4>\n<p>Os clientes adoram a barra de chocolate Polkadot Cookies &amp; Cacao, destacando a sua mistura perfeita de sabores e textura satisfat\u00f3ria. Muitos notaram os efeitos estimulantes e a qualidade dos ingredientes, tornando-a numa escolha favorita entre os clientes novos e os que regressam.<\/p>\n<h4><strong>Porqu\u00ea escolher Polkadot?<\/strong><\/h4>\n<p>A Polkadot dedica-se \u00e0 cria\u00e7\u00e3o de produtos de chocolate de alta qualidade, deliciosos e inovadores. O nosso empenho em utilizar ingredientes de primeira qualidade e a nossa paix\u00e3o por criar experi\u00eancias de sabor deliciosas distinguem-nos. Cada barra \u00e9 um testemunho da nossa dedica\u00e7\u00e3o \u00e0 excel\u00eancia, garantindo que recebe um produto que n\u00e3o s\u00f3 tem um \u00f3timo sabor, mas tamb\u00e9m oferece potenciais benef\u00edcios para a sa\u00fade.<\/p>\n<p>Descubra o mundo encantador das barras de chocolate Polkadot e eleve a sua experi\u00eancia de chocolate hoje mesmo!<\/p>","protected":false},"excerpt":{"rendered":"<p>Buy Polkadot Cookies &amp; Cacao Chocolate Bar Indulge in the exquisite taste of the Polkadot Cookies &amp; Cacao Chocolate Bar, a delightful fusion of premium Belgian chocolate, crunchy cookie pieces, and the rich, earthy notes of cacao. This chocolate bar offers a unique sensory experience, combining the smoothness of fine chocolate with the satisfying crunch [&#8230;]\n","protected":false},"featured_media":1509,"comment_status":"open","ping_status":"closed","template":"","meta":[],"product_brand":[],"product_cat":[331],"product_tag":[],"class_list":{"0":"post-1506","1":"product","2":"type-product","3":"status-publish","4":"has-post-thumbnail","6":"product_cat-polkadot-chocolate-bars","8":"first","9":"instock","10":"shipping-taxable","11":"purchasable","12":"product-type-simple"},"jetpack_sharing_enabled":true,"_links":{"self":[{"href":"https:\/\/shroomschocolatebars.com\/pt\/wp-json\/wp\/v2\/product\/1506","targetHints":{"allow":["GET"]}}],"collection":[{"href":"https:\/\/shroomschocolatebars.com\/pt\/wp-json\/wp\/v2\/product"}],"about":[{"href":"https:\/\/shroomschocolatebars.com\/pt\/wp-json\/wp\/v2\/types\/product"}],"replies":[{"embeddable":true,"href":"https:\/\/shroomschocolatebars.com\/pt\/wp-json\/wp\/v2\/comments?post=1506"}],"wp:featuredmedia":[{"embeddable":true,"href":"https:\/\/shroomschocolatebars.com\/pt\/wp-json\/wp\/v2\/media\/1509"}],"wp:attachment":[{"href":"https:\/\/shroomschocolatebars.com\/pt\/wp-json\/wp\/v2\/media?parent=1506"}],"wp:term":[{"taxonomy":"product_brand","embeddable":true,"href":"https:\/\/shroomschocolatebars.com\/pt\/wp-json\/wp\/v2\/product_brand?post=1506"},{"taxonomy":"product_cat","embeddable":true,"href":"https:\/\/shroomschocolatebars.com\/pt\/wp-json\/wp\/v2\/product_cat?post=1506"},{"taxonomy":"product_tag","embeddable":true,"href":"https:\/\/shroomschocolatebars.com\/pt\/wp-json\/wp\/v2\/product_tag?post=1506"}],"curies":[{"name":"wp","href":"https:\/\/api.w.org\/{rel}","templated":true}]}}