{"id":1498,"date":"2024-07-29T08:41:54","date_gmt":"2024-07-29T08:41:54","guid":{"rendered":"https:\/\/shroomschocolatebars.com\/?post_type=product&#038;p=1498"},"modified":"2024-09-01T00:59:06","modified_gmt":"2024-09-01T00:59:06","slug":"barra-de-chocolate-polkadot-caramel-macchiato","status":"publish","type":"product","link":"https:\/\/shroomschocolatebars.com\/pt\/product\/polkadot-caramel-macchiato-chocolate-bar\/","title":{"rendered":"Barra de chocolate Polkadot Caramel Macchiato"},"content":{"rendered":"<h3><strong>Comprar Barra de Chocolate Polkadot Caramel Macchiato<\/strong><\/h3>\n<p>Bem-vindo ao delicioso mundo das Barras de Chocolate Polkadot Caramel Macchiato, onde a qualidade premium se encontra com um sabor extraordin\u00e1rio. Concebida para aqueles que desejam uma experi\u00eancia de chocolate \u00fanica e luxuosa, esta deliciosa guloseima combina na perfei\u00e7\u00e3o o sabor rico do caramelo macchiato com o melhor chocolate belga. A nossa barra de chocolate Polkadot Caramel Macchiato n\u00e3o \u00e9 apenas um deleite para as tuas papilas gustativas, mas tamb\u00e9m uma viagem ao reino dos cogumelos m\u00e1gicos comest\u00edveis, criados para proporcionar uma experi\u00eancia agrad\u00e1vel e terap\u00eautica.<\/p>\n<h4><strong>Perfil de sabor requintado<\/strong><\/h4>\n<p>Delicie-se com a textura suave e aveludada do chocolate belga de alta qualidade, real\u00e7ado com o sabor distinto e delicioso do caramelo macchiato. Cada dentada oferece uma mistura harmoniosa de chocolate rico e cremoso e o sabor doce e amanteigado do caramelo, finalizado com um toque subtil de caf\u00e9 que eleva a experi\u00eancia sensorial global. Os cogumelos m\u00e1gicos infundidos acrescentam um tom terroso, criando uma viagem de sabores equilibrada e inesquec\u00edvel.<\/p>\n<h4><strong>Benef\u00edcios para a sa\u00fade do chocolate de cogumelos m\u00e1gicos<\/strong><\/h4>\n<p>Our Polkadot Caramel Macchiato Chocolate Bar isn&#8217;t just a tasty indulgence; it&#8217;s packed with the potential health benefits of psilocybin mushrooms. Psilocybin has been known to promote mental well-being by enhancing mood, increasing creativity, and improving focus. Research has shown that psilocybin can help reconnect brain networks, aiding in the treatment of conditions such as depression, anxiety, PTSD, and addiction\u200b<span class=\"\" data-state=\"closed\"><span class=\"text-token-text-secondary\"> (<\/span><a class=\"text-green-600 !no-underline\" href=\"https:\/\/shroomschocolatebars.com\/pt\/\" target=\"_blank\" rel=\"noopener noreferrer\">barras de chocolate de cogumelos<\/a><span class=\"text-token-text-secondary\">)<\/span><\/span>\u200b\u200b<\/p>\n<h4><strong>Guia de microdosagem<\/strong><\/h4>\n<p>Para otimizar a sua experi\u00eancia com as Barras de Chocolate Polkadot Caramel Macchiato, fornecemos um guia de dosagem para o ajudar a escolher a quantidade certa para as suas necessidades:<\/p>\n<ul>\n<li><strong>Microdose (1-3 pe\u00e7as):<\/strong> Ideal para estimular a mente e proporcionar uma experi\u00eancia subtil e edificante sem efeitos psicoactivos significativos.<\/li>\n<li><strong>Dose terap\u00eautica (4-9 pe\u00e7as):<\/strong> Adequado para um estado consciente e elevado, perfeito para momentos terap\u00eauticos e de introspe\u00e7\u00e3o mais profunda.<\/li>\n<li><strong>Modo Deus (10-15 pe\u00e7as):<\/strong> Recomendado para uma experi\u00eancia intensa e imersiva em que os efeitos visuais e sensoriais s\u00e3o proeminentes. Consumir num ambiente seguro e evitar conduzir ve\u00edculos.<\/li>\n<\/ul>\n<h4><strong>Informa\u00e7\u00e3o nutricional<\/strong><\/h4>\n<p>Each Polkadot Caramel Macchiato Chocolate Bar is crafted with care, ensuring you enjoy every bite. Here&#8217;s the nutritional breakdown per serving:<\/p>\n<ul>\n<li><strong>Tamanho da dose:<\/strong> 1 quadrado<\/li>\n<li><strong>Por\u00e7\u00f5es por barra:<\/strong> 20<\/li>\n<li><strong>Teor de psilocibina:<\/strong> 500mg por pe\u00e7a, 10.000mg por barra<\/li>\n<li><strong>Calorias:<\/strong> 17<\/li>\n<li><strong>Gordura total:<\/strong> 1g<\/li>\n<li><strong>Gorduras saturadas:<\/strong> 1g<\/li>\n<li><strong>Colesterol:<\/strong> 1mg<\/li>\n<li><strong>S\u00f3dio:<\/strong> 1mg<\/li>\n<li><strong>Total de hidratos de carbono:<\/strong> 2g<\/li>\n<li><strong>A\u00e7\u00facares totais:<\/strong> 2g<\/li>\n<li><strong>Prote\u00edna:<\/strong> 0g<\/li>\n<\/ul>\n<h4><strong>Produ\u00e7\u00e3o sustent\u00e1vel e \u00e9tica<\/strong><\/h4>\n<p>Temos orgulho em garantir que as nossas Barras de Chocolate Polkadot Caramel Macchiato n\u00e3o s\u00e3o apenas deliciosas, mas tamb\u00e9m produzidas de forma \u00e9tica. O nosso chocolate \u00e9 obtido a partir de cacau cultivado de forma sustent\u00e1vel e garantimos que os nossos processos de produ\u00e7\u00e3o s\u00e3o amigos do ambiente. A embalagem foi concebida para ser eco-consciente, tornando-a num prazer sem culpa em mais do que uma maneira.<\/p>\n<h4><strong>Porqu\u00ea escolher as barras de chocolate Polkadot?<\/strong><\/h4>\n<ul>\n<li><strong>Ingredientes Premium:<\/strong> As nossas barras de chocolate s\u00e3o feitas com o melhor chocolate belga, garantindo uma textura rica e suave.<\/li>\n<li><strong>Sabores \u00fanicos:<\/strong> A combina\u00e7\u00e3o de caramelo macchiato e chocolate proporciona um sabor distinto e agrad\u00e1vel.<\/li>\n<li><strong>Benef\u00edcios para a sa\u00fade:<\/strong> Infundidas com cogumelos m\u00e1gicos, as nossas barras oferecem potenciais benef\u00edcios terap\u00eauticos, melhorando o bem-estar mental.<\/li>\n<li><strong>Produ\u00e7\u00e3o \u00e9tica:<\/strong> De origem sustent\u00e1vel e amigas do ambiente, as nossas barras de chocolate s\u00e3o uma escolha respons\u00e1vel para consumidores conscientes.<\/li>\n<\/ul>\n<h4><strong>Coment\u00e1rios de clientes<\/strong><\/h4>\n<p>Os nossos clientes adoram as barras de chocolate Polkadot Caramel Macchiato pelo seu sabor requintado e efeitos ben\u00e9ficos:<\/p>\n<ul>\n<li><strong>Adam Peebles:<\/strong> &#8220;These are a revelation! The rich cocoa perfectly complements the earthy mushroom undertones, creating a taste experience unlike any other.&#8221;<\/li>\n<li><strong>Mark Jance:<\/strong> &#8220;As a wellness enthusiast, I&#8217;m always on the hunt for healthy alternatives. These psilocybin chocolate bars hit the mark!&#8221;<\/li>\n<li><strong>Serge Hertzog:<\/strong> &#8220;The blend of flavors is unique and exciting, and the health benefits add a guilt-free dimension to my chocolate indulgence.&#8221;<\/li>\n<\/ul>\n<h4><strong>Explorar mais<\/strong><\/h4>\n<p>Descobre a nossa gama completa de barras de chocolate Polkadot e outros cogumelos m\u00e1gicos comest\u00edveis:<\/p>\n<ul>\n<li><a href=\"https:\/\/shroomschocolatebars.com\/pt\/categoria-produto\/barras-de-chocolate-polkadot\/\" target=\"_new\" rel=\"noreferrer noopener\">Barras de chocolate Polkadot<\/a><\/li>\n<li><a href=\"https:\/\/shroomschocolatebars.com\/pt\/produto\/polkadot-magic-chocolate\/\" target=\"_new\" rel=\"noreferrer noopener\">Barra de chocolate Polkadot Apple Jacks<\/a><\/li>\n<li><a href=\"https:\/\/shroomschocolatebars.com\/pt\/produto\/barra-de-chocolate-polkadot-tarte-de-maca\/\" target=\"_new\" rel=\"noreferrer noopener\">Barra de chocolate Polkadot Apple Pie<\/a><\/li>\n<li><a href=\"https:\/\/shroomschocolatebars.com\/pt\/produto\/barra-de-chocolate-com-manteiga-e-noz-peca\/\" target=\"_new\" rel=\"noreferrer noopener\">Barra de chocolate com noz-pec\u00e3 e manteiga Polkadot<\/a><\/li>\n<\/ul>","protected":false},"excerpt":{"rendered":"<p>Bem-vindo ao delicioso mundo das Barras de Chocolate Polkadot Caramel Macchiato, onde a qualidade premium se encontra com um sabor extraordin\u00e1rio. Concebida para aqueles que desejam uma experi\u00eancia de chocolate \u00fanica e luxuosa, esta deliciosa guloseima combina na perfei\u00e7\u00e3o o sabor rico do caramelo macchiato com o melhor chocolate belga. A nossa barra de chocolate Polkadot Caramel Macchiato n\u00e3o \u00e9 apenas um deleite para as tuas papilas gustativas, mas tamb\u00e9m uma viagem ao reino dos cogumelos m\u00e1gicos comest\u00edveis, criados para proporcionar uma experi\u00eancia agrad\u00e1vel e terap\u00eautica.<\/p>","protected":false},"featured_media":1499,"comment_status":"open","ping_status":"closed","template":"","meta":[],"product_brand":[],"product_cat":[331],"product_tag":[],"class_list":{"0":"post-1498","1":"product","2":"type-product","3":"status-publish","4":"has-post-thumbnail","6":"product_cat-polkadot-chocolate-bars","8":"first","9":"instock","10":"shipping-taxable","11":"purchasable","12":"product-type-simple"},"jetpack_sharing_enabled":true,"_links":{"self":[{"href":"https:\/\/shroomschocolatebars.com\/pt\/wp-json\/wp\/v2\/product\/1498","targetHints":{"allow":["GET"]}}],"collection":[{"href":"https:\/\/shroomschocolatebars.com\/pt\/wp-json\/wp\/v2\/product"}],"about":[{"href":"https:\/\/shroomschocolatebars.com\/pt\/wp-json\/wp\/v2\/types\/product"}],"replies":[{"embeddable":true,"href":"https:\/\/shroomschocolatebars.com\/pt\/wp-json\/wp\/v2\/comments?post=1498"}],"wp:featuredmedia":[{"embeddable":true,"href":"https:\/\/shroomschocolatebars.com\/pt\/wp-json\/wp\/v2\/media\/1499"}],"wp:attachment":[{"href":"https:\/\/shroomschocolatebars.com\/pt\/wp-json\/wp\/v2\/media?parent=1498"}],"wp:term":[{"taxonomy":"product_brand","embeddable":true,"href":"https:\/\/shroomschocolatebars.com\/pt\/wp-json\/wp\/v2\/product_brand?post=1498"},{"taxonomy":"product_cat","embeddable":true,"href":"https:\/\/shroomschocolatebars.com\/pt\/wp-json\/wp\/v2\/product_cat?post=1498"},{"taxonomy":"product_tag","embeddable":true,"href":"https:\/\/shroomschocolatebars.com\/pt\/wp-json\/wp\/v2\/product_tag?post=1498"}],"curies":[{"name":"wp","href":"https:\/\/api.w.org\/{rel}","templated":true}]}}