{"id":1305,"date":"2024-07-22T16:23:42","date_gmt":"2024-07-22T16:23:42","guid":{"rendered":"https:\/\/shroomschocolatebars.com\/?page_id=1305"},"modified":"2024-07-22T16:26:35","modified_gmt":"2024-07-22T16:26:35","slug":"sobre-nos","status":"publish","type":"page","link":"https:\/\/shroomschocolatebars.com\/pt\/about-us\/","title":{"rendered":"Sobre n\u00f3s"},"content":{"rendered":"<p class=\"has-medium-font-size\">Sobre n\u00f3s<\/p>\n\n\n\n<p class=\"has-medium-font-size\">Bem-vindo ao Shrooms Chocolate Bars! Durante os \u00faltimos 10 anos, dedic\u00e1mo-nos a criar barras de chocolate com cogumelos requintadas que combinam chocolate gourmet com os melhores cogumelos. A nossa viagem come\u00e7ou com uma paix\u00e3o por criar guloseimas \u00fanicas, deliciosas e preocupadas com a sa\u00fade.<\/p>\n\n\n\n<p class=\"has-medium-font-size\">Na Shrooms Chocolate Bars, acreditamos na magia dos cogumelos e na alegria do chocolate. A nossa miss\u00e3o \u00e9 oferecer uma experi\u00eancia de sabor \u00fanica que n\u00e3o s\u00f3 delicie os seus sentidos como tamb\u00e9m promova o bem-estar. Orgulhamo-nos de utilizar ingredientes de primeira qualidade, fontes sustent\u00e1veis e receitas inovadoras para lhe oferecer as melhores barras de chocolate com cogumelos do mercado.<\/p>\n\n\n\n<p class=\"has-medium-font-size\">O nosso compromisso com a qualidade e a satisfa\u00e7\u00e3o do cliente tem estado no centro das nossas actividades desde o primeiro dia. Estamos gratos pelo apoio e confian\u00e7a dos nossos clientes fi\u00e9is, que tornaram poss\u00edvel a nossa viagem. Junte-se a n\u00f3s enquanto continuamos a explorar novos sabores e a partilhar as maravilhas do chocolate de cogumelos com o mundo.<\/p>\n\n\n\n<p class=\"has-medium-font-size\">Obrigado por escolher Shrooms Chocolate Bars. Estamos ansiosos por servi-lo durante muitos mais anos.<\/p>","protected":false},"excerpt":{"rendered":"<p>About Us Welcome to Shrooms Chocolate Bars! For the past 10 years, we have been dedicated to crafting exquisite mushroom chocolate bars that combine gourmet chocolate with the finest mushrooms. Our journey began with a passion for creating unique, delicious, and health-conscious treats. At Shrooms Chocolate Bars, we believe in the magic of mushrooms and [&#8230;]\n","protected":false},"author":1,"featured_media":0,"parent":0,"menu_order":0,"comment_status":"closed","ping_status":"closed","template":"","meta":{"footnotes":""},"class_list":["post-1305","page","type-page","status-publish","hentry"],"jetpack_sharing_enabled":true,"_links":{"self":[{"href":"https:\/\/shroomschocolatebars.com\/pt\/wp-json\/wp\/v2\/pages\/1305","targetHints":{"allow":["GET"]}}],"collection":[{"href":"https:\/\/shroomschocolatebars.com\/pt\/wp-json\/wp\/v2\/pages"}],"about":[{"href":"https:\/\/shroomschocolatebars.com\/pt\/wp-json\/wp\/v2\/types\/page"}],"author":[{"embeddable":true,"href":"https:\/\/shroomschocolatebars.com\/pt\/wp-json\/wp\/v2\/users\/1"}],"replies":[{"embeddable":true,"href":"https:\/\/shroomschocolatebars.com\/pt\/wp-json\/wp\/v2\/comments?post=1305"}],"version-history":[{"count":0,"href":"https:\/\/shroomschocolatebars.com\/pt\/wp-json\/wp\/v2\/pages\/1305\/revisions"}],"wp:attachment":[{"href":"https:\/\/shroomschocolatebars.com\/pt\/wp-json\/wp\/v2\/media?parent=1305"}],"curies":[{"name":"wp","href":"https:\/\/api.w.org\/{rel}","templated":true}]}}