{"id":13,"date":"2024-07-22T16:06:14","date_gmt":"2024-07-22T16:06:14","guid":{"rendered":"https:\/\/shroomschocolatebars.com\/?page_id=13"},"modified":"2024-07-22T16:06:16","modified_gmt":"2024-07-22T16:06:16","slug":"politica-de-reembolso-e-devolucoes","status":"publish","type":"page","link":"https:\/\/shroomschocolatebars.com\/pt\/refund-and-returns-policy\/","title":{"rendered":"Pol\u00edtica de reembolso e devolu\u00e7\u00e3o"},"content":{"rendered":"<p class=\"has-medium-font-size\">Na Shrooms Chocolate Bars, queremos que fique completamente satisfeito com a sua compra. Se, por qualquer motivo, n\u00e3o ficar satisfeito com a sua encomenda, oferecemos uma pol\u00edtica de reembolso e devolu\u00e7\u00e3o c\u00f3moda e amiga do cliente.<\/p>\n\n\n\n<h4 class=\"wp-block-heading has-medium-font-size\">Pol\u00edtica de reembolso<\/h4>\n\n\n\n<ul class=\"wp-block-list\">\n<li class=\"has-medium-font-size\"><strong>Elegibilidade<\/strong>: Pode solicitar um reembolso no prazo de 7 dias ap\u00f3s a rece\u00e7\u00e3o da sua encomenda.<\/li>\n\n\n\n<li class=\"has-medium-font-size\"><strong>Estado<\/strong>: Os artigos devem ser devolvidos no seu estado original, n\u00e3o abertos e n\u00e3o danificados.<\/li>\n\n\n\n<li class=\"has-medium-font-size\"><strong>Processo<\/strong>: Para iniciar um reembolso, contacte a nossa equipa de apoio ao cliente com o n\u00famero da sua encomenda e o motivo da devolu\u00e7\u00e3o. Fornecer-lhe-emos instru\u00e7\u00f5es pormenorizadas sobre o procedimento a seguir.<\/li>\n<\/ul>\n\n\n\n<h4 class=\"wp-block-heading has-medium-font-size\">Processo de devolu\u00e7\u00e3o<\/h4>\n\n\n\n<ol class=\"wp-block-list\">\n<li class=\"has-medium-font-size\"><strong>Contactar-nos<\/strong>: Contacte a nossa equipa de apoio ao cliente no prazo de 7 dias ap\u00f3s a rece\u00e7\u00e3o da sua encomenda.<\/li>\n\n\n\n<li class=\"has-medium-font-size\"><strong>Receber instru\u00e7\u00f5es<\/strong>: A nossa equipa fornecer-lhe-\u00e1 uma autoriza\u00e7\u00e3o de devolu\u00e7\u00e3o e instru\u00e7\u00f5es para o envio do artigo.<\/li>\n\n\n\n<li class=\"has-medium-font-size\"><strong>Enviar o artigo<\/strong>: Devolver o produto na sua embalagem original. Recomendamos a utiliza\u00e7\u00e3o de um m\u00e9todo de envio rastre\u00e1vel para garantir uma entrega segura.<\/li>\n\n\n\n<li class=\"has-medium-font-size\"><strong>Reembolso emitido<\/strong>: Assim que recebermos e inspeccionarmos o artigo devolvido, processaremos o seu reembolso. O reembolso ser\u00e1 efectuado atrav\u00e9s do m\u00e9todo de pagamento original no prazo de alguns dias \u00fateis.<\/li>\n<\/ol>\n\n\n\n<h4 class=\"wp-block-heading has-medium-font-size\">Notas importantes<\/h4>\n\n\n\n<ul class=\"wp-block-list\">\n<li class=\"has-medium-font-size\"><strong>Custos de envio<\/strong>: Os clientes s\u00e3o respons\u00e1veis pelos custos de envio da devolu\u00e7\u00e3o, exceto se a devolu\u00e7\u00e3o se dever a um erro nosso (por exemplo, artigo errado ou defeituoso).<\/li>\n\n\n\n<li class=\"has-medium-font-size\"><strong>Artigos n\u00e3o reembols\u00e1veis<\/strong>: Certos artigos, como os que foram abertos ou utilizados, podem n\u00e3o ser eleg\u00edveis para um reembolso.<\/li>\n<\/ul>\n\n\n\n<p class=\"has-medium-font-size\">Esfor\u00e7amo-nos por tornar o nosso processo de reembolso e devolu\u00e7\u00e3o o mais f\u00e1cil e sem stress poss\u00edvel. Se tiver alguma d\u00favida ou precisar de assist\u00eancia, a nossa equipa de apoio ao cliente est\u00e1 aqui para ajudar.<\/p>\n\n\n\n<p class=\"has-medium-font-size\">Obrigado por comprar na Shrooms Chocolate Bars!<\/p>","protected":false},"excerpt":{"rendered":"<p>At Shrooms Chocolate Bars, we want you to be completely satisfied with your purchase. If for any reason you are not happy with your order, we offer a convenient and customer-friendly refund and returns policy. Refund Policy Returns Process Important Notes We strive to make our refund and returns process as easy and stress-free as [&#8230;]\n","protected":false},"author":1,"featured_media":0,"parent":0,"menu_order":0,"comment_status":"closed","ping_status":"closed","template":"","meta":{"footnotes":""},"class_list":["post-13","page","type-page","status-publish","hentry"],"jetpack_sharing_enabled":true,"_links":{"self":[{"href":"https:\/\/shroomschocolatebars.com\/pt\/wp-json\/wp\/v2\/pages\/13","targetHints":{"allow":["GET"]}}],"collection":[{"href":"https:\/\/shroomschocolatebars.com\/pt\/wp-json\/wp\/v2\/pages"}],"about":[{"href":"https:\/\/shroomschocolatebars.com\/pt\/wp-json\/wp\/v2\/types\/page"}],"author":[{"embeddable":true,"href":"https:\/\/shroomschocolatebars.com\/pt\/wp-json\/wp\/v2\/users\/1"}],"replies":[{"embeddable":true,"href":"https:\/\/shroomschocolatebars.com\/pt\/wp-json\/wp\/v2\/comments?post=13"}],"version-history":[{"count":0,"href":"https:\/\/shroomschocolatebars.com\/pt\/wp-json\/wp\/v2\/pages\/13\/revisions"}],"wp:attachment":[{"href":"https:\/\/shroomschocolatebars.com\/pt\/wp-json\/wp\/v2\/media?parent=13"}],"curies":[{"name":"wp","href":"https:\/\/api.w.org\/{rel}","templated":true}]}}