{"id":924,"date":"2022-05-26T03:01:08","date_gmt":"2022-05-26T03:01:08","guid":{"rendered":"https:\/\/shroomschocolatebars.com\/?post_type=product&#038;p=924"},"modified":"2025-07-30T04:15:16","modified_gmt":"2025-07-30T04:15:16","slug":"gommose-da-invidia-del-pene-albino-infuse-con-funghi-infinite-rx","status":"publish","type":"product","link":"https:\/\/shroomschocolatebars.com\/it\/product\/infinite-rx-shroom-infused-albino-penis-envy-gummies\/","title":{"rendered":"Gomme INfinite Rx Infuso di funghi invidia del pene albino"},"content":{"rendered":"<h2><strong>INfinite Rx Shroom Infused Albino Penis Envy Gummies Descrizione del prodotto<\/strong><\/h2>\n<h4><strong>Scoprite il potere delle gommose INfinite Rx Shroom Infused Albino Penis Envy<\/strong><\/h4>\n<p>Sperimentate un nuovo regno del consumo di psilocibina con le gomme INfinite Rx Shroom Infused Albino Penis Envy. Queste gommose gourmet sono state progettate per offrire un modo conveniente, gustoso e potente di godere dei benefici dei funghi magici. Realizzate appositamente per coloro che apprezzano le esperienze psichedeliche pi\u00f9 raffinate, queste caramelle sono una scelta eccezionale. Gomme INfinite Rx Shroom Infused Albino Penis Envy<\/p>\n<h3><strong>Punti di forza del prodotto<\/strong><\/h3>\n<ul>\n<li><strong>Potente contenuto di psilocibina<\/strong>: Each gummy is infused with 1000 mg of the powerful Albino Penis Envy (A.P.E) magic mushroom strain, making them suitable for seasoned psychonauts.<\/li>\n<li><strong>Sapori deliziosi<\/strong>: Godetevi un assortimento di gusti, tra cui ciliegia, fragola, mirtillo, arancia, lime e limone, per garantire un'esperienza deliziosa a ogni morso.<\/li>\n<li><strong>Comodo dosaggio<\/strong>: Con quattro gommine per confezione, per un totale di 2000 mg di psilocibina, il dosaggio \u00e8 semplice e costante.<\/li>\n<\/ul>\n<h3><strong>Why Choose INfinite Rx Shroom-Infused Gummies?<\/strong><\/h3>\n<h4>Migliore digeribilit\u00e0<\/h4>\n<p>One of the key advantages of consuming INfinite Rx gummies is their enhanced digestibility. Unlike traditional dried mushrooms, these gummies are easy on the stomach, reducing the likelihood of gastrointestinal discomfort, often referred to as &#8220;gut rot.&#8221; This means you can enjoy your journey without the unpleasant physical side effects.<\/p>\n<h4>Gusto superiore<\/h4>\n<p>Le gommine INfinite Rx mascherano il gusto spesso sgradevole dei funghi crudi con il loro delizioso sapore fruttato. Questo rende l'esperienza di consumo molto pi\u00f9 piacevole, permettendo di concentrarsi sugli effetti piuttosto che sul sapore.<\/p>\n<h4>Alto ad azione rapida e controllata<\/h4>\n<p>These gummies are designed to be fast-acting, with effects typically beginning within 30\u201345 minutes of consumption. Additionally, the experience lasts about half as long as that of traditional magic mushrooms, giving you better control over the duration of your trip. This is particularly beneficial for those who need to plan their experiences around other commitments.<\/p>\n<h3><strong>Istruzioni per il dosaggio e l'uso<\/strong><\/h3>\n<p>For those new to psilocybin, it&#8217;s recommended to start with half a gummy to assess tolerance. Experienced users may consume one to two gummies based on their preference. Allow up to 45 minutes for the effects to start before considering an additional dose.<\/p>\n<h3><strong>Ingredienti<\/strong><\/h3>\n<ul>\n<li>Zucchero<\/li>\n<li>Gelatina<\/li>\n<li>Sciroppo di mais<\/li>\n<li>Acido citrico<\/li>\n<li>Aromi naturali e artificiali<\/li>\n<li>Colore artificiale<\/li>\n<li>Olio di cocco<\/li>\n<li>Funghi psilocibinici<\/li>\n<\/ul>\n<h3><strong>Benefici per la salute<\/strong><\/h3>\n<p>Il consumo delle Gomme Albino Penis Envy infuse con funghi di INfinite Rx pu\u00f2 offrire numerosi benefici, tra cui una maggiore creativit\u00e0, un miglioramento dell'umore e potenziali effetti terapeutici per condizioni di salute mentale come la depressione e il PTSD. La variet\u00e0 Albino Penis Envy \u00e8 particolarmente nota per la sua potenza e le sue propriet\u00e0 psicotrope uniche, che rendono queste gomme un potente strumento di esplorazione e crescita personale.<\/p>\n<h3><strong>Testimonianze degli utenti<\/strong><\/h3>\n<ul>\n<li><strong>Lynda F.<\/strong> &#8211; &#8220;These gummies are amazing! The taste is fantastic, and the effects are just what I needed for my spiritual journey. Highly recommend for anyone experienced with psychedelics.&#8221;<\/li>\n<li><strong>Daniel M.<\/strong> &#8211; &#8220;Took two gummies and felt incredible. Planning to try four next time. These are perfect for a controlled, enjoyable trip.&#8221;<\/li>\n<\/ul>\n<h3><strong>Informazioni aggiuntive<\/strong><\/h3>\n<ul>\n<li><strong>Immagazzinamento<\/strong>: Conservare in un luogo fresco e asciutto, lontano dalla luce diretta del sole, per mantenere la potenza e la freschezza.<\/li>\n<li><strong>Avvertenze<\/strong>: Tenere fuori dalla portata dei bambini e degli animali domestici. Non consumare in caso di gravidanza o allattamento. Consultare un operatore sanitario in caso di condizioni mediche o di assunzione di farmaci.<\/li>\n<\/ul>\n<h3><strong>Prodotti correlati<\/strong><\/h3>\n<ul>\n<li><strong>Gomme per il cuore infuse di funghi INfinite Rx<\/strong>: Un'opzione a dose ridotta per chi desidera una microdose o cerca un'esperienza pi\u00f9 leggera.<\/li>\n<li><strong>Barrette di cioccolato alla psilocibina Wonder<\/strong>: Per chi preferisce il cioccolato alle caramelle gommose, queste barrette offrono una deliziosa alternativa.<\/li>\n<\/ul>\n<h3><strong>Conclusione<\/strong><\/h3>\n<p>Le gomme INfinite Rx Shroom Infused Albino Penis Envy offrono un'esperienza di psilocibina superiore, combinando potenza, sapore e convenienza. Che siate psiconauti esperti o vogliate approfondire la vostra pratica psichedelica, queste gomme sono una scelta eccellente. Elevate il vostro viaggio con la qualit\u00e0 affidabile di INfinite Rx.<\/p>\n<p>Per ulteriori informazioni o per effettuare un acquisto, visitate il nostro sito web <a href=\"https:\/\/shroomschocolatebars.com\/it\/negozio\/\">pagina del negozio\u00a0<\/a><\/p>\n<p>By optimizing your product description with relevant keywords and phrases such as &#8220;Albino Penis Envy gummies,&#8221; &#8220;psilocybin-infused,&#8221; and &#8220;magic mushrooms,&#8221; you can enhance your search engine rankings and attract more customers searching for these specific products\u200b.<\/p>","protected":false},"excerpt":{"rendered":"<p class=\"product_title entry-title\"><strong>INfinite Rx Shroom Infused Albino Penis Envy Edition Gummies Cuore Grande Edibles (4000mg)<\/strong><\/p>\n<p>&nbsp;<\/p>","protected":false},"featured_media":922,"comment_status":"open","ping_status":"closed","template":"","meta":[],"product_brand":[],"product_cat":[234],"product_tag":[],"class_list":{"0":"post-924","1":"product","2":"type-product","3":"status-publish","4":"has-post-thumbnail","6":"product_cat-buy-lsd-sheets-online","8":"first","9":"instock","10":"shipping-taxable","11":"purchasable","12":"product-type-simple"},"jetpack_sharing_enabled":true,"_links":{"self":[{"href":"https:\/\/shroomschocolatebars.com\/it\/wp-json\/wp\/v2\/product\/924","targetHints":{"allow":["GET"]}}],"collection":[{"href":"https:\/\/shroomschocolatebars.com\/it\/wp-json\/wp\/v2\/product"}],"about":[{"href":"https:\/\/shroomschocolatebars.com\/it\/wp-json\/wp\/v2\/types\/product"}],"replies":[{"embeddable":true,"href":"https:\/\/shroomschocolatebars.com\/it\/wp-json\/wp\/v2\/comments?post=924"}],"wp:featuredmedia":[{"embeddable":true,"href":"https:\/\/shroomschocolatebars.com\/it\/wp-json\/wp\/v2\/media\/922"}],"wp:attachment":[{"href":"https:\/\/shroomschocolatebars.com\/it\/wp-json\/wp\/v2\/media?parent=924"}],"wp:term":[{"taxonomy":"product_brand","embeddable":true,"href":"https:\/\/shroomschocolatebars.com\/it\/wp-json\/wp\/v2\/product_brand?post=924"},{"taxonomy":"product_cat","embeddable":true,"href":"https:\/\/shroomschocolatebars.com\/it\/wp-json\/wp\/v2\/product_cat?post=924"},{"taxonomy":"product_tag","embeddable":true,"href":"https:\/\/shroomschocolatebars.com\/it\/wp-json\/wp\/v2\/product_tag?post=924"}],"curies":[{"name":"wp","href":"https:\/\/api.w.org\/{rel}","templated":true}]}}