{"id":685,"date":"2022-03-30T08:35:15","date_gmt":"2022-03-30T08:35:15","guid":{"rendered":"https:\/\/shroomschocolatebars.com\/?post_type=product&#038;p=685"},"modified":"2024-09-01T01:04:46","modified_gmt":"2024-09-01T01:04:46","slug":"pene-invidiosi","status":"publish","type":"product","link":"https:\/\/shroomschocolatebars.com\/it\/product\/penis-envy-xl-magic-mushrooms\/","title":{"rendered":"Funghi magici Penis Envy XL"},"content":{"rendered":"<h3><strong>Acquistare i funghi Penis Envy XL online<\/strong><\/h3>\n<p><strong>Scoprite la potenza dei funghi magici Penis Envy XL<\/strong><\/p>\n<p>Esplorate la forza unica dei funghi magici Penis Envy XL (Psilocybe Cubensis Penis Envy), rinomati per la loro eccezionale potenza tra i ceppi di psilocibina.<\/p>\n<p><strong>Perch\u00e9 i funghi dell'invidia del pene si fanno notare<\/strong><\/p>\n<p>Scoprite perch\u00e9 i funghi Penis Envy sono riconosciuti a livello mondiale come la variet\u00e0 di Psilocybe Cubensis pi\u00f9 forte, che domina il mercato commerciale dei funghi.<\/p>\n<p><strong>Comprendere le caratteristiche uniche di Penis Envy XL<\/strong><\/p>\n<p>Scoprite le caratteristiche distintive di Penis Envy XL, tra cui la forma fallica, gli steli spessi e i corpi fruttiferi densi ed extra-large.<\/p>\n<p><strong>Raccomandazioni di dosaggio per un consumo sicuro<\/strong><\/p>\n<p>Get essential tips on dosing Penis Envy XL mushrooms, from the recommended &#8220;museum dose&#8221; for beginners to moderate doses for more experienced users.<\/p>\n<p><strong>Provate l'esperienza di una grafica e di un'euforia migliorate<\/strong><\/p>\n<p>Scoprite come i funghi Penis Envy XL possono migliorare l'umore e fornire esperienze visive intense, rendendo la musica e l'arte pi\u00f9 significative.<\/p>\n<p><strong>Uso sicuro e consumo responsabile<\/strong><\/p>\n<p>Imparate l'importanza del consumo responsabile e come creare un ambiente sicuro e positivo per il vostro viaggio psichedelico.<\/p>\n<p>Visitate il nostro<a href=\"https:\/\/shroomschocolatebars.com\/it\/categoria-prodotto\/fungo-magico\/\"> fungo magico<\/a> pagina della categoria per scoprire gli altri ceppi disponibili.<\/p>","protected":false},"excerpt":{"rendered":"<p><strong>Acquistare i migliori funghi magici Penis Envy XL<\/strong><\/p>\n<p><strong><u>Acquista di pi\u00f9, risparmia di pi\u00f9:<\/u><\/strong><\/p>\n<ul>\n<li>28 grammi = $170<\/li>\n<\/ul>\n<p><strong>Dettagli sulla spedizione<\/strong>:<\/p>\n<ul>\n<li>Spedizione rapida gratuita<\/li>\n<li>Spediamo in tutto il mondo con un numero di tracciamento fornito<\/li>\n<li>Confezione discreta e sigillata sottovuoto per la vostra privacy<\/li>\n<\/ul>","protected":false},"featured_media":1127,"comment_status":"open","ping_status":"closed","template":"","meta":[],"product_brand":[],"product_cat":[45],"product_tag":[],"class_list":{"0":"post-685","1":"product","2":"type-product","3":"status-publish","4":"has-post-thumbnail","6":"product_cat-magic-mushroom","8":"first","9":"instock","10":"shipping-taxable","11":"purchasable","12":"product-type-simple"},"jetpack_sharing_enabled":true,"_links":{"self":[{"href":"https:\/\/shroomschocolatebars.com\/it\/wp-json\/wp\/v2\/product\/685","targetHints":{"allow":["GET"]}}],"collection":[{"href":"https:\/\/shroomschocolatebars.com\/it\/wp-json\/wp\/v2\/product"}],"about":[{"href":"https:\/\/shroomschocolatebars.com\/it\/wp-json\/wp\/v2\/types\/product"}],"replies":[{"embeddable":true,"href":"https:\/\/shroomschocolatebars.com\/it\/wp-json\/wp\/v2\/comments?post=685"}],"wp:featuredmedia":[{"embeddable":true,"href":"https:\/\/shroomschocolatebars.com\/it\/wp-json\/wp\/v2\/media\/1127"}],"wp:attachment":[{"href":"https:\/\/shroomschocolatebars.com\/it\/wp-json\/wp\/v2\/media?parent=685"}],"wp:term":[{"taxonomy":"product_brand","embeddable":true,"href":"https:\/\/shroomschocolatebars.com\/it\/wp-json\/wp\/v2\/product_brand?post=685"},{"taxonomy":"product_cat","embeddable":true,"href":"https:\/\/shroomschocolatebars.com\/it\/wp-json\/wp\/v2\/product_cat?post=685"},{"taxonomy":"product_tag","embeddable":true,"href":"https:\/\/shroomschocolatebars.com\/it\/wp-json\/wp\/v2\/product_tag?post=685"}],"curies":[{"name":"wp","href":"https:\/\/api.w.org\/{rel}","templated":true}]}}