{"id":596,"date":"2022-03-23T09:07:17","date_gmt":"2022-03-23T09:07:17","guid":{"rendered":"https:\/\/shroomschocolatebars.com\/?post_type=product&#038;p=596"},"modified":"2024-09-01T01:05:08","modified_gmt":"2024-09-01T01:05:08","slug":"funghi-magici-birmani","status":"publish","type":"product","link":"https:\/\/shroomschocolatebars.com\/it\/product\/burmese-magic-mushrooms\/","title":{"rendered":"Funghi magici birmani"},"content":{"rendered":"<h2><strong>Acquista online i funghi magici birmani<\/strong><\/h2>\n<p>Benvenuti nella destinazione definitiva per l'acquisto di funghi magici birmani, rinomati per la loro eccezionale potenza e i loro effetti unici. La nostra guida completa vi fornir\u00e0 tutte le informazioni necessarie per effettuare un acquisto consapevole, assicurandovi un'esperienza memorabile e sicura.<\/p>\n<h3><strong>Cosa sono i funghi magici birmani?<\/strong><\/h3>\n<p>I funghi magici birmani appartengono alla specie Psilocybe Cubensis, uno dei tipi di funghi magici pi\u00f9 popolari e consumati. Questa variet\u00e0 \u00e8 stata originariamente scoperta da John W. Allen, un etnomicologo dilettante, in Birmania (oggi Myanmar). Questi funghi sono noti per la loro rapida crescita e l'elevata potenza, che li rendono i preferiti sia dai principianti che dagli psiconauti esperti.<\/p>\n<h4><strong>Perch\u00e9 scegliere i funghi magici birmani?<\/strong><\/h4>\n<ol>\n<li><strong>Alta potenza<\/strong>: I funghi magici birmani sono famosi per la loro potenza superiore alla media. Offrono forti effetti psicoattivi che possono fornire un'esperienza profonda e introspettiva.<\/li>\n<li><strong>Effetti visivi e mentali<\/strong>: Gli utilizzatori riferiscono di intensi miglioramenti visivi, euforia e profonda introspezione. L'esperienza pu\u00f2 variare in base al dosaggio e alla tolleranza individuale, ma in genere include un maggiore apprezzamento per la musica e l'arte, nonch\u00e9 un senso di connessione con la natura.<\/li>\n<li><strong>Versatilit\u00e0<\/strong>: Che siate alla ricerca di un viaggio leggero o di un viaggio pi\u00f9 intenso, i funghi magici birmani possono essere dosati in base alle vostre preferenze.<\/li>\n<\/ol>\n<h4><strong>Metodi di consumo<\/strong><\/h4>\n<ol>\n<li><strong>Masticare e deglutire<\/strong>: Il metodo pi\u00f9 semplice. Masticare accuratamente i funghi per consentire a tutti i composti psicoattivi di essere rilasciati e assorbiti. Gli effetti iniziano in genere entro 45 minuti.<\/li>\n<li><strong>T\u00e8 ai funghi magici<\/strong>: Questo metodo aiuta a mascherare il sapore terroso dei funghi. Tritare o schiacciare i funghi, metterli in infusione in acqua calda per 10-15 minuti, filtrare e gustare.<\/li>\n<li><strong>Miscelazione con il cibo<\/strong>: Incorporate i funghi macinati nei vostri alimenti preferiti, come i frullati o la cioccolata, per renderne pi\u00f9 gradevole il consumo.<\/li>\n<\/ol>\n<h4><strong>Raccomandazioni sul dosaggio<\/strong><\/h4>\n<ul>\n<li><strong>Microdose (0,1-0,3 grammi)<\/strong>: Effetti sub-percettivi che possono migliorare la creativit\u00e0 e ridurre l'ansia senza effetti psichedelici evidenti.<\/li>\n<li><strong>Dose da museo (0,5-1,5 grammi)<\/strong>: Effetti psicoattivi lievi, adatti a un'esperienza leggera e gestibile.<\/li>\n<li><strong>Dose moderata (2-3,5 grammi)<\/strong>: Fornisce un'esperienza psichedelica completa con significativi miglioramenti visivi e uditivi.<\/li>\n<li><strong>Dosi elevate (4 grammi e oltre)<\/strong>: Esperienze intense e profonde, consigliate solo a utenti esperti.<\/li>\n<\/ul>\n<h3><strong>Perch\u00e9 scegliere noi?<\/strong><\/h3>\n<p>A shroomschocolatebars, siamo orgogliosi di fornire solo i migliori funghi magici Penis Envy. Il nostro impegno per la qualit\u00e0 e la soddisfazione del cliente ci contraddistingue. Offriamo:<\/p>\n<ul>\n<li><strong>Trasparenza:<\/strong>\u00a0Full details about our cultivation process and third-party testing results ensure you know exactly what you\u2019re getting.<\/li>\n<li><strong><a href=\"https:\/\/shroomschocolatebars.com\/it\/politica-di-spedizione\/\">Spedizione discreta<\/a>:<\/strong>\u00a0Diamo priorit\u00e0 alla vostra privacy con un imballaggio discreto e metodi di spedizione sicuri.<\/li>\n<li><strong><a href=\"https:\/\/shroomschocolatebars.com\/it\/contattateci\/\">Assistenza clienti<\/a>:<\/strong>\u00a0Il nostro team di assistenza clienti, competente e cordiale, \u00e8 a disposizione per rispondere a qualsiasi domanda o dubbio.<\/li>\n<\/ul>\n<h3><strong>Recensioni dei clienti<\/strong><\/h3>\n<p>I nostri clienti sono entusiasti della qualit\u00e0 costante e dei potenti effetti dei nostri funghi magici birmani. Ecco alcune testimonianze:<\/p>\n<ul>\n<li>&#8220;A truly enlightening experience! The visuals were incredible, and I felt a deep connection with nature.&#8221; &#8211; Alex P.<\/li>\n<li>&#8220;Perfect for a weekend trip. The effects were strong but manageable, and the shipping was super fast!&#8221; &#8211; Jamie L.<\/li>\n<\/ul>\n<h3><strong>Prodotti correlati<\/strong><\/h3>\n<p>Se vi piacciono i funghi magici birmani, potrebbero piacervi anche:<\/p>\n<ul>\n<li><strong>Funghi magici Golden Teacher<\/strong>: sono noti per i loro effetti equilibrati e per le loro esperienze spirituali.<\/li>\n<li><strong>Funghi magici dell'Amazzonia<\/strong>: Famosi per le loro potenti allucinazioni visive e uditive.<\/li>\n<\/ul>\n<h3><strong>Conclusione<\/strong><\/h3>\n<p>Burmese Magic Mushrooms offer a potent and profound psychedelic experience. Whether you&#8217;re a first-timer or an experienced psychonaut, these mushrooms can provide a memorable journey into the depths of your consciousness. Purchase your Burmese Magic Mushrooms from our trusted online store and embark on a transformative adventure.<\/p>","protected":false},"excerpt":{"rendered":"<p><strong>Acquistare i migliori funghi magici birmani<\/strong><\/p>\n<p><strong><u>Acquista di pi\u00f9, risparmia di pi\u00f9:<\/u><\/strong><\/p>\n<ul>\n<li>28 grammi = $170<\/li>\n<\/ul>\n<p><strong>Dettagli sulla spedizione<\/strong>:<\/p>\n<ul>\n<li>Spedizione rapida gratuita<\/li>\n<li>Spediamo in tutto il mondo con un numero di tracciamento fornito<\/li>\n<li>Confezione discreta e sigillata sottovuoto per la vostra privacy<\/li>\n<\/ul>","protected":false},"featured_media":1132,"comment_status":"open","ping_status":"closed","template":"","meta":[],"product_brand":[],"product_cat":[45],"product_tag":[],"class_list":{"0":"post-596","1":"product","2":"type-product","3":"status-publish","4":"has-post-thumbnail","6":"product_cat-magic-mushroom","8":"first","9":"instock","10":"shipping-taxable","11":"purchasable","12":"product-type-simple"},"jetpack_sharing_enabled":true,"_links":{"self":[{"href":"https:\/\/shroomschocolatebars.com\/it\/wp-json\/wp\/v2\/product\/596","targetHints":{"allow":["GET"]}}],"collection":[{"href":"https:\/\/shroomschocolatebars.com\/it\/wp-json\/wp\/v2\/product"}],"about":[{"href":"https:\/\/shroomschocolatebars.com\/it\/wp-json\/wp\/v2\/types\/product"}],"replies":[{"embeddable":true,"href":"https:\/\/shroomschocolatebars.com\/it\/wp-json\/wp\/v2\/comments?post=596"}],"wp:featuredmedia":[{"embeddable":true,"href":"https:\/\/shroomschocolatebars.com\/it\/wp-json\/wp\/v2\/media\/1132"}],"wp:attachment":[{"href":"https:\/\/shroomschocolatebars.com\/it\/wp-json\/wp\/v2\/media?parent=596"}],"wp:term":[{"taxonomy":"product_brand","embeddable":true,"href":"https:\/\/shroomschocolatebars.com\/it\/wp-json\/wp\/v2\/product_brand?post=596"},{"taxonomy":"product_cat","embeddable":true,"href":"https:\/\/shroomschocolatebars.com\/it\/wp-json\/wp\/v2\/product_cat?post=596"},{"taxonomy":"product_tag","embeddable":true,"href":"https:\/\/shroomschocolatebars.com\/it\/wp-json\/wp\/v2\/product_tag?post=596"}],"curies":[{"name":"wp","href":"https:\/\/api.w.org\/{rel}","templated":true}]}}