{"id":470,"date":"2022-03-20T05:21:07","date_gmt":"2022-03-20T05:21:07","guid":{"rendered":"https:\/\/shroomschocolatebars.com\/?post_type=product&#038;p=470"},"modified":"2024-09-01T01:05:23","modified_gmt":"2024-09-01T01:05:23","slug":"fumo-funghi","status":"publish","type":"product","link":"https:\/\/shroomschocolatebars.com\/it\/product\/amazonian-magic-mushrooms\/","title":{"rendered":"Funghi magici dell'Amazzonia"},"content":{"rendered":"<h2><strong>Comprare i funghi magici dell'Amazzonia\u00a0<\/strong><\/h2>\n<p>I funghi magici amazzonici, conosciuti scientificamente come <em>Psilocybe cubensis<\/em>sono una variet\u00e0 di funghi psichedelici potente e ricercata. Originari delle lussureggianti foreste pluviali dell'Amazzonia, questi funghi hanno una ricca storia di utilizzo nei rituali spirituali e sciamanici. Oggi sono popolari tra gli psiconauti e i consumatori ricreativi per i loro profondi effetti allucinogeni, che offrono un viaggio nell'introspezione, nell'euforia e nella stimolazione visiva.<\/p>\n<h3><strong>Cosa rende unici i funghi magici amazzonici?<\/strong><\/h3>\n<p>I funghi magici dell'Amazzonia sono venerati per il loro alto contenuto di psilocibina, che induce viaggi potenti e vividi. Gli utilizzatori spesso riferiscono di intense allucinazioni visive e uditive, di un profondo senso di connessione con la natura e di un profondo senso di euforia. Questi funghi sono ideali per chi cerca un'esperienza psichedelica forte e trasformativa.<\/p>\n<h4>Caratteristiche principali:<\/h4>\n<ul>\n<li><strong>Origine:<\/strong> Foresta amazzonica<\/li>\n<li><strong>Specie:<\/strong> Psilocybe cubensis<\/li>\n<li><strong>Potenza:<\/strong> Alto<\/li>\n<li><strong>Effetti:<\/strong> Euforia, allucinazioni visive e uditive, risveglio spirituale, profonda introspezione.<\/li>\n<\/ul>\n<h3><strong>Effetti ed esperienza<\/strong><\/h3>\n<p>Quando si consumano i funghi magici amazzonici, ci si pu\u00f2 aspettare un viaggio che dura dalle 4 alle 6 ore. Il viaggio inizia di solito con un senso di euforia e leggerezza, che gradualmente porta a distorsioni visive e uditive pi\u00f9 intense. Molti utenti riferiscono di aver sperimentato intuizioni profonde, scoperte emotive e un senso di creativit\u00e0 accresciuto.<\/p>\n<h4><strong>Effetti comuni:<\/strong><\/h4>\n<ul>\n<li><strong>Euforia:<\/strong> Un maggiore senso di felicit\u00e0 e benessere.<\/li>\n<li><strong>Allucinazioni visive:<\/strong> Colori vivaci, motivi e movimento nell'ambiente.<\/li>\n<li><strong>Allucinazioni uditive:<\/strong> Percezione dei suoni potenziata, che spesso porta ad allucinazioni uditive.<\/li>\n<li><strong>Introspezione:<\/strong> Pensieri profondi e riflessivi e un senso di risveglio spirituale.<\/li>\n<\/ul>\n<h3><strong>Come usare in modo sicuro i funghi magici amazzonici<\/strong><\/h3>\n<p>Safety is paramount when embarking on a psychedelic journey. Start with a low dose, especially if you are new to magic mushrooms. This allows you to gauge your body&#8217;s reaction and avoid an overwhelming experience. Always consume mushrooms in a safe, comfortable environment, ideally with a trusted friend who can act as a trip sitter.<\/p>\n<h3><strong>Perch\u00e9 scegliere noi?<\/strong><\/h3>\n<p>A shroomschocolatebars, siamo orgogliosi di fornire solo i migliori funghi magici Penis Envy. Il nostro impegno per la qualit\u00e0 e la soddisfazione del cliente ci contraddistingue. Offriamo:<\/p>\n<ul>\n<li><strong>Trasparenza:<\/strong>\u00a0Full details about our cultivation process and third-party testing results ensure you know exactly what you\u2019re getting.<\/li>\n<li><strong><a href=\"https:\/\/shroomschocolatebars.com\/it\/politica-di-spedizione\/\">Spedizione discreta<\/a>:<\/strong>\u00a0Diamo priorit\u00e0 alla vostra privacy con un imballaggio discreto e metodi di spedizione sicuri.<\/li>\n<li><strong><a href=\"https:\/\/shroomschocolatebars.com\/it\/contattateci\/\">Assistenza clienti<\/a>:<\/strong>\u00a0Il nostro team di assistenza clienti, competente e cordiale, \u00e8 a disposizione per rispondere a qualsiasi domanda o dubbio.<\/li>\n<\/ul>\n<h4><strong>Guida al dosaggio:<\/strong><\/h4>\n<ul>\n<li><strong>Microdose:<\/strong> 0.1 &#8211; 0.5 grams for subtle effects.<\/li>\n<li><strong>Dose bassa:<\/strong> 0.5 &#8211; 1.5 grams for a mild trip.<\/li>\n<li><strong>Dose moderata:<\/strong> 1.5 &#8211; 3 grams for a standard psychedelic experience.<\/li>\n<li><strong>Dose elevata:<\/strong> 3 &#8211; 5 grams for a profound and intense journey.<\/li>\n<\/ul>\n<h3><strong>I benefici dei funghi magici amazzonici<\/strong><\/h3>\n<p>Oltre all'uso ricreativo, i funghi magici amazzonici sono stati studiati per i loro potenziali benefici terapeutici. Le ricerche indicano che la psilocibina, il composto attivo di questi funghi, pu\u00f2 aiutare a trattare condizioni come depressione, ansia, PTSD e dipendenza. Molti utenti trovano che questi funghi forniscano un senso di chiarezza e di liberazione emotiva, favorendo la crescita personale e la guarigione.<\/p>\n<h4><strong>Benefici terapeutici:<\/strong><\/h4>\n<ul>\n<li><strong>Salute mentale:<\/strong> Potenziale trattamento per depressione, ansia e PTSD.<\/li>\n<li><strong>Dipendenza:<\/strong> Aiuta a gestire e superare le dipendenze, in particolare da alcol e nicotina.<\/li>\n<li><strong>Rilascio emotivo:<\/strong> Facilita le scoperte emotive e la crescita personale.<\/li>\n<\/ul>\n<h3><strong>Come acquistare i funghi magici amazzonici online<\/strong><\/h3>\n<p>Acquisto di Amazzonia <a href=\"https:\/\/shroomschocolatebars.com\/it\/categoria-prodotto\/fungo-magico\/\">Funghi magici<\/a> online non \u00e8 mai stato cos\u00ec facile. Assicuratevi di scegliere un fornitore affidabile che offra prodotti di alta qualit\u00e0 e testati in laboratorio. Cercate un imballaggio discreto e una spedizione affidabile per mantenere la vostra privacy e garantire un'esperienza di acquisto senza problemi.<\/p>\n<h4><strong>Cosa cercare in un fornitore:<\/strong><\/h4>\n<ul>\n<li><strong>Garanzia di qualit\u00e0:<\/strong> Funghi testati in laboratorio per garantire sicurezza e potenza.<\/li>\n<li><strong>Confezione discreta:<\/strong> Imballaggio sicuro e non marcato per mantenere la privacy.<\/li>\n<li><strong>Spedizione affidabile:<\/strong> Opzioni di spedizione veloci e affidabili con tracciabilit\u00e0.<\/li>\n<li><strong>Assistenza clienti:<\/strong> Personale competente in grado di rispondere a qualsiasi domanda o dubbio.<\/li>\n<\/ul>\n<h3><strong>Domande frequenti<\/strong><\/h3>\n<p><strong>D: Come si consumano i funghi magici amazzonici?<\/strong> R: Esistono diversi modi per consumare i funghi magici, tra cui masticarli direttamente, prepararli in un t\u00e8 o incorporarli nel cibo. La masticazione consente di ottenere effetti pi\u00f9 rapidi, mentre il t\u00e8 pu\u00f2 essere pi\u00f9 facile per lo stomaco.<\/p>\n<p><strong>D: I funghi magici amazzonici sono legali?<\/strong> R: La legalit\u00e0 dei funghi magici varia a seconda dei Paesi e delle regioni. Controllare sempre le leggi locali prima di acquistare o consumare questi funghi.<\/p>\n<p><strong>D: Cosa devo fare se ho un brutto viaggio?<\/strong> R: Se vi capita un brutto viaggio, cercate di mantenere la calma e ricordate a voi stessi che gli effetti sono temporanei. Avere con s\u00e9 un amico fidato pu\u00f2 fornire conforto e rassicurazione. Anche la respirazione profonda e un cambiamento di ambiente possono aiutare ad alleviare l'ansia.<\/p>\n<p><strong>D: Posso fare microdosi con i Funghi Magici Amazzonici?<\/strong> R: S\u00ec, il microdosaggio prevede l'assunzione di quantit\u00e0 molto piccole di funghi per sperimentare benefici sottili senza gli effetti psichedelici completi. Questo pu\u00f2 migliorare la creativit\u00e0, la concentrazione e il benessere generale.<\/p>\n<h3><strong>Conclusione<\/strong><\/h3>\n<p>Amazonian Magic Mushrooms offer a powerful and transformative psychedelic experience. Whether you&#8217;re seeking spiritual enlightenment, therapeutic benefits, or a recreational journey, these mushrooms provide an unparalleled adventure into the mind&#8217;s depths. Always prioritize safety, start with a low dose, and choose a reputable vendor to ensure a positive and enlightening experience.<\/p>\n<p>Per ulteriori informazioni sull'acquisto e sull'uso dei funghi magici amazzonici, visitate il nostro sito web <a href=\"https:\/\/shroomschocolatebars.com\/it\/negozio\/\">negozio<\/a><\/p>","protected":false},"excerpt":{"rendered":"<p><strong>Acquistare i migliori funghi magici amazzonici<\/strong><\/p>\n<p><strong><u>Acquista di pi\u00f9, risparmia di pi\u00f9:<\/u><\/strong><\/p>\n<ul>\n<li>28 grammi = $170<\/li>\n<\/ul>\n<p><strong>Dettagli sulla spedizione<\/strong>:<\/p>\n<ul>\n<li>Spedizione rapida gratuita<\/li>\n<li>Spediamo in tutto il mondo con un numero di tracciamento fornito<\/li>\n<li>Confezione discreta e sigillata sottovuoto per la vostra privacy<\/li>\n<\/ul>","protected":false},"featured_media":1145,"comment_status":"open","ping_status":"closed","template":"","meta":[],"product_brand":[],"product_cat":[45],"product_tag":[],"class_list":{"0":"post-470","1":"product","2":"type-product","3":"status-publish","4":"has-post-thumbnail","6":"product_cat-magic-mushroom","8":"first","9":"instock","10":"shipping-taxable","11":"purchasable","12":"product-type-simple"},"jetpack_sharing_enabled":true,"_links":{"self":[{"href":"https:\/\/shroomschocolatebars.com\/it\/wp-json\/wp\/v2\/product\/470","targetHints":{"allow":["GET"]}}],"collection":[{"href":"https:\/\/shroomschocolatebars.com\/it\/wp-json\/wp\/v2\/product"}],"about":[{"href":"https:\/\/shroomschocolatebars.com\/it\/wp-json\/wp\/v2\/types\/product"}],"replies":[{"embeddable":true,"href":"https:\/\/shroomschocolatebars.com\/it\/wp-json\/wp\/v2\/comments?post=470"}],"wp:featuredmedia":[{"embeddable":true,"href":"https:\/\/shroomschocolatebars.com\/it\/wp-json\/wp\/v2\/media\/1145"}],"wp:attachment":[{"href":"https:\/\/shroomschocolatebars.com\/it\/wp-json\/wp\/v2\/media?parent=470"}],"wp:term":[{"taxonomy":"product_brand","embeddable":true,"href":"https:\/\/shroomschocolatebars.com\/it\/wp-json\/wp\/v2\/product_brand?post=470"},{"taxonomy":"product_cat","embeddable":true,"href":"https:\/\/shroomschocolatebars.com\/it\/wp-json\/wp\/v2\/product_cat?post=470"},{"taxonomy":"product_tag","embeddable":true,"href":"https:\/\/shroomschocolatebars.com\/it\/wp-json\/wp\/v2\/product_tag?post=470"}],"curies":[{"name":"wp","href":"https:\/\/api.w.org\/{rel}","templated":true}]}}