{"id":434,"date":"2022-03-20T03:23:19","date_gmt":"2022-03-20T03:23:19","guid":{"rendered":"https:\/\/shroomschocolatebars.com\/?post_type=product&#038;p=434"},"modified":"2024-10-10T02:36:54","modified_gmt":"2024-10-10T02:36:54","slug":"funghi-di-burma","status":"publish","type":"product","link":"https:\/\/shroomschocolatebars.com\/it\/product\/alacabenzi-magic-mushrooms\/","title":{"rendered":"Funghi magici Alacabenzi"},"content":{"rendered":"<h2><strong>Acquistare i funghi magici Alacabenzi<\/strong><\/h2>\n<p>I funghi magici Alacabenzi sono una variet\u00e0 unica e popolare di Psilocybe cubensis, nota per i suoi effetti psichedelici equilibrati e moderati. Questa variet\u00e0 \u00e8 particolarmente apprezzata dai principianti per la sua natura mite e l'esperienza a tutto tondo, che la rendono un perfetto punto di ingresso nel mondo dei funghi magici.<\/p>\n<h3><strong>Origini e contesto genetico<\/strong><\/h3>\n<p>The Alacabenzi strain is theorized to be a hybrid of two prominent strains: the Mexican cubensis and the Alabama cubensis. This combination brings together the potent, introspective qualities of the Mexican strain and the robust, sizable nature of the Alabama strain. The result is a mushroom that is both large and spiritually resonant, providing a deeply satisfying experience for users\u200b<span class=\"\" data-state=\"closed\"><span class=\"text-token-text-secondary\">\u00a0<\/span><\/span><\/p>\n<h3><strong>Caratteristiche fisiche<\/strong><\/h3>\n<p>Alacabenzi mushrooms typically exhibit medium-sized caps that are light yellow in color, with slender and slightly curved stems. They are known for their resilience and robust growth, making them a favorite among cultivators. The strain\u2019s fruiting bodies can vary in size, with caps ranging from 1 to 4 cm and stems that can reach lengths of over 12 inches in optimal growing conditions\u200b<span class=\"\" data-state=\"closed\"><span class=\"text-token-text-secondary\">\u00a0<\/span><\/span><\/p>\n<h3><strong>Effetti ed esperienza<\/strong><\/h3>\n<p>The effects of Alacabenzi Magic Mushrooms are generally described as producing a deep body high and altered spatial awareness rather than intense visual hallucinations. This makes them an excellent choice for those looking for a relaxing and meditative experience. Users often compare the sensation to being &#8220;stoned&#8221; on strong cannabis edibles, with effects that include mild euphoria, enhanced creativity, and a sense of physical relaxation. In higher doses, users might experience slight distortions in balance and equilibrium\u200b \u200b.<\/p>\n<h3><strong>Guida al dosaggio<\/strong><\/h3>\n<p>La determinazione del giusto dosaggio di funghi magici Alacabenzi dipende dalla tolleranza individuale e dagli effetti desiderati. Ecco una guida generale al dosaggio per aiutarvi a iniziare:<\/p>\n<ul>\n<li><strong>Dose creativa:<\/strong> Da 0,5 a 1,25 grammi<\/li>\n<li><strong>Dose media ricreativa:<\/strong> Da 1,5 a 2 grammi<\/li>\n<li><strong>Dose completa per uso ricreativo:<\/strong> Da 2 a 3,5 grammi<\/li>\n<li><strong>Esperienza di dose completa a scopo ricreativo:<\/strong> Da 3,5 a 5 grammi<\/li>\n<li><strong>Dose eroica:<\/strong> 5 to 7+ grams\u200b<span class=\"\" data-state=\"closed\"><span class=\"text-token-text-secondary\">\u00a0<\/span><\/span><\/li>\n<\/ul>\n<h3><strong>Coltivazione e crescita<\/strong><\/h3>\n<p>Alacabenzi mushrooms are relatively easy to cultivate, making them a good choice for novice growers. They prefer substrates like rye grain or a mixture of coconut coir, vermiculite, and gypsum (CVG). The strain is known for its aggressive colonization and resistance to contamination, which contributes to its popularity among home cultivators\u200b<\/p>\n<h3><strong>Perch\u00e9 scegliere noi?<\/strong><\/h3>\n<p>A shroomschocolatebars, siamo orgogliosi di fornire solo i migliori funghi magici Penis Envy. Il nostro impegno per la qualit\u00e0 e la soddisfazione del cliente ci contraddistingue. Offriamo:<\/p>\n<ul>\n<li><strong>Trasparenza:<\/strong>\u00a0Full details about our cultivation process and third-party testing results ensure you know exactly what you\u2019re getting.<\/li>\n<li><strong><a href=\"https:\/\/shroomschocolatebars.com\/it\/politica-di-spedizione\/\">Spedizione discreta<\/a>:<\/strong>\u00a0Diamo priorit\u00e0 alla vostra privacy con un imballaggio discreto e metodi di spedizione sicuri.<\/li>\n<li><strong><a href=\"https:\/\/shroomschocolatebars.com\/it\/contattateci\/\">Assistenza clienti<\/a>:<\/strong>\u00a0Il nostro team di assistenza clienti, competente e cordiale, \u00e8 a disposizione per rispondere a qualsiasi domanda o dubbio.<\/li>\n<\/ul>\n<h3><strong>Acquistare i funghi magici Alacabenzi<\/strong><\/h3>\n<p>When purchasing Alacabenzi Magic Mushrooms, it&#8217;s essential to source them from reputable vendors to ensure quality and safety. You can find these mushrooms in various quantities, ranging from small amounts for personal use to larger quantities for extended use or sharing.<\/p>\n<p>Per i prodotti correlati, si consiglia di esplorare:<\/p>\n<ul>\n<li><a href=\"https:\/\/shroomschocolatebars.com\/it\/prodotto\/invidia-del-pene-albino\/\" target=\"_new\" rel=\"noreferrer noopener\">Invidia per il pene albino<\/a><\/li>\n<li><a href=\"https:\/\/shroomschocolatebars.com\/it\/prodotto\/fumo-funghi\/\" target=\"_new\" rel=\"noreferrer noopener\">Funghi magici dell'Amazzonia<\/a><\/li>\n<li><a href=\"https:\/\/shroomschocolatebars.com\/it\/prodotto\/vulcano-arenal-funghi-magici\/\" target=\"_new\" rel=\"noreferrer noopener\">Funghi magici del vulcano Arenal<\/a><\/li>\n<\/ul>\n<h3><strong>Conclusione<\/strong><\/h3>\n<p>Alacabenzi Magic Mushrooms offer a balanced and accessible psychedelic experience, making them ideal for both beginners and experienced users. Their unique combination of effects, ease of cultivation, and historical significance make them a noteworthy strain in the world of psilocybin mushrooms. Whether you\u2019re seeking a gentle introduction to psychedelics or a reliable option for a relaxing and introspective journey, Alacabenzi mushrooms are a versatile and rewarding choice.<\/p>","protected":false},"excerpt":{"rendered":"<p><strong>Acquistare i migliori funghi magici Alacabenzi<\/strong><\/p>\n<p><strong><u>Acquista di pi\u00f9, risparmia di pi\u00f9:<\/u><\/strong><\/p>\n<ul>\n<li>28 grammi = $170<\/li>\n<\/ul>\n<p><strong>Dettagli sulla spedizione<\/strong>:<\/p>\n<ul>\n<li>Spedizione rapida gratuita<\/li>\n<li>Spediamo in tutto il mondo con un numero di tracciamento fornito<\/li>\n<li>Confezione discreta e sigillata sottovuoto per la vostra privacy<\/li>\n<\/ul>","protected":false},"featured_media":1482,"comment_status":"open","ping_status":"closed","template":"","meta":[],"product_brand":[],"product_cat":[45],"product_tag":[],"class_list":{"0":"post-434","1":"product","2":"type-product","3":"status-publish","4":"has-post-thumbnail","6":"product_cat-magic-mushroom","8":"first","9":"instock","10":"shipping-taxable","11":"purchasable","12":"product-type-simple"},"jetpack_sharing_enabled":true,"_links":{"self":[{"href":"https:\/\/shroomschocolatebars.com\/it\/wp-json\/wp\/v2\/product\/434","targetHints":{"allow":["GET"]}}],"collection":[{"href":"https:\/\/shroomschocolatebars.com\/it\/wp-json\/wp\/v2\/product"}],"about":[{"href":"https:\/\/shroomschocolatebars.com\/it\/wp-json\/wp\/v2\/types\/product"}],"replies":[{"embeddable":true,"href":"https:\/\/shroomschocolatebars.com\/it\/wp-json\/wp\/v2\/comments?post=434"}],"wp:featuredmedia":[{"embeddable":true,"href":"https:\/\/shroomschocolatebars.com\/it\/wp-json\/wp\/v2\/media\/1482"}],"wp:attachment":[{"href":"https:\/\/shroomschocolatebars.com\/it\/wp-json\/wp\/v2\/media?parent=434"}],"wp:term":[{"taxonomy":"product_brand","embeddable":true,"href":"https:\/\/shroomschocolatebars.com\/it\/wp-json\/wp\/v2\/product_brand?post=434"},{"taxonomy":"product_cat","embeddable":true,"href":"https:\/\/shroomschocolatebars.com\/it\/wp-json\/wp\/v2\/product_cat?post=434"},{"taxonomy":"product_tag","embeddable":true,"href":"https:\/\/shroomschocolatebars.com\/it\/wp-json\/wp\/v2\/product_tag?post=434"}],"curies":[{"name":"wp","href":"https:\/\/api.w.org\/{rel}","templated":true}]}}