{"id":386,"date":"2022-03-19T08:11:19","date_gmt":"2022-03-19T08:11:19","guid":{"rendered":"https:\/\/shroomschocolatebars.com\/?post_type=product&#038;p=386"},"modified":"2024-09-01T01:08:30","modified_gmt":"2024-09-01T01:08:30","slug":"cioccolato-funghi","status":"publish","type":"product","link":"https:\/\/shroomschocolatebars.com\/it\/product\/oneup-strawberries-and-cream-mushroom-bars\/","title":{"rendered":"Barrette ai funghi con fragole e panna di Oneup"},"content":{"rendered":"<h2><strong>Acquista le Barrette ai funghi fragole e panna di Oneup<\/strong><\/h2>\n<p>Queste barrette di prima qualit\u00e0 sono state meticolosamente realizzate per offrire un'eccezionale miscela di gusto ed effetti psichedelici, che le rende una scelta eccellente sia per i principianti che per gli psiconauti pi\u00f9 esperti. Le nostre barrette di funghi Oneup Strawberries and Cream sono state progettate per offrire un viaggio unico, saporito e potente che si distingue sul mercato.<\/p>\n<h2><strong>Caratteristiche del prodotto:<\/strong><\/h2>\n<p><strong>Ingredienti di alta qualit\u00e0:<\/strong> Ogni barretta di funghi Fragole e Crema di Oneup \u00e8 realizzata con i migliori ingredienti per garantire un'esperienza psichedelica sicura, piacevole ed efficace. Diamo priorit\u00e0 alla qualit\u00e0 e alla coerenza di ogni barretta, fornendo un prodotto affidabile di cui ci si pu\u00f2 fidare.<\/p>\n<p><strong>Sapore delizioso:<\/strong> Assaporate il gusto dolce e cremoso di fragole e panna a ogni morso. Le nostre barrette ai funghi Oneup combinano i potenti effetti dei funghi magici con un sapore delizioso, che le rende un piacere da consumare.<\/p>\n<p><strong>Comodo e discreto:<\/strong> Confezionate in una forma compatta e discreta, le barrette ai funghi Fragole e Crema di Oneup sono perfette per il consumo in movimento. Godetevi la vostra esperienza psichedelica ovunque e in qualsiasi momento, con facilit\u00e0 e comodit\u00e0.<\/p>\n<p><strong>Ideale per il microdosaggio:<\/strong> Whether you\u2019re new to psychedelics or an experienced user, our Oneup Strawberries and Cream Mushroom Bars are perfect for microdosing. The precise dosage allows for controlled and consistent effects, ideal for both beginners and experienced users.<\/p>\n<p><strong>Ad azione rapida e di lunga durata:<\/strong> Experience the effects quickly and enjoy a prolonged journey. Our bars are designed to provide a fast onset of effects, ensuring you don\u2019t have to wait long to start your psychedelic adventure.<\/p>\n<p><strong>Sicurezza e test:<\/strong> La vostra sicurezza \u00e8 la nostra massima priorit\u00e0. Le nostre barrette ai funghi con fragole e panna Oneup sono sottoposte a test rigorosi per garantire il rispetto dei pi\u00f9 elevati standard di sicurezza. Utilizziamo solo i migliori ingredienti e processi produttivi per garantire un prodotto sicuro e affidabile.<\/p>\n<h3><strong>Guida all'uso:<\/strong><\/h3>\n<ol>\n<li><strong>Dosaggio:<\/strong> Per un'esperienza leggera, iniziare con un piccolo pezzo di barretta (circa 1-2 quadratini). Per un effetto pi\u00f9 forte, \u00e8 possibile aumentare gradualmente il dosaggio. Iniziare sempre con una dose inferiore per valutare la propria tolleranza.<\/li>\n<li><strong>Consumo:<\/strong> Consumare la quantit\u00e0 desiderata e attendere circa 30-45 minuti perch\u00e9 gli effetti si manifestino. Non consumare altro finch\u00e9 non si avvertono gli effetti iniziali.<\/li>\n<li><strong>Stoccaggio:<\/strong> Conservare le barrette ai funghi fragole e panna Oneup in un luogo fresco e asciutto, lontano dalla luce diretta del sole. Tenetele fuori dalla portata dei bambini e degli animali domestici.<\/li>\n<li><strong>Precauzioni:<\/strong> Non mescolare con alcol o altre sostanze. Evitare di guidare o di utilizzare macchinari pesanti in stato di ebbrezza. Consultare un operatore sanitario in caso di condizioni mediche o di assunzione di farmaci.<\/li>\n<\/ol>\n<h3><strong>Perch\u00e9 scegliere le barrette ai funghi con fragole e panna di Oneup?<\/strong><\/h3>\n<p><strong>Qualit\u00e0 eccezionale:<\/strong> Il nostro impegno per la qualit\u00e0 garantisce che riceviate un prodotto sicuro, efficace e piacevole.<\/p>\n<p><strong>Sapore irresistibile:<\/strong> Il sapore di fragola e panna rende il consumo un'esperienza piacevole, a differenza di altri prodotti sul mercato.<\/p>\n<p><strong>Potenza costante:<\/strong> Ogni barretta offre un'esperienza psichedelica coerente e affidabile, in modo da sapere esattamente cosa aspettarsi ogni volta.<\/p>\n<p><strong>Convenienza:<\/strong> La confezione piccola e discreta consente di portare con s\u00e9 la barretta di funghi Oneup ovunque si vada, rendendo facile il viaggio psichedelico quando e dove si vuole.<\/p>\n<p><strong>Soddisfazione del cliente:<\/strong> I nostri clienti sono entusiasti dell'efficacia e del gusto delle nostre barrette ai funghi Oneup Strawberries and Cream. Unitevi ai molti utenti soddisfatti che hanno fatto delle Barrette ai Funghi Oneup la loro scelta preferita per gli psichedelici.<\/p>\n<p>Esplora la nostra gamma completa di <a href=\"https:\/\/shroomschocolatebars.com\/it\/categoria-prodotto\/barrette-ai-funghi-one-up-2\/\" target=\"_new\" rel=\"noreferrer noopener\">Barrette ai funghi Oneup<\/a> e scoprite l'aggiunta perfetta alla vostra esperienza psichedelica. Abbracciate il viaggio ed elevate la vostra mente con le barrette ai funghi Fragole e Crema di Oneup, la scelta migliore per gli psichedelici. Ordinate ora e provate la differenza!<\/p>","protected":false},"excerpt":{"rendered":"<p><strong>Ingredienti di alta qualit\u00e0:<\/strong> Ogni barretta di funghi Fragole e Crema di Oneup \u00e8 realizzata con i migliori ingredienti per garantire un'esperienza psichedelica sicura, piacevole ed efficace. Diamo priorit\u00e0 alla qualit\u00e0 e alla coerenza di ogni barretta, fornendo un prodotto affidabile di cui ci si pu\u00f2 fidare.<\/p>","protected":false},"featured_media":1161,"comment_status":"open","ping_status":"closed","template":"","meta":[],"product_brand":[],"product_cat":[60],"product_tag":[],"class_list":{"0":"post-386","1":"product","2":"type-product","3":"status-publish","4":"has-post-thumbnail","6":"product_cat-one-up-mushroom-bars-2","8":"first","9":"instock","10":"shipping-taxable","11":"purchasable","12":"product-type-simple"},"jetpack_sharing_enabled":true,"_links":{"self":[{"href":"https:\/\/shroomschocolatebars.com\/it\/wp-json\/wp\/v2\/product\/386","targetHints":{"allow":["GET"]}}],"collection":[{"href":"https:\/\/shroomschocolatebars.com\/it\/wp-json\/wp\/v2\/product"}],"about":[{"href":"https:\/\/shroomschocolatebars.com\/it\/wp-json\/wp\/v2\/types\/product"}],"replies":[{"embeddable":true,"href":"https:\/\/shroomschocolatebars.com\/it\/wp-json\/wp\/v2\/comments?post=386"}],"wp:featuredmedia":[{"embeddable":true,"href":"https:\/\/shroomschocolatebars.com\/it\/wp-json\/wp\/v2\/media\/1161"}],"wp:attachment":[{"href":"https:\/\/shroomschocolatebars.com\/it\/wp-json\/wp\/v2\/media?parent=386"}],"wp:term":[{"taxonomy":"product_brand","embeddable":true,"href":"https:\/\/shroomschocolatebars.com\/it\/wp-json\/wp\/v2\/product_brand?post=386"},{"taxonomy":"product_cat","embeddable":true,"href":"https:\/\/shroomschocolatebars.com\/it\/wp-json\/wp\/v2\/product_cat?post=386"},{"taxonomy":"product_tag","embeddable":true,"href":"https:\/\/shroomschocolatebars.com\/it\/wp-json\/wp\/v2\/product_tag?post=386"}],"curies":[{"name":"wp","href":"https:\/\/api.w.org\/{rel}","templated":true}]}}