{"id":1305,"date":"2024-07-22T16:23:42","date_gmt":"2024-07-22T16:23:42","guid":{"rendered":"https:\/\/shroomschocolatebars.com\/?page_id=1305"},"modified":"2024-07-22T16:26:35","modified_gmt":"2024-07-22T16:26:35","slug":"chi-siamo","status":"publish","type":"page","link":"https:\/\/shroomschocolatebars.com\/it\/about-us\/","title":{"rendered":"Chi siamo"},"content":{"rendered":"<p class=\"has-medium-font-size\">Chi siamo<\/p>\n\n\n\n<p class=\"has-medium-font-size\">Benvenuti a Shrooms Chocolate Bars! Negli ultimi 10 anni ci siamo dedicati alla creazione di squisite tavolette di cioccolato ai funghi che combinano il cioccolato gourmet con i funghi pi\u00f9 pregiati. Il nostro viaggio \u00e8 iniziato con la passione per la creazione di prodotti unici, deliziosi e salutari.<\/p>\n\n\n\n<p class=\"has-medium-font-size\">Noi di Shrooms Chocolate Bars crediamo nella magia dei funghi e nella gioia del cioccolato. La nostra missione \u00e8 offrire un'esperienza di gusto unica nel suo genere, che non solo delizi i vostri sensi, ma promuova anche il benessere. Siamo orgogliosi di utilizzare ingredienti di prima qualit\u00e0, approvvigionamento sostenibile e ricette innovative per offrirvi le migliori barrette di cioccolato ai funghi sul mercato.<\/p>\n\n\n\n<p class=\"has-medium-font-size\">Il nostro impegno per la qualit\u00e0 e la soddisfazione del cliente \u00e8 stato al centro delle nostre attivit\u00e0 fin dal primo giorno. Siamo grati per il sostegno e la fiducia dei nostri fedeli clienti, che hanno reso possibile il nostro viaggio. Unitevi a noi mentre continuiamo a esplorare nuovi sapori e a condividere con il mondo le meraviglie del cioccolato ai funghi.<\/p>\n\n\n\n<p class=\"has-medium-font-size\">Grazie per aver scelto le barrette di cioccolato Shrooms. Non vediamo l'ora di servirvi per molti anni a venire.<\/p>","protected":false},"excerpt":{"rendered":"<p>About Us Welcome to Shrooms Chocolate Bars! For the past 10 years, we have been dedicated to crafting exquisite mushroom chocolate bars that combine gourmet chocolate with the finest mushrooms. Our journey began with a passion for creating unique, delicious, and health-conscious treats. At Shrooms Chocolate Bars, we believe in the magic of mushrooms and [&#8230;]\n","protected":false},"author":1,"featured_media":0,"parent":0,"menu_order":0,"comment_status":"closed","ping_status":"closed","template":"","meta":{"footnotes":""},"class_list":["post-1305","page","type-page","status-publish","hentry"],"jetpack_sharing_enabled":true,"_links":{"self":[{"href":"https:\/\/shroomschocolatebars.com\/it\/wp-json\/wp\/v2\/pages\/1305","targetHints":{"allow":["GET"]}}],"collection":[{"href":"https:\/\/shroomschocolatebars.com\/it\/wp-json\/wp\/v2\/pages"}],"about":[{"href":"https:\/\/shroomschocolatebars.com\/it\/wp-json\/wp\/v2\/types\/page"}],"author":[{"embeddable":true,"href":"https:\/\/shroomschocolatebars.com\/it\/wp-json\/wp\/v2\/users\/1"}],"replies":[{"embeddable":true,"href":"https:\/\/shroomschocolatebars.com\/it\/wp-json\/wp\/v2\/comments?post=1305"}],"version-history":[{"count":0,"href":"https:\/\/shroomschocolatebars.com\/it\/wp-json\/wp\/v2\/pages\/1305\/revisions"}],"wp:attachment":[{"href":"https:\/\/shroomschocolatebars.com\/it\/wp-json\/wp\/v2\/media?parent=1305"}],"curies":[{"name":"wp","href":"https:\/\/api.w.org\/{rel}","templated":true}]}}