{"id":976,"date":"2022-05-29T16:35:34","date_gmt":"2022-05-29T16:35:34","guid":{"rendered":"https:\/\/shroomschocolatebars.com\/?post_type=product&#038;p=976"},"modified":"2024-09-01T01:26:50","modified_gmt":"2024-09-01T01:26:50","slug":"5-meo-dmt-cart-5ml-purecybin-2","status":"publish","type":"product","link":"https:\/\/shroomschocolatebars.com\/fr\/product\/5-meo-dmt-cart-5ml-purecybin-2\/","title":{"rendered":"5-MeO-DMT Cart 5mL Purecybin"},"content":{"rendered":"<h2><strong>5-MeO-DMT Cart 5mL Purecybin : L'exp\u00e9rience psych\u00e9d\u00e9lique ultime<\/strong><\/h2>\n<p>Welcome to the transformative world of 5-MeO-DMT Cart 5mL Purecybin, often referred to as &#8216;The God Molecule.&#8217; This powerful psychedelic offers a profound, life-altering experience that is both intense and enlightening. Our 5mL Purecybin cartridges are crafted to provide a consistent and pure experience, ensuring that each use is as impactful as the last. 5-MeO-DMT Cart 5mL Purecybin<\/p>\n<h3><strong>Vue d'ensemble<\/strong><\/h3>\n<p>La 5-MeO-DMT, ou 5-M\u00e9thoxy-N,N-Dim\u00e9thyltryptamine, est un psych\u00e9d\u00e9lique puissant de la classe des tryptamines. Elle est pr\u00e9sente \u00e0 l'\u00e9tat naturel dans diverses plantes et dans le venin du crapaud Bufo Alvarius. Ce compos\u00e9 est connu pour la rapidit\u00e9 et la courte dur\u00e9e de ses effets, qui durent g\u00e9n\u00e9ralement une trentaine de minutes. L'exp\u00e9rience du 5-MeO-DMT se caract\u00e9rise par des hallucinations visuelles et auditives intenses, un sentiment de dissociation de la r\u00e9alit\u00e9 et de profondes intuitions spirituelles.<\/p>\n<h4><strong>Caract\u00e9ristiques du produit<\/strong><\/h4>\n<ul>\n<li><strong>Volume de la cartouche<\/strong>: 5mL<\/li>\n<li><strong>Teneur en DMT<\/strong>: 150mg par cartouche<\/li>\n<li><strong>Compatibilit\u00e9<\/strong>: Convient \u00e0 toutes les cartouches standard \u00e0 filetage 510<\/li>\n<li><strong>Utilisation<\/strong>: Vaporis\u00e9 pour des effets optimaux<\/li>\n<\/ul>\n<h4><strong>Conseils de dosage<\/strong><\/h4>\n<p>Understanding the appropriate dosage for 5-MeO-DMT is crucial for a safe and transformative experience. Our 5mL Purecybin cartridges provide an estimated 4mg of DMT per 3-second pull. Here&#8217;s a breakdown of dosages:<\/p>\n<ul>\n<li><strong>L'exp\u00e9rience de la lumi\u00e8re<\/strong>: 1-5 tirages (4-24mg de DMT)<\/li>\n<li><strong>Exp\u00e9rience moyenne<\/strong>6-10 tirages (24-50 mg de DMT)<\/li>\n<li><strong>Une exp\u00e9rience solide<\/strong>: 10+ pulls (50+ mg de DMT)<\/li>\n<\/ul>\n<p>It&#8217;s essential to start with a lower dose if you are new to 5-MeO-DMT and gradually increase it as you become more comfortable with the effects.<\/p>\n<h4><strong>Effets et exp\u00e9rience<\/strong><\/h4>\n<p>Les effets de la 5-MeO-DMT sont imm\u00e9diats et puissants. Dans les 30 secondes suivant l'inhalation, les utilisateurs ressentent g\u00e9n\u00e9ralement les effets suivants<\/p>\n<ul>\n<li><strong>Hallucinations visuelles et auditives<\/strong>: Des couleurs \u00e9clatantes, des motifs en mouvement et des formes g\u00e9om\u00e9triques complexes.<\/li>\n<li><strong>Dissociation<\/strong>: Un profond sentiment de d\u00e9tachement du corps physique et de l'environnement.<\/li>\n<li><strong>Euphorie<\/strong>: Un immense sentiment de joie et de paix<\/li>\n<li><strong>Perspectives spirituelles<\/strong>: De nombreux utilisateurs font \u00e9tat d'exp\u00e9riences spirituelles bouleversantes et d'un sentiment d'unit\u00e9 avec l'univers.<\/li>\n<\/ul>\n<p>The peak effects occur within 1-15 minutes and gradually fade over the next 30 minutes. It&#8217;s crucial to be in a safe and comfortable environment during the experience.<\/p>\n<h4><strong>Les bienfaits du 5-MeO-DMT<\/strong><\/h4>\n<p>Les utilisateurs de 5-MeO-DMT d\u00e9crivent souvent l'exp\u00e9rience comme l'une des plus profondes de leur vie. Voici quelques-uns des avantages potentiels de la 5-MeO-DMT<\/p>\n<ul>\n<li><strong>Meilleure connaissance de soi<\/strong>: Mieux comprendre les probl\u00e8mes et les comportements personnels<\/li>\n<li><strong>Croissance spirituelle<\/strong>: De nombreux utilisateurs font \u00e9tat d'un sentiment accru de spiritualit\u00e9 et de connexion \u00e0 l'univers.<\/li>\n<li><strong>Lib\u00e9ration \u00e9motionnelle<\/strong>: L'exp\u00e9rience peut conduire \u00e0 une catharsis \u00e9motionnelle et \u00e0 une gu\u00e9rison importantes.<\/li>\n<li><strong>Clart\u00e9 et concentration<\/strong>: Apr\u00e8s l'exp\u00e9rience, les utilisateurs ressentent souvent un regain d'int\u00e9r\u00eat et de clart\u00e9.<\/li>\n<\/ul>\n<h4><strong>S\u00e9curit\u00e9 et pr\u00e9cautions<\/strong><\/h4>\n<p>Bien que la 5-MeO-DMT puisse offrir de profonds avantages, il est essentiel de l'utiliser de mani\u00e8re responsable. Voici quelques consignes de s\u00e9curit\u00e9 :<\/p>\n<ul>\n<li><strong>R\u00e9gler et param\u00e9trer<\/strong>: Assurez-vous d'\u00eatre dans un environnement s\u00fbr et confortable, de pr\u00e9f\u00e9rence en pr\u00e9sence d'une personne de confiance.<\/li>\n<li><strong>D\u00e9but Bas<\/strong>: Commencez par une dose plus faible afin d'\u00e9valuer votre sensibilit\u00e9 \u00e0 la substance.<\/li>\n<li><strong>\u00c9viter les m\u00e9langes<\/strong>: Ne pas m\u00e9langer la 5-MeO-DMT avec d'autres substances, en particulier d'autres psych\u00e9d\u00e9liques ou de l'alcool.<\/li>\n<li><strong>S'hydrater<\/strong>: Boire beaucoup d'eau avant et apr\u00e8s l'exp\u00e9rience<\/li>\n<\/ul>\n<h4><strong>Pourquoi choisir notre 5-MeO-DMT Cart 5mL Purecybin ?<\/strong><\/h4>\n<p>Notre produit se distingue par sa puret\u00e9, sa coh\u00e9rence et sa compatibilit\u00e9 avec les cartouches standard \u00e0 filetage 510. Chaque cartouche est m\u00e9ticuleusement test\u00e9e pour s'assurer qu'elle r\u00e9pond aux normes les plus \u00e9lev\u00e9es de qualit\u00e9 et de puissance. En choisissant notre 5-MeO-DMT Cart 5mL Purecybin, vous optez pour une exp\u00e9rience psych\u00e9d\u00e9lique fiable et transformatrice.<\/p>\n<h4><strong>Conclusion<\/strong><\/h4>\n<p>Le 5-MeO-DMT Cart 5mL Purecybin offre une opportunit\u00e9 unique d'explorer les profondeurs de votre conscience et d'acqu\u00e9rir de profondes connaissances. Que vous soyez un psychonaute chevronn\u00e9 ou un explorateur curieux, ce puissant psych\u00e9d\u00e9lique peut vous offrir une exp\u00e9rience profond\u00e9ment transformatrice. N'oubliez pas d'en faire un usage responsable et de respecter la nature profonde de ce compos\u00e9.<\/p>\n<p>Pour plus d'informations ou pour acheter, visitez notre site web <a href=\"https:\/\/shroomschocolatebars.com\/fr\/boutique\/\">boutique<\/a> et commencez d\u00e8s aujourd'hui votre voyage avec le 5-MeO-DMT.<\/p>","protected":false},"excerpt":{"rendered":"<h3>5-MeO-DMT Cart 5mL Purecybin<\/h3>","protected":false},"featured_media":978,"comment_status":"open","ping_status":"closed","template":"","meta":[],"product_brand":[],"product_cat":[234],"product_tag":[],"class_list":{"0":"post-976","1":"product","2":"type-product","3":"status-publish","4":"has-post-thumbnail","6":"product_cat-buy-lsd-sheets-online","8":"first","9":"instock","10":"shipping-taxable","11":"purchasable","12":"product-type-simple"},"jetpack_sharing_enabled":true,"_links":{"self":[{"href":"https:\/\/shroomschocolatebars.com\/fr\/wp-json\/wp\/v2\/product\/976","targetHints":{"allow":["GET"]}}],"collection":[{"href":"https:\/\/shroomschocolatebars.com\/fr\/wp-json\/wp\/v2\/product"}],"about":[{"href":"https:\/\/shroomschocolatebars.com\/fr\/wp-json\/wp\/v2\/types\/product"}],"replies":[{"embeddable":true,"href":"https:\/\/shroomschocolatebars.com\/fr\/wp-json\/wp\/v2\/comments?post=976"}],"wp:featuredmedia":[{"embeddable":true,"href":"https:\/\/shroomschocolatebars.com\/fr\/wp-json\/wp\/v2\/media\/978"}],"wp:attachment":[{"href":"https:\/\/shroomschocolatebars.com\/fr\/wp-json\/wp\/v2\/media?parent=976"}],"wp:term":[{"taxonomy":"product_brand","embeddable":true,"href":"https:\/\/shroomschocolatebars.com\/fr\/wp-json\/wp\/v2\/product_brand?post=976"},{"taxonomy":"product_cat","embeddable":true,"href":"https:\/\/shroomschocolatebars.com\/fr\/wp-json\/wp\/v2\/product_cat?post=976"},{"taxonomy":"product_tag","embeddable":true,"href":"https:\/\/shroomschocolatebars.com\/fr\/wp-json\/wp\/v2\/product_tag?post=976"}],"curies":[{"name":"wp","href":"https:\/\/api.w.org\/{rel}","templated":true}]}}