{"id":929,"date":"2022-05-26T05:13:41","date_gmt":"2022-05-26T05:13:41","guid":{"rendered":"https:\/\/shroomschocolatebars.com\/?post_type=product&#038;p=929"},"modified":"2024-09-01T01:04:44","modified_gmt":"2024-09-01T01:04:44","slug":"ou-acheter-des-champignons-2","status":"publish","type":"product","link":"https:\/\/shroomschocolatebars.com\/fr\/product\/wollongong-magic-mushrooms\/","title":{"rendered":"Champignons magiques de Wollongong"},"content":{"rendered":"<h1><strong>Achat en ligne de champignons magiques de Wollongong<\/strong><\/h1>\n<p>Les champignons magiques de Wollongong (Psilocybe Cubensis Wollongong) sont une souche remarquable originaire de la r\u00e9gion de l'Oc\u00e9an Indien. <a href=\"https:\/\/en.wikipedia.org\/wiki\/Illawarra_escarpment\" target=\"_blank\" rel=\"noopener nofollow\">L'escarpement de l'Illawarra<\/a> pr\u00e8s de Wollongong, en Australie. L'\u00e9quipe d\u00e9vou\u00e9e de <a href=\"https:\/\/shroomschocolatebars.com\/fr\/\">shroomschocolatebars.com<\/a> s'est m\u00e9ticuleusement approvisionn\u00e9 et a pr\u00e9serv\u00e9 la v\u00e9ritable g\u00e9n\u00e9tique de cette souche, garantissant ainsi l'authenticit\u00e9 et la qualit\u00e9.<\/p>\n<h3><strong>Apparence et caract\u00e9ristiques<\/strong><\/h3>\n<p>Wollongong mushrooms are easily identifiable by their creamy golden caps adorned with spots. Both the stems and caps are notably meaty, with the stems typically exhibiting a white coloration. Known for their aggressive colonization and rapid growth, these mushrooms are a cultivator&#8217;s delight.<\/p>\n<h3><strong>Puissance et effets<\/strong><\/h3>\n<p>Our team has found Wollongong Magic Mushrooms to exhibit above-average potency, often leading to profound spiritual experiences and a sense of overall transcendence. After consuming Wollongong mushrooms, users can expect to feel euphoric and excited within 10 to 40 minutes. The intensity of visual and sensory enhancements depends on the dosage, ranging from mild to intense. Common experiences include breathing objects, a heightened sense of nature&#8217;s vibrancy, and deep introspective thought. Music and art are perceived with enhanced appreciation, often resonating on a more personal level.<\/p>\n<h3><strong>Dosage et dur\u00e9e<\/strong><\/h3>\n<p>Les dosages les plus courants sont les suivants<\/p>\n<ul>\n<li><strong>Dose mus\u00e9e (0.5-1.5g)<\/strong>: Offre une exp\u00e9rience l\u00e9g\u00e8re et g\u00e9rable.<\/li>\n<li><strong>Dose mod\u00e9r\u00e9e (2-3.5g)<\/strong>: Il s'agit d'un voyage plus intense, d'une dur\u00e9e de 3 \u00e0 6 heures.<\/li>\n<\/ul>\n<p>Ces champignons promettent un voyage extraordinaire, ce qui en fait les favoris des amateurs de loisirs et de th\u00e9rapie. Profitez des caract\u00e9ristiques uniques des champignons magiques de Wollongong et explorez leurs effets profonds.<\/p>","protected":false},"excerpt":{"rendered":"<p><strong>Acheter les meilleurs champignons de Wollongong.<\/strong><\/p>\n<p><strong><u>Achetez plus, \u00e9conomisez plus :<\/u><\/strong><\/p>\n<ul>\n<li>28 grammes = $170<\/li>\n<\/ul>\n<p><strong>D\u00e9tails de l'exp\u00e9dition<\/strong>:<\/p>\n<ul>\n<li>Exp\u00e9dition acc\u00e9l\u00e9r\u00e9e gratuite<\/li>\n<li>Nous exp\u00e9dions dans le monde entier avec un num\u00e9ro de suivi fourni<\/li>\n<li>Emballage discret et scell\u00e9 sous vide pour pr\u00e9server votre vie priv\u00e9e<\/li>\n<\/ul>","protected":false},"featured_media":1129,"comment_status":"open","ping_status":"closed","template":"","meta":[],"product_brand":[],"product_cat":[45],"product_tag":[],"class_list":{"0":"post-929","1":"product","2":"type-product","3":"status-publish","4":"has-post-thumbnail","6":"product_cat-magic-mushroom","8":"first","9":"instock","10":"shipping-taxable","11":"purchasable","12":"product-type-simple"},"jetpack_sharing_enabled":true,"_links":{"self":[{"href":"https:\/\/shroomschocolatebars.com\/fr\/wp-json\/wp\/v2\/product\/929","targetHints":{"allow":["GET"]}}],"collection":[{"href":"https:\/\/shroomschocolatebars.com\/fr\/wp-json\/wp\/v2\/product"}],"about":[{"href":"https:\/\/shroomschocolatebars.com\/fr\/wp-json\/wp\/v2\/types\/product"}],"replies":[{"embeddable":true,"href":"https:\/\/shroomschocolatebars.com\/fr\/wp-json\/wp\/v2\/comments?post=929"}],"wp:featuredmedia":[{"embeddable":true,"href":"https:\/\/shroomschocolatebars.com\/fr\/wp-json\/wp\/v2\/media\/1129"}],"wp:attachment":[{"href":"https:\/\/shroomschocolatebars.com\/fr\/wp-json\/wp\/v2\/media?parent=929"}],"wp:term":[{"taxonomy":"product_brand","embeddable":true,"href":"https:\/\/shroomschocolatebars.com\/fr\/wp-json\/wp\/v2\/product_brand?post=929"},{"taxonomy":"product_cat","embeddable":true,"href":"https:\/\/shroomschocolatebars.com\/fr\/wp-json\/wp\/v2\/product_cat?post=929"},{"taxonomy":"product_tag","embeddable":true,"href":"https:\/\/shroomschocolatebars.com\/fr\/wp-json\/wp\/v2\/product_tag?post=929"}],"curies":[{"name":"wp","href":"https:\/\/api.w.org\/{rel}","templated":true}]}}