{"id":924,"date":"2022-05-26T03:01:08","date_gmt":"2022-05-26T03:01:08","guid":{"rendered":"https:\/\/shroomschocolatebars.com\/?post_type=product&#038;p=924"},"modified":"2025-07-30T04:15:16","modified_gmt":"2025-07-30T04:15:16","slug":"infinite-rx-shroom-infused-albino-penis-envy-gummies","status":"publish","type":"product","link":"https:\/\/shroomschocolatebars.com\/fr\/product\/infinite-rx-shroom-infused-albino-penis-envy-gummies\/","title":{"rendered":"INfinite Rx Shroom Infused Albino Penis Envy gummies (en anglais)"},"content":{"rendered":"<h2><strong>INfinite Rx Shroom Infused Albino Penis Envy Gummies Description du produit<\/strong><\/h2>\n<h4><strong>D\u00e9couvrez le pouvoir des gommes INfinite Rx Shroom Infused Albino Penis Envy<\/strong><\/h4>\n<p>D\u00e9couvrez un nouveau domaine de consommation de psilocybine avec les INfinite Rx Shroom Infused Albino Penis Envy Gummies. Ces gommes gourmandes sont con\u00e7ues pour offrir un moyen pratique, savoureux et puissant de profiter des bienfaits des champignons magiques. Con\u00e7us sp\u00e9cifiquement pour ceux qui appr\u00e9cient les exp\u00e9riences psych\u00e9d\u00e9liques les plus raffin\u00e9es, ces gommes sont un choix exceptionnel. INfinite Rx Shroom Infused Albino Penis Envy gummies<\/p>\n<h3><strong>Points forts du produit<\/strong><\/h3>\n<ul>\n<li><strong>Teneur en psilocybine puissante<\/strong>: Each gummy is infused with 1000 mg of the powerful Albino Penis Envy (A.P.E) magic mushroom strain, making them suitable for seasoned psychonauts.<\/li>\n<li><strong>Des saveurs d\u00e9licieuses<\/strong>: Profitez d'un assortiment de saveurs, y compris cerise, fraise, myrtille, orange, citron vert et citron, garantissant une exp\u00e9rience d\u00e9licieuse \u00e0 chaque bouch\u00e9e.<\/li>\n<li><strong>Dosage pratique<\/strong>: Avec quatre gommes par paquet, totalisant 2000 mg de psilocybine, le dosage est simple et coh\u00e9rent.<\/li>\n<\/ul>\n<h3><strong>Why Choose INfinite Rx Shroom-Infused Gummies?<\/strong><\/h3>\n<h4>Meilleure digestibilit\u00e9<\/h4>\n<p>One of the key advantages of consuming INfinite Rx gummies is their enhanced digestibility. Unlike traditional dried mushrooms, these gummies are easy on the stomach, reducing the likelihood of gastrointestinal discomfort, often referred to as &#8220;gut rot.&#8221; This means you can enjoy your journey without the unpleasant physical side effects.<\/p>\n<h4>Go\u00fbt sup\u00e9rieur<\/h4>\n<p>Les gommes INfinite Rx masquent le go\u00fbt souvent d\u00e9sagr\u00e9able des champignons crus par leurs d\u00e9licieuses saveurs fruit\u00e9es. Cela rend l'exp\u00e9rience de consommation beaucoup plus agr\u00e9able, vous permettant de vous concentrer sur les effets plut\u00f4t que sur le go\u00fbt.<\/p>\n<h4>Une action rapide et un niveau \u00e9lev\u00e9 contr\u00f4l\u00e9<\/h4>\n<p>These gummies are designed to be fast-acting, with effects typically beginning within 30\u201345 minutes of consumption. Additionally, the experience lasts about half as long as that of traditional magic mushrooms, giving you better control over the duration of your trip. This is particularly beneficial for those who need to plan their experiences around other commitments.<\/p>\n<h3><strong>Dosage et instructions d'utilisation<\/strong><\/h3>\n<p>For those new to psilocybin, it&#8217;s recommended to start with half a gummy to assess tolerance. Experienced users may consume one to two gummies based on their preference. Allow up to 45 minutes for the effects to start before considering an additional dose.<\/p>\n<h3><strong>Ingr\u00e9dients<\/strong><\/h3>\n<ul>\n<li>Sucre<\/li>\n<li>G\u00e9latine<\/li>\n<li>Sirop de ma\u00efs<\/li>\n<li>Acide citrique<\/li>\n<li>Ar\u00f4mes naturels et artificiels<\/li>\n<li>Couleur artificielle<\/li>\n<li>Huile de noix de coco<\/li>\n<li>Champignons \u00e0 psilocybine<\/li>\n<\/ul>\n<h3><strong>Avantages pour la sant\u00e9<\/strong><\/h3>\n<p>La consommation d'INfinite Rx Shroom Infused Albino Penis Envy Gummies peut offrir de nombreux avantages, notamment une cr\u00e9ativit\u00e9 accrue, une meilleure humeur et des effets th\u00e9rapeutiques potentiels pour les troubles mentaux tels que la d\u00e9pression et le syndrome de stress post-traumatique. La souche Albino Penis Envy est particuli\u00e8rement r\u00e9put\u00e9e pour sa puissance et ses propri\u00e9t\u00e9s psychotropes uniques, ce qui fait de ces gommes un outil puissant pour l'exploration et le d\u00e9veloppement personnels.<\/p>\n<h3><strong>T\u00e9moignages d'utilisateurs<\/strong><\/h3>\n<ul>\n<li><strong>Lynda F.<\/strong> &#8211; &#8220;These gummies are amazing! The taste is fantastic, and the effects are just what I needed for my spiritual journey. Highly recommend for anyone experienced with psychedelics.&#8221;<\/li>\n<li><strong>Daniel M.<\/strong> &#8211; &#8220;Took two gummies and felt incredible. Planning to try four next time. These are perfect for a controlled, enjoyable trip.&#8221;<\/li>\n<\/ul>\n<h3><strong>Informations compl\u00e9mentaires<\/strong><\/h3>\n<ul>\n<li><strong>Stockage<\/strong>: Conserver dans un endroit frais et sec, \u00e0 l'abri de la lumi\u00e8re directe du soleil, afin de pr\u00e9server l'efficacit\u00e9 et la fra\u00eecheur du produit.<\/li>\n<li><strong>Avertissement<\/strong>: Tenir hors de port\u00e9e des enfants et des animaux domestiques. Ne pas consommer en cas de grossesse ou d'allaitement. Consultez un professionnel de la sant\u00e9 si vous avez des probl\u00e8mes de sant\u00e9 ou si vous prenez des m\u00e9dicaments.<\/li>\n<\/ul>\n<h3><strong>Produits apparent\u00e9s<\/strong><\/h3>\n<ul>\n<li><strong>INfinite Rx Gummies au c\u0153ur infus\u00e9 de champignons<\/strong>: Une option de dose plus petite pour ceux qui cherchent \u00e0 microdoser ou qui recherchent une exp\u00e9rience plus l\u00e9g\u00e8re.<\/li>\n<li><strong>Barres de chocolat \u00e0 la psilocybine Wonder<\/strong>: Pour ceux qui pr\u00e9f\u00e8rent le chocolat aux gommes, ces barres offrent une alternative d\u00e9lectable.<\/li>\n<\/ul>\n<h3><strong>Conclusion<\/strong><\/h3>\n<p>Les gommes INfinite Rx Shroom Infused Albino Penis Envy offrent une exp\u00e9rience sup\u00e9rieure de psilocybine, combinant puissance, saveur et commodit\u00e9. Que vous soyez un psychonaute exp\u00e9riment\u00e9 ou que vous cherchiez \u00e0 approfondir votre pratique psych\u00e9d\u00e9lique, ces gommes sont un excellent choix. Am\u00e9liorez votre voyage avec la qualit\u00e9 de confiance d'INfinite Rx.<\/p>\n<p>Pour plus d'informations ou pour effectuer un achat, visitez notre site web. <a href=\"https:\/\/shroomschocolatebars.com\/fr\/boutique\/\">page de la boutique\u00a0<\/a><\/p>\n<p>By optimizing your product description with relevant keywords and phrases such as &#8220;Albino Penis Envy gummies,&#8221; &#8220;psilocybin-infused,&#8221; and &#8220;magic mushrooms,&#8221; you can enhance your search engine rankings and attract more customers searching for these specific products\u200b.<\/p>","protected":false},"excerpt":{"rendered":"<p class=\"product_title entry-title\"><strong>INfinite Rx Shroom Infused Albino Penis Envy Edition Large Heart Gummies Edibles (4000mg)<\/strong><\/p>\n<p>&nbsp;<\/p>","protected":false},"featured_media":922,"comment_status":"open","ping_status":"closed","template":"","meta":[],"product_brand":[],"product_cat":[234],"product_tag":[],"class_list":{"0":"post-924","1":"product","2":"type-product","3":"status-publish","4":"has-post-thumbnail","6":"product_cat-buy-lsd-sheets-online","8":"first","9":"instock","10":"shipping-taxable","11":"purchasable","12":"product-type-simple"},"jetpack_sharing_enabled":true,"_links":{"self":[{"href":"https:\/\/shroomschocolatebars.com\/fr\/wp-json\/wp\/v2\/product\/924","targetHints":{"allow":["GET"]}}],"collection":[{"href":"https:\/\/shroomschocolatebars.com\/fr\/wp-json\/wp\/v2\/product"}],"about":[{"href":"https:\/\/shroomschocolatebars.com\/fr\/wp-json\/wp\/v2\/types\/product"}],"replies":[{"embeddable":true,"href":"https:\/\/shroomschocolatebars.com\/fr\/wp-json\/wp\/v2\/comments?post=924"}],"wp:featuredmedia":[{"embeddable":true,"href":"https:\/\/shroomschocolatebars.com\/fr\/wp-json\/wp\/v2\/media\/922"}],"wp:attachment":[{"href":"https:\/\/shroomschocolatebars.com\/fr\/wp-json\/wp\/v2\/media?parent=924"}],"wp:term":[{"taxonomy":"product_brand","embeddable":true,"href":"https:\/\/shroomschocolatebars.com\/fr\/wp-json\/wp\/v2\/product_brand?post=924"},{"taxonomy":"product_cat","embeddable":true,"href":"https:\/\/shroomschocolatebars.com\/fr\/wp-json\/wp\/v2\/product_cat?post=924"},{"taxonomy":"product_tag","embeddable":true,"href":"https:\/\/shroomschocolatebars.com\/fr\/wp-json\/wp\/v2\/product_tag?post=924"}],"curies":[{"name":"wp","href":"https:\/\/api.w.org\/{rel}","templated":true}]}}