{"id":768,"date":"2022-04-12T08:16:33","date_gmt":"2022-04-12T08:16:33","guid":{"rendered":"https:\/\/shroomschocolatebars.com\/?post_type=product&#038;p=768"},"modified":"2024-10-10T02:37:46","modified_gmt":"2024-10-10T02:37:46","slug":"buy-lsd-gel-tabs-oline-2-2","status":"publish","type":"product","link":"https:\/\/shroomschocolatebars.com\/fr\/product\/buy-lsd-gel-tabs-oline-2-2\/","title":{"rendered":"Lsd Gel Tabs"},"content":{"rendered":"<h2><strong>Acheter des comprim\u00e9s de gel de LSD en ligne<\/strong><\/h2>\n<p>Les gel tabs de LSD, \u00e9galement connus sous le nom d'acide windowpane, constituent une m\u00e9thode unique et puissante de consommation du di\u00e9thylamide de l'acide lysergique (LSD). Contrairement \u00e0 l'acide blotter traditionnel, les gel tabs sont fabriqu\u00e9s en m\u00e9langeant du LSD \u00e0 de la g\u00e9latine, ce qui donne un carr\u00e9 ferme et souvent color\u00e9. Ces comprim\u00e9s sont non seulement attrayants sur le plan visuel, mais ils constituent \u00e9galement un moyen discret et efficace de ressentir les effets profonds du LSD.<\/p>\n<h4><strong>Pourquoi choisir LSD Gel Tabs ?<\/strong><\/h4>\n<p>Les comprim\u00e9s de gel de LSD sont un choix populaire pour plusieurs raisons :<\/p>\n<ol>\n<li><strong>Puissance et dosage<\/strong>: Gel tabs can contain a higher concentration of LSD per square, making them more potent than traditional blotters. The typical dosage ranges from 100 to 150 micrograms per tab, though some can be as high as 500 micrograms\u200b<span class=\"\" data-state=\"closed\"><span class=\"text-token-text-secondary\"> (<\/span><a href=\"https:\/\/shroomschocolatebars.com\/fr\/\">Le magasin psych\u00e9d\u00e9lique<\/a><span class=\"text-token-text-secondary\">)<\/span><\/span>\u200b\u200b<\/li>\n<li><strong>D\u00e9but plus rapide<\/strong>: Due to their composition, gel tabs dissolve quickly under the tongue, allowing for faster absorption and a quicker onset of effects. Users often begin to feel the effects within 15 to 20 minutes\u200b<span class=\"\" data-state=\"closed\"><span class=\"text-token-text-secondary\"> (<a href=\"https:\/\/shroomschocolatebars.com\/fr\/\">Le magasin psych\u00e9d\u00e9lique<\/a>)<\/span><\/span><\/li>\n<li><strong>Dur\u00e9e de conservation plus longue<\/strong>: The gelatin in the tabs protects the LSD from environmental factors like oxygen, heat, and UV light, extending the shelf life to several years when stored properly\u200b<span class=\"\" data-state=\"closed\"><span class=\"text-token-text-secondary\"> (<a href=\"https:\/\/shroomschocolatebars.com\/fr\/\">Le magasin psych\u00e9d\u00e9lique<\/a>)<\/span><\/span><\/li>\n<\/ol>\n<h4><strong>Effets et exp\u00e9rience<\/strong><\/h4>\n<p>Le LSD Gel Tabs est connu pour produire une s\u00e9rie d'effets, \u00e0 la fois physiques et psychologiques. L'exp\u00e9rience peut inclure<\/p>\n<ul>\n<li><strong>Perception sensorielle am\u00e9lior\u00e9e<\/strong>: Users report heightened senses, with colors appearing more vivid, sounds more profound, and textures more distinct\u200b<span class=\"\" data-state=\"closed\"><span class=\"text-token-text-secondary\"> (<a href=\"https:\/\/shroomschocolatebars.com\/fr\/\">Le magasin psych\u00e9d\u00e9lique<\/a>)<\/span><\/span><\/li>\n<li><strong>R\u00e9alit\u00e9 alt\u00e9r\u00e9e<\/strong>: Common effects include visual hallucinations, a distorted sense of time, and a feeling of euphoria or spiritual awakening\u200b<span class=\"\" data-state=\"closed\"><span class=\"text-token-text-secondary\">\u00a0<\/span><\/span><\/li>\n<li><strong>R\u00e9actions physiques<\/strong>: These may include dilated pupils, increased body temperature, and elevated heart rate\u200b<\/li>\n<\/ul>\n<h4><strong>S\u00e9curit\u00e9 et pr\u00e9cautions<\/strong><\/h4>\n<p>L'utilisation de LSD Gel Tabs doit se faire avec prudence :<\/p>\n<ul>\n<li><strong>R\u00e9gler et param\u00e9trer<\/strong>: The user&#8217;s mindset and environment play crucial roles in the experience. It&#8217;s important to be in a safe, comfortable space and have a positive mental state.<\/li>\n<li><strong>D\u00e9but Bas<\/strong>: Especially for beginners, starting with a lower dose is advisable to gauge individual reactions and avoid overwhelming effects\u200b<span class=\"\" data-state=\"closed\"><span class=\"text-token-text-secondary\"> (<\/span><a class=\"text-green-600 !no-underline\" href=\"https:\/\/psychedelicschemshop.com\/product\/lsd-gel-tabs\/\" target=\"_blank\" rel=\"noopener noreferrer\">Psychedelics chem Shop<\/a><span class=\"text-token-text-secondary\">)<\/span><\/span>\u200b.<\/li>\n<li><strong>Risques potentiels<\/strong>: While LSD is not physically addictive, it can lead to psychological dependency. Users may also experience &#8220;bad trips,&#8221; characterized by anxiety, paranoia, or unpleasant hallucinations\u200b<span class=\"\" data-state=\"closed\"><span class=\"text-token-text-secondary\"> (<\/span><a class=\"text-green-600 !no-underline\" href=\"https:\/\/psychedelicspot.com\/product\/lsd-gel-tabs\/\" target=\"_blank\" rel=\"noopener noreferrer\">Spot psych\u00e9d\u00e9lique<\/a><span class=\"text-token-text-secondary\">)<\/span><\/span>\u200b\u200b<span class=\"\" data-state=\"closed\"><span class=\"text-token-text-secondary\"> (<\/span><a class=\"text-green-600 !no-underline\" href=\"https:\/\/www.portentis.com\/product\/acid-gel-tabs-for-sale\/\" target=\"_blank\" rel=\"noopener noreferrer\">Portentis.com<\/a><span class=\"text-token-text-secondary\">)<\/span><\/span>\u200b.<\/li>\n<\/ul>\n<h4><strong>Acheter des comprim\u00e9s de gel de LSD en ligne<\/strong><\/h4>\n<p>When purchasing LSD Gel Tabs online, it&#8217;s essential to choose a reputable vendor. Look for:<\/p>\n<ul>\n<li><strong>Assurance qualit\u00e9<\/strong>: S'assurer que les languettes sont correctement dos\u00e9es et exemptes de contaminants.<\/li>\n<li><strong>Exp\u00e9dition discr\u00e8te<\/strong>: Le respect de la vie priv\u00e9e et la s\u00e9curit\u00e9 dans les transports maritimes sont essentiels pour \u00e9viter les complications juridiques.<\/li>\n<li><strong>Avis des clients<\/strong>: Positive feedback from other customers can be a good indicator of product quality and vendor reliability\u200b<span class=\"\" data-state=\"closed\"><span class=\"text-token-text-secondary\"> visitez notre <a href=\"https:\/\/shroomschocolatebars.com\/fr\/boutique\/\">boutique<\/a> pour acheter plus<\/span><\/span><\/li>\n<\/ul>\n<h4><strong>Conclusion<\/strong><\/h4>\n<p>LSD Gel Tabs offer a unique and powerful way to explore the depths of consciousness and sensory perception. Whether you&#8217;re an experienced psychonaut or a curious newcomer, these tabs provide a reliable and intense psychedelic experience. Always prioritize safety, start with a manageable dose, and ensure you&#8217;re in a supportive environment to make the most of your journey. You can also buy <a href=\"https:\/\/shroomschocolatebars.com\/fr\/produit\/acheter-du-lsd-liquide-en-ligne\/\">LSD liquide<\/a> et <a href=\"https:\/\/shroomschocolatebars.com\/fr\/produit\/buy-lsd-blotter-online\/\">Buvard de LSD <\/a><\/p>\n<p>Pour plus d'informations sur l'achat de LSD Gel Tabs, y compris les directives de dosage et les commentaires des utilisateurs, visitez des sources r\u00e9put\u00e9es et assurez-vous que vous \u00eates en conformit\u00e9 avec les lois et r\u00e9glementations locales.<\/p>","protected":false},"excerpt":{"rendered":"<p><strong>Acheter des comprim\u00e9s de gel de LSD en ligne<br \/>\n<\/strong>Les LSD Gel Tabs, \u00e9galement connus sous le nom d'acide windowpane, repr\u00e9sentent une m\u00e9thode unique et puissante de consommation de di\u00e9thylamide de l'acide lysergique (LSD).<strong><br \/>\n<\/strong><\/p>","protected":false},"featured_media":1441,"comment_status":"open","ping_status":"closed","template":"","meta":[],"product_brand":[],"product_cat":[234],"product_tag":[],"class_list":{"0":"post-768","1":"product","2":"type-product","3":"status-publish","4":"has-post-thumbnail","6":"product_cat-buy-lsd-sheets-online","8":"first","9":"instock","10":"shipping-taxable","11":"purchasable","12":"product-type-variable","13":"has-default-attributes"},"jetpack_sharing_enabled":true,"_links":{"self":[{"href":"https:\/\/shroomschocolatebars.com\/fr\/wp-json\/wp\/v2\/product\/768","targetHints":{"allow":["GET"]}}],"collection":[{"href":"https:\/\/shroomschocolatebars.com\/fr\/wp-json\/wp\/v2\/product"}],"about":[{"href":"https:\/\/shroomschocolatebars.com\/fr\/wp-json\/wp\/v2\/types\/product"}],"replies":[{"embeddable":true,"href":"https:\/\/shroomschocolatebars.com\/fr\/wp-json\/wp\/v2\/comments?post=768"}],"wp:featuredmedia":[{"embeddable":true,"href":"https:\/\/shroomschocolatebars.com\/fr\/wp-json\/wp\/v2\/media\/1441"}],"wp:attachment":[{"href":"https:\/\/shroomschocolatebars.com\/fr\/wp-json\/wp\/v2\/media?parent=768"}],"wp:term":[{"taxonomy":"product_brand","embeddable":true,"href":"https:\/\/shroomschocolatebars.com\/fr\/wp-json\/wp\/v2\/product_brand?post=768"},{"taxonomy":"product_cat","embeddable":true,"href":"https:\/\/shroomschocolatebars.com\/fr\/wp-json\/wp\/v2\/product_cat?post=768"},{"taxonomy":"product_tag","embeddable":true,"href":"https:\/\/shroomschocolatebars.com\/fr\/wp-json\/wp\/v2\/product_tag?post=768"}],"curies":[{"name":"wp","href":"https:\/\/api.w.org\/{rel}","templated":true}]}}