{"id":596,"date":"2022-03-23T09:07:17","date_gmt":"2022-03-23T09:07:17","guid":{"rendered":"https:\/\/shroomschocolatebars.com\/?post_type=product&#038;p=596"},"modified":"2024-09-01T01:05:08","modified_gmt":"2024-09-01T01:05:08","slug":"champignons-a-vendre","status":"publish","type":"product","link":"https:\/\/shroomschocolatebars.com\/fr\/product\/burmese-magic-mushrooms\/","title":{"rendered":"Champignons magiques birmans"},"content":{"rendered":"<h2><strong>Acheter des champignons magiques birmans en ligne<\/strong><\/h2>\n<p>Bienvenue dans la destination ultime pour l'achat de champignons magiques de Birmanie, r\u00e9put\u00e9s pour leur puissance exceptionnelle et leurs effets uniques. Notre guide complet vous fournira toutes les informations dont vous avez besoin pour faire un achat en toute connaissance de cause et vous garantir une exp\u00e9rience m\u00e9morable et s\u00fbre.<\/p>\n<h3><strong>Que sont les champignons magiques de Birmanie ?<\/strong><\/h3>\n<p>Les champignons magiques birmans appartiennent \u00e0 l'esp\u00e8ce Psilocybe Cubensis, l'un des types de champignons magiques les plus populaires et les plus consomm\u00e9s. Cette souche a \u00e9t\u00e9 d\u00e9couverte \u00e0 l'origine par John W. Allen, un ethnomycologue amateur, en Birmanie (aujourd'hui Myanmar). Ces champignons sont connus pour leur croissance rapide et leur puissance \u00e9lev\u00e9e, ce qui en fait les favoris des psychonautes novices et exp\u00e9riment\u00e9s.<\/p>\n<h4><strong>Pourquoi choisir les champignons magiques de Birmanie ?<\/strong><\/h4>\n<ol>\n<li><strong>Grande puissance<\/strong>: Les champignons magiques de Birmanie sont r\u00e9put\u00e9s pour leur puissance sup\u00e9rieure \u00e0 la moyenne. Ils produisent des effets psychoactifs puissants qui peuvent entra\u00eener une exp\u00e9rience profonde et introspective.<\/li>\n<li><strong>Effets visuels et mentaux<\/strong>: Les utilisateurs font \u00e9tat d'am\u00e9liorations visuelles intenses, d'euphorie et d'une profonde introspection. L'exp\u00e9rience peut varier en fonction du dosage et de la tol\u00e9rance individuelle, mais elle comprend g\u00e9n\u00e9ralement une appr\u00e9ciation accrue de la musique et de l'art, ainsi qu'un sentiment de connexion avec la nature.<\/li>\n<li><strong>Polyvalence<\/strong>: Que vous recherchiez un voyage doux ou plus intense, les champignons magiques de Birmanie peuvent \u00eatre dos\u00e9s selon vos pr\u00e9f\u00e9rences.<\/li>\n<\/ol>\n<h4><strong>M\u00e9thodes de consommation<\/strong><\/h4>\n<ol>\n<li><strong>La mastication et la d\u00e9glutition<\/strong>: La m\u00e9thode la plus simple. M\u00e2chez bien les champignons pour permettre \u00e0 tous les compos\u00e9s psychoactifs d'\u00eatre lib\u00e9r\u00e9s et absorb\u00e9s. Les effets se manifestent g\u00e9n\u00e9ralement dans les 45 minutes qui suivent.<\/li>\n<li><strong>Th\u00e9 aux champignons magiques<\/strong>: Cette m\u00e9thode permet de masquer le go\u00fbt terreux des champignons. Hachez ou \u00e9crasez les champignons, faites-les infuser dans de l'eau chaude pendant 10 \u00e0 15 minutes, filtrez et d\u00e9gustez.<\/li>\n<li><strong>M\u00e9lange avec les aliments<\/strong>: Incorporez des champignons moulus \u00e0 vos aliments pr\u00e9f\u00e9r\u00e9s, tels que les smoothies ou le chocolat, pour les rendre plus agr\u00e9ables \u00e0 consommer.<\/li>\n<\/ol>\n<h4><strong>Recommandations de dosage<\/strong><\/h4>\n<ul>\n<li><strong>Microdose (0,1-0,3 grammes)<\/strong>: Effets sub-perceptuels qui peuvent am\u00e9liorer la cr\u00e9ativit\u00e9 et r\u00e9duire l'anxi\u00e9t\u00e9 sans effets psych\u00e9d\u00e9liques perceptibles.<\/li>\n<li><strong>Dose pour le mus\u00e9e (0,5-1,5 grammes)<\/strong>: Effets psychoactifs l\u00e9gers, adapt\u00e9s \u00e0 une exp\u00e9rience l\u00e9g\u00e8re et g\u00e9rable.<\/li>\n<li><strong>Dose mod\u00e9r\u00e9e (2 \u00e0 3,5 grammes)<\/strong>: Offre une exp\u00e9rience psych\u00e9d\u00e9lique compl\u00e8te avec des am\u00e9liorations visuelles et auditives significatives.<\/li>\n<li><strong>Dose \u00e9lev\u00e9e (4 grammes et plus)<\/strong>: Exp\u00e9riences intenses et profondes, recommand\u00e9es aux utilisateurs exp\u00e9riment\u00e9s uniquement.<\/li>\n<\/ul>\n<h3><strong>Pourquoi nous choisir ?<\/strong><\/h3>\n<p>Chez shroomschocolatebars, nous sommes fiers de ne fournir que les meilleurs champignons magiques Penis Envy. Notre engagement envers la qualit\u00e9 et la satisfaction du client nous distingue. Nous offrons :<\/p>\n<ul>\n<li><strong>Transparence :<\/strong>\u00a0Full details about our cultivation process and third-party testing results ensure you know exactly what you\u2019re getting.<\/li>\n<li><strong><a href=\"https:\/\/shroomschocolatebars.com\/fr\/politique-dexpedition\/\">Exp\u00e9dition discr\u00e8te<\/a>:<\/strong>\u00a0Nous accordons la priorit\u00e9 \u00e0 la protection de votre vie priv\u00e9e gr\u00e2ce \u00e0 un emballage discret et \u00e0 des m\u00e9thodes d'exp\u00e9dition s\u00e9curis\u00e9es.<\/li>\n<li><strong><a href=\"https:\/\/shroomschocolatebars.com\/fr\/nous-contacter\/\">Soutien \u00e0 la client\u00e8le<\/a>:<\/strong>\u00a0Notre \u00e9quipe d'assistance \u00e0 la client\u00e8le, comp\u00e9tente et amicale, est \u00e0 votre disposition pour r\u00e9pondre \u00e0 toutes vos questions.<\/li>\n<\/ul>\n<h3><strong>Avis des clients<\/strong><\/h3>\n<p>Nos clients ne tarissent pas d'\u00e9loges sur la qualit\u00e9 constante et les effets puissants de nos champignons magiques de Birmanie. Voici quelques t\u00e9moignages :<\/p>\n<ul>\n<li>&#8220;A truly enlightening experience! The visuals were incredible, and I felt a deep connection with nature.&#8221; &#8211; Alex P.<\/li>\n<li>&#8220;Perfect for a weekend trip. The effects were strong but manageable, and the shipping was super fast!&#8221; &#8211; Jamie L.<\/li>\n<\/ul>\n<h3><strong>Produits apparent\u00e9s<\/strong><\/h3>\n<p>Si vous aimez les champignons magiques de Birmanie, vous aimerez peut-\u00eatre aussi :<\/p>\n<ul>\n<li><strong>Champignons magiques Golden Teacher<\/strong>Les substances suivantes sont connues pour leurs effets \u00e9quilibr\u00e9s et les exp\u00e9riences spirituelles qu'elles procurent.<\/li>\n<li><strong>Champignons magiques d'Amazonie<\/strong>: C\u00e9l\u00e8bre pour ses puissantes hallucinations visuelles et auditives.<\/li>\n<\/ul>\n<h3><strong>Conclusion<\/strong><\/h3>\n<p>Burmese Magic Mushrooms offer a potent and profound psychedelic experience. Whether you&#8217;re a first-timer or an experienced psychonaut, these mushrooms can provide a memorable journey into the depths of your consciousness. Purchase your Burmese Magic Mushrooms from our trusted online store and embark on a transformative adventure.<\/p>","protected":false},"excerpt":{"rendered":"<p><strong>Acheter les meilleurs champignons magiques de Birmanie<\/strong><\/p>\n<p><strong><u>Achetez plus, \u00e9conomisez plus :<\/u><\/strong><\/p>\n<ul>\n<li>28 grammes = $170<\/li>\n<\/ul>\n<p><strong>D\u00e9tails de l'exp\u00e9dition<\/strong>:<\/p>\n<ul>\n<li>Exp\u00e9dition acc\u00e9l\u00e9r\u00e9e gratuite<\/li>\n<li>Nous exp\u00e9dions dans le monde entier avec un num\u00e9ro de suivi fourni<\/li>\n<li>Emballage discret et scell\u00e9 sous vide pour pr\u00e9server votre vie priv\u00e9e<\/li>\n<\/ul>","protected":false},"featured_media":1132,"comment_status":"open","ping_status":"closed","template":"","meta":[],"product_brand":[],"product_cat":[45],"product_tag":[],"class_list":{"0":"post-596","1":"product","2":"type-product","3":"status-publish","4":"has-post-thumbnail","6":"product_cat-magic-mushroom","8":"first","9":"instock","10":"shipping-taxable","11":"purchasable","12":"product-type-simple"},"jetpack_sharing_enabled":true,"_links":{"self":[{"href":"https:\/\/shroomschocolatebars.com\/fr\/wp-json\/wp\/v2\/product\/596","targetHints":{"allow":["GET"]}}],"collection":[{"href":"https:\/\/shroomschocolatebars.com\/fr\/wp-json\/wp\/v2\/product"}],"about":[{"href":"https:\/\/shroomschocolatebars.com\/fr\/wp-json\/wp\/v2\/types\/product"}],"replies":[{"embeddable":true,"href":"https:\/\/shroomschocolatebars.com\/fr\/wp-json\/wp\/v2\/comments?post=596"}],"wp:featuredmedia":[{"embeddable":true,"href":"https:\/\/shroomschocolatebars.com\/fr\/wp-json\/wp\/v2\/media\/1132"}],"wp:attachment":[{"href":"https:\/\/shroomschocolatebars.com\/fr\/wp-json\/wp\/v2\/media?parent=596"}],"wp:term":[{"taxonomy":"product_brand","embeddable":true,"href":"https:\/\/shroomschocolatebars.com\/fr\/wp-json\/wp\/v2\/product_brand?post=596"},{"taxonomy":"product_cat","embeddable":true,"href":"https:\/\/shroomschocolatebars.com\/fr\/wp-json\/wp\/v2\/product_cat?post=596"},{"taxonomy":"product_tag","embeddable":true,"href":"https:\/\/shroomschocolatebars.com\/fr\/wp-json\/wp\/v2\/product_tag?post=596"}],"curies":[{"name":"wp","href":"https:\/\/api.w.org\/{rel}","templated":true}]}}