{"id":574,"date":"2022-03-22T19:00:44","date_gmt":"2022-03-22T19:00:44","guid":{"rendered":"https:\/\/shroomschocolatebars.com\/?post_type=product&#038;p=574"},"modified":"2024-09-01T01:05:10","modified_gmt":"2024-09-01T01:05:10","slug":"acheter-des-champignons-magiques-bresiliens-2","status":"publish","type":"product","link":"https:\/\/shroomschocolatebars.com\/fr\/product\/buy-brazilian-magic-mushrooms-2\/","title":{"rendered":"Champignons magiques br\u00e9siliens"},"content":{"rendered":"<h2><strong>Acheter des champignons magiques br\u00e9siliens<\/strong><\/h2>\n<p>Les champignons magiques br\u00e9siliens, une vari\u00e9t\u00e9 de Psilocybe cubensis, sont r\u00e9put\u00e9s pour leur puissance et leurs effets particuliers. Originaires des r\u00e9gions tropicales du Br\u00e9sil, ces champignons sont r\u00e9put\u00e9s pour leur croissance rapide, leur rendement \u00e9lev\u00e9 et leur taille remarquable, avec des chapeaux atteignant souvent 18 cm de diam\u00e8tre. Cultiv\u00e9s depuis des si\u00e8cles par les populations indig\u00e8nes, ces champignons ont une riche histoire d'utilisation \u00e0 des fins spirituelles et m\u00e9dicinales.<\/p>\n<h3><strong>Exp\u00e9rience in\u00e9gal\u00e9e de la psilocybine<\/strong><\/h3>\n<p>When you consume Brazilian Magic Mushrooms, you can expect a profound psychedelic experience. Within 10\u201330 minutes, users typically report an enhanced mood, euphoria, and visual hallucinations. The vivid visual effects make nature feel alive, and you might find yourself lost in introspective thoughts or gaining new perspectives on music and art. The experience typically lasts between 3-6 hours, depending on the dosage.<\/p>\n<h3><strong>Les bienfaits m\u00e9dicinaux des champignons magiques br\u00e9siliens<\/strong><\/h3>\n<p>Au-del\u00e0 de l'usage r\u00e9cr\u00e9atif, les champignons magiques br\u00e9siliens offrent de nombreux avantages m\u00e9dicinaux. La recherche indique que la psilocybine, le compos\u00e9 actif de ces champignons, peut aider \u00e0 traiter divers troubles mentaux, notamment la d\u00e9pression, l'anxi\u00e9t\u00e9, le syndrome de stress post-traumatique et la toxicomanie. En outre, ces champignons se sont r\u00e9v\u00e9l\u00e9s capables de renforcer le syst\u00e8me immunitaire, de r\u00e9duire les effets secondaires de la chimioth\u00e9rapie et d'att\u00e9nuer les sympt\u00f4mes de l'h\u00e9patite B.<\/p>\n<h3><strong>Dosage et m\u00e9thodes de consommation<\/strong><\/h3>\n<h4>Dosages recommand\u00e9s :<\/h4>\n<ul>\n<li><strong>Microdose :<\/strong> 0,05-0,25 grammes<\/li>\n<li><strong>Mus\u00e9e Dose :<\/strong> 0,5-1,5 grammes<\/li>\n<li><strong>Dose mod\u00e9r\u00e9e :<\/strong> 2-3,5 grammes<\/li>\n<\/ul>\n<h4><strong>M\u00e9thodes de consommation :<\/strong><\/h4>\n<ol>\n<li><strong>M\u00e2chez et avalez :<\/strong> Il s'agit de la m\u00e9thode la plus simple, dont les effets commencent \u00e0 se faire sentir au bout de 30 \u00e0 45 minutes.<\/li>\n<li><strong>Th\u00e9 :<\/strong> \u00c9craser les champignons et les faire infuser dans de l'eau chaude (non bouillante) pour un d\u00e9but en douceur.<\/li>\n<li><strong>G\u00e9lules :<\/strong> Id\u00e9al pour le micro-dosage, offrant une m\u00e9thode de consommation discr\u00e8te.<\/li>\n<li><strong>Les comestibles :<\/strong> M\u00e9langer avec de la nourriture, en veillant \u00e0 ne pas les cuire pour pr\u00e9server la psilocybine.<\/li>\n<li><strong>Lemon Tek :<\/strong> R\u00e9duisez les champignons en poudre, m\u00e9langez-les \u00e0 du jus de citron et buvez pour intensifier l'exp\u00e9rience.<\/li>\n<\/ol>\n<h3><strong>Conseils de culture et d'\u00e9levage<\/strong><\/h3>\n<p>Les champignons magiques br\u00e9siliens sont connus pour leur croissance vigoureuse et leur r\u00e9sistance aux maladies, ce qui les rend appropri\u00e9s pour les d\u00e9butants. Ils se d\u00e9veloppent sur des substrats tels que la bouse et les grains et ont besoin d'une humidification constante pour supporter leur taille importante. L'utilisation d'un brumisateur de haute qualit\u00e9 ou d'un humidificateur automatique est recommand\u00e9e pour maintenir les niveaux d'humidit\u00e9 n\u00e9cessaires.<\/p>\n<h3><strong>Pourquoi nous choisir ?<\/strong><\/h3>\n<p>Chez shroomschocolatebars, nous sommes fiers de ne fournir que les meilleurs champignons magiques Penis Envy. Notre engagement envers la qualit\u00e9 et la satisfaction du client nous distingue. Nous offrons :<\/p>\n<ul>\n<li><strong>Transparence :<\/strong>\u00a0Full details about our cultivation process and third-party testing results ensure you know exactly what you\u2019re getting.<\/li>\n<li><strong><a href=\"https:\/\/shroomschocolatebars.com\/fr\/politique-dexpedition\/\">Exp\u00e9dition discr\u00e8te<\/a>:<\/strong>\u00a0Nous accordons la priorit\u00e9 \u00e0 la protection de votre vie priv\u00e9e gr\u00e2ce \u00e0 un emballage discret et \u00e0 des m\u00e9thodes d'exp\u00e9dition s\u00e9curis\u00e9es.<\/li>\n<li><strong><a href=\"https:\/\/shroomschocolatebars.com\/fr\/nous-contacter\/\">Soutien \u00e0 la client\u00e8le<\/a>:<\/strong>\u00a0Notre \u00e9quipe d'assistance \u00e0 la client\u00e8le, comp\u00e9tente et amicale, est \u00e0 votre disposition pour r\u00e9pondre \u00e0 toutes vos questions.<\/li>\n<\/ul>\n<h3><strong>S\u00e9curit\u00e9 et consid\u00e9rations juridiques<\/strong><\/h3>\n<p>While exploring the psychedelic effects of Brazilian Magic Mushrooms, it&#8217;s crucial to prioritize safety. Ensure a comfortable and controlled environment (set and setting), start with a low dosage, and consider having a sober trip sitter present. Additionally, familiarize yourself with the legal status of psilocybin mushrooms in your region to avoid legal complications.<\/p>\n<h3><strong>Effets secondaires et pr\u00e9cautions<\/strong><\/h3>\n<p>Like any psychedelic substance, Brazilian Magic Mushrooms come with potential side effects, including nausea, dizziness, and changes in perception. It&#8217;s vital to approach their use with respect and caution, especially if you have pre-existing medical conditions or are on medication. Consulting a healthcare professional before use is advisable.<\/p>\n<h3><strong>Conclusion<\/strong><\/h3>\n<p>Brazilian Magic Mushrooms offer a captivating journey into the world of psychedelics, with their potent effects and potential therapeutic benefits. Whether you&#8217;re seeking a transformative spiritual experience, exploring mental health treatment, or simply curious about their recreational use, these mushrooms promise an extraordinary adventure. Approach their use responsibly, respect their power, and enjoy the profound insights they offer.<\/p>","protected":false},"excerpt":{"rendered":"<div class=\"product-short-description\">\n<p><strong>Acheter les meilleurs champignons magiques br\u00e9siliens<\/strong><\/p>\n<p><strong><u>Achetez plus, \u00e9conomisez plus :<\/u><\/strong><\/p>\n<ul>\n<li>28 grammes = $170<\/li>\n<\/ul>\n<p><strong>D\u00e9tails de l'exp\u00e9dition<\/strong>:<\/p>\n<ul>\n<li>Exp\u00e9dition acc\u00e9l\u00e9r\u00e9e gratuite<\/li>\n<li>Nous exp\u00e9dions dans le monde entier avec un num\u00e9ro de suivi fourni<\/li>\n<li>Emballage discret et scell\u00e9 sous vide pour pr\u00e9server votre vie priv\u00e9e<\/li>\n<\/ul>\n<\/div>\n<form class=\"cart\" action=\"https:\/\/shroomschocolatebars.com\/fr\/produit\/penis-envy-mushrooms\/\" enctype=\"multipart\/form-data\" method=\"post\" data-trp-original-action=\"https:\/\/shroomschocolatebars.com\/product\/penis-envy-magic-mushroom\/\">\n<div class=\"quantity buttons_added\"><\/div>\n<input type=\"hidden\" name=\"trp-form-language\" value=\"fr\"\/><\/form>","protected":false},"featured_media":1460,"comment_status":"open","ping_status":"closed","template":"","meta":[],"product_brand":[],"product_cat":[45],"product_tag":[],"class_list":{"0":"post-574","1":"product","2":"type-product","3":"status-publish","4":"has-post-thumbnail","6":"product_cat-magic-mushroom","8":"first","9":"instock","10":"shipping-taxable","11":"purchasable","12":"product-type-simple"},"jetpack_sharing_enabled":true,"_links":{"self":[{"href":"https:\/\/shroomschocolatebars.com\/fr\/wp-json\/wp\/v2\/product\/574","targetHints":{"allow":["GET"]}}],"collection":[{"href":"https:\/\/shroomschocolatebars.com\/fr\/wp-json\/wp\/v2\/product"}],"about":[{"href":"https:\/\/shroomschocolatebars.com\/fr\/wp-json\/wp\/v2\/types\/product"}],"replies":[{"embeddable":true,"href":"https:\/\/shroomschocolatebars.com\/fr\/wp-json\/wp\/v2\/comments?post=574"}],"wp:featuredmedia":[{"embeddable":true,"href":"https:\/\/shroomschocolatebars.com\/fr\/wp-json\/wp\/v2\/media\/1460"}],"wp:attachment":[{"href":"https:\/\/shroomschocolatebars.com\/fr\/wp-json\/wp\/v2\/media?parent=574"}],"wp:term":[{"taxonomy":"product_brand","embeddable":true,"href":"https:\/\/shroomschocolatebars.com\/fr\/wp-json\/wp\/v2\/product_brand?post=574"},{"taxonomy":"product_cat","embeddable":true,"href":"https:\/\/shroomschocolatebars.com\/fr\/wp-json\/wp\/v2\/product_cat?post=574"},{"taxonomy":"product_tag","embeddable":true,"href":"https:\/\/shroomschocolatebars.com\/fr\/wp-json\/wp\/v2\/product_tag?post=574"}],"curies":[{"name":"wp","href":"https:\/\/api.w.org\/{rel}","templated":true}]}}